{"id":8539,"date":"2018-08-10T07:23:04","date_gmt":"2018-08-10T07:23:04","guid":{"rendered":"https:\/\/europeanmoving.co.uk\/?page_id=8539"},"modified":"2020-09-17T09:25:25","modified_gmt":"2020-09-17T09:25:25","slug":"servicio-mensajeria","status":"publish","type":"page","link":"https:\/\/europeanmoving.co.uk\/es\/servicio-mensajeria\/","title":{"rendered":"Servicios de mensajer\u00eda"},"content":{"rendered":"<h1 class=\"title-heading-left\"><strong><span>Servicio de mensajer\u00eda europeo e internacional<\/span><\/strong><\/h1>\n<p><strong><span>El servicio de mensajer\u00eda internacional ofrece una entrega r\u00e1pida y eficiente de sus mercanc\u00edas y paquetes en toda Europa.<\/span><\/strong><\/p>\n<p><span>Nuestro experimentado equipo de mensajer\u00eda internacional trabaja incansablemente en toda la UE a diario.\u00a0Nos aseguramos de cumplir los plazos de nuestros clientes de manera eficiente y puntual, en todo momento.\u00a0La selecci\u00f3n de un servicio de mensajer\u00eda europeo est\u00e1 plagada de posibles decepciones.<\/span><br \/>\n<span>Considere la log\u00edstica de enviar paquetes y productos a trav\u00e9s de la UE, a menudo atravesando muchas fronteras que pueden revelar pesadillas de planificaci\u00f3n.\u00a0Cuando su entrega es de misi\u00f3n cr\u00edtica, debe seleccionar un mensajero europeo probado y confiable que tenga la experiencia para preparar y entregar en horarios ajustados.<\/span><br \/>\n<span>Tenemos una gran experiencia en la entrega de mercanc\u00edas en toda la UE.\u00a0Desde paquetes peque\u00f1os hasta cargas inc\u00f3modas m\u00e1s masivas, nuestro servicio de mensajer\u00eda internacional ha estado all\u00ed antes.\u00a0Sin duda, saben c\u00f3mo garantizar la entrega a un precio rentable de manera eficiente.<\/span><br \/>\n<span>Somos parte de la red de mensajer\u00eda internacional del Reino Unido y la UE y solo utilizamos los servicios de proveedores profesionales y confiables.\u00a0De hecho, nuestros conductores son inteligentes, presentables y est\u00e1n dedicados a ofrecer un servicio de la m\u00e1s alta calidad.\u00a0Al comenzar desde el Reino Unido, por ejemplo, planificamos los cruces de ferris o t\u00faneles y maximizamos las oportunidades de eficiencia para mantener bajos sus costos.<\/span><\/p>\n<p><strong><span>\u00a1Cont\u00e1ctenos!<\/span><\/strong><\/p>\n<p><span>Nuestro servicio de mensajer\u00eda europea cubre todas las \u00e1reas de la UE.\u00a0Edimburgo a Tur\u00edn puede parecer abrumador, pero es parte integral de nuestra semana laboral.\u00a0De hecho, ofreciendo servicios de mensajer\u00eda a Francia, Alemania, Espa\u00f1a, Italia, Hungr\u00eda, Austria, Portugal, Grecia y todos los estados miembros de la UE, hacer que su entrega llegue a su destino a tiempo es nuestra prioridad.<\/span><br \/>\n<span>Independientemente del tama\u00f1o o la forma de su env\u00edo por mensajer\u00eda de la UE, puede relajarse sabiendo que lo m\u00e1s probable es que lo hayamos hecho antes.\u00a0Entrega de paquetes grandes y peque\u00f1os a la UE, incluidas cajas, art\u00edculos de paquete plano, tama\u00f1os y formas inc\u00f3modos que pueden incluir algunos muebles m\u00e1s peque\u00f1os, computadoras, archivos y papeleo, su entrega se cuida como si fuera nuestra.<\/span><br \/>\n<span>Para obtener el mejor servicio de mensajer\u00eda europeo e internacional, no necesita buscar m\u00e1s.\u00a0Por supuesto, complete nuestro formulario de consulta o ll\u00e1menos.\u00a0Nos comunicaremos con usted de inmediato con el mejor precio posible para su servicio de entrega de paquetes en la UE.<\/span><\/p>\n","protected":false},"excerpt":{"rendered":"<p>Servicio de mensajer\u00eda europeo e internacional El servicio de mensajer\u00eda internacional ofrece una entrega r\u00e1pida y eficiente de sus mercanc\u00edas y paquetes en toda Europa. Nuestro experimentado equipo de mensajer\u00eda internacional trabaja incansablemente en toda la UE a diario.\u00a0Nos aseguramos de cumplir los plazos de nuestros clientes de manera eficiente y puntual, en todo momento.\u00a0La [&hellip;]<\/p>\n","protected":false},"author":13,"featured_media":0,"parent":0,"menu_order":0,"comment_status":"closed","ping_status":"closed","template":"","meta":[],"yst_prominent_words":[3948,7051,9352,7056,9354,9351,6186,6181,6352,6182,10626,9355,6167,7055,6180,7059,6185],"_links":{"self":[{"href":"https:\/\/europeanmoving.co.uk\/es\/wp-json\/wp\/v2\/pages\/8539"}],"collection":[{"href":"https:\/\/europeanmoving.co.uk\/es\/wp-json\/wp\/v2\/pages"}],"about":[{"href":"https:\/\/europeanmoving.co.uk\/es\/wp-json\/wp\/v2\/types\/page"}],"author":[{"embeddable":true,"href":"https:\/\/europeanmoving.co.uk\/es\/wp-json\/wp\/v2\/users\/13"}],"replies":[{"embeddable":true,"href":"https:\/\/europeanmoving.co.uk\/es\/wp-json\/wp\/v2\/comments?post=8539"}],"version-history":[{"count":2,"href":"https:\/\/europeanmoving.co.uk\/es\/wp-json\/wp\/v2\/pages\/8539\/revisions"}],"predecessor-version":[{"id":22059,"href":"https:\/\/europeanmoving.co.uk\/es\/wp-json\/wp\/v2\/pages\/8539\/revisions\/22059"}],"wp:attachment":[{"href":"https:\/\/europeanmoving.co.uk\/es\/wp-json\/wp\/v2\/media?parent=8539"}],"wp:term":[{"taxonomy":"yst_prominent_words","embeddable":true,"href":"https:\/\/europeanmoving.co.uk\/es\/wp-json\/wp\/v2\/yst_prominent_words?post=8539"}],"curies":[{"name":"wp","href":"https:\/\/api.w.org\/{rel}","templated":true}]}}