{"id":8536,"date":"2018-08-10T07:17:49","date_gmt":"2018-08-10T07:17:49","guid":{"rendered":"https:\/\/europeanmoving.co.uk\/?page_id=8536"},"modified":"2020-11-03T15:01:39","modified_gmt":"2020-11-03T15:01:39","slug":"mudanzas-oficinas","status":"publish","type":"page","link":"https:\/\/europeanmoving.co.uk\/es\/mudanzas-oficinas\/","title":{"rendered":"Mudanzas de oficinas"},"content":{"rendered":"<h1 class=\"title-heading-left\"><strong><span>Mudanzas de oficinas internacionales y europeas<\/span><\/strong><\/h1>\n<h2 class=\"title-heading-left\"><strong><span>Mudanzas de oficinas en Europa &#8211; Empresa especializada en mudanzas internacionales y de la UE<\/span><\/strong><\/h2>\n<p><img src=\"https:\/\/europeanmoving.info\/wp-content\/uploads\/2018\/07\/Office-Removals.jpeg\" \/><\/p>\n<p><span>Mudanzas de oficinas: m\u00e1s que nunca, las empresas se est\u00e1n mudando de oficinas por Europa y necesitan los servicios de un especialista en mudanzas de oficinas de la UE.<\/span><br \/>\n<b><span>Si est\u00e1 pensando en mudarse de oficina, perm\u00edtanos invitarlo a que consulte nuestra gu\u00eda de mudanzas: le ayudar\u00e1 a planificar y preparar su mudanza.<\/span><\/b><br \/>\n<span>Sobre el papel, las mudanzas de oficinas en Europa son un simple ejercicio de lista de verificaci\u00f3n.\u00a0La realidad, sin embargo, puede ser algo diferente.\u00a0Debe considerar la log\u00edstica de suministro de servicios a ambas oficinas.\u00a0Al contemplar la posibilidad de mudarse de oficina en toda la UE, pensar\u00e1 en los muebles y accesorios de oficina que deben trasladarse.<\/span><br \/>\n<span>Naturalmente, tambi\u00e9n debe asegurarse de que la empresa siga operando durante ese tiempo.\u00a0Por esta raz\u00f3n, las mudanzas de oficinas generalmente se realizan en dos pasos.\u00a0Una fiesta va como cabeza de puente con el equipamiento necesario para empezar a comerciar desde el nuevo local.\u00a0Luego, el resto de la empresa cierra las antiguas oficinas y hace el viaje.<\/span><br \/>\n<span>El cierre de una oficina y la reapertura de una nueva en Europa requiere una planificaci\u00f3n cuidadosa para evitar la m\u00ednima interrupci\u00f3n de los servicios comerciales.<\/span><br \/>\n<span>\u00bfCu\u00e1l es la mejor manera de empacar su camioneta de mudanzas de oficinas europeas?\u00a0\u00bfQu\u00e9 elementos llegar\u00e1n primero a su nueva oficina de la UE y cu\u00e1les se pueden clasificar m\u00e1s tarde?\u00a0\u00bfNecesitar\u00e1 ayuda con los elementos de oficina m\u00e1s voluminosos, como escritorios, computadoras, etc.?<\/span><br \/>\n<span>Adem\u00e1s, antes de seleccionar su empresa europea de mudanzas de oficinas, hay otras cosas a considerar.\u00a0Garantizar que su equipo de oficina est\u00e9 seguro en el viaje potencialmente largo por Europa hasta su nueva oficina.\u00a0Tiempo de inactividad por per\u00edodos de descanso, posible alojamiento nocturno, etc.<\/span><\/p>\n<h2><strong><span>Servicios de mudanza de oficina<\/span><\/strong><\/h2>\n<p><span>European Moving ofrece 2 servicios para ayudar con la reubicaci\u00f3n de su oficina en la UE.\u00a0Load and Go es nuestro servicio donde t\u00fa mismo cargas la \/ s furgoneta \/ s y realizamos el elemento de conducci\u00f3n en toda Europa.\u00a0Nuestro servicio de mudanzas de oficina EasyMoves brinda ayuda a nuestros conductores para cargar de manera segura su equipo de oficina.<\/span><br \/>\n<span>En European Moving hemos ayudado a una variedad de empresas a mudarse de oficinas.\u00a0Desde peque\u00f1as empresas de nueva creaci\u00f3n que han superado el espacio de oficinas existente hasta empresas m\u00e1s establecidas que han abierto nuevas oficinas.\u00a0No importa cu\u00e1l haya sido el tama\u00f1o de la empresa, en European Moving siempre les proporcionamos un servicio de mudanzas de oficina r\u00e1pido y asequible.\u00a0Al igual que con las mudanzas dom\u00e9sticas, ofrecemos a los clientes dos tipos de servicio de mudanzas.<\/span><\/p>\n","protected":false},"excerpt":{"rendered":"<p>Mudanzas de oficinas internacionales y europeas Mudanzas de oficinas en Europa &#8211; Empresa especializada en mudanzas internacionales y de la UE Mudanzas de oficinas: m\u00e1s que nunca, las empresas se est\u00e1n mudando de oficinas por Europa y necesitan los servicios de un especialista en mudanzas de oficinas de la UE. Si est\u00e1 pensando en mudarse [&hellip;]<\/p>\n","protected":false},"author":13,"featured_media":0,"parent":0,"menu_order":0,"comment_status":"closed","ping_status":"closed","template":"","meta":[],"yst_prominent_words":[7051,7045,6178,7047,6176,7043,6038,7034,6173,6174,7046,7053,7044,6177,6170,7050,6179,6175,7042,7048],"_links":{"self":[{"href":"https:\/\/europeanmoving.co.uk\/es\/wp-json\/wp\/v2\/pages\/8536"}],"collection":[{"href":"https:\/\/europeanmoving.co.uk\/es\/wp-json\/wp\/v2\/pages"}],"about":[{"href":"https:\/\/europeanmoving.co.uk\/es\/wp-json\/wp\/v2\/types\/page"}],"author":[{"embeddable":true,"href":"https:\/\/europeanmoving.co.uk\/es\/wp-json\/wp\/v2\/users\/13"}],"replies":[{"embeddable":true,"href":"https:\/\/europeanmoving.co.uk\/es\/wp-json\/wp\/v2\/comments?post=8536"}],"version-history":[{"count":5,"href":"https:\/\/europeanmoving.co.uk\/es\/wp-json\/wp\/v2\/pages\/8536\/revisions"}],"predecessor-version":[{"id":23202,"href":"https:\/\/europeanmoving.co.uk\/es\/wp-json\/wp\/v2\/pages\/8536\/revisions\/23202"}],"wp:attachment":[{"href":"https:\/\/europeanmoving.co.uk\/es\/wp-json\/wp\/v2\/media?parent=8536"}],"wp:term":[{"taxonomy":"yst_prominent_words","embeddable":true,"href":"https:\/\/europeanmoving.co.uk\/es\/wp-json\/wp\/v2\/yst_prominent_words?post=8536"}],"curies":[{"name":"wp","href":"https:\/\/api.w.org\/{rel}","templated":true}]}}