{"id":8533,"date":"2018-08-10T07:06:25","date_gmt":"2018-08-10T07:06:25","guid":{"rendered":"https:\/\/europeanmoving.co.uk\/?page_id=8533"},"modified":"2020-11-03T14:55:50","modified_gmt":"2020-11-03T14:55:50","slug":"mudanza-urgente-europa","status":"publish","type":"page","link":"https:\/\/europeanmoving.co.uk\/es\/mudanza-urgente-europa\/","title":{"rendered":"Mudanza urgente en Europa"},"content":{"rendered":"<h2 class=\"title-heading-left\"><strong><span>Mudanza urgente en Europa: \u00bfel mismo d\u00eda o al d\u00eda siguiente?<\/span><\/strong><\/h2>\n<p><span>\u00bfNecesitas un servicio de mudanzas de \u00faltima hora en Europa?\u00a0Nuestras mudanzas europeas a corto plazo brindan la respuesta.\u00a0Cubren todo el continente y son ideales para situaciones en las que necesita obtener un servicio el mismo d\u00eda o al d\u00eda siguiente.\u00a0Quiz\u00e1s otra empresa de mudanzas te haya defraudado.\u00a0Tal vez necesite irse con poca antelaci\u00f3n, o simplemente prefiere que las cosas se muevan m\u00e1s temprano que tarde.<\/span><\/p>\n<h2 class=\"title-heading-left\"><strong><span>\u00bfPor qu\u00e9 elegirnos para su mudanza?<\/span><\/strong><\/h2>\n<p><span>Cualquiera sea su motivaci\u00f3n, necesita una soluci\u00f3n de mudanza en la que pueda confiar.\u00a0Reservaremos su mudanza al d\u00eda siguiente dentro de las veinticuatro horas y llevaremos sus cosas a donde deben estar.\u00a0Hemos estado haciendo esto desde 2010 y tenemos experiencia en distribuci\u00f3n que se remonta a a\u00f1os antes.\u00a0Durante nuestro tiempo, hemos construido una red de socios confiables y hemos enviado todo, desde aviones hasta obras de arte.\u00a0Esta considerable experiencia nos permite manejar incluso los movimientos internacionales m\u00e1s complicados con poca antelaci\u00f3n.<\/span><br \/>\n<span>Si se encuentra en una ciudad europea importante, nuestros conductores pueden acompa\u00f1arlo en un par de horas para la mudanza el mismo d\u00eda.\u00a0Pero nuestro servicio de mudanzas de \u00faltima hora est\u00e1 disponible incluso en el rinc\u00f3n m\u00e1s remoto del continente.<\/span><\/p>\n<h2 class=\"title-heading-left\"><strong><span>Mudanzas de \u00faltima hora<\/span><\/strong><\/h2>\n<p><span>Ya sea que est\u00e9 limpiando una casa, una oficina o una galer\u00eda de arte, nuestros conductores podr\u00e1n llevar sus art\u00edculos a donde necesiten ir.\u00a0Viajan por todas partes de Europa y siempre est\u00e1n en movimiento.\u00a0Lo m\u00e1s probable es que haya uno a unas pocas horas de usted en este momento, \u00a1esperando la oportunidad de resolver su problema!<\/span><br \/>\n<span>Ya sea que su destino sea Burdeos, Sevilla o Estocolmo, podemos ayudarlo a resolver su problema urgente de mudanzas internacionales.<\/span><br \/>\n<span>En un mundo ideal, planear\u00edamos todo con semanas de anticipaci\u00f3n.\u00a0Pero en el mundo real, a veces se requiere una soluci\u00f3n m\u00e1s urgente.\u00a0Si necesita una soluci\u00f3n de mudanza europea el mismo d\u00eda o al d\u00eda siguiente, \u00bfpor qu\u00e9 no se pone en contacto con nuestra oficina?\u00a0Nuestro equipo de asesores es amable, conocedor y feliz de ayudarlo a organizar una mudanza de \u00faltimo minuto a cualquier parte de Europa.<\/span><\/p>\n","protected":false},"excerpt":{"rendered":"<p>Mudanza urgente en Europa: \u00bfel mismo d\u00eda o al d\u00eda siguiente? \u00bfNecesitas un servicio de mudanzas de \u00faltima hora en Europa?\u00a0Nuestras mudanzas europeas a corto plazo brindan la respuesta.\u00a0Cubren todo el continente y son ideales para situaciones en las que necesita obtener un servicio el mismo d\u00eda o al d\u00eda siguiente.\u00a0Quiz\u00e1s otra empresa de mudanzas [&hellip;]<\/p>\n","protected":false},"author":13,"featured_media":0,"parent":0,"menu_order":0,"comment_status":"closed","ping_status":"closed","template":"","meta":[],"yst_prominent_words":[9376,7038,6124,6155,9374,7037,6162,10622,9375,6038,10621,7039,7036,10624,10623,9377,9373,7040,7041,6161],"_links":{"self":[{"href":"https:\/\/europeanmoving.co.uk\/es\/wp-json\/wp\/v2\/pages\/8533"}],"collection":[{"href":"https:\/\/europeanmoving.co.uk\/es\/wp-json\/wp\/v2\/pages"}],"about":[{"href":"https:\/\/europeanmoving.co.uk\/es\/wp-json\/wp\/v2\/types\/page"}],"author":[{"embeddable":true,"href":"https:\/\/europeanmoving.co.uk\/es\/wp-json\/wp\/v2\/users\/13"}],"replies":[{"embeddable":true,"href":"https:\/\/europeanmoving.co.uk\/es\/wp-json\/wp\/v2\/comments?post=8533"}],"version-history":[{"count":2,"href":"https:\/\/europeanmoving.co.uk\/es\/wp-json\/wp\/v2\/pages\/8533\/revisions"}],"predecessor-version":[{"id":21964,"href":"https:\/\/europeanmoving.co.uk\/es\/wp-json\/wp\/v2\/pages\/8533\/revisions\/21964"}],"wp:attachment":[{"href":"https:\/\/europeanmoving.co.uk\/es\/wp-json\/wp\/v2\/media?parent=8533"}],"wp:term":[{"taxonomy":"yst_prominent_words","embeddable":true,"href":"https:\/\/europeanmoving.co.uk\/es\/wp-json\/wp\/v2\/yst_prominent_words?post=8533"}],"curies":[{"name":"wp","href":"https:\/\/api.w.org\/{rel}","templated":true}]}}