{"id":8530,"date":"2018-08-10T06:58:20","date_gmt":"2018-08-10T06:58:20","guid":{"rendered":"https:\/\/europeanmoving.co.uk\/?page_id=8530"},"modified":"2020-11-03T15:00:29","modified_gmt":"2020-11-03T15:00:29","slug":"mudanzas-internacionales","status":"publish","type":"page","link":"https:\/\/europeanmoving.co.uk\/es\/mudanzas-internacionales\/","title":{"rendered":"Mudanzas internacionales"},"content":{"rendered":"<h1 class=\"title-heading-left\"><strong><span>Mudanzas europeas e internacionales<\/span><\/strong><\/h1>\n<p><img src=\"https:\/\/europeanmoving.info\/wp-content\/uploads\/2018\/07\/international-removals-european-moving.jpg\" \/><\/p>\n<p><span>\u00bfTe mudas a Francia, Espa\u00f1a, B\u00e9lgica, Italia, o quiz\u00e1s un poco m\u00e1s aventurero y m\u00e1s lejos?\u00a0\u00bfBudapest en Hungr\u00eda, Grecia o un estado b\u00e1ltico?\u00a0Necesitar\u00e1 una empresa de mudanzas internacionales para asegurarse de que su viaje por Europa se desarrolle de manera eficiente y sin problemas.<\/span><br \/>\n<strong><span>Si est\u00e1 planeando mudanzas internacionales, perm\u00edtanos invitarlo a consultar nuestra gu\u00eda de mudanzas: le ayudar\u00e1 a planificar y preparar su mudanza.<\/span><\/strong><br \/>\n<span>Planifique antes del evento y tendr\u00e1 muchas m\u00e1s posibilidades de realizar mudanzas internacionales exitosas y sin incidentes.\u00a0Por ejemplo, conocer el volumen y el peso de su mudanza le permitir\u00e1 determinar cu\u00e1ntas camionetas de mudanza necesita.\u00a0Asimismo, la cantidad de material de embalaje para el viaje de kilometraje potencialmente alto por Europa;\u00a0Cajas, envoltorios de pl\u00e1stico, etc., tienen cabida.<\/span><br \/>\n<span>Sus mudanzas internacionales comienzan en su hogar actual.\u00a0Aseg\u00farese de planificar su embalaje para que los art\u00edculos que necesita r\u00e1pidamente en su nuevo hogar en la UE sean de f\u00e1cil acceso.\u00a0Aseg\u00farese de que sus preciadas pertenencias est\u00e9n bien embaladas.\u00a0Mudarse de casa a Europa es un viaje potencialmente largo y desafiante, realmente no se puede empacar y proteger.<\/span><br \/>\n<span>Si bien se sabe com\u00fanmente que los viajes gratuitos por Europa son normales, todav\u00eda existen consideraciones como tarifas de peaje, controles fronterizos suaves de las cargas, as\u00ed como problemas locales como puentes y t\u00faneles para navegar potencialmente en grandes camionetas de mudanzas europeas.\u00a0Perm\u00edtanos ocuparnos de todos estos problemas potenciales por usted.<\/span><\/p>\n<p><span>El costo de las mudanzas internacionales es potencialmente un problema para muchas personas y, por esa raz\u00f3n, ofrecemos dos servicios para sus mudanzas internacionales.<\/span><\/p>\n<h2><strong><span>Mudanzas internacionales: EasyMoves<\/span><\/strong><\/h2>\n<p><span>Dirigido principalmente a aquellos con un mayor n\u00famero de art\u00edculos para mover por Europa, que comprende hasta 4 furgonetas de mudanza europeas.\u00a05 horas de tiempo de carga, lo cual es suficiente, y la ayuda de nuestros conductores y asistentes de mudanzas para cargar las camionetas.<\/span><\/p>\n<h2><strong><span>Mudanzas internacionales: Load &amp; Go<\/span><\/strong><\/h2>\n<p><span>Adecuado para aquellas personas que trabajan con un presupuesto limitado para transportar cantidades m\u00e1ximas por Europa al precio m\u00e1s barato posible.<\/span><\/p>\n","protected":false},"excerpt":{"rendered":"<p>Mudanzas europeas e internacionales \u00bfTe mudas a Francia, Espa\u00f1a, B\u00e9lgica, Italia, o quiz\u00e1s un poco m\u00e1s aventurero y m\u00e1s lejos?\u00a0\u00bfBudapest en Hungr\u00eda, Grecia o un estado b\u00e1ltico?\u00a0Necesitar\u00e1 una empresa de mudanzas internacionales para asegurarse de que su viaje por Europa se desarrolle de manera eficiente y sin problemas. Si est\u00e1 planeando mudanzas internacionales, perm\u00edtanos invitarlo [&hellip;]<\/p>\n","protected":false},"author":13,"featured_media":0,"parent":0,"menu_order":0,"comment_status":"closed","ping_status":"closed","template":"","meta":[],"yst_prominent_words":[],"_links":{"self":[{"href":"https:\/\/europeanmoving.co.uk\/es\/wp-json\/wp\/v2\/pages\/8530"}],"collection":[{"href":"https:\/\/europeanmoving.co.uk\/es\/wp-json\/wp\/v2\/pages"}],"about":[{"href":"https:\/\/europeanmoving.co.uk\/es\/wp-json\/wp\/v2\/types\/page"}],"author":[{"embeddable":true,"href":"https:\/\/europeanmoving.co.uk\/es\/wp-json\/wp\/v2\/users\/13"}],"replies":[{"embeddable":true,"href":"https:\/\/europeanmoving.co.uk\/es\/wp-json\/wp\/v2\/comments?post=8530"}],"version-history":[{"count":6,"href":"https:\/\/europeanmoving.co.uk\/es\/wp-json\/wp\/v2\/pages\/8530\/revisions"}],"predecessor-version":[{"id":23201,"href":"https:\/\/europeanmoving.co.uk\/es\/wp-json\/wp\/v2\/pages\/8530\/revisions\/23201"}],"wp:attachment":[{"href":"https:\/\/europeanmoving.co.uk\/es\/wp-json\/wp\/v2\/media?parent=8530"}],"wp:term":[{"taxonomy":"yst_prominent_words","embeddable":true,"href":"https:\/\/europeanmoving.co.uk\/es\/wp-json\/wp\/v2\/yst_prominent_words?post=8530"}],"curies":[{"name":"wp","href":"https:\/\/api.w.org\/{rel}","templated":true}]}}