{"id":8524,"date":"2018-08-09T14:56:49","date_gmt":"2018-08-09T14:56:49","guid":{"rendered":"https:\/\/europeanmoving.co.uk\/?page_id=8524"},"modified":"2020-11-03T14:59:12","modified_gmt":"2020-11-03T14:59:12","slug":"mudanzas-de-casas","status":"publish","type":"page","link":"https:\/\/europeanmoving.co.uk\/es\/mudanzas-de-casas\/","title":{"rendered":"Mudanzas de casas"},"content":{"rendered":"<h1><strong><span>Mudanzas y mudanzas para mudanzas en Europa<\/span><\/strong><\/h1>\n<p><span>Las mudanzas en Europa pueden ser una experiencia abrumadora.\u00a0En realidad, la log\u00edstica de reunir todo cuando se muda de casa a un nuevo piso, apartamento o casa en otro lugar de Europa no es para los pusil\u00e1nimes.\u00a0Adem\u00e1s, el costo de las mudanzas de viviendas en Europa puede ser un desaf\u00edo, por decir lo m\u00ednimo.<\/span><\/p>\n<p><img src=\"https:\/\/europeanmoving.info\/wp-content\/uploads\/2018\/07\/House-Removals.jpg\" \/><\/p>\n<p><strong><span>Si est\u00e1 planeando mudarse de casa, perm\u00edtanos invitarlo a consultar nuestra gu\u00eda de mudanzas: lo ayudar\u00e1 a planificar y preparar su mudanza.\u00a0<\/span><\/strong><\/p>\n<p><span>Nos especializamos, seg\u00fan nuestro nombre, en mudanzas europeas.\u00a0Como tal, tenemos una amplia experiencia en la recolecci\u00f3n de sus muebles y otras posesiones preciadas de su casa y trasladarlos a cualquier lugar de Europa.<\/span><br \/>\n<span>La planificaci\u00f3n y la preparaci\u00f3n son elementos esenciales a la hora de plantearse una mudanza en Europa y al seleccionar una empresa de mudanzas europea de buena reputaci\u00f3n busque siempre su acreditaci\u00f3n.\u00a0De hecho, es imperativo asegurarse de que las fechas de vacaciones en su antigua casa y las fechas de acceso a su nueva casa coincidan con sus requisitos.\u00a0Permitir\u00e1 a la empresa de mudanzas partir con el conocimiento de que podr\u00e1n acceder tanto a su antiguo como a su nuevo hogar.\u00a0Adem\u00e1s, considere el tiempo de descanso potencial si el viaje desde su antigua casa a la nueva casa europea es significativo.<\/span><br \/>\n<span>Somos especialistas europeos en mudanzas y ofrecemos paquetes competitivos para mudanzas de su casa.\u00a0Nuestra oferta es un paquete totalmente inclusivo donde incluimos todos los pasos fronterizos, carreteras de peaje y costos de combustible.\u00a0Aseg\u00farese de aclarar ese punto con las empresas que lo cotizaron para su mudanza europea.<\/span><\/p>\n<h2><strong><span>Cubrimos mudanzas de vivienda en Europa en los siguientes pa\u00edses de la UE:<\/span><\/strong><\/h2>\n<ul class=\"list-with-tick\">\n<li><span>Austria y B\u00e9lgica<\/span><\/li>\n<li><span>Lituania y Luxemburgo<\/span><\/li>\n<li><span>Bulgaria y Croacia<\/span><\/li>\n<li><span>Malta y Holanda<\/span><\/li>\n<li><span>Chipre y Chequia<\/span><\/li>\n<li><span>Irlanda del Norte y Noruega<\/span><\/li>\n<li><span>Dinamarca y Estonia<\/span><\/li>\n<li><span>Polonia y Portugal<\/span><\/li>\n<li><span>Finlandia y Francia<\/span><\/li>\n<li><span>Ruman\u00eda y Espa\u00f1a<\/span><\/li>\n<li><span>Alemania y Grecia<\/span><\/li>\n<li><span>Eslovaquia y Eslovenia<\/span><\/li>\n<li><span>Hungr\u00eda e Irlanda<\/span><\/li>\n<li><span>Suecia, Suiza y Reino Unido<\/span><\/li>\n<li><span>Italia y Letonia<\/span><\/li>\n<li><span>Canarias y Baleares<\/span><\/li>\n<\/ul>\n<p><span>La mudanza internacional puede ser una experiencia muy estresante.\u00a0Con esto en mente, perm\u00edtanos ayudarlo ofreciendo nuestra gama completa de servicios, desde consejos de empaque y fechas de entrega hasta estimaciones de tiempo para sus mudanzas transeuropeas, as\u00ed como cualquier conocimiento local que hayamos adquirido en el camino.<\/span><\/p>\n","protected":false},"excerpt":{"rendered":"<p>Mudanzas y mudanzas para mudanzas en Europa Las mudanzas en Europa pueden ser una experiencia abrumadora.\u00a0En realidad, la log\u00edstica de reunir todo cuando se muda de casa a un nuevo piso, apartamento o casa en otro lugar de Europa no es para los pusil\u00e1nimes.\u00a0Adem\u00e1s, el costo de las mudanzas de viviendas en Europa puede ser [&hellip;]<\/p>\n","protected":false},"author":13,"featured_media":0,"parent":0,"menu_order":0,"comment_status":"closed","ping_status":"closed","template":"","meta":[],"yst_prominent_words":[6127,6122,6119,6111,6106,6121,6112,6107,6103,6120,6114,6109,6104,6128,6125,6113,6108,6105,6123,6110],"_links":{"self":[{"href":"https:\/\/europeanmoving.co.uk\/es\/wp-json\/wp\/v2\/pages\/8524"}],"collection":[{"href":"https:\/\/europeanmoving.co.uk\/es\/wp-json\/wp\/v2\/pages"}],"about":[{"href":"https:\/\/europeanmoving.co.uk\/es\/wp-json\/wp\/v2\/types\/page"}],"author":[{"embeddable":true,"href":"https:\/\/europeanmoving.co.uk\/es\/wp-json\/wp\/v2\/users\/13"}],"replies":[{"embeddable":true,"href":"https:\/\/europeanmoving.co.uk\/es\/wp-json\/wp\/v2\/comments?post=8524"}],"version-history":[{"count":6,"href":"https:\/\/europeanmoving.co.uk\/es\/wp-json\/wp\/v2\/pages\/8524\/revisions"}],"predecessor-version":[{"id":23200,"href":"https:\/\/europeanmoving.co.uk\/es\/wp-json\/wp\/v2\/pages\/8524\/revisions\/23200"}],"wp:attachment":[{"href":"https:\/\/europeanmoving.co.uk\/es\/wp-json\/wp\/v2\/media?parent=8524"}],"wp:term":[{"taxonomy":"yst_prominent_words","embeddable":true,"href":"https:\/\/europeanmoving.co.uk\/es\/wp-json\/wp\/v2\/yst_prominent_words?post=8524"}],"curies":[{"name":"wp","href":"https:\/\/api.w.org\/{rel}","templated":true}]}}