{"id":8513,"date":"2018-08-09T14:01:38","date_gmt":"2018-08-09T14:01:38","guid":{"rendered":"https:\/\/europeanmoving.co.uk\/?page_id=8513"},"modified":"2020-09-16T08:23:04","modified_gmt":"2020-09-16T08:23:04","slug":"mudanzas-europeas-furgonetas-conductores","status":"publish","type":"page","link":"https:\/\/europeanmoving.co.uk\/es\/mudanzas-europeas-furgonetas-conductores\/","title":{"rendered":"Mudanzas europeas e internacionales baratas con furgonetas y conductores"},"content":{"rendered":"<p><strong><span>Hombre y furgoneta baratos para mudanzas europeas<\/span><\/strong><span>\u00a0: si est\u00e1 buscando minimizar los costos de sus mudanzas internacionales, European Moving puede proporcionarle un hombre y una furgoneta dentro de Europa con una excelente relaci\u00f3n calidad-precio.\u00a0Nos enorgullecemos de tener los mejores precios de hombre y camioneta mientras brindamos un servicio profesional de hombre y camioneta de bajo costo sin compromiso.<\/span><br \/>\n<span>Nunca ha sido m\u00e1s f\u00e1cil encontrar un hombre y una furgoneta baratos para mudanzas en Europa con nuestro nuevo sistema instant\u00e1neo de cotizaci\u00f3n y reserva en l\u00ednea.<\/span><\/p>\n<p><span>Puede estar seguro de que el precio que ve es el precio que paga, con todos los costos asociados (ferry, peajes) e IVA incluido.\u00a0Entonces, \u00bfpor qu\u00e9 no completar nuestro formulario en l\u00ednea y obtener su cotizaci\u00f3n gratis ahora?<\/span><br \/>\n<span>European Moving es una empresa de mudanzas establecida y de buena reputaci\u00f3n.\u00a0Nuestros servicios de mudanzas europeas se brindan en\u00a0<\/span><strong><span>el Reino Unido, Francia, Alemania, Irlanda, Irlanda del Norte, Espa\u00f1a, Islas Canarias, Islas Baleares, B\u00e9lgica, Dinamarca, Estonia, Luxemburgo, Pa\u00edses Bajos, Polonia, Austria, Bulgaria, Croacia, Rep\u00fablica Checa, Finlandia, Grecia, Hungr\u00eda, Italia, Letonia, Lituania, Malta, Chipre, Portugal, Ruman\u00eda, Eslovaquia, Eslovenia, Suecia, Reino Unido, Suiza, Noruega.<\/span><\/strong><br \/>\n<span>Nuestros gerentes de mudanzas dedicados est\u00e1n completamente capacitados, son profesionales y amables, as\u00ed que \u00bfpor qu\u00e9 no llamarnos y discutir sus requisitos de mudanza de bajo costo?<\/span><\/p>\n","protected":false},"excerpt":{"rendered":"<p>Hombre y furgoneta baratos para mudanzas europeas\u00a0: si est\u00e1 buscando minimizar los costos de sus mudanzas internacionales, European Moving puede proporcionarle un hombre y una furgoneta dentro de Europa con una excelente relaci\u00f3n calidad-precio.\u00a0Nos enorgullecemos de tener los mejores precios de hombre y camioneta mientras brindamos un servicio profesional de hombre y camioneta de bajo [&hellip;]<\/p>\n","protected":false},"author":13,"featured_media":0,"parent":0,"menu_order":0,"comment_status":"closed","ping_status":"closed","template":"","meta":[],"yst_prominent_words":[6124,6102,6156],"_links":{"self":[{"href":"https:\/\/europeanmoving.co.uk\/es\/wp-json\/wp\/v2\/pages\/8513"}],"collection":[{"href":"https:\/\/europeanmoving.co.uk\/es\/wp-json\/wp\/v2\/pages"}],"about":[{"href":"https:\/\/europeanmoving.co.uk\/es\/wp-json\/wp\/v2\/types\/page"}],"author":[{"embeddable":true,"href":"https:\/\/europeanmoving.co.uk\/es\/wp-json\/wp\/v2\/users\/13"}],"replies":[{"embeddable":true,"href":"https:\/\/europeanmoving.co.uk\/es\/wp-json\/wp\/v2\/comments?post=8513"}],"version-history":[{"count":2,"href":"https:\/\/europeanmoving.co.uk\/es\/wp-json\/wp\/v2\/pages\/8513\/revisions"}],"predecessor-version":[{"id":21907,"href":"https:\/\/europeanmoving.co.uk\/es\/wp-json\/wp\/v2\/pages\/8513\/revisions\/21907"}],"wp:attachment":[{"href":"https:\/\/europeanmoving.co.uk\/es\/wp-json\/wp\/v2\/media?parent=8513"}],"wp:term":[{"taxonomy":"yst_prominent_words","embeddable":true,"href":"https:\/\/europeanmoving.co.uk\/es\/wp-json\/wp\/v2\/yst_prominent_words?post=8513"}],"curies":[{"name":"wp","href":"https:\/\/api.w.org\/{rel}","templated":true}]}}