{"id":8509,"date":"2018-08-09T13:19:34","date_gmt":"2018-08-09T13:19:34","guid":{"rendered":"https:\/\/europeanmoving.co.uk\/?page_id=8509"},"modified":"2019-10-30T10:57:23","modified_gmt":"2019-10-30T10:57:23","slug":"soluciones-almacenamiento","status":"publish","type":"page","link":"https:\/\/europeanmoving.co.uk\/es\/soluciones-almacenamiento\/","title":{"rendered":"Soluciones de almacenamiento"},"content":{"rendered":"<p>[fusion_builder_container hundred_percent=\u00bbno\u00bb equal_height_columns=\u00bbno\u00bb menu_anchor=\u00bb\u00bb hide_on_mobile=\u00bbsmall-visibility,medium-visibility,large-visibility\u00bb class=\u00bb\u00bb id=\u00bb\u00bb background_color=\u00bb\u00bb background_image=\u00bb\u00bb background_position=\u00bbcenter center\u00bb background_repeat=\u00bbno-repeat\u00bb fade=\u00bbno\u00bb background_parallax=\u00bbnone\u00bb parallax_speed=\u00bb0.3&#8243; video_mp4=\u00bb\u00bb video_webm=\u00bb\u00bb video_ogv=\u00bb\u00bb video_url=\u00bb\u00bb video_aspect_ratio=\u00bb16:9&#8243; video_loop=\u00bbyes\u00bb video_mute=\u00bbyes\u00bb overlay_color=\u00bb\u00bb video_preview_image=\u00bb\u00bb border_size=\u00bb\u00bb border_color=\u00bb\u00bb border_style=\u00bbsolid\u00bb padding_top=\u00bb\u00bb padding_bottom=\u00bb\u00bb padding_left=\u00bb\u00bb padding_right=\u00bb\u00bb][fusion_builder_row][fusion_builder_column type=\u00bb1_1&#8243; layout=\u00bb1_1&#8243; background_position=\u00bbleft top\u00bb background_color=\u00bb\u00bb border_size=\u00bb\u00bb border_color=\u00bb\u00bb border_style=\u00bbsolid\u00bb border_position=\u00bball\u00bb spacing=\u00bbyes\u00bb background_image=\u00bb\u00bb background_repeat=\u00bbno-repeat\u00bb padding_top=\u00bb\u00bb padding_right=\u00bb\u00bb padding_bottom=\u00bb\u00bb padding_left=\u00bb\u00bb margin_top=\u00bb0px\u00bb margin_bottom=\u00bb0px\u00bb class=\u00bb\u00bb id=\u00bb\u00bb animation_type=\u00bb\u00bb animation_speed=\u00bb0.3&#8243; animation_direction=\u00bbleft\u00bb hide_on_mobile=\u00bbsmall-visibility,medium-visibility,large-visibility\u00bb center_content=\u00bbno\u00bb last=\u00bbno\u00bb min_height=\u00bb\u00bb hover_type=\u00bbnone\u00bb link=\u00bb\u00bb][fusion_text columns=\u00bb\u00bb column_min_width=\u00bb\u00bb column_spacing=\u00bb\u00bb rule_style=\u00bbdefault\u00bb rule_size=\u00bb\u00bb rule_color=\u00bb\u00bb class=\u00bb\u00bb id=\u00bb\u00bb]<\/p>\n<h1>Almacenamiento europeo | Almacenamiento internacional<\/h1>\n<div class=\"content-layout\">\n<p align=\"center\">Todas las soluciones de almacenamiento son manejadas por nuestra empresa hermana ,\u00a0<a href=\"https:\/\/europeanstorage.co.uk\/\"><b>European Storage<\/b><\/a><br \/>\nUsted puede acceder a su sitio web haciendo clic en la imagen a continuaci\u00f3n, donde encontrar\u00e1 detalles de las instalaciones y tarifas.<\/p>\n<p><a href=\"https:\/\/europeanstorage.co.uk\/\"><img src=\"https:\/\/europeanmoving.co.uk\/wp-content\/uploads\/2019\/06\/storage-european-mobing-400x225.jpg\" alt=\"Storage Solutions - European Moving\" \/><\/a><\/p>\n<p>Este servicio proporciona a los clientes una soluci\u00f3n de almacenamiento segura. Todas nuestras instalaciones de dep\u00f3sito son seguras y est\u00e1n equipadas con c\u00e1maras de CCTV 24\/7, alarmas y sistemas contra incendios. Esta es tambi\u00e9n una soluci\u00f3n ideal para los clientes con cargas parciales, que requieren tiempo adicional para planear su viaje o para asegurarse el alojamiento en su lugar de destino.<\/p>\n<p>Sin importancia de que elija nuestra <a href=\"https:\/\/europeanmoving.co.uk\/es\/el-basic-la-mudanza-de-bajo-coste\/\" target=\"_blank\" rel=\"noopener noreferrer\">el B\u00e1sic<\/a>\u00a0o nuestra <a href=\"https:\/\/europeanmoving.co.uk\/es\/el-dinamic-una-mudanza-con-ayuda\/\" target=\"_blank\" rel=\"noopener noreferrer\">el Din\u00e1mic<\/a>\u00a0soluci\u00f3n, si usted necesita guardar su carga entre el momento de salir de su propiedad anterior y el momento en que entre en el nuevo hogar, podemos ofrecer lo siguiente:<strong>1 MES DE ALMACENAMIENTO GRATUITO PARA CARGAS DE 10M\u00b3 O MENOS, PARA TODOS NUESTROS CLIENTES, QUE HAN RESERVADO SU MUDANZA CON NOSOTROS<\/strong><br \/>\n<strong>1 MES DE ALMACENAMIENTO GRATUITO PARA CARGAS DE M\u00c1S DE 10M\u00b3 RESERVANDO 2 MESES O M\u00c1S<\/strong><\/p>\n<div><b>Tenga en cuenta, que la carga debe pasar por nuestro almac\u00e9n en el Reino Unido- Folkestone, Kent<\/b><\/div>\n<\/div>\n<p>[\/fusion_text][\/fusion_builder_column][\/fusion_builder_row][\/fusion_builder_container]<\/p>\n","protected":false},"excerpt":{"rendered":"<p>[fusion_builder_container hundred_percent=\u00bbno\u00bb equal_height_columns=\u00bbno\u00bb menu_anchor=\u00bb\u00bb hide_on_mobile=\u00bbsmall-visibility,medium-visibility,large-visibility\u00bb class=\u00bb\u00bb id=\u00bb\u00bb background_color=\u00bb\u00bb background_image=\u00bb\u00bb background_position=\u00bbcenter center\u00bb background_repeat=\u00bbno-repeat\u00bb fade=\u00bbno\u00bb background_parallax=\u00bbnone\u00bb parallax_speed=\u00bb0.3&#8243; video_mp4=\u00bb\u00bb video_webm=\u00bb\u00bb video_ogv=\u00bb\u00bb video_url=\u00bb\u00bb video_aspect_ratio=\u00bb16:9&#8243; video_loop=\u00bbyes\u00bb video_mute=\u00bbyes\u00bb overlay_color=\u00bb\u00bb video_preview_image=\u00bb\u00bb border_size=\u00bb\u00bb border_color=\u00bb\u00bb border_style=\u00bbsolid\u00bb padding_top=\u00bb\u00bb padding_bottom=\u00bb\u00bb padding_left=\u00bb\u00bb padding_right=\u00bb\u00bb][fusion_builder_row][fusion_builder_column type=\u00bb1_1&#8243; layout=\u00bb1_1&#8243; background_position=\u00bbleft top\u00bb background_color=\u00bb\u00bb border_size=\u00bb\u00bb border_color=\u00bb\u00bb border_style=\u00bbsolid\u00bb border_position=\u00bball\u00bb spacing=\u00bbyes\u00bb background_image=\u00bb\u00bb background_repeat=\u00bbno-repeat\u00bb padding_top=\u00bb\u00bb padding_right=\u00bb\u00bb padding_bottom=\u00bb\u00bb padding_left=\u00bb\u00bb margin_top=\u00bb0px\u00bb margin_bottom=\u00bb0px\u00bb class=\u00bb\u00bb id=\u00bb\u00bb animation_type=\u00bb\u00bb animation_speed=\u00bb0.3&#8243; animation_direction=\u00bbleft\u00bb hide_on_mobile=\u00bbsmall-visibility,medium-visibility,large-visibility\u00bb [&hellip;]<\/p>\n","protected":false},"author":13,"featured_media":0,"parent":0,"menu_order":0,"comment_status":"closed","ping_status":"closed","template":"","meta":[],"yst_prominent_words":[7012,6094,6088,6097,6091,6086,3823,7013,6098,6092,6089,6096,6090,10632,6099,6093,6087,10634,6095,10633],"_links":{"self":[{"href":"https:\/\/europeanmoving.co.uk\/es\/wp-json\/wp\/v2\/pages\/8509"}],"collection":[{"href":"https:\/\/europeanmoving.co.uk\/es\/wp-json\/wp\/v2\/pages"}],"about":[{"href":"https:\/\/europeanmoving.co.uk\/es\/wp-json\/wp\/v2\/types\/page"}],"author":[{"embeddable":true,"href":"https:\/\/europeanmoving.co.uk\/es\/wp-json\/wp\/v2\/users\/13"}],"replies":[{"embeddable":true,"href":"https:\/\/europeanmoving.co.uk\/es\/wp-json\/wp\/v2\/comments?post=8509"}],"version-history":[{"count":6,"href":"https:\/\/europeanmoving.co.uk\/es\/wp-json\/wp\/v2\/pages\/8509\/revisions"}],"predecessor-version":[{"id":17020,"href":"https:\/\/europeanmoving.co.uk\/es\/wp-json\/wp\/v2\/pages\/8509\/revisions\/17020"}],"wp:attachment":[{"href":"https:\/\/europeanmoving.co.uk\/es\/wp-json\/wp\/v2\/media?parent=8509"}],"wp:term":[{"taxonomy":"yst_prominent_words","embeddable":true,"href":"https:\/\/europeanmoving.co.uk\/es\/wp-json\/wp\/v2\/yst_prominent_words?post=8509"}],"curies":[{"name":"wp","href":"https:\/\/api.w.org\/{rel}","templated":true}]}}