{"id":8506,"date":"2018-08-09T12:43:40","date_gmt":"2018-08-09T12:43:40","guid":{"rendered":"https:\/\/europeanmoving.co.uk\/?page_id=8506"},"modified":"2020-09-17T10:10:27","modified_gmt":"2020-09-17T10:10:27","slug":"european-pallets-groupage-network","status":"publish","type":"page","link":"https:\/\/europeanmoving.co.uk\/es\/european-pallets-groupage-network\/","title":{"rendered":"Red Europea de Pal\u00e9 y de Agrupaci\u00f3nes"},"content":{"rendered":"<h1 class=\"title-heading-left\"><strong><span>Red europea de palets y grupajes<\/span><\/strong><\/h1>\n<p><span>El env\u00edo representa un gasto considerable para millones de empresas europeas.\u00a0Pero con la ayuda de nuestra red europea de palets y grupajes, ofrecemos una gama de servicios para cubrir esos costes.<\/span><\/p>\n<p><img src=\"https:\/\/europeanmoving.im\/wp-content\/uploads\/2018\/07\/pallets-transport.jpg\" \/><\/p>\n<p><span>El grupaje es uno de esos servicios.\u00a0Al empaquetar cargas m\u00e1s peque\u00f1as en un solo env\u00edo, podemos realizar mudanzas internacionales que son m\u00e1s econ\u00f3micas y ecol\u00f3gicas.\u00a0El grupaje es una opci\u00f3n sensata para env\u00edos m\u00e1s peque\u00f1os que no pueden justificar un cami\u00f3n completo para ellos mismos.\u00a0Permitir\u00e1 que las cargas m\u00e1s grandes se dividan en otras m\u00e1s peque\u00f1as sin que ning\u00fan cami\u00f3n adicional tenga que salir del dep\u00f3sito.<\/span><br \/>\n<span>Un grupaje eficaz requiere una coordinaci\u00f3n sofisticada, del tipo que solo se obtiene con la experiencia.\u00a0Hemos perfeccionado nuestros m\u00e9todos a lo largo de ocho a\u00f1os, transportando mercanc\u00edas por Europa.\u00a0Con una red europea de palets y grupaje de socios de confianza a nuestra disposici\u00f3n, podemos orquestar todo con precisi\u00f3n.\u00a0Los env\u00edos se gu\u00edan a sus destinos mediante el enrutamiento a trav\u00e9s de centros sin fricci\u00f3n.<\/span><\/p>\n<h2><strong><span>La revoluci\u00f3n del almacenamiento<\/span><\/strong><\/h2>\n<p><span>Los palets apilables nos acompa\u00f1an en su forma actual desde el desarrollo de la carretilla elevadora a mediados del siglo XX.\u00a0Est\u00e1n encontrando un uso cada vez mayor en el sector de los consumidores, as\u00ed como en su innovaci\u00f3n tradicional de empresa a empresa.<\/span><br \/>\n<span>El palet ha revolucionado el almacenamiento y el almacenamiento, permitiendo levantar verticalmente incluso los art\u00edculos m\u00e1s pesados.\u00a0Con la ayuda de una carretilla elevadora espec\u00edfica o una plataforma elevadora montada en la parte trasera de un cami\u00f3n.\u00a0Ya sea que desee enviar un pal\u00e9 o quinientos, podemos llevarlos a cualquier lugar de Europa al que necesite que se muevan.<\/span><br \/>\n<span>Si env\u00eda algo especialmente valioso o fr\u00e1gil, podemos brindarle un servicio directo que minimizar\u00e1 el manejo y lo proteger\u00e1 contra la posibilidad de da\u00f1os accidentales.\u00a0Por simples o complejos que sean sus requisitos de env\u00edo, tenemos un servicio que puede satisfacerlos.\u00a0Adem\u00e1s, nuestro experimentado personal estar\u00e1 siempre dispuesto a ayudar y asesorar para garantizar el mejor resultado.\u00a0\u00bfPor qu\u00e9 no ponerse en contacto con nuestra oficina y ver lo que nuestro servicio de mudanzas europeas puede hacer por usted?<\/span><\/p>\n","protected":false},"excerpt":{"rendered":"<p>Red europea de palets y grupajes El env\u00edo representa un gasto considerable para millones de empresas europeas.\u00a0Pero con la ayuda de nuestra red europea de palets y grupajes, ofrecemos una gama de servicios para cubrir esos costes. El grupaje es uno de esos servicios.\u00a0Al empaquetar cargas m\u00e1s peque\u00f1as en un solo env\u00edo, podemos realizar mudanzas [&hellip;]<\/p>\n","protected":false},"author":13,"featured_media":0,"parent":0,"menu_order":0,"comment_status":"closed","ping_status":"closed","template":"","meta":[],"yst_prominent_words":[6247,9340,7011,6324,9341,9343,6069,3863],"_links":{"self":[{"href":"https:\/\/europeanmoving.co.uk\/es\/wp-json\/wp\/v2\/pages\/8506"}],"collection":[{"href":"https:\/\/europeanmoving.co.uk\/es\/wp-json\/wp\/v2\/pages"}],"about":[{"href":"https:\/\/europeanmoving.co.uk\/es\/wp-json\/wp\/v2\/types\/page"}],"author":[{"embeddable":true,"href":"https:\/\/europeanmoving.co.uk\/es\/wp-json\/wp\/v2\/users\/13"}],"replies":[{"embeddable":true,"href":"https:\/\/europeanmoving.co.uk\/es\/wp-json\/wp\/v2\/comments?post=8506"}],"version-history":[{"count":5,"href":"https:\/\/europeanmoving.co.uk\/es\/wp-json\/wp\/v2\/pages\/8506\/revisions"}],"predecessor-version":[{"id":22095,"href":"https:\/\/europeanmoving.co.uk\/es\/wp-json\/wp\/v2\/pages\/8506\/revisions\/22095"}],"wp:attachment":[{"href":"https:\/\/europeanmoving.co.uk\/es\/wp-json\/wp\/v2\/media?parent=8506"}],"wp:term":[{"taxonomy":"yst_prominent_words","embeddable":true,"href":"https:\/\/europeanmoving.co.uk\/es\/wp-json\/wp\/v2\/yst_prominent_words?post=8506"}],"curies":[{"name":"wp","href":"https:\/\/api.w.org\/{rel}","templated":true}]}}