{"id":8502,"date":"2018-08-09T12:26:02","date_gmt":"2018-08-09T12:26:02","guid":{"rendered":"https:\/\/europeanmoving.co.uk\/?page_id=8502"},"modified":"2020-09-17T10:01:28","modified_gmt":"2020-09-17T10:01:28","slug":"european-import-export-distribution","status":"publish","type":"page","link":"https:\/\/europeanmoving.co.uk\/es\/european-import-export-distribution\/","title":{"rendered":"Distribuci\u00f3n europea de importaci\u00f3n y exportaci\u00f3n"},"content":{"rendered":"<h2><strong><span>Un par de manos seguras<\/span><\/strong><\/h2>\n<p><span>Exportar a Europa puede ser un negocio complicado.\u00a0Las empresas que compran y venden a trav\u00e9s de fronteras internacionales requieren una soluci\u00f3n de transporte s\u00f3lida y confiable.\u00a0Uno que garantizar\u00e1 que todo bien llegue como debe.\u00a0Nuestros servicios de distribuci\u00f3n de importaci\u00f3n y exportaci\u00f3n europea est\u00e1n a su disposici\u00f3n para proporcionar exactamente esa soluci\u00f3n.<\/span><br \/>\n<span>El env\u00edo de mercanc\u00edas hacia, desde y en toda Europa es nuestra raz\u00f3n de ser.\u00a0Hemos estado ayudando a empresas de mudanzas y comerciantes internacionales desde 2010, y tenemos experiencia en el transporte europeo desde mucho antes.\u00a0En otras palabras, somos el par de manos seguras que su empresa necesita.<\/span><\/p>\n<h2><strong><span>Costos controlados y tranquilidad<\/span><\/strong><\/h2>\n<p><span>Para muchas empresas, el transporte mar\u00edtimo al extranjero representa una parte considerable del gasto total.\u00a0Lo ayudaremos a reducir estos costos, proporcion\u00e1ndole cotizaciones de env\u00edo internacional que no le har\u00e1n llorar.\u00a0No intentamos venderle servicios de carga que no necesita;\u00a0Nuestro servicio de transporte Load &amp; Go permite a nuestro conductor continuar con la conducci\u00f3n y transferir los ahorros a usted.<\/span><br \/>\n<span>Cada uno de nuestros conductores utiliza un sistema de navegaci\u00f3n por sat\u00e9lite que los evaluar\u00e1 de cualquier problema de tr\u00e1fico y les proporcionar\u00e1 una ruta a su alrededor.\u00a0Adem\u00e1s, nos permitir\u00e1 rastrear cada paquete y proporcionar detalles de su ubicaci\u00f3n en el camino.\u00a0Con esta informaci\u00f3n, podemos predecir con precisi\u00f3n las horas de llegada, lo que brinda tranquilidad a nuestros clientes.<\/span><\/p>\n<h2><strong><span>Ponerse en contacto<\/span><\/strong><\/h2>\n<p><span>Encontrar\u00e1 al menos uno de nuestros centros de transporte a solo un par de horas de todas las ciudades importantes de Europa.\u00a0Pero tambi\u00e9n lo ayudaremos a abordar ubicaciones m\u00e1s desafiantes;\u00a0enviamos a las Islas Baleares, las Islas Canarias, Chipre y todas las islas remotas de Noruega.\u00a0Nuestros servicios est\u00e1n disponibles para todos los pa\u00edses de la UE, as\u00ed como para los estados europeos no pertenecientes a la UE como Chipre, Noruega y Suiza.\u00a0\u00a1Naturalmente, continuaremos enviando al Reino Unido incluso despu\u00e9s del Brexit!<\/span><br \/>\n<span>Si desea hablar sobre sus requisitos de distribuci\u00f3n de importaci\u00f3n y exportaci\u00f3n en Europa, \u00bfpor qu\u00e9 no se pone en contacto con nuestra oficina?\u00a0Nuestro personal es experimentado, amable y conocedor, y estar\u00e1 encantado de explicarle todas las opciones disponibles.<\/span><\/p>\n","protected":false},"excerpt":{"rendered":"<p>Un par de manos seguras Exportar a Europa puede ser un negocio complicado.\u00a0Las empresas que compran y venden a trav\u00e9s de fronteras internacionales requieren una soluci\u00f3n de transporte s\u00f3lida y confiable.\u00a0Uno que garantizar\u00e1 que todo bien llegue como debe.\u00a0Nuestros servicios de distribuci\u00f3n de importaci\u00f3n y exportaci\u00f3n europea est\u00e1n a su disposici\u00f3n para proporcionar exactamente esa [&hellip;]<\/p>\n","protected":false},"author":13,"featured_media":0,"parent":0,"menu_order":0,"comment_status":"closed","ping_status":"closed","template":"","meta":[],"yst_prominent_words":[7006,7002,6999,7004,7001,6052,6049,5877,7008,7000,6998,7003,6214,6053,6050,6048,10678,10629,7007,7005],"_links":{"self":[{"href":"https:\/\/europeanmoving.co.uk\/es\/wp-json\/wp\/v2\/pages\/8502"}],"collection":[{"href":"https:\/\/europeanmoving.co.uk\/es\/wp-json\/wp\/v2\/pages"}],"about":[{"href":"https:\/\/europeanmoving.co.uk\/es\/wp-json\/wp\/v2\/types\/page"}],"author":[{"embeddable":true,"href":"https:\/\/europeanmoving.co.uk\/es\/wp-json\/wp\/v2\/users\/13"}],"replies":[{"embeddable":true,"href":"https:\/\/europeanmoving.co.uk\/es\/wp-json\/wp\/v2\/comments?post=8502"}],"version-history":[{"count":2,"href":"https:\/\/europeanmoving.co.uk\/es\/wp-json\/wp\/v2\/pages\/8502\/revisions"}],"predecessor-version":[{"id":22088,"href":"https:\/\/europeanmoving.co.uk\/es\/wp-json\/wp\/v2\/pages\/8502\/revisions\/22088"}],"wp:attachment":[{"href":"https:\/\/europeanmoving.co.uk\/es\/wp-json\/wp\/v2\/media?parent=8502"}],"wp:term":[{"taxonomy":"yst_prominent_words","embeddable":true,"href":"https:\/\/europeanmoving.co.uk\/es\/wp-json\/wp\/v2\/yst_prominent_words?post=8502"}],"curies":[{"name":"wp","href":"https:\/\/api.w.org\/{rel}","templated":true}]}}