{"id":8499,"date":"2018-08-09T12:18:34","date_gmt":"2018-08-09T12:18:34","guid":{"rendered":"https:\/\/europeanmoving.co.uk\/?page_id=8499"},"modified":"2020-09-17T10:24:27","modified_gmt":"2020-09-17T10:24:27","slug":"servicio-express-camionetas-furgonetas","status":"publish","type":"page","link":"https:\/\/europeanmoving.co.uk\/es\/servicio-express-camionetas-furgonetas\/","title":{"rendered":"Servicio express de camionetas y furgonetas en Europa y Reino Unido"},"content":{"rendered":"<h2><strong>Furgonetas y camiones expr\u00e9s europeos y brit\u00e1nicos<\/strong><\/h2>\n<p>Si tiene su sede en Europa y est\u00e1 buscando un servicio de furgonetas y camiones expr\u00e9s en Europa y el Reino Unido, no busque m\u00e1s.\u00a0Estos servicios son nuestra especialidad.\u00a0Habiendo establecido asociaciones s\u00f3lidas con empresas de transporte de todo el continente, podemos cargar en dos horas desde la mayor\u00eda de las ciudades europeas.\u00a0No es de extra\u00f1ar que tantos hayan llegado a confiar en nosotros para completar sus mudanzas internacionales.<br \/>\nEn el mundo del env\u00edo de larga distancia, el tiempo lo es todo.\u00a0Un solo parto tard\u00edo o perdido puede tener efectos colaterales que se sienten durante meses despu\u00e9s.\u00a0Nuestro servicio de entrega urgente protege contra esta posibilidad de dos formas clave.<br \/>\nEn primer lugar, ofrecemos un servicio dedicado, reservado solo para usted y sus bienes.\u00a0De esta forma podemos evitar zigzaguear de un lugar a otro en el camino hacia nuestro destino.\u00a0En cambio, su conductor proceder\u00e1 de la manera m\u00e1s directa posible.<br \/>\nEn segundo lugar, nuestros conductores se benefician de la navegaci\u00f3n por sat\u00e9lite europea y pueden tomar la ruta m\u00e1s r\u00e1pida, evitando problemas de tr\u00e1fico en el camino.\u00a0Esto tambi\u00e9n nos permite mantenerlo informado sobre el progreso de su veh\u00edculo a lo largo del viaje.<\/p>\n<h2><strong>Furgonetas y camiones Express<\/strong><\/h2>\n<p>Nuestras camionetas y camiones expresos son en su mayor\u00eda del lado de las cortinas.\u00a0Pero si tiene una carga de alto valor que necesita ser transportada, podemos proporcionarle un veh\u00edculo de caja con una plataforma elevadora.\u00a0Ya sea que se trate de todo el stock de equipos inform\u00e1ticos de una oficina o de una \u00fanica pintura al \u00f3leo valiosa.\u00a0Tenemos los recursos para enviarlo a cualquier parte de Europa.<br \/>\nLlevamos realizando mudanzas europeas desde 2010 y, desde entonces, hemos acumulado una considerable experiencia.\u00a0En pocas palabras, hemos visto y abordado casi todos los problemas que ocurren en las carreteras europeas, y podemos confiar en nosotros para llevar sus productos a donde deben estar, en una l\u00ednea lo m\u00e1s recta posible.<br \/>\nSi desea aprovechar nuestro servicio de camionetas y camiones expr\u00e9s en Europa y el Reino Unido, comun\u00edquese con nosotros.\u00a0Si necesita llevar sus art\u00edculos a cualquier parte del continente, discutiremos sus requisitos y organizaremos una entrega urgente para hacer el trabajo directamente.<\/p>\n","protected":false},"excerpt":{"rendered":"<p>Furgonetas y camiones expr\u00e9s europeos y brit\u00e1nicos Si tiene su sede en Europa y est\u00e1 buscando un servicio de furgonetas y camiones expr\u00e9s en Europa y el Reino Unido, no busque m\u00e1s.\u00a0Estos servicios son nuestra especialidad.\u00a0Habiendo establecido asociaciones s\u00f3lidas con empresas de transporte de todo el continente, podemos cargar en dos horas desde la mayor\u00eda [&hellip;]<\/p>\n","protected":false},"author":13,"featured_media":0,"parent":0,"menu_order":0,"comment_status":"closed","ping_status":"closed","template":"","meta":[],"yst_prominent_words":[6045,6047,6997],"_links":{"self":[{"href":"https:\/\/europeanmoving.co.uk\/es\/wp-json\/wp\/v2\/pages\/8499"}],"collection":[{"href":"https:\/\/europeanmoving.co.uk\/es\/wp-json\/wp\/v2\/pages"}],"about":[{"href":"https:\/\/europeanmoving.co.uk\/es\/wp-json\/wp\/v2\/types\/page"}],"author":[{"embeddable":true,"href":"https:\/\/europeanmoving.co.uk\/es\/wp-json\/wp\/v2\/users\/13"}],"replies":[{"embeddable":true,"href":"https:\/\/europeanmoving.co.uk\/es\/wp-json\/wp\/v2\/comments?post=8499"}],"version-history":[{"count":4,"href":"https:\/\/europeanmoving.co.uk\/es\/wp-json\/wp\/v2\/pages\/8499\/revisions"}],"predecessor-version":[{"id":22104,"href":"https:\/\/europeanmoving.co.uk\/es\/wp-json\/wp\/v2\/pages\/8499\/revisions\/22104"}],"wp:attachment":[{"href":"https:\/\/europeanmoving.co.uk\/es\/wp-json\/wp\/v2\/media?parent=8499"}],"wp:term":[{"taxonomy":"yst_prominent_words","embeddable":true,"href":"https:\/\/europeanmoving.co.uk\/es\/wp-json\/wp\/v2\/yst_prominent_words?post=8499"}],"curies":[{"name":"wp","href":"https:\/\/api.w.org\/{rel}","templated":true}]}}