{"id":8496,"date":"2018-08-09T12:12:37","date_gmt":"2018-08-09T12:12:37","guid":{"rendered":"https:\/\/europeanmoving.co.uk\/?page_id=8496"},"modified":"2020-09-17T10:28:38","modified_gmt":"2020-09-17T10:28:38","slug":"servicios-logistica-transporte-europeos","status":"publish","type":"page","link":"https:\/\/europeanmoving.co.uk\/es\/servicios-logistica-transporte-europeos\/","title":{"rendered":"Servicios de log\u00edstica y transporte europeos e internacionales"},"content":{"rendered":"<h2><strong><span>Servicios de transporte y log\u00edstica europeos e internacionales<\/span><\/strong><\/h2>\n<p><span>Entendemos que su m\u00e1xima prioridad es hacer llegar sus productos a sus clientes a tiempo y en su totalidad.\u00a0Ofrecemos una gama completa de soluciones de log\u00edstica de transporte para garantizarle la flexibilidad de enviar cargas de distintos tama\u00f1os sin tener que buscar un nuevo proveedor.\u00a0Nuestros servicios de log\u00edstica de transporte incluyen distribuci\u00f3n por contrato, transporte ad-hoc, grupaje, entregas de trampilla elevadora, remolques de dos pisos, log\u00edstica inversa, veh\u00edculos con cortina lateral, entrega al d\u00eda siguiente, entregas cronometradas, entregas por la ma\u00f1ana o por la tarde.\u00a0Puede estar seguro de que podremos entregar sus art\u00edculos, independientemente de su tama\u00f1o.\u00a0Le invitamos a que nos pida consejo para elegir la soluci\u00f3n adecuada;\u00a0nuestro equipo de transporte, que cuenta con m\u00e1s de 12 a\u00f1os de experiencia, estar\u00e1 encantado de ayudarle.\u00a0Nuestro grupo de socios opera a nivel nacional en el Reino Unido entregando cargas completas, cargas parciales y cargas consolidadas.<\/span><\/p>\n","protected":false},"excerpt":{"rendered":"<p>Servicios de transporte y log\u00edstica europeos e internacionales Entendemos que su m\u00e1xima prioridad es hacer llegar sus productos a sus clientes a tiempo y en su totalidad.\u00a0Ofrecemos una gama completa de soluciones de log\u00edstica de transporte para garantizarle la flexibilidad de enviar cargas de distintos tama\u00f1os sin tener que buscar un nuevo proveedor.\u00a0Nuestros servicios de [&hellip;]<\/p>\n","protected":false},"author":13,"featured_media":0,"parent":0,"menu_order":0,"comment_status":"closed","ping_status":"closed","template":"","meta":[],"yst_prominent_words":[6987,3823,5877,3484,6991,409,6988,6328,6044,3950,9350,6266,6056,10671,6206],"_links":{"self":[{"href":"https:\/\/europeanmoving.co.uk\/es\/wp-json\/wp\/v2\/pages\/8496"}],"collection":[{"href":"https:\/\/europeanmoving.co.uk\/es\/wp-json\/wp\/v2\/pages"}],"about":[{"href":"https:\/\/europeanmoving.co.uk\/es\/wp-json\/wp\/v2\/types\/page"}],"author":[{"embeddable":true,"href":"https:\/\/europeanmoving.co.uk\/es\/wp-json\/wp\/v2\/users\/13"}],"replies":[{"embeddable":true,"href":"https:\/\/europeanmoving.co.uk\/es\/wp-json\/wp\/v2\/comments?post=8496"}],"version-history":[{"count":2,"href":"https:\/\/europeanmoving.co.uk\/es\/wp-json\/wp\/v2\/pages\/8496\/revisions"}],"predecessor-version":[{"id":22109,"href":"https:\/\/europeanmoving.co.uk\/es\/wp-json\/wp\/v2\/pages\/8496\/revisions\/22109"}],"wp:attachment":[{"href":"https:\/\/europeanmoving.co.uk\/es\/wp-json\/wp\/v2\/media?parent=8496"}],"wp:term":[{"taxonomy":"yst_prominent_words","embeddable":true,"href":"https:\/\/europeanmoving.co.uk\/es\/wp-json\/wp\/v2\/yst_prominent_words?post=8496"}],"curies":[{"name":"wp","href":"https:\/\/api.w.org\/{rel}","templated":true}]}}