{"id":8330,"date":"2018-08-09T10:26:03","date_gmt":"2018-08-09T10:26:03","guid":{"rendered":"https:\/\/europeanmoving.co.uk\/?page_id=8330"},"modified":"2020-11-03T14:53:47","modified_gmt":"2020-11-03T14:53:47","slug":"el-dinamic-una-mudanza-con-ayuda-2","status":"publish","type":"page","link":"https:\/\/europeanmoving.co.uk\/es\/el-dinamic-una-mudanza-con-ayuda-2\/","title":{"rendered":"El Din\u00e1mic &#8211; Una mudanza con ayuda"},"content":{"rendered":"<h1><strong><span>Movimientos f\u00e1ciles<\/span><\/strong><\/h1>\n<p><b><span>Lo m\u00e1s importante que debe recordar con EasyMoves es que cada una de nuestras camionetas viene con un solo conductor<\/span><\/b><\/p>\n<p><span>EasyMoves es nuestro servicio de mudanzas m\u00e1s popular para los clientes que requieren un par de manos extra.\u00a0Nuestro conductor aprobado lo ayudar\u00e1 con la carga y descarga desde y hacia el nivel de la planta baja de su propiedad, a cualquier habitaci\u00f3n de su elecci\u00f3n.\u00a0Si necesita ayuda desde y hacia los pisos superiores, hable con su coordinador de mudanzas, quien podr\u00e1 organizarlo por usted, se aplicar\u00e1n cargos adicionales.\u00a0El costo de este servicio se basa en el nivel del piso y si hay un ascensor disponible.<\/span><\/p>\n<p><img src=\"https:\/\/europeanmoving.im\/wp-content\/uploads\/2018\/08\/easymoves.png\" \/><\/p>\n<h2><strong><span>EasyMoves: carga \/ descarga<\/span><\/strong><\/h2>\n<p><span>Nuestro conductor brindar\u00e1 asistencia para trasladar sus mercanc\u00edas desde la planta baja de su propiedad en el momento de la recogida y hasta la planta baja de su propiedad en la entrega a cualquier habitaci\u00f3n de su elecci\u00f3n.<\/span><\/p>\n<p><span>Por favor, comprenda que para mantener los costos al m\u00ednimo\u00a0<\/span><b><span>, solo proporcionamos un conductor por camioneta<\/span><\/b><span>\u00a0.\u00a0Por lo tanto, debe proporcionar una fuerza laboral adecuada de amigos y \/ o familiares en ambos extremos de su mudanza.\u00a0El n\u00famero de personas necesarias depende de la naturaleza, el volumen y el peso de sus art\u00edculos.\u00a0Las cajas pueden ser manipuladas f\u00e1cilmente por una persona si mantuvo el peso por debajo de 20 kg;\u00a0Un sof\u00e1 requiere un m\u00ednimo de dos personas y un gran armario un total de cuatro personas adicionales.\u00a0En general, para una furgoneta completa, consideramos que al menos una persona para ayudar al conductor es un m\u00ednimo, dos o tres es ideal.\u00a0Recuerde que conoce los art\u00edculos de su hogar mejor que nosotros.<\/span><\/p>\n<p><span>Para cargas parciales m\u00e1s peque\u00f1as de 10 a 20 cajas, a menudo es posible que el conductor realice toda la carga y descarga solo por una tarifa adicional; hable con su coordinador de mudanzas para obtener m\u00e1s detalles.\u00a0Recuerde tambi\u00e9n que esto solo es posible si cada art\u00edculo o caja puede ser transportado por una persona.<\/span><\/p>\n<p><strong><span>EasyMoves: tiempos de carga \/ descarga<\/span><\/strong><\/p>\n<h3><b><span>Servicio de furgoneta dedicado: carga completa<\/span><\/b><\/h3>\n<p><span>Tiempos de carga &#8211; 5 horas<\/span><br \/>\n<span>Tiempos de descarga &#8211; 3 horas<\/span><\/p>\n<h3><b><span>Servicio de carga parcial<\/span><\/b><\/h3>\n<p><span>Tiempos de carga: 2-3 horas<\/span><br \/>\n<span>Tiempos de descarga: 1-2 horas<\/span><br \/>\n<strong><span>EasyMoves: fechas y horarios de recogida y entrega<\/span><\/strong><\/p>\n<h3><b><span>Servicio de furgoneta dedicado: carga completa<\/span><\/b><\/h3>\n<p><span>Cuando haya reservado una camioneta dedicada en nuestro servicio EasyMoves, puede elegir el d\u00eda de recolecci\u00f3n de su elecci\u00f3n de lunes a s\u00e1bado y la entrega ser\u00e1 directa, el tiempo de tr\u00e1nsito del viaje depender\u00e1 de la distancia.\u00a0Si su d\u00eda de entrega es m\u00e1s importante, hable con su coordinador de mudanzas, quien podr\u00e1 aconsejarle sobre el mejor d\u00eda de recogida posible para adaptarse a esto.<\/span><br \/>\n<span>Puede cambiar la fecha elegida para su recogida hasta 3 d\u00edas antes sin incurrir en gastos.\u00a0Sin embargo, si necesita cambiarlo menos de 3 d\u00edas antes de la recolecci\u00f3n, se pueden aplicar cargos adicionales.<\/span><br \/>\n<span>Tendr\u00e1 el uso exclusivo de la camioneta y no compartir\u00e1 el espacio con los bienes de otros clientes.\u00a0Puede utilizar el espacio y el peso permitido de 20 m3 o 1 tonelada (furgoneta completa) como desee.<\/span><b><span>Recuerde que la camioneta puede transportar una capacidad m\u00e1xima de 20 m3 o 1 tonelada, o lo que se alcance primero.<\/span><\/b><br \/>\n<span>Puede elegir una franja horaria por la ma\u00f1ana o por la tarde, las ma\u00f1anas son de 8 am a 12 pm y las tardes son de 12 pm a 4 pm (hora del Reino Unido).\u00a0Debido a la naturaleza del negocio, a veces pueden producirse retrasos, por lo que no damos horarios espec\u00edficos para la recogida o entrega.\u00a0Cualquier momento que se le proporcione, lo hace de buena fe.<\/span><br \/>\n<span>Tenga en cuenta los posibles retrasos, ya que algunos problemas no se pueden evitar, por ejemplo, problemas mec\u00e1nicos o de tr\u00e1fico.\u00a0<\/span><b><span>No compensamos por retrasos en la recogida o entrega.<\/span><\/b><\/p>\n<h3><b><span>Servicio de carga parcial<\/span><\/b><\/h3>\n<p><span>Requerimos una ventana de 3 d\u00edas h\u00e1biles para la recolecci\u00f3n.\u00a0Por supuesto, no esperamos que se quede durante este tiempo y nuestro objetivo es avisarle con un m\u00ednimo de 24 horas de anticipaci\u00f3n;\u00a0sin embargo, si tenemos espacio disponible en una de nuestras camionetas en su \u00e1rea ese d\u00eda, podemos llamarlo para ofrecerle esta opci\u00f3n tambi\u00e9n.<\/span><br \/>\n<span>Tambi\u00e9n requerimos que alguien est\u00e9 disponible entre las 8 am y las 6 pm (hora del Reino Unido).\u00a0Tenga en cuenta que a veces pueden producirse retrasos debido a las m\u00faltiples recogidas y entregas.\u00a0Si el conductor se retrasa mucho, podemos posponer su recogida hasta la ma\u00f1ana siguiente.<\/span><br \/>\n<b><span>No compensamos por retrasos en las entregas o recogidas.<\/span><\/b><br \/>\n<span>La entrega de cargas parciales suele oscilar entre 1 d\u00eda y 14 d\u00edas, seg\u00fan la ruta.\u00a0Alguien debe estar disponible para recibir la entrega desde la fecha m\u00e1s temprana posible.\u00a0Siempre nos esforzaremos por enviar sus productos directamente.\u00a0Sin embargo, podemos llevarlos a nuestro dep\u00f3sito de almacenamiento para grupajes con otras cargas que vayan en la misma direcci\u00f3n.\u00a0Su coordinador de mudanzas le informar\u00e1 de esto cuando confirme su fecha de recogida.<\/span><br \/>\n<span>Sin embargo, si no tiene la flexibilidad necesaria para las fechas de recogida y entrega, es posible que desee considerar una furgoneta dedicada (carga completa).\u00a0Probablemente a\u00fan resulte m\u00e1s barato que la mayor\u00eda de nuestra competencia.<\/span><\/p>\n<p><strong><span>EasyMoves: Inventario<\/span><\/strong><\/p>\n<p><span>Le pedimos amablemente que proporcione una copia de su inventario a su coordinador de mudanza 3-5 d\u00edas antes de la recolecci\u00f3n.\u00a0Esto les permitir\u00e1 establecer y confirmar la capacidad c\u00fabica.<\/span><\/p>\n<p><b><span>Recuerde que nos es imposible estimar el peso.<\/span><\/b><\/p>\n<p><span>Tambi\u00e9n deber\u00e1 imprimir dos copias del inventario en formato de papel listas para el d\u00eda de la recolecci\u00f3n.\u00a0Usted o su representante deber\u00e1n verificar sus mercanc\u00edas dentro y fuera de la camioneta con este inventario junto con el conductor.\u00a0Una copia es para usted y otra para el conductor.\u00a0Ambos deben firmar cada inventario en la recolecci\u00f3n y entrega.<\/span><\/p>\n<p><b><span>Tenga en cuenta: si desea enviar sus productos sin un inventario, lo hace bajo su propio riesgo.<\/span><\/b><\/p>\n<p><b><span>Las aduanas tambi\u00e9n pueden solicitar ver una lista si detienen la camioneta en una frontera.<\/span><\/b><\/p>\n<p><b><span>Lea nuestra\u00a0<\/span><a href=\"https:\/\/europeanmoving.im\/movers-guide\/\" target=\"_blank\" rel=\"noopener noreferrer\"><span>gu\u00eda de mudanzas<\/span><\/a><span>\u00a0para obtener otros consejos \u00fatiles.\u00a0<\/span><\/b><strong><span>EasyMoves: volumen de carga y peso<\/span><\/strong><\/p>\n<p><span>Utilizamos principalmente furgonetas Luton de 3,5 toneladas.\u00a0Tienen la capacidad est\u00e1ndar para este tipo de veh\u00edculos en el negocio del transporte.\u00a0La mayor consideraci\u00f3n al mover sus mercanc\u00edas debe ser el peso.\u00a0Nuestras furgonetas pueden transportar entre 20m3-24m3 de volumen con una carga \u00fatil de 1000 kg.\u00a0Algunos pa\u00edses, como Suiza, Noruega y Austria reducen la capacidad legal a 800 kg.\u00a0El l\u00edmite de peso sigue siendo el mismo independientemente de si la furgoneta mide 20 m3 o 24 m3.<\/span><\/p>\n<p><b><span>Su reserva siempre se basar\u00e1 en la capacidad c\u00fabica O en el peso, lo que se alcance primero.<\/span><\/b><\/p>\n<p><span>Es posible que desee considerar que si tiene muchas cajas que pesan 20 kg cada una, solo podr\u00e1 cargar 50 cajas en la camioneta antes de alcanzar el l\u00edmite de peso.\u00a0Esto significa que, aunque es posible que su furgoneta solo tenga un volumen medio lleno, estar\u00e1 a su capacidad m\u00e1xima de peso.\u00a0<\/span><u><b><span>Legalmente<\/span><\/b><\/u><span>\u00a0no puede\u00a0tomar m\u00e1s que esto.<\/span><\/p>\n<p><b><span>Nota<\/span><\/b><span>\u00a0: la mayor\u00eda de nuestras furgonetas\u00a0<\/span><b><span>no tienen trampilla elevadora.\u00a0<\/span><\/b><span>Sin embargo, es posible que podamos proporcionarle uno por un cargo adicional y sujeto a disponibilidad.\u00a0Sin embargo, tenga en cuenta que el sistema hidr\u00e1ulico reduce el peso m\u00e1ximo en otros 250 kg (no afecta el volumen).<\/span><\/p>\n<p><strong><span>EasyMoves: embalaje<\/span><\/strong><\/p>\n<p><span>Todos los productos deben embalarse y protegerse adecuadamente antes de su recogida.\u00a0Las furgonetas no llevan mantas m\u00f3viles y \/ o equipo de carga.<\/span><\/p>\n<p><span>Consulte nuestra\u00a0<\/span><a href=\"https:\/\/europeanmoving.im\/en\/movers-guide-table\/\" target=\"_blank\" rel=\"noopener noreferrer\"><b><span>Gu\u00eda de mudanzas<\/span><\/b><\/a><span>\u00a0y, m\u00e1s espec\u00edficamente, nuestros\u00a0<\/span><a href=\"https:\/\/europeanmoving.im\/en\/movers-guide-table\/general-info-for-moving-to-a-new-country\/\" target=\"_blank\" rel=\"noopener noreferrer\"><b><span>consejos de embalaje<\/span><\/b><\/a><span>\u00a0.<\/span><\/p>\n<p><b><span>No olvide leer nuestra\u00a0<\/span><a href=\"https:\/\/europeanmoving.im\/en\/removals-insurance-and-compensation\/\" target=\"_blank\" rel=\"noopener noreferrer\"><span>p\u00e1gina de seguros<\/span><\/a><\/b><\/p>\n<p><b><span>Si puede conseguir suficientes amigos, familiares o vecinos para que le ayuden tanto con la carga como con la descarga, puede considerar\u00a0<\/span><a href=\"https:\/\/europeanmoving.im\/en\/international-load-and-go-transport-only-service\/\" target=\"_blank\" rel=\"noopener noreferrer\"><span>nuestro servicio Load &amp; Go,<\/span><\/a><span>\u00a0ya que es incluso m\u00e1s econ\u00f3mico.<\/span><\/b><\/p>\n","protected":false},"excerpt":{"rendered":"<p>Movimientos f\u00e1ciles Lo m\u00e1s importante que debe recordar con EasyMoves es que cada una de nuestras camionetas viene con un solo conductor EasyMoves es nuestro servicio de mudanzas m\u00e1s popular para los clientes que requieren un par de manos extra.\u00a0Nuestro conductor aprobado lo ayudar\u00e1 con la carga y descarga desde y hacia el nivel de [&hellip;]<\/p>\n","protected":false},"author":13,"featured_media":0,"parent":0,"menu_order":0,"comment_status":"closed","ping_status":"closed","template":"","meta":[],"yst_prominent_words":[3948,6698,10660,9030,3950],"_links":{"self":[{"href":"https:\/\/europeanmoving.co.uk\/es\/wp-json\/wp\/v2\/pages\/8330"}],"collection":[{"href":"https:\/\/europeanmoving.co.uk\/es\/wp-json\/wp\/v2\/pages"}],"about":[{"href":"https:\/\/europeanmoving.co.uk\/es\/wp-json\/wp\/v2\/types\/page"}],"author":[{"embeddable":true,"href":"https:\/\/europeanmoving.co.uk\/es\/wp-json\/wp\/v2\/users\/13"}],"replies":[{"embeddable":true,"href":"https:\/\/europeanmoving.co.uk\/es\/wp-json\/wp\/v2\/comments?post=8330"}],"version-history":[{"count":6,"href":"https:\/\/europeanmoving.co.uk\/es\/wp-json\/wp\/v2\/pages\/8330\/revisions"}],"predecessor-version":[{"id":21919,"href":"https:\/\/europeanmoving.co.uk\/es\/wp-json\/wp\/v2\/pages\/8330\/revisions\/21919"}],"wp:attachment":[{"href":"https:\/\/europeanmoving.co.uk\/es\/wp-json\/wp\/v2\/media?parent=8330"}],"wp:term":[{"taxonomy":"yst_prominent_words","embeddable":true,"href":"https:\/\/europeanmoving.co.uk\/es\/wp-json\/wp\/v2\/yst_prominent_words?post=8330"}],"curies":[{"name":"wp","href":"https:\/\/api.w.org\/{rel}","templated":true}]}}