{"id":22327,"date":"2020-09-18T09:14:23","date_gmt":"2020-09-18T09:14:23","guid":{"rendered":"http:\/\/europeanmoving.im\/?page_id=22327"},"modified":"2020-09-18T09:20:26","modified_gmt":"2020-09-18T09:20:26","slug":"detalles-de-precios","status":"publish","type":"page","link":"https:\/\/europeanmoving.co.uk\/es\/detalles-de-precios\/","title":{"rendered":"Detalles de precios"},"content":{"rendered":"<p>&nbsp;<\/p>\n<h1 data-fontsize=\"30\" data-lineheight=\"42\">Importante: el precio cotizado se basa en la capacidad c\u00fabica o en el peso (el que sea mayor)<\/h1>\n<p><strong>Por ejemplo:<\/strong>\u00a0Su mercanc\u00eda puede tener solo 10 m\u00b3 de capacidad c\u00fabica pero pesar 1000 kg, en cuyo caso ser\u00e1 una carga completa en peso.\u00a0Consulte lo siguiente:<\/p>\n<p><strong>Carga completa<\/strong>\u00a0= 20m\u00b3 o 1000kgs (el que sea mayor)<\/p>\n<p><strong>Cargas<\/strong>\u00a0Parciales = Cada unidad est\u00e1 compuesta por 1 m\u00b3 o 50 kg (lo que sea mayor)<\/p>\n<h1 data-fontsize=\"30\" data-lineheight=\"42\"><u><strong>Mano de obra adicional para el\u00a0<\/strong><\/u><u><strong>Reino Unido<\/strong><\/u><\/h1>\n<p><strong>1 ayudante = \u00a3 200 + IVA<\/strong><\/p>\n<p><strong>2 ayudantes = \u00a3 350 + IVA<\/strong><\/p>\n<p><strong>3 ayudantes = \u00a3 500 + IVA<\/strong><\/p>\n<p>&nbsp;<\/p>\n<h1 data-fontsize=\"30\" data-lineheight=\"42\"><u><strong>Mano de obra adicional para todos los dem\u00e1s pa\u00edses europeos (\u00a0<\/strong><\/u><u><strong>fuera del\u00a0Reino Unido\u00a0<\/strong><\/u><u><strong>)<\/strong><\/u><\/h1>\n<p><strong>1 ayudante = 250 \u20ac + IVA<\/strong><\/p>\n<p><strong>2 ayudantes = 450 \u20ac + IVA<\/strong><\/p>\n<p><strong>3 ayudantes = 600 \u20ac + IVA<\/strong><\/p>\n<p>&nbsp;<\/p>\n<p>Disponible en la mayor\u00eda de ciudades y pueblos costeros de mayor tama\u00f1o, por favor hable con su coordinador de movimiento para obtener m\u00e1s detalles sobre +44 203 9662905 o por correo electr\u00f3nico\u00a0<a href=\"mailto:europeanmoving@europeanmoving.org\">europeanmoving@europeanmoving.org<\/a><\/p>\n<p>&nbsp;<\/p>\n<h1 data-fontsize=\"30\" data-lineheight=\"42\"><span style=\"font-size: x-large;\"><strong><u>Servicios de embalaje.<\/u><\/strong><\/span><\/h1>\n<p><strong>1 furgoneta = 1375 \u20ac \/ 1235 \u00a3 + IVA<\/strong><\/p>\n<p><strong>2 furgonetas = 2695 \u20ac \/ 2420 \u00a3 + IVA<\/strong><\/p>\n<p><strong>3 furgonetas = 3850 \u20ac \/ 3450 \u00a3 + IVA<\/strong><\/p>\n<p>&nbsp;<\/p>\n<p><em><strong>Incluye asistencia para cargar la \/ s furgoneta \/ s<\/strong><\/em><\/p>\n<p>Este servicio incluye todos los materiales de embalaje en el d\u00eda de la recolecci\u00f3n, por favor hable con su coordinador de movimiento para m\u00e1s detalles en el tel\u00e9fono +44 203 9662905 o por correo electr\u00f3nico\u00a0<a href=\"mailto:europeanmoving@europeanmoving.org\">europeanmoving@europeanmoving.org<\/a><\/p>\n<p>&nbsp;<\/p>\n<h1 data-fontsize=\"30\" data-lineheight=\"42\"><span style=\"font-size: x-large;\"><strong><u>Desembalaje a la entrega<\/u><\/strong><\/span><\/h1>\n<p><strong>1 furgoneta = 1100 \u20ac \/ 995 \u00a3 + IVA<\/strong><\/p>\n<p><strong>2 furgonetas = 2200 \u20ac \/ 1950 \u00a3 + IVA<\/strong><\/p>\n<p><strong>3 furgonetas = 3300 \u20ac \/ 2950 \u00a3 + IVA<\/strong><\/p>\n<p>&nbsp;<\/p>\n<p>&nbsp;<\/p>\n<p><em><strong>Incluye asistencia para descargar la (s) furgoneta (s)<\/strong><\/em><\/p>\n<p>Por favor, hable con su coordinador de movimiento para obtener m\u00e1s detalles sobre +44 203 9662905 o por correo electr\u00f3nico\u00a0<a href=\"mailto:europeanmoving@europeanmoving.org\">europeanmoving@europeanmoving.org<\/a><\/p>\n<p><strong>Solo disponible en el Reino Unido e Irlanda, otros pa\u00edses disponibles a pedido<\/strong><\/p>\n<p>&nbsp;<\/p>\n<h1 data-fontsize=\"30\" data-lineheight=\"42\"><span style=\"font-size: x-large;\"><strong><a href=\"https:\/\/europeanmoving.co.uk\/international-load-and-go-transport-only-service\/?utm_source=emailNiftyQuote&amp;utm_medium=loadNgo&amp;utm_campaign=a&amp;utm_term=b&amp;utm_content=c\"><u>Load N Go: recogida y entrega en carretera<\/u><\/a><\/strong><\/span><\/h1>\n<p>&nbsp;<\/p>\n<p>Esta es nuestra soluci\u00f3n de menor costo y est\u00e1 dirigida a clientes con cargas parciales m\u00e1s peque\u00f1as que pueden llevar todas sus pertenencias hacia y desde la camioneta o para clientes que tienen mucha ayuda tanto en la recolecci\u00f3n como en la entrega para realizar la carga y descarga.\u00a0<strong>el conductor solo ayudar\u00e1 a subir y bajar de la camioneta.<\/strong><\/p>\n<h1 data-fontsize=\"30\" data-lineheight=\"42\"><a href=\"https:\/\/europeanmoving.co.uk\/international-removal-service-easy-moves\/?utm_source=emailNiftyQuote&amp;utm_medium=easyMoves&amp;utm_campaign=a&amp;utm_term=b&amp;utm_content=c\"><span style=\"font-size: x-large;\"><strong><u>EasyMoves: ayuda del conductor, solo en la planta baja<\/u><\/strong><\/span><\/a><\/h1>\n<p>&nbsp;<\/p>\n<p>Nuestra soluci\u00f3n de bajo costo m\u00e1s popular est\u00e1 dirigida a clientes con art\u00edculos m\u00e1s grandes o mudanzas completas.\u00a0Cada una de nuestras camionetas de Luton viene con un conductor que lo ayudar\u00e1 con la carga y descarga de una habitaci\u00f3n a otra, solo en la planta baja.\u00a0Se recomienda que para cada camioneta y conductor de Luton proporcionados por nosotros, el cliente debe proporcionar al menos una persona capacitada para ayudar.\u00a0Por ejemplo: 1 camioneta = 1 ayudante adicional o 2 camionetas = 2 ayudantes adicionales<\/p>\n<p>&nbsp;<\/p>\n<h1 data-fontsize=\"30\" data-lineheight=\"42\"><a href=\"https:\/\/europeanmoving.co.uk\/?utm_source=emailNiftyQuote&amp;utm_medium=loadingUnloadingTimes&amp;utm_campaign=a&amp;utm_term=b&amp;utm_content=c\"><span style=\"font-size: x-large;\"><strong><u>Tiempos de carga y descarga<\/u><\/strong><\/span><\/a><\/h1>\n<p>&nbsp;<\/p>\n<ul>\n<li>Cargas completas (1 furgoneta o m\u00e1s) = 5 horas de carga y 3 horas de descarga<\/li>\n<li>Cargas parciales (menos de 16 m\u00b3) = 3 horas de carga y 3 horas de descarga<\/li>\n<\/ul>\n<h1 data-fontsize=\"30\" data-lineheight=\"42\"><a href=\"https:\/\/europeanmoving.co.uk\/?utm_source=emailNiftyQuote&amp;utm_medium=collectionDayTimes&amp;utm_campaign=a&amp;utm_term=b&amp;utm_content=c\"><span style=\"font-size: x-large;\"><strong><u>D\u00eda y hora de recogida<\/u><\/strong><\/span><\/a><\/h1>\n<p>&nbsp;<\/p>\n<p><u><strong>Cargas parciales<\/strong>\u00a0\u00a0<\/u><\/p>\n<p>&nbsp;<\/p>\n<p><strong>Recogida<\/strong>\u00a0&#8211;\u00a0<strong>Recogida<\/strong>\u00a0flexible de 3 a 14 d\u00edas laborables consecutivos, seg\u00fan el servicio elegido.<\/p>\n<p><strong>Entrega\u00a0<\/strong>\u00a0\u00a0 : entre 1 d\u00eda y 2 semanas, dependiendo del servicio elegido, no puede elegir una fecha espec\u00edfica entre este per\u00edodo de tiempo.<\/p>\n<p>Requerimos que alguien est\u00e9 disponible entre las 8 am y las 6 pm tanto para la recolecci\u00f3n como para la entrega.<\/p>\n<p>&nbsp;<\/p>\n<p><strong>Tenga en cuenta<\/strong>\u00a0: Si se le ha dado un aprox.\u00a0Una vez que esto se haya hecho de buena fe, es importante que alguien est\u00e9 disponible todo el d\u00eda ya que a veces pueden ocurrir retrasos debido a m\u00faltiples recogidas y devoluciones.<\/p>\n<p>&nbsp;<\/p>\n<p><u><strong>Cargas completas<\/strong>\u00a0<\/u><\/p>\n<p>&nbsp;<\/p>\n<p>D\u00eda de recogida a elecci\u00f3n de lunes a s\u00e1bado y entrega directa (seg\u00fan distancia)<\/p>\n<p>Le ofrecemos la opci\u00f3n de un horario por la ma\u00f1ana o por la tarde para permitir cualquier problema de tr\u00e1fico o retrasos, estos son los siguientes:<\/p>\n<p><strong>Ma\u00f1ana<\/strong>\u00a0&#8211; 8am &#8211; 12pm<\/p>\n<p><strong>Tarde<\/strong>\u00a0&#8211; 12pm &#8211; 4pm<\/p>\n<p><strong>Tenga en cuenta:<\/strong>\u00a0sus productos se enviar\u00e1n directamente al destino de entrega desde la recogida y, por lo tanto, alguien deber\u00e1 estar disponible para recibir los productos cuando lleguen.<\/p>\n<p>Si necesitas m\u00e1s tiempo para llegar a tu destino podemos ofrecerte las siguientes alternativas, aunque ten en cuenta que la\u00a0forma\u00a0<strong>m\u00e1s econ\u00f3mica<\/strong>\u00a0de enviar tu mercanc\u00eda es directa.<\/p>\n<p>&nbsp;<\/p>\n<p><strong>1.<\/strong>\u00a0Podemos guardar su mercanc\u00eda en la furgoneta durante un\u00a0<strong>m\u00e1ximo<\/strong>\u00a0de 2 d\u00edas, el coste ser\u00e1 de un\u00a0<strong>m\u00ednimo<\/strong>\u00a0de 200 \u20ac o 180 \u00a3 por d\u00eda.\u00a0Hable con uno de nuestros coordinadores de mudanzas para obtener m\u00e1s informaci\u00f3n.<\/p>\n<p>&nbsp;<\/p>\n<p><strong>2.<\/strong>\u00a0Si su env\u00edo pasa por uno de nuestros dep\u00f3sitos en Folkestone, Reino Unido o Luxemburgo, podemos organizar el almacenamiento de sus mercanc\u00edas, consulte los siguientes costos de este servicio:<br \/>\nPara recogidas y entregas desde y hacia la Isla de Venecia, el precio solo incluye hasta el punto m\u00e1s cercano al que puede acceder la furgoneta.\u00a0Tenga en cuenta que este suele ser el aparcamiento principal de la isla, por lo que usted (como cliente) deber\u00e1 organizar la parte local de su recogida o la entrega en barco si es necesario.\u00a0Esto es v\u00e1lido para todas las islas donde tenemos algunas restricciones de transporte por carretera.<\/p>\n<p><strong><em>Tenga en cuenta: durante el mes de agosto, no podemos garantizar que las cargas parciales se entregar\u00e1n dentro del tiempo especificado y pueden demorar m\u00e1s.<\/em><\/strong><\/p>\n<p><em>Todos los horarios y franjas horarias se dan de buena fe, sin embargo, debido a la naturaleza del negocio y las largas distancias que cubren los conductores, a veces pueden ocurrir retrasos.\u00a0Siempre buscaremos encontrar una soluci\u00f3n alternativa si es posible, sin embargo, para aclarar, no ofrecemos compensaci\u00f3n por retrasos en la recogida o entregas.<\/em><\/p>\n<h1 data-fontsize=\"30\" data-lineheight=\"42\"><a href=\"https:\/\/europeanmoving.co.uk\/international-storage-solutions-for-goods\/?utm_source=emailNiftyQuote&amp;utm_medium=storage&amp;utm_campaign=a&amp;utm_term=b&amp;utm_content=c\"><span style=\"font-size: x-large;\"><strong><u>Almacenamiento &#8211; Todos los precios son\u00a0IVA del Reino Unido\u00a0incluido<\/u><\/strong><\/span><\/a><\/h1>\n<p>Para conocer los precios de almacenamiento, haga clic aqu\u00ed:\u00a0\u00a0<strong><a href=\"https:\/\/europeanmoving.co.uk\/international-storage-solutions-for-goods\/\">https:\/\/europeanmoving.co.uk\/international-storage-solutions-for-goods\/<\/a><\/strong><\/p>\n<h1 title=\"Haz click para editar\" data-fontsize=\"30\" data-lineheight=\"42\"><\/h1>\n<h1 data-fontsize=\"30\" data-lineheight=\"42\"><a href=\"https:\/\/europeanmoving.co.uk\/?utm_source=emailNiftyQuote&amp;utm_medium=packingProtectingYourGoods&amp;utm_campaign=a&amp;utm_term=b&amp;utm_content=c\"><span style=\"font-size: x-large;\"><strong><u>Embalaje y protecci\u00f3n de sus mercanc\u00edas<\/u><\/strong><\/span><\/a><\/h1>\n<p data-pd-redactor=\"\">Lea nuestra Gu\u00eda de mudanzas para asegurarse de que sus art\u00edculos est\u00e9n empaquetados correctamente:<\/p>\n<p data-pd-redactor=\"\">http:\/\/europeanmoving.co.uk\/transportation-and-movers-guide<\/p>\n<p data-pd-redactor=\"\">Nuestras camionetas\u00a0<strong>NO<\/strong>\u00a0vienen con mantas o equipo de carga, estos deber\u00e1n ser proporcionados por el cliente si es necesario<\/p>\n<p data-pd-redactor=\"\">Nuestras camionetas\u00a0<strong>NO<\/strong>\u00a0\u00a0vienen con trampillas elevadoras de serie (debe solicitarlo al hacer la reserva y estar\u00eda sujeto a disponibilidad)<\/p>\n<h1 data-fontsize=\"30\" data-lineheight=\"42\"><a href=\"https:\/\/europeanmoving.co.uk\/international-movers-and-removers-insurance\/?utm_source=emailNiftyQuote&amp;utm_medium=insurance&amp;utm_campaign=a&amp;utm_term=b&amp;utm_content=c\"><span style=\"font-size: x-large;\"><strong><u>Seguro<\/u><\/strong><\/span><\/a><\/h1>\n<p data-pd-redactor=\"\">Nuestra cotizaci\u00f3n excluye la cobertura del seguro, sin embargo, en lugar de intentar venderle un seguro innecesario como lo hacen la mayor\u00eda de nuestros competidores por un 3% adicional, solo para descubrir que su seguro tiene una lista completa de limitaciones, ofrecemos una indemnizaci\u00f3n de \u00a3 40 por art\u00edculo o caja hasta hasta \u00a3 10,000 por env\u00edo.\u00a0Esto es solo en el caso de una p\u00e9rdida total o de un art\u00edculo faltante con prueba de un inventario firmado.\u00a0Tambi\u00e9n puede descubrir que ya tiene un seguro establecido en su P\u00f3liza del hogar o podr\u00e1 agregar un seguro de mudanza a su P\u00f3liza del hogar por alrededor de \u00a3 30 y, de lo contrario, hay muchos proveedores externos en Internet que pueden ayudar a tarifas mucho m\u00e1s bajas que que el 3% que suelen cotizar la mayor\u00eda de las empresas de mudanzas.\u00a0Consulte nuestra\u00a0<strong><a href=\"https:\/\/europeanmoving.co.uk\/international-movers-and-removers-insurance\/?utm_source=emailNiftyQuote&amp;utm_medium=insurance&amp;utm_campaign=a&amp;utm_term=b&amp;utm_content=c\">P\u00c1GINA DE SEGUROS<\/a>\u00a0<\/strong>en nuestro sitio web para obtener detalles completos, donde tambi\u00e9n encontrar\u00e1 algunas sugerencias si desea buscar una cobertura completa.<\/p>\n<p data-pd-redactor=\"\"><strong>No existe cobertura para roturas generales o da\u00f1os de tr\u00e1nsito con nosotros o nuestras aseguradoras, as\u00ed que aseg\u00farese de que sus cosas est\u00e9n bien protegidas y que su seguro dom\u00e9stico lo cubra para tales asuntos, la mayor\u00eda ya tiene cobertura incorporada, pero verifique la letra peque\u00f1a.<\/strong><\/p>\n<h1 data-fontsize=\"30\" data-lineheight=\"42\"><a href=\"https:\/\/europeanmoving.co.uk\/?utm_source=emailNiftyQuote&amp;utm_medium=inventory3-5DaysBeforeCollection&amp;utm_campaign=a&amp;utm_term=b&amp;utm_content=c\"><span style=\"font-size: x-large;\"><strong><u>Inventario 3-5 d\u00edas antes de la recolecci\u00f3n<\/u><\/strong><\/span><\/a><\/h1>\n<p>Debe enviarnos un inventario final al menos 3 a 5 d\u00edas h\u00e1biles antes de su mudanza.\u00a0Imprima tambi\u00e9n dos copias en papel, una para usted y otra para el conductor.\u00a0Todos los productos deben registrarse y retirarse de la (s) camioneta (s) al momento de la recogida y entrega, usted y el conductor deben firmar ambas copias.<\/p>\n<h1 data-fontsize=\"30\" data-lineheight=\"42\"><a href=\"https:\/\/europeanmoving.co.uk\/?utm_source=emailNiftyQuote&amp;utm_medium=excessiveWeight&amp;utm_campaign=a&amp;utm_term=b&amp;utm_content=c\"><span style=\"font-size: x-large;\"><strong><u>Peso excesivo<\/u><\/strong><\/span><\/a><\/h1>\n<p><em><strong>Cada camioneta puede transportar un m\u00e1ximo de 1000 kg (carga completa)<\/strong><\/em><\/p>\n<p><em><strong>o 50 kg por m3 (carga parcial)<\/strong><\/em><br \/>\n<strong>Si su carga tiene sobrepeso en la recolecci\u00f3n, se le cobrar\u00e1 seg\u00fan lo siguiente:<\/strong><\/p>\n<p>&nbsp;<\/p>\n<p><u><strong>CARGAS DE PIEZAS\u00a0<\/strong><\/u><strong>\u00a0\u00a0<\/strong><\/p>\n<p><strong>Cada unidad se compone de 1 mo 50 kg (lo que se alcance primero)<\/strong><\/p>\n<p><strong>Se le cobrar\u00e1 por cada unidad adicional de forma prorrateada seg\u00fan su reserva original<\/strong><\/p>\n<p>&nbsp;<\/p>\n<p><u><strong>CARGAS COMPLETAS<\/strong><\/u><strong>\u00a0\u00a0(20m3 o 1000kgs, lo que sea mayor)<\/strong><\/p>\n<p>&nbsp;<\/p>\n<p><strong>Si su mercanc\u00eda excede los 20m3 o 1000kgs, tendr\u00e1 la opci\u00f3n de reservar una carga parcial adicional para otro momento o una camioneta o camionetas adicionales dependiendo del resto de la mercanc\u00eda restante.\u00a0Por lo general, podemos organizar camionetas adicionales el mismo d\u00eda o el siguiente.<\/strong><\/p>\n<p>&nbsp;<\/p>\n<p data-pd-redactor=\"\"><strong data-redactor-tag=\"strong\">El peso excesivo debido a la sobrecarga de las camionetas es responsabilidad del cliente, todas las multas de la Polic\u00eda, VOSA o cualquier otra autoridad extranjera deber\u00e1n ser pagadas por el cliente antes de que los veh\u00edculos sean enviados al destino de descarga.\u00a0Tambi\u00e9n se aplicar\u00e1n tarifas por recuperar mercanc\u00edas sobrecargadas.<\/strong><\/p>\n<h1 data-fontsize=\"30\" data-lineheight=\"42\"><a href=\"https:\/\/europeanmoving.co.uk\/?utm_source=emailNiftyQuote&amp;utm_medium=ferryTollCrossingCharges&amp;utm_campaign=a&amp;utm_term=b&amp;utm_content=c\"><span style=\"font-size: x-large;\"><strong><u>Cargos de ferry y cruce de peaje<\/u><\/strong><\/span><\/a><\/h1>\n<p>Todos los peajes y traves\u00edas en ferry desde el continente est\u00e1n incluidos en el presupuesto.\u00a0Sin embargo,\u00a0<strong>no se<\/strong>\u00a0incluyen algunas de las\u00a0islas o destinos m\u00e1s remotos u oscuros\u00a0\u00a0(incluidas algunas de las islas griegas).\u00a0Si no est\u00e1 seguro, hable con uno de nuestros experimentados coordinadores de mudanzas.<\/p>\n<p><em>** En algunos casos, para env\u00edos m\u00e1s peque\u00f1os, por lo general de menos de 5 m\u00b3, sus productos pueden enviarse en un servicio de paleta **<\/em><\/p>\n<p><em>** En casos excepcionales, si sus mercanc\u00edas se transportan a algunas de las islas europeas m\u00e1s peque\u00f1as, sus mercanc\u00edas pueden enviarse por contenedor de env\u00edo; cualquier costo adicional que utilice este servicio ser\u00e1 cubierto por European Moving **<\/em><\/p>\n<p>&nbsp;<\/p>\n<p>&nbsp;<\/p>\n<h1 data-fontsize=\"30\" data-lineheight=\"42\"><a href=\"https:\/\/europeanmoving.co.uk\/?utm_source=emailNiftyQuote&amp;utm_medium=customsClearance&amp;utm_campaign=a&amp;utm_term=b&amp;utm_content=c\"><span style=\"font-size: x-large;\"><strong><u>Despacho de aduana<\/u><\/strong><\/span><\/a><\/h1>\n<p>Nuestras cotizaciones incluyen tarifas de despacho de aduana.\u00a0Organizaremos esto en su nombre tanto para Suiza como para Noruega, a menos que prefiera organizar el despacho de aduana usted mismo (con una agencia de aduanas).\u00a0Este servicio no incluye ning\u00fan impuesto o tasa que deba pagarse.\u00a0Comun\u00edquese con su coordinador de mudanzas si no necesita este servicio.<\/p>\n<p><strong>** Para todos los dem\u00e1s pa\u00edses que tienen implicaciones aduaneras (incluidos Turqu\u00eda, Islas Canarias y Groenlandia), es responsabilidad del cliente hacer los arreglos antes de la recogida.\u00a0No podremos recoger su mercanc\u00eda sin la documentaci\u00f3n correcta **<\/strong><\/p>\n<p>&nbsp;<\/p>\n<p><strong>Preguntas frecuentes: consulte nuestras preguntas frecuentes<\/strong>\u00a0en nuestro sitio web: http:\/\/europeanmoving.co.uk\/moving-faqs-for-international-removals<\/p>\n<p>\u00bfYa tiene una cotizaci\u00f3n de otro proveedor y desea ver si podemos igualar o mejorar el precio?<\/p>\n<p>Ofrecemos una Garant\u00eda de igualaci\u00f3n de precios en la que haremos todo lo posible para igualar cualquier precio similar ofrecido por otra empresa.\u00a0Env\u00edenos una copia de la cotizaci\u00f3n o una captura de pantalla \/ captura de la oferta a la siguiente direcci\u00f3n de correo electr\u00f3nico:\u00a0<strong><a href=\"mailto:PriceMatch@europeanmoving.co.uk\">PriceMatch@europeanmoving.co.uk<\/a><\/strong><\/p>\n<h1 data-fontsize=\"30\" data-lineheight=\"42\"><a href=\"https:\/\/europeanmoving.co.uk\/live-chat\/?utm_source=emailNiftyQuote&amp;utm_medium=liveChat&amp;utm_campaign=a&amp;utm_term=b&amp;utm_content=c\"><span style=\"font-size: x-large;\"><strong><u>Preguntas<\/u><\/strong><\/span><\/a><\/h1>\n<p>Si tiene alguna pregunta, no dude en\u00a0<strong><a href=\"mailto:europeanmoving@europeanmoving.org?subject=European%20Moving%20-%20Quote%20Question\">ponerse<\/a><\/strong>\u00a0en\u00a0<strong><a href=\"mailto:europeanmoving@europeanmoving.org?subject=European%20Moving%20-%20Quote%20Question\">contacto con nosotros<\/a><\/strong><strong>\u00a0.\u00a0<\/strong>Puede enviarnos un correo electr\u00f3nico o ponerse en contacto con nosotros en nuestro\u00a0<strong><a href=\"https:\/\/europeanmoving.co.uk\/live-chat\/?utm_source=emailNiftyQuote&amp;utm_medium=liveChat&amp;utm_campaign=a&amp;utm_term=b&amp;utm_content=c\">chat<\/a><\/strong>\u00a0en\u00a0<strong><a href=\"https:\/\/europeanmoving.co.uk\/live-chat\/?utm_source=emailNiftyQuote&amp;utm_medium=liveChat&amp;utm_campaign=a&amp;utm_term=b&amp;utm_content=c\">vivo<\/a><\/strong>\u00a0en nuestro\u00a0<strong><a href=\"http:\/\/europeanmoving.co.uk\/?utm_source=emailNiftyQuote&amp;utm_medium=website&amp;utm_campaign=a&amp;utm_term=b&amp;utm_content=c\">sitio web<\/a><\/strong>\u00a0\u00a0o en Whatsapp al\u00a0<strong><a href=\"https:\/\/api.whatsapp.com\/send?phone=447747713598&amp;text=I%27d%20like%20to%20request%20a%20free%20no%20obligation%20quote\">+44 7747713 598<\/a>\u00a0<\/strong>\u00a0y estaremos encantados de devolverle la llamada.<\/p>\n<p>&nbsp;<\/p>\n<p><em>Este sitio web y cualquier nombre de dominio asociado y su contenido son propiedad de European Moving Holdings Limited, Dubai y son operados por European Moving Limited, Malta.\u00a0Si necesita informaci\u00f3n de la empresa local y n\u00fameros de IVA para nuestras empresas constituidas en Francia, Reino Unido e Irlanda, consulte su factura de venta.\u00a0Cualquier transacci\u00f3n realizada en este sitio web, la infraestructura de TI asociada o por tel\u00e9fono se clasifica como transacciones digitales a efectos del IVA.<\/em><\/p>\n<p><em>Este sitio web y cualquier nombre de dominio asociado y su contenido son propiedad de European Moving Holdings Limited, Dubai y son operados por European Moving Limited, Malta.\u00a0Si necesita informaci\u00f3n de la empresa local y n\u00fameros de IVA para nuestras empresas constituidas en Francia, Reino Unido e Irlanda, consulte su factura de venta.\u00a0Cualquier transacci\u00f3n realizada en este sitio web, la infraestructura de TI asociada o por tel\u00e9fono se clasifica como transacciones digitales a efectos del IVA.<\/em><\/p>\n","protected":false},"excerpt":{"rendered":"<p>&nbsp; Importante: el precio cotizado se basa en la capacidad c\u00fabica o en el peso (el que sea mayor) Por ejemplo:\u00a0Su mercanc\u00eda puede tener solo 10 m\u00b3 de capacidad c\u00fabica pero pesar 1000 kg, en cuyo caso ser\u00e1 una carga completa en peso.\u00a0Consulte lo siguiente: Carga completa\u00a0= 20m\u00b3 o 1000kgs (el que sea mayor) Cargas\u00a0Parciales [&hellip;]<\/p>\n","protected":false},"author":13,"featured_media":0,"parent":0,"menu_order":0,"comment_status":"closed","ping_status":"closed","template":"","meta":[],"yst_prominent_words":[3948,3484,6164,409,6040,6328],"_links":{"self":[{"href":"https:\/\/europeanmoving.co.uk\/es\/wp-json\/wp\/v2\/pages\/22327"}],"collection":[{"href":"https:\/\/europeanmoving.co.uk\/es\/wp-json\/wp\/v2\/pages"}],"about":[{"href":"https:\/\/europeanmoving.co.uk\/es\/wp-json\/wp\/v2\/types\/page"}],"author":[{"embeddable":true,"href":"https:\/\/europeanmoving.co.uk\/es\/wp-json\/wp\/v2\/users\/13"}],"replies":[{"embeddable":true,"href":"https:\/\/europeanmoving.co.uk\/es\/wp-json\/wp\/v2\/comments?post=22327"}],"version-history":[{"count":2,"href":"https:\/\/europeanmoving.co.uk\/es\/wp-json\/wp\/v2\/pages\/22327\/revisions"}],"predecessor-version":[{"id":22336,"href":"https:\/\/europeanmoving.co.uk\/es\/wp-json\/wp\/v2\/pages\/22327\/revisions\/22336"}],"wp:attachment":[{"href":"https:\/\/europeanmoving.co.uk\/es\/wp-json\/wp\/v2\/media?parent=22327"}],"wp:term":[{"taxonomy":"yst_prominent_words","embeddable":true,"href":"https:\/\/europeanmoving.co.uk\/es\/wp-json\/wp\/v2\/yst_prominent_words?post=22327"}],"curies":[{"name":"wp","href":"https:\/\/api.w.org\/{rel}","templated":true}]}}