{"id":22299,"date":"2020-09-18T08:43:12","date_gmt":"2020-09-18T08:43:12","guid":{"rendered":"http:\/\/europeanmoving.im\/?page_id=22299"},"modified":"2020-09-18T08:45:31","modified_gmt":"2020-09-18T08:45:31","slug":"transporte-europeo-de-piezas-de-aviacion","status":"publish","type":"page","link":"https:\/\/europeanmoving.co.uk\/es\/transporte-europeo-de-piezas-de-aviacion\/","title":{"rendered":"Transporte europeo de piezas de aviaci\u00f3n"},"content":{"rendered":"<p>Durante las \u00faltimas d\u00e9cadas, la aviaci\u00f3n se ha convertido en uno de los elementos esenciales del progreso moderno.\u00a0Con eso, surge tambi\u00e9n la necesidad de un transporte eficiente.<\/p>\n<p><strong>Transporte europeo de piezas de aviaci\u00f3n: \u00bfpara qu\u00e9?<\/strong><br \/>\nLos aviones tienen una amplia gama de usos: transporte de personas y mercanc\u00edas, agricultura, seguridad nacional, etc., lo que significa que la gama de piezas es igualmente amplia.\u00a0Y cuanto m\u00e1s ligero, mejor.<\/p>\n<p>Afortunadamente, el mercado puede facilitar bien los requisitos de los clientes en el aspecto de piezas de aviaci\u00f3n ultraligeras.<\/p>\n<p>Pero aunque los servicios de mensajer\u00eda forman parte de muchas grandes empresas manufactureras, este no siempre es el caso de las m\u00e1s peque\u00f1as o de los particulares.\u00a0Un servicio de transporte confiable, preferiblemente con experiencia en el campo, resultar\u00e1 favorable en esos momentos.<\/p>\n<p>Aqu\u00ed es donde entra en juego nuestro servicio europeo de transporte de piezas de aviaci\u00f3n. Transportaremos las piezas de aviaci\u00f3n ultraligeras que necesita, de forma segura y a un precio que se ajuste a sus expectativas.\u00a0\u00a1Y eso no es todo!<br \/>\nSi est\u00e1 distribuyendo repuestos de aviaci\u00f3n para aviones privados y est\u00e1 buscando expandir su negocio m\u00e1s all\u00e1 del mercado local, podemos ayudarlo ocup\u00e1ndonos del transporte internacional.<\/p>\n<p><strong>Transporte europeo de piezas de aviaci\u00f3n: \u00bfc\u00f3mo funciona?<\/strong><br \/>\nR\u00e1pido y ligero como un p\u00e1jaro.<br \/>\nSimplemente complete el formulario en l\u00ednea o ll\u00e1menos.\u00a0Nuestro dedicado equipo de coordinadores de transporte tomar\u00e1 sus datos y le dar\u00e1 un presupuesto gratuito para sus necesidades.\u00a0Nuestros conductores recorren Europa todos los d\u00edas.\u00a0Eso significa que estamos en un lugar para recoger sus piezas de aviaci\u00f3n del Reino Unido y traerlas a Espa\u00f1a, o de Alemania a Grecia.<\/p>\n<p>Volar fue uno de los sue\u00f1os m\u00e1s grandes de la humanidad, logrado por la maravillosa invenci\u00f3n de la aviaci\u00f3n.\u00a0Ahora, como parte de la vida cotidiana, es de suma importancia continuar el desarrollo y la mejora de este sue\u00f1o.<\/p>\n","protected":false},"excerpt":{"rendered":"<p>Durante las \u00faltimas d\u00e9cadas, la aviaci\u00f3n se ha convertido en uno de los elementos esenciales del progreso moderno.\u00a0Con eso, surge tambi\u00e9n la necesidad de un transporte eficiente. Transporte europeo de piezas de aviaci\u00f3n: \u00bfpara qu\u00e9? Los aviones tienen una amplia gama de usos: transporte de personas y mercanc\u00edas, agricultura, seguridad nacional, etc., lo que significa [&hellip;]<\/p>\n","protected":false},"author":13,"featured_media":0,"parent":0,"menu_order":0,"comment_status":"closed","ping_status":"closed","template":"","meta":[],"yst_prominent_words":[3948,7702,5877,6257,6256,11135],"_links":{"self":[{"href":"https:\/\/europeanmoving.co.uk\/es\/wp-json\/wp\/v2\/pages\/22299"}],"collection":[{"href":"https:\/\/europeanmoving.co.uk\/es\/wp-json\/wp\/v2\/pages"}],"about":[{"href":"https:\/\/europeanmoving.co.uk\/es\/wp-json\/wp\/v2\/types\/page"}],"author":[{"embeddable":true,"href":"https:\/\/europeanmoving.co.uk\/es\/wp-json\/wp\/v2\/users\/13"}],"replies":[{"embeddable":true,"href":"https:\/\/europeanmoving.co.uk\/es\/wp-json\/wp\/v2\/comments?post=22299"}],"version-history":[{"count":2,"href":"https:\/\/europeanmoving.co.uk\/es\/wp-json\/wp\/v2\/pages\/22299\/revisions"}],"predecessor-version":[{"id":22310,"href":"https:\/\/europeanmoving.co.uk\/es\/wp-json\/wp\/v2\/pages\/22299\/revisions\/22310"}],"wp:attachment":[{"href":"https:\/\/europeanmoving.co.uk\/es\/wp-json\/wp\/v2\/media?parent=22299"}],"wp:term":[{"taxonomy":"yst_prominent_words","embeddable":true,"href":"https:\/\/europeanmoving.co.uk\/es\/wp-json\/wp\/v2\/yst_prominent_words?post=22299"}],"curies":[{"name":"wp","href":"https:\/\/api.w.org\/{rel}","templated":true}]}}