{"id":22130,"date":"2020-09-17T11:01:30","date_gmt":"2020-09-17T11:01:30","guid":{"rendered":"http:\/\/europeanmoving.im\/?page_id=22130"},"modified":"2020-09-17T11:01:30","modified_gmt":"2020-09-17T11:01:30","slug":"consejos-relacionados-con-el-vehiculo","status":"publish","type":"page","link":"https:\/\/europeanmoving.co.uk\/es\/consejos-relacionados-con-el-vehiculo\/","title":{"rendered":"Consejos relacionados con el veh\u00edculo"},"content":{"rendered":"<h1 class=\"title-heading-left\"><strong><span>Consejos relacionados con el veh\u00edculo<\/span><\/strong><\/h1>\n<p><span>Hemos reunido algunos elementos relacionados con las furgonetas.\u00a0Estos consejos relacionados con el veh\u00edculo lo ayudar\u00e1n a estimar el volumen de su mudanza y garantizar\u00e1n que la camioneta pueda acceder a su propiedad en ambos extremos del viaje.<\/span><\/p>\n<p><img src=\"https:\/\/europeanmoving.im\/wp-content\/uploads\/2018\/07\/vehicle-tips.jpg\" \/><\/p>\n<h2><strong><span>Consejos relacionados con el veh\u00edculo: nuestras furgonetas<\/span><\/strong><\/h2>\n<p><span>Tenemos furgonetas que viajan todos los d\u00edas en todos los pa\u00edses europeos.\u00a0La mayor\u00eda son furgonetas Luton de 3,5 toneladas, con las siguientes dimensiones externas:<\/span><\/p>\n<ul class=\"list-with-tick col4\">\n<li><span>Longitud = 7,5 metros<\/span><\/li>\n<li><span>Ancho = 2,2 metros<\/span><\/li>\n<li><span>Altura = 3,3 metros<\/span><\/li>\n<\/ul>\n<p><strong><span>Siempre consulte con su Coordinador de mudanzas antes de la recolecci\u00f3n y entrega para obtener aclaraciones.<\/span><\/strong><br \/>\n<span>Un transporte p\u00fablico de Luton es uno de los caballos de batalla de la industria de las mudanzas.\u00a0Es una furgoneta de mudanzas muy popular por muchas razones.\u00a0Este tipo de veh\u00edculo es maniobrable y no demasiado grande.\u00a0Se estacionar\u00e1 en su camino si tiene uno.\u00a0Adem\u00e1s, para vol\u00famenes m\u00e1s grandes, dos camionetas juntas son generalmente m\u00e1s r\u00e1pidas y econ\u00f3micas que una sola, m\u00e1s grande, como una de 7.5 toneladas.<\/span><br \/>\n<span>Una furgoneta Luton tiene capacidad para 20 metros c\u00fabicos y puede transportar hasta 1.000 kg.\u00a0En algunos pa\u00edses, las mismas furgonetas no pueden transportar legalmente m\u00e1s de 800 kg.\u00a0Sin embargo, el volumen m\u00e1ximo permanece sin cambios.\u00a0Una camioneta de este tama\u00f1o generalmente puede hacer frente a una mudanza de tama\u00f1o peque\u00f1o a promedio.\u00a0A menos que sea un acaparador severo, probablemente podr\u00e1 colocar sus pertenencias desde cualquier cosa hasta una casa de dos dormitorios en una camioneta de mudanzas dom\u00e9sticas como esta.<\/span><\/p>\n<h2><strong><span>Consejos relacionados con el veh\u00edculo: la cuesti\u00f3n fundamental del peso<\/span><\/strong><\/h2>\n<p>&nbsp;<\/p>\n<p><strong><span>Calcular el peso es dif\u00edcil.\u00a0Esta restricci\u00f3n de peso es la raz\u00f3n por la que le aconsejamos que pese cada art\u00edculo a medida que empaca en nuestras p\u00e1ginas de habitaci\u00f3n por habitaci\u00f3n.\u00a0<\/span><\/strong><span>El conductor a veces puede avisar cuando la furgoneta est\u00e1 sobrecargada, aunque esto puede ser dif\u00edcil incluso para los conductores m\u00e1s experimentados.\u00a0En algunas circunstancias y solo para cargas completas, podemos hacer los arreglos para enviar la camioneta a una b\u00e1scula puente en su \u00e1rea si hay una disponible.\u00a0Esto puede generar cargos adicionales seg\u00fan el costo y la ubicaci\u00f3n de este servicio.<\/span><br \/>\n<span>Para aclarar, el cliente es responsable de estimar el peso de su remoci\u00f3n.\u00a0Si la polic\u00eda detiene la furgoneta por sobrepeso, el cliente deber\u00e1 pagar la multa.\u00a0Si necesitamos enviar otro veh\u00edculo para quitar el exceso de peso el coste de este tambi\u00e9n ser\u00e1 responsabilidad del cliente.<\/span><br \/>\n<span>Si no podemos comunicarnos con usted en ese momento, European Moving puede cubrir estos costos para mantener las camionetas en movimiento.\u00a0En este caso, el cliente deber\u00e1 reembolsar todos los cargos adicionales antes de comenzar a descargar.<\/span><br \/>\n<span>El cargo por una camioneta adicional depender\u00e1 de la ubicaci\u00f3n del veh\u00edculo detenido y de d\u00f3nde est\u00e9 la camioneta disponible m\u00e1s cercana.\u00a0Recuerde que el costo de esto ser\u00e1 adicional a la multa.<\/span><br \/>\n<strong><span>Tendr\u00eda que pagar el monto total de la multa, m\u00e1s el cargo por llevar una camioneta hasta donde est\u00e1 el primer veh\u00edculo y de all\u00ed a su destino.<\/span><\/strong><\/p>\n<h2><strong><span>Consejos relacionados con el veh\u00edculo: estimar el volumen de su mudanza<\/span><\/strong><\/h2>\n<p><span>La carga \u00fatil debe estimarse adecuadamente.\u00a0Hemos dise\u00f1ado\u00a0<\/span><strong><span>esta calculadora en l\u00ednea<\/span><\/strong><span>\u00a0para su lectura.\u00a0Todo lo que necesita hacer es completar la columna central (cantidad) con la cantidad de cada art\u00edculo, habitaci\u00f3n por habitaci\u00f3n.<\/span><br \/>\n<span>Preferimos trabajar en metros c\u00fabicos en lugar de en pies c\u00fabicos, pero estamos felices de hablar si lo desea.\u00a0Aqu\u00ed hay un convertidor en l\u00ednea para convertir pies c\u00fabicos a metros c\u00fabicos.<\/span><br \/>\n<span>Si necesita ayuda para estimar el tama\u00f1o de su carga, comun\u00edquese con su representante de ventas.\u00a0Siempre puede enviar una copia de su inventario a uno de nuestros planificadores de carga.\u00a0Lo resolveremos bas\u00e1ndonos en los promedios de la industria.\u00a0Estamos aqu\u00ed para ayudarlo y hacer que su mudanza sea lo m\u00e1s sencilla posible.<\/span><\/p>\n<h2><strong><span>Consejos relacionados con el veh\u00edculo: acceso a su propiedad<\/span><\/strong><\/h2>\n<p><span>Es fundamental que sepamos todo lo posible sobre los detalles de acceso de los sitios de recogida y entrega para poder ofrecerle una cotizaci\u00f3n precisa.\u00a0Si descubrimos un problema de acceso inadecuado o no declarado, por ejemplo, si se encuentra en el tercer piso de un edificio y no tiene ascensor y no nos lo ha informado, tendremos que cobrarle por el trabajo adicional.<\/span><br \/>\n<span>Adem\u00e1s, aseg\u00farese de haber verificado los requisitos y restricciones de acceso en los extremos de carga y descarga.\u00a0Por ejemplo, si es necesario retirar alguna puerta o ventana, deber\u00e1 hacerlo antes de que lleguemos a su destino.<\/span><br \/>\n<span>Debe asegurarse de que haya un buen acceso a su veh\u00edculo reservado tanto en la direcci\u00f3n de recogida como en la de entrega.\u00a0Tambi\u00e9n debe hacer arreglos para cualquier permiso de estacionamiento si es necesario antes del d\u00eda de recolecci\u00f3n o entrega.<\/span><br \/>\n<span>Aseg\u00farese de que la distancia entre el estacionamiento y la propiedad (en ambos extremos) se mantenga al m\u00ednimo.\u00a0Si supera los 30 metros o menos, avise a su coordinador de mudanza lo antes posible.\u00a0Podemos cobrarle m\u00e1s si la distancia es demasiado grande o si no nos notific\u00f3.<\/span><br \/>\n<span>Si no hay estacionamiento adecuado para que el veh\u00edculo se detenga, y eso resulta en una multa de estacionamiento, el cliente es responsable del pago total antes de que el conductor abandone la propiedad.<\/span><br \/>\n<span>H\u00e1gale saber a sus vecinos con anticipaci\u00f3n para que est\u00e9n preparados para cualquier disturbio el d\u00eda de su recolecci\u00f3n o entrega.\u00a0\u00a1No solo es cort\u00e9s, sino que incluso pueden ofrecer una mano amiga o una taza de t\u00e9!<\/span><br \/>\n<span>Aseg\u00farese de tener la mano de obra adecuada para cargar todos sus art\u00edculos en nuestro veh\u00edculo y descargarlos en su destino.\u00a0Si ha reservado nuestro nivel de servicio S\u00d3LO TRANSPORTE, este elemento se vuelve crucial ya que el conductor solo ayudar\u00e1 desde la camioneta.<\/span><\/p>\n<h2><strong><span>Consejos relacionados con el veh\u00edculo: cargar la camioneta<\/span><\/strong><\/h2>\n<p><strong><span>Piense en la carga como un rompecabezas y utilice cualquier espacio lo mejor que pueda.<\/span><\/strong><br \/>\n<span>Coloque piezas m\u00e1s importantes, como armarios y sof\u00e1s, contra la pared interna delantera de la camioneta detr\u00e1s de la cabina.\u00a0Aseg\u00farelos correctamente con cuerdas o correas.\u00a0Nuestros veh\u00edculos vienen con correas de serie, pero siempre es bueno tener algo de cuerda a mano como soporte adicional para art\u00edculos inusualmente pesados.\u00a0Recuerde que nuestras camionetas no vienen con mantas.<\/span><br \/>\n<span>Coloque los art\u00edculos grandes y resistentes en la capa inferior y los m\u00e1s fr\u00e1giles en la parte superior.\u00a0Use elementos m\u00e1s peque\u00f1os como alfombras y cojines para tapar los agujeros y llenar los huecos.\u00a0Las mantas y s\u00e1banas son \u00fatiles ya que brindan protecci\u00f3n adicional.\u00a0Los objetos largos y fr\u00e1giles, como espejos o cuadros, encajar\u00e1n bien entre los colchones.\u00a0Finalmente, aseg\u00farese de que todo est\u00e9 bien asegurado.<\/span><\/p>\n","protected":false},"excerpt":{"rendered":"<p>Consejos relacionados con el veh\u00edculo Hemos reunido algunos elementos relacionados con las furgonetas.\u00a0Estos consejos relacionados con el veh\u00edculo lo ayudar\u00e1n a estimar el volumen de su mudanza y garantizar\u00e1n que la camioneta pueda acceder a su propiedad en ambos extremos del viaje. Consejos relacionados con el veh\u00edculo: nuestras furgonetas Tenemos furgonetas que viajan todos los [&hellip;]<\/p>\n","protected":false},"author":13,"featured_media":0,"parent":0,"menu_order":0,"comment_status":"closed","ping_status":"closed","template":"","meta":[],"yst_prominent_words":[6727,6722,6725,6721,6720,6718,3948,5995,6726,6747,6741,3484,6745,6742,3950,6724,6723,6719,6746],"_links":{"self":[{"href":"https:\/\/europeanmoving.co.uk\/es\/wp-json\/wp\/v2\/pages\/22130"}],"collection":[{"href":"https:\/\/europeanmoving.co.uk\/es\/wp-json\/wp\/v2\/pages"}],"about":[{"href":"https:\/\/europeanmoving.co.uk\/es\/wp-json\/wp\/v2\/types\/page"}],"author":[{"embeddable":true,"href":"https:\/\/europeanmoving.co.uk\/es\/wp-json\/wp\/v2\/users\/13"}],"replies":[{"embeddable":true,"href":"https:\/\/europeanmoving.co.uk\/es\/wp-json\/wp\/v2\/comments?post=22130"}],"version-history":[{"count":1,"href":"https:\/\/europeanmoving.co.uk\/es\/wp-json\/wp\/v2\/pages\/22130\/revisions"}],"predecessor-version":[{"id":22137,"href":"https:\/\/europeanmoving.co.uk\/es\/wp-json\/wp\/v2\/pages\/22130\/revisions\/22137"}],"wp:attachment":[{"href":"https:\/\/europeanmoving.co.uk\/es\/wp-json\/wp\/v2\/media?parent=22130"}],"wp:term":[{"taxonomy":"yst_prominent_words","embeddable":true,"href":"https:\/\/europeanmoving.co.uk\/es\/wp-json\/wp\/v2\/yst_prominent_words?post=22130"}],"curies":[{"name":"wp","href":"https:\/\/api.w.org\/{rel}","templated":true}]}}