{"id":22009,"date":"2020-09-16T12:46:36","date_gmt":"2020-09-16T12:46:36","guid":{"rendered":"http:\/\/europeanmoving.im\/?page_id=22009"},"modified":"2020-09-16T12:46:36","modified_gmt":"2020-09-16T12:46:36","slug":"transporte-de-exposiciones-europeas-e-internacionales","status":"publish","type":"page","link":"https:\/\/europeanmoving.co.uk\/es\/transporte-de-exposiciones-europeas-e-internacionales\/","title":{"rendered":"Transporte de exposiciones europeas e internacionales"},"content":{"rendered":"<p><span>\u00bfLlevar un puesto a una exposici\u00f3n en Europa?\u00a0\u00bfO quiz\u00e1s est\u00e1s a cargo de organizar todo?\u00a0Te tenemos cubierto.\u00a0Con nuestra vasta experiencia en las redes de transporte europeas, podremos enviar su carga directamente al centro de convenciones.\u00a0Organizaremos cada env\u00edo, ya sea por tierra, mar o aire.\u00a0Con dep\u00f3sitos en todo el continente, podemos eliminar el estr\u00e9s incluso de las exposiciones m\u00e1s complejas.\u00a0Adem\u00e1s, tambi\u00e9n tenemos instalaciones de almacenamiento seguras a nuestra disposici\u00f3n.\u00a0Entendemos que organizar el transporte de exposiciones europeas, o cualquier otro para el caso, no es una tarea sencilla.\u00a0\u00a1Deje que nuestro equipo de expertos alivie la carga de un transporte a veces desafiante!<\/span><br \/>\n<span>Nuestro servicio est\u00e1 dise\u00f1ado para cumplir con los requisitos de nuestros clientes.\u00a0Le asignaremos un especialista en env\u00edos dedicado, que se encargar\u00e1 de administrar su flete.\u00a0Cuando trabaje con nosotros, tendr\u00e1 acceso a algunos de los mejores transportistas de carga del sector.<\/span><br \/>\n<span>Durante nuestros ocho a\u00f1os en el juego del env\u00edo, hemos acumulado un amplio conocimiento de la log\u00edstica de exposiciones.\u00a0En consecuencia, podremos anticiparnos y evitar posibles problemas para colocar su puesto en su lugar.\u00a0Adem\u00e1s, nuestra red de contactos experimentados nos permite llegar hasta las zonas m\u00e1s alejadas del continente.\u00a0En otras palabras, en cualquier lugar de Europa que se instale, podemos ayudarlo a llevar todo a donde debe estar.<\/span><br \/>\n<span>Una feria comercial europea puede hacer o deshacer su negocio.\u00a0Si todo va bien, puede generar entusiasmo y exponerse a una gran audiencia.\u00a0\u00a1No permita que una mala gesti\u00f3n log\u00edstica le robe esa oportunidad!\u00a0P\u00f3ngase en contacto con nuestro amable y experto personal de oficina hoy mismo.\u00a0Ellos armar\u00e1n una soluci\u00f3n de transporte que cumplir\u00e1 con los requisitos de transporte de su exposici\u00f3n europea e internacional.\u00a0Por lo tanto, lo deja libre para concentrarse en ejecutar su puesto.<\/span><\/p>\n<h2><strong><span>Ubicaciones que transportamos desde y hacia<\/span><\/strong><\/h2>\n<p><strong><span>Ofrecemos env\u00edos a pr\u00e1cticamente todos los pa\u00edses de Europa, incluidos los estados que no pertenecen a la UE y las islas remotas.\u00a0En concreto, cubrimos:<\/span><\/strong><\/p>\n<ul class=\"list-with-tick\">\n<li><span>Austria y B\u00e9lgica<\/span><\/li>\n<li><span>Lituania y Luxemburgo<\/span><\/li>\n<li><span>Bulgaria y Croacia<\/span><\/li>\n<li><span>Malta y Holanda<\/span><\/li>\n<li><span>Chipre y Chequia<\/span><\/li>\n<li><span>Irlanda del Norte y Noruega<\/span><\/li>\n<li><span>Dinamarca y Estonia<\/span><\/li>\n<li><span>Polonia y Portugal<\/span><\/li>\n<li><span>Finlandia y Francia<\/span><\/li>\n<li><span>Ruman\u00eda y Espa\u00f1a<\/span><\/li>\n<li><span>Alemania y Grecia<\/span><\/li>\n<li><span>Eslovaquia y Eslovenia<\/span><\/li>\n<li><span>Hungr\u00eda e Irlanda<\/span><\/li>\n<li><span>Suecia, Suiza y Reino Unido<\/span><\/li>\n<li><span>Italia y Letonia<\/span><\/li>\n<li><span>Canarias y Baleares<\/span><\/li>\n<\/ul>\n","protected":false},"excerpt":{"rendered":"<p>\u00bfLlevar un puesto a una exposici\u00f3n en Europa?\u00a0\u00bfO quiz\u00e1s est\u00e1s a cargo de organizar todo?\u00a0Te tenemos cubierto.\u00a0Con nuestra vasta experiencia en las redes de transporte europeas, podremos enviar su carga directamente al centro de convenciones.\u00a0Organizaremos cada env\u00edo, ya sea por tierra, mar o aire.\u00a0Con dep\u00f3sitos en todo el continente, podemos eliminar el estr\u00e9s incluso de [&hellip;]<\/p>\n","protected":false},"author":13,"featured_media":0,"parent":0,"menu_order":0,"comment_status":"closed","ping_status":"closed","template":"","meta":[],"yst_prominent_words":[6309,6115,5877,5995,6259,6307,3950,6042,6056,6206,6253,3863,6055],"_links":{"self":[{"href":"https:\/\/europeanmoving.co.uk\/es\/wp-json\/wp\/v2\/pages\/22009"}],"collection":[{"href":"https:\/\/europeanmoving.co.uk\/es\/wp-json\/wp\/v2\/pages"}],"about":[{"href":"https:\/\/europeanmoving.co.uk\/es\/wp-json\/wp\/v2\/types\/page"}],"author":[{"embeddable":true,"href":"https:\/\/europeanmoving.co.uk\/es\/wp-json\/wp\/v2\/users\/13"}],"replies":[{"embeddable":true,"href":"https:\/\/europeanmoving.co.uk\/es\/wp-json\/wp\/v2\/comments?post=22009"}],"version-history":[{"count":1,"href":"https:\/\/europeanmoving.co.uk\/es\/wp-json\/wp\/v2\/pages\/22009\/revisions"}],"predecessor-version":[{"id":22010,"href":"https:\/\/europeanmoving.co.uk\/es\/wp-json\/wp\/v2\/pages\/22009\/revisions\/22010"}],"wp:attachment":[{"href":"https:\/\/europeanmoving.co.uk\/es\/wp-json\/wp\/v2\/media?parent=22009"}],"wp:term":[{"taxonomy":"yst_prominent_words","embeddable":true,"href":"https:\/\/europeanmoving.co.uk\/es\/wp-json\/wp\/v2\/yst_prominent_words?post=22009"}],"curies":[{"name":"wp","href":"https:\/\/api.w.org\/{rel}","templated":true}]}}