{"id":19712,"date":"2018-08-24T08:06:39","date_gmt":"2018-08-24T08:06:39","guid":{"rendered":"https:\/\/europeanmoving.info\/guia-de-mudanza\/"},"modified":"2020-03-13T13:52:00","modified_gmt":"2020-03-13T13:52:00","slug":"guia-de-mudanza","status":"publish","type":"page","link":"https:\/\/europeanmoving.co.uk\/es\/guia-de-mudanza\/","title":{"rendered":"Gu\u00eda de mudanza"},"content":{"rendered":"<p>[fusion_builder_container hundred_percent=\u00bbno\u00bb hundred_percent_height=\u00bbno\u00bb hundred_percent_height_scroll=\u00bbno\u00bb hundred_percent_height_center_content=\u00bbyes\u00bb equal_height_columns=\u00bbno\u00bb menu_anchor=\u00bb\u00bb hide_on_mobile=\u00bbsmall-visibility,medium-visibility,large-visibility\u00bb class=\u00bb\u00bb id=\u00bb\u00bb background_color=\u00bb\u00bb background_image=\u00bb\u00bb background_position=\u00bbcenter center\u00bb background_repeat=\u00bbno-repeat\u00bb fade=\u00bbno\u00bb background_parallax=\u00bbnone\u00bb enable_mobile=\u00bbno\u00bb parallax_speed=\u00bb0.3&#8243; video_mp4=\u00bb\u00bb video_webm=\u00bb\u00bb video_ogv=\u00bb\u00bb video_url=\u00bb\u00bb video_aspect_ratio=\u00bb16:9&#8243; video_loop=\u00bbyes\u00bb video_mute=\u00bbyes\u00bb video_preview_image=\u00bb\u00bb border_size=\u00bb\u00bb border_color=\u00bb\u00bb border_style=\u00bbsolid\u00bb margin_top=\u00bb\u00bb margin_bottom=\u00bb\u00bb padding_top=\u00bb\u00bb padding_right=\u00bb\u00bb padding_bottom=\u00bb\u00bb padding_left=\u00bb\u00bb][fusion_builder_row][fusion_builder_column type=\u00bb1_1&#8243; layout=\u00bb1_1&#8243; spacing=\u00bb\u00bb center_content=\u00bbno\u00bb link=\u00bb\u00bb target=\u00bb_self\u00bb min_height=\u00bb\u00bb hide_on_mobile=\u00bbsmall-visibility,medium-visibility,large-visibility\u00bb class=\u00bb\u00bb id=\u00bb\u00bb background_color=\u00bb\u00bb background_image=\u00bb\u00bb background_position=\u00bbleft top\u00bb background_repeat=\u00bbno-repeat\u00bb hover_type=\u00bbnone\u00bb border_size=\u00bb0&#8243; border_color=\u00bb\u00bb border_style=\u00bbsolid\u00bb border_position=\u00bball\u00bb padding_top=\u00bb\u00bb padding_right=\u00bb\u00bb padding_bottom=\u00bb\u00bb padding_left=\u00bb\u00bb dimension_margin=\u00bb\u00bb animation_type=\u00bb\u00bb animation_direction=\u00bbleft\u00bb animation_speed=\u00bb0.3&#8243; animation_offset=\u00bb\u00bb last=\u00bbno\u00bb][fusion_text columns=\u00bb\u00bb column_min_width=\u00bb\u00bb column_spacing=\u00bb\u00bb rule_style=\u00bbdefault\u00bb rule_size=\u00bb\u00bb rule_color=\u00bb\u00bb class=\u00bb\u00bb id=\u00bb\u00bb]<\/p>\n<h1>Gu\u00eda de mudanza<\/h1>\n<p>Entonces, \u00bfest\u00e1 a punto de mudarse, la furgoneta estar\u00e1 aqu\u00ed dentro de unos d\u00edas y a\u00fan no ha empezado a prepararse para el traslado? No se preocupe, \u00a1todos hemos estado all\u00ed! Mudarse es aterrador, y siempre se siente como que, incluso cuando nosotros nos ocupamos del transporte, todav\u00eda queda pensar en mil millones de cosas a la vez, sin un comienzo, un medio y un final claros. Nosotros, de European Moving no podemos ayudarle f\u00edsicamente con su embalaje y otras preparaciones, pero podemos apoyarle y animarle en esp\u00edritu, mientras le ofrecemos un par de consejos y trucos a lo largo del camino.<\/p>\n<p>Para utilizar nuestra Gu\u00eda de mudanzas de la manera m\u00e1s efectiva, revise cuidadosamente los art\u00edculos a continuaci\u00f3n en orden, mientras mantiene la lista de inventario a mano y use la calculadora c\u00fabica cuando sea necesario.[\/fusion_text][\/fusion_builder_column][\/fusion_builder_row][\/fusion_builder_container][fusion_builder_container hundred_percent=\u00bbno\u00bb hundred_percent_height=\u00bbno\u00bb hundred_percent_height_scroll=\u00bbno\u00bb hundred_percent_height_center_content=\u00bbyes\u00bb equal_height_columns=\u00bbno\u00bb menu_anchor=\u00bb\u00bb hide_on_mobile=\u00bbsmall-visibility,medium-visibility,large-visibility\u00bb class=\u00bb\u00bb id=\u00bb\u00bb background_color=\u00bb\u00bb background_image=\u00bb\u00bb background_position=\u00bbcenter center\u00bb background_repeat=\u00bbno-repeat\u00bb fade=\u00bbno\u00bb background_parallax=\u00bbnone\u00bb enable_mobile=\u00bbno\u00bb parallax_speed=\u00bb0.3&#8243; video_mp4=\u00bb\u00bb video_webm=\u00bb\u00bb video_ogv=\u00bb\u00bb video_url=\u00bb\u00bb video_aspect_ratio=\u00bb16:9&#8243; video_loop=\u00bbyes\u00bb video_mute=\u00bbyes\u00bb video_preview_image=\u00bb\u00bb border_size=\u00bb\u00bb border_color=\u00bb\u00bb border_style=\u00bbsolid\u00bb margin_top=\u00bb\u00bb margin_bottom=\u00bb\u00bb padding_top=\u00bb\u00bb padding_right=\u00bb\u00bb padding_bottom=\u00bb\u00bb padding_left=\u00bb\u00bb][fusion_builder_row][fusion_builder_column type=\u00bb1_3&#8243; layout=\u00bb1_3&#8243; spacing=\u00bb\u00bb center_content=\u00bbno\u00bb link=\u00bb\u00bb target=\u00bb_self\u00bb min_height=\u00bb\u00bb hide_on_mobile=\u00bbsmall-visibility,medium-visibility,large-visibility\u00bb class=\u00bb\u00bb id=\u00bb\u00bb background_color=\u00bb\u00bb background_image=\u00bb\u00bb background_position=\u00bbleft top\u00bb background_repeat=\u00bbno-repeat\u00bb hover_type=\u00bbnone\u00bb border_size=\u00bb0&#8243; border_color=\u00bb\u00bb border_style=\u00bbsolid\u00bb border_position=\u00bball\u00bb padding_top=\u00bb\u00bb padding_right=\u00bb\u00bb padding_bottom=\u00bb\u00bb padding_left=\u00bb\u00bb dimension_margin=\u00bb\u00bb animation_type=\u00bb\u00bb animation_direction=\u00bbleft\u00bb animation_speed=\u00bb0.3&#8243; animation_offset=\u00bb\u00bb last=\u00bbno\u00bb][fusion_fontawesome icon=\u00bbfa-check-circle fas\u00bb size=\u00bb\u00bb flip=\u00bb\u00bb rotate=\u00bb\u00bb spin=\u00bbno\u00bb alignment=\u00bb\u00bb hide_on_mobile=\u00bbsmall-visibility,medium-visibility,large-visibility\u00bb class=\u00bb\u00bb id=\u00bb\u00bb margin_top=\u00bb\u00bb margin_right=\u00bb\u00bb margin_bottom=\u00bb\u00bb margin_left=\u00bb\u00bb circle=\u00bbno\u00bb iconcolor=\u00bb#1774b5&#8243; circlecolor=\u00bb\u00bb circlebordercolor=\u00bb\u00bb animation_type=\u00bb\u00bb animation_direction=\u00bbdown\u00bb animation_speed=\u00bb0.1&#8243; animation_offset=\u00bb\u00bb \/][fusion_text columns=\u00bb\u00bb column_min_width=\u00bb\u00bb column_spacing=\u00bb\u00bb rule_style=\u00bbdefault\u00bb rule_size=\u00bb\u00bb rule_color=\u00bb\u00bb class=\u00bb\u00bb id=\u00bb\u00bb]<a href=\"https:\/\/europeanmoving.co.uk\/en\/movers-guide-table\/general-info-for-moving-to-a-new-country\/\"><strong>Consejos generales sobre el embalaje<\/strong><\/a><\/p>\n<p>El primero y, algunos podr\u00edan decir, el art\u00edculo m\u00e1s importante para leer. Aprender\u00e1 cosas esenciales sobre el embalaje, como el etiquetado adecuado, el seguimiento de sus art\u00edculos, el embalaje de art\u00edculos fr\u00e1giles o alfombras, etc.[\/fusion_text][fusion_fontawesome icon=\u00bbfa-check-circle fas\u00bb size=\u00bb\u00bb flip=\u00bb\u00bb rotate=\u00bb\u00bb spin=\u00bbno\u00bb alignment=\u00bb\u00bb hide_on_mobile=\u00bbsmall-visibility,medium-visibility,large-visibility\u00bb class=\u00bb\u00bb id=\u00bb\u00bb margin_top=\u00bb\u00bb margin_right=\u00bb\u00bb margin_bottom=\u00bb\u00bb margin_left=\u00bb\u00bb circle=\u00bbno\u00bb iconcolor=\u00bb#1774b5&#8243; circlecolor=\u00bb\u00bb circlebordercolor=\u00bb\u00bb animation_type=\u00bb\u00bb animation_direction=\u00bbdown\u00bb animation_speed=\u00bb0.1&#8243; animation_offset=\u00bb\u00bb \/][fusion_text columns=\u00bb\u00bb column_min_width=\u00bb\u00bb column_spacing=\u00bb\u00bb rule_style=\u00bbdefault\u00bb rule_size=\u00bb\u00bb rule_color=\u00bb\u00bb class=\u00bb\u00bb id=\u00bb\u00bb]<a href=\"https:\/\/europeanmoving.co.uk\/es\/embalar-cuarto-por-cuarto\/\"><strong>El embalaje habitaci\u00f3n por habitaci\u00f3n<\/strong><\/a><\/p>\n<p>No empacar\u00eda su dormitorio como lo har\u00eda con su garaje o ba\u00f1o, \u00bfverdad? Como no existe una gu\u00eda de embalaje universal, \u00a1hemos creado una para cada habitaci\u00f3n de su hogar![\/fusion_text][\/fusion_builder_column][fusion_builder_column type=\u00bb1_3&#8243; layout=\u00bb1_3&#8243; spacing=\u00bb\u00bb center_content=\u00bbno\u00bb link=\u00bb\u00bb target=\u00bb_self\u00bb min_height=\u00bb\u00bb hide_on_mobile=\u00bbsmall-visibility,medium-visibility,large-visibility\u00bb class=\u00bb\u00bb id=\u00bb\u00bb background_color=\u00bb\u00bb background_image=\u00bb\u00bb background_position=\u00bbleft top\u00bb background_repeat=\u00bbno-repeat\u00bb hover_type=\u00bbnone\u00bb border_size=\u00bb0&#8243; border_color=\u00bb\u00bb border_style=\u00bbsolid\u00bb border_position=\u00bball\u00bb padding_top=\u00bb\u00bb padding_right=\u00bb\u00bb padding_bottom=\u00bb\u00bb padding_left=\u00bb\u00bb dimension_margin=\u00bb\u00bb animation_type=\u00bb\u00bb animation_direction=\u00bbleft\u00bb animation_speed=\u00bb0.3&#8243; animation_offset=\u00bb\u00bb last=\u00bbno\u00bb][fusion_fontawesome icon=\u00bbfa-check-circle fas\u00bb size=\u00bb\u00bb flip=\u00bb\u00bb rotate=\u00bb\u00bb spin=\u00bbno\u00bb alignment=\u00bb\u00bb hide_on_mobile=\u00bbsmall-visibility,medium-visibility,large-visibility\u00bb class=\u00bb\u00bb id=\u00bb\u00bb margin_top=\u00bb\u00bb margin_right=\u00bb\u00bb margin_bottom=\u00bb\u00bb margin_left=\u00bb\u00bb circle=\u00bbno\u00bb iconcolor=\u00bb#1774b5&#8243; circlecolor=\u00bb\u00bb circlebordercolor=\u00bb\u00bb animation_type=\u00bb\u00bb animation_direction=\u00bbdown\u00bb animation_speed=\u00bb0.1&#8243; animation_offset=\u00bb\u00bb \/][fusion_text columns=\u00bb\u00bb column_min_width=\u00bb\u00bb column_spacing=\u00bb\u00bb rule_style=\u00bbdefault\u00bb rule_size=\u00bb\u00bb rule_color=\u00bb\u00bb class=\u00bb\u00bb id=\u00bb\u00bb]<a href=\"https:\/\/europeanmoving.co.uk\/en\/movers-guide\/weight-reduction-and-van-info\/\"><strong>Consejos relacionados con veh\u00edculos<\/strong><\/a><\/p>\n<p>Cualquier cosa y todo lo que tenga que ver con nuestras camionetas en movimiento, como el tama\u00f1o, el volumen y el l\u00edmite de peso, as\u00ed como varios consejos de carga para garantizar que no se perder\u00e1 nada durante el largo viaje hasta su destino.[\/fusion_text][fusion_fontawesome icon=\u00bbfa-check-circle fas\u00bb size=\u00bb\u00bb flip=\u00bb\u00bb rotate=\u00bb\u00bb spin=\u00bbno\u00bb alignment=\u00bb\u00bb hide_on_mobile=\u00bbsmall-visibility,medium-visibility,large-visibility\u00bb class=\u00bb\u00bb id=\u00bb\u00bb margin_top=\u00bb\u00bb margin_right=\u00bb\u00bb margin_bottom=\u00bb\u00bb margin_left=\u00bb\u00bb circle=\u00bbno\u00bb iconcolor=\u00bb#1774b5&#8243; circlecolor=\u00bb\u00bb circlebordercolor=\u00bb\u00bb animation_type=\u00bb\u00bb animation_direction=\u00bbdown\u00bb animation_speed=\u00bb0.1&#8243; animation_offset=\u00bb\u00bb \/][fusion_text columns=\u00bb\u00bb column_min_width=\u00bb\u00bb column_spacing=\u00bb\u00bb rule_style=\u00bbdefault\u00bb rule_size=\u00bb\u00bb rule_color=\u00bb\u00bb class=\u00bb\u00bb id=\u00bb\u00bb]<a href=\"https:\/\/europeanmoving.co.uk\/en\/lifting-properly-without-injuries\/\"><strong>Consejos de elevaci\u00f3n manual<\/strong><\/a><\/p>\n<p>Si alguna vez lesion\u00f3 un m\u00fasculo despu\u00e9s de levantar algo pesado, sabe que levantar y llevar objetos no es cuesti\u00f3n de simplemente levantarlos. Es una ciencia exacta, \u00a1y estamos a punto de darle su doctorado![\/fusion_text][\/fusion_builder_column][fusion_builder_column type=\u00bb1_3&#8243; layout=\u00bb1_3&#8243; spacing=\u00bb\u00bb center_content=\u00bbno\u00bb link=\u00bb\u00bb target=\u00bb_self\u00bb min_height=\u00bb\u00bb hide_on_mobile=\u00bbsmall-visibility,medium-visibility,large-visibility\u00bb class=\u00bb\u00bb id=\u00bb\u00bb background_color=\u00bb\u00bb background_image=\u00bb\u00bb background_position=\u00bbleft top\u00bb background_repeat=\u00bbno-repeat\u00bb hover_type=\u00bbnone\u00bb border_size=\u00bb0&#8243; border_color=\u00bb\u00bb border_style=\u00bbsolid\u00bb border_position=\u00bball\u00bb padding_top=\u00bb\u00bb padding_right=\u00bb\u00bb padding_bottom=\u00bb\u00bb padding_left=\u00bb\u00bb dimension_margin=\u00bb\u00bb animation_type=\u00bb\u00bb animation_direction=\u00bbleft\u00bb animation_speed=\u00bb0.3&#8243; animation_offset=\u00bb\u00bb last=\u00bbno\u00bb][fusion_fontawesome icon=\u00bbfa-check-circle fas\u00bb size=\u00bb\u00bb flip=\u00bb\u00bb rotate=\u00bb\u00bb spin=\u00bbno\u00bb alignment=\u00bb\u00bb hide_on_mobile=\u00bbsmall-visibility,medium-visibility,large-visibility\u00bb class=\u00bb\u00bb id=\u00bb\u00bb margin_top=\u00bb\u00bb margin_right=\u00bb\u00bb margin_bottom=\u00bb\u00bb margin_left=\u00bb\u00bb circle=\u00bbno\u00bb iconcolor=\u00bb#1774b5&#8243; circlecolor=\u00bb\u00bb circlebordercolor=\u00bb\u00bb animation_type=\u00bb\u00bb animation_direction=\u00bbdown\u00bb animation_speed=\u00bb0.1&#8243; animation_offset=\u00bb\u00bb \/][fusion_text columns=\u00bb\u00bb column_min_width=\u00bb\u00bb column_spacing=\u00bb\u00bb rule_style=\u00bbdefault\u00bb rule_size=\u00bb\u00bb rule_color=\u00bb\u00bb class=\u00bb\u00bb id=\u00bb\u00bb]<a href=\"https:\/\/europeanmoving.co.uk\/en\/keep-track-of-items-and-inventory\/\"><strong>Formulario de lista de inventario<\/strong><\/a><\/p>\n<p>Una herramienta fundamental para garantizar que haya empaquetado todo lo que necesita y que los art\u00edculos que empac\u00f3 hayan llegado a su destino. Debe tener esto a mano tan pronto como comience a empacar.[\/fusion_text][fusion_fontawesome icon=\u00bbfa-check-circle fas\u00bb size=\u00bb\u00bb flip=\u00bb\u00bb rotate=\u00bb\u00bb spin=\u00bbno\u00bb alignment=\u00bb\u00bb hide_on_mobile=\u00bbsmall-visibility,medium-visibility,large-visibility\u00bb class=\u00bb\u00bb id=\u00bb\u00bb margin_top=\u00bb\u00bb margin_right=\u00bb\u00bb margin_bottom=\u00bb\u00bb margin_left=\u00bb\u00bb circle=\u00bbno\u00bb iconcolor=\u00bb#1774b5&#8243; circlecolor=\u00bb\u00bb circlebordercolor=\u00bb\u00bb animation_type=\u00bb\u00bb animation_direction=\u00bbdown\u00bb animation_speed=\u00bb0.1&#8243; animation_offset=\u00bb\u00bb \/][fusion_text columns=\u00bb\u00bb column_min_width=\u00bb\u00bb column_spacing=\u00bb\u00bb rule_style=\u00bbdefault\u00bb rule_size=\u00bb\u00bb rule_color=\u00bb\u00bb class=\u00bb\u00bb id=\u00bb\u00bb]<a href=\"https:\/\/europeanmoving.co.uk\/en\/calculate-volume-and-weight-cubic-calculator\/\"><strong>Calculadora c\u00fabica<\/strong><\/a><\/p>\n<p>Nuestras camionetas tienen ciertos l\u00edmites de volumen, por lo que siempre debe tener una idea general de si sus enseres pueden encajar. Afortunadamente, \u00a1nuestra completa calculadora puede dar cuenta de la mayor\u00eda de sus art\u00edculos![\/fusion_text][\/fusion_builder_column][\/fusion_builder_row][\/fusion_builder_container]<\/p>\n","protected":false},"excerpt":{"rendered":"<p>[fusion_builder_container hundred_percent=\u00bbno\u00bb hundred_percent_height=\u00bbno\u00bb hundred_percent_height_scroll=\u00bbno\u00bb hundred_percent_height_center_content=\u00bbyes\u00bb equal_height_columns=\u00bbno\u00bb menu_anchor=\u00bb\u00bb hide_on_mobile=\u00bbsmall-visibility,medium-visibility,large-visibility\u00bb class=\u00bb\u00bb id=\u00bb\u00bb background_color=\u00bb\u00bb background_image=\u00bb\u00bb background_position=\u00bbcenter center\u00bb background_repeat=\u00bbno-repeat\u00bb fade=\u00bbno\u00bb background_parallax=\u00bbnone\u00bb enable_mobile=\u00bbno\u00bb parallax_speed=\u00bb0.3&#8243; video_mp4=\u00bb\u00bb video_webm=\u00bb\u00bb video_ogv=\u00bb\u00bb video_url=\u00bb\u00bb video_aspect_ratio=\u00bb16:9&#8243; video_loop=\u00bbyes\u00bb video_mute=\u00bbyes\u00bb video_preview_image=\u00bb\u00bb border_size=\u00bb\u00bb border_color=\u00bb\u00bb border_style=\u00bbsolid\u00bb margin_top=\u00bb\u00bb margin_bottom=\u00bb\u00bb padding_top=\u00bb\u00bb padding_right=\u00bb\u00bb padding_bottom=\u00bb\u00bb padding_left=\u00bb\u00bb][fusion_builder_row][fusion_builder_column type=\u00bb1_1&#8243; layout=\u00bb1_1&#8243; spacing=\u00bb\u00bb center_content=\u00bbno\u00bb link=\u00bb\u00bb target=\u00bb_self\u00bb min_height=\u00bb\u00bb hide_on_mobile=\u00bbsmall-visibility,medium-visibility,large-visibility\u00bb class=\u00bb\u00bb id=\u00bb\u00bb background_color=\u00bb\u00bb background_image=\u00bb\u00bb background_position=\u00bbleft top\u00bb background_repeat=\u00bbno-repeat\u00bb hover_type=\u00bbnone\u00bb border_size=\u00bb0&#8243; border_color=\u00bb\u00bb border_style=\u00bbsolid\u00bb [&hellip;]<\/p>\n","protected":false},"author":13,"featured_media":0,"parent":0,"menu_order":0,"comment_status":"closed","ping_status":"closed","template":"","meta":[],"yst_prominent_words":[14984,9326,11443,7097,3948,9325,9318,6975,6977,14983,9319,8536,9322,6985,14982,3950,6976,6974,9324,6986],"_links":{"self":[{"href":"https:\/\/europeanmoving.co.uk\/es\/wp-json\/wp\/v2\/pages\/19712"}],"collection":[{"href":"https:\/\/europeanmoving.co.uk\/es\/wp-json\/wp\/v2\/pages"}],"about":[{"href":"https:\/\/europeanmoving.co.uk\/es\/wp-json\/wp\/v2\/types\/page"}],"author":[{"embeddable":true,"href":"https:\/\/europeanmoving.co.uk\/es\/wp-json\/wp\/v2\/users\/13"}],"replies":[{"embeddable":true,"href":"https:\/\/europeanmoving.co.uk\/es\/wp-json\/wp\/v2\/comments?post=19712"}],"version-history":[{"count":6,"href":"https:\/\/europeanmoving.co.uk\/es\/wp-json\/wp\/v2\/pages\/19712\/revisions"}],"predecessor-version":[{"id":19774,"href":"https:\/\/europeanmoving.co.uk\/es\/wp-json\/wp\/v2\/pages\/19712\/revisions\/19774"}],"wp:attachment":[{"href":"https:\/\/europeanmoving.co.uk\/es\/wp-json\/wp\/v2\/media?parent=19712"}],"wp:term":[{"taxonomy":"yst_prominent_words","embeddable":true,"href":"https:\/\/europeanmoving.co.uk\/es\/wp-json\/wp\/v2\/yst_prominent_words?post=19712"}],"curies":[{"name":"wp","href":"https:\/\/api.w.org\/{rel}","templated":true}]}}