{"id":19701,"date":"2018-07-27T12:54:20","date_gmt":"2018-07-27T12:54:20","guid":{"rendered":"https:\/\/europeanmoving.info\/movers-guide-table\/"},"modified":"2020-09-17T13:33:47","modified_gmt":"2020-09-17T13:33:47","slug":"movers-guide-table","status":"publish","type":"page","link":"https:\/\/europeanmoving.co.uk\/es\/movers-guide-table\/","title":{"rendered":"Movers Guide"},"content":{"rendered":"<h1><span>Gu\u00eda de mudanzas<\/span><\/h1>\n<p><span>Entonces, \u00bfest\u00e1 a punto de mudarse, el cami\u00f3n estar\u00e1 aqu\u00ed en unos pocos d\u00edas y ni siquiera ha comenzado a prepararse para ello?\u00a0No se preocupe, \u00a1todos hemos estado all\u00ed!\u00a0Mudarse es aterrador, y siempre se siente como si, incluso con nosotros ocup\u00e1ndonos del transporte, todav\u00eda se requiere que piense en mil millones de cosas a la vez sin un comienzo, un medio y un final claros.\u00a0Si bien no podemos ayudarlo f\u00edsicamente con su empaque y otros preparativos, podemos apoyarlo y animarlo en esp\u00edritu, \u00a1al mismo tiempo que le brindamos un par de consejos, trucos y \u201ctrucos de vida\u201d en el camino!<\/span><\/p>\n<p><span>Para utilizar nuestra Gu\u00eda de mudanzas de la manera m\u00e1s eficaz, lea detenidamente los art\u00edculos relevantes a continuaci\u00f3n en orden mientras mantiene la lista de inventario a mano y usa la calculadora c\u00fabica cuando sea necesario.<\/span><\/p>\n<div class=\"guide-table\">\n<div class=\"container\">\n<div class=\"row\">\n<div class=\"col-sm-4\"><a href=\"https:\/\/europeanmoving.co.uk\/en\/movers-guide-table\/general-info-for-moving-to-a-new-country\/\"><strong><i class=\"fa fa-check-circle\" aria-hidden=\"true\"><\/i><span>Consejos generales sobre el embalaje<\/span><\/strong><\/a><br \/>\n<span>El primer y, algunos podr\u00edan decir, el art\u00edculo m\u00e1s importante para leer.\u00a0Aprender\u00e1 cosas esenciales sobre el embalaje, como el etiquetado adecuado, el seguimiento de sus art\u00edculos, el embalaje de art\u00edculos fr\u00e1giles o alfombras, etc.<\/span><\/div>\n<div class=\"col-sm-4\"><a href=\"https:\/\/europeanmoving.co.uk\/en\/prepare-your-items-for-removal\/\"><strong><i class=\"fa fa-check-circle\" aria-hidden=\"true\"><\/i><span>Empacar habitaci\u00f3n por habitaci\u00f3n<\/span><\/strong><\/a><br \/>\n<span>No empacar\u00eda su habitaci\u00f3n como lo har\u00eda en su garaje o ba\u00f1o, \u00bfverdad?\u00a0Dado que no existe una gu\u00eda de embalaje universal, \u00a1hemos creado una para cada habitaci\u00f3n de su hogar!<\/span><\/div>\n<div class=\"col-sm-4\"><a href=\"https:\/\/europeanmoving.co.uk\/en\/movers-guide\/weight-reduction-and-van-info\/\"><strong><i class=\"fa fa-check-circle\" aria-hidden=\"true\"><\/i><span>Consejos relacionados con el veh\u00edculo<\/span><\/strong><\/a><br \/>\n<span>Todo lo que tenga que ver con nuestras furgonetas de mudanza, como el tama\u00f1o, el volumen y el l\u00edmite de peso, as\u00ed como varios consejos de carga para garantizar que no se pierda nada durante el largo viaje hasta su destino.<\/span><\/div>\n<div class=\"col-sm-4\"><a href=\"https:\/\/europeanmoving.co.uk\/en\/lifting-properly-without-injuries\/\"><strong><i class=\"fa fa-check-circle\" aria-hidden=\"true\"><\/i><span>Consejos para<\/span><\/strong><\/a><br \/>\n<span>levantar objetos<a href=\"https:\/\/europeanmoving.co.uk\/en\/lifting-properly-without-injuries\/\"><strong>\u00a0manualmente<\/strong><\/a>\u00a0Si alguna vez se ha desgarrado un m\u00fasculo despu\u00e9s de levantar algo pesado, sabe que levantar y transportar art\u00edculos no es solo cuesti\u00f3n de levantarlos.\u00a0Es una ciencia exacta, \u00a1y estamos a punto de darte tu doctorado!<\/span><\/div>\n<div class=\"col-sm-4\"><a href=\"https:\/\/europeanmoving.co.uk\/en\/keep-track-of-items-and-inventory\/\"><strong><i class=\"fa fa-check-circle\" aria-hidden=\"true\"><\/i><span>Formulario de lista de inventario<\/span><\/strong><\/a><br \/>\n<span>Una herramienta fundamental para asegurarse de que ha empaquetado todo lo que necesita y que todos los art\u00edculos que empac\u00f3 han llegado a su destino.\u00a0Debe tener esto a mano tan pronto como comience a empacar.<\/span><\/div>\n<div class=\"col-sm-4\"><a href=\"https:\/\/europeanmoving.co.uk\/en\/calculate-volume-and-weight-cubic-calculator\/\"><strong><i class=\"fa fa-check-circle\" aria-hidden=\"true\"><\/i><span>Calculadora c\u00fabica<\/span><\/strong><\/a><br \/>\n<span>Nuestras camionetas tienen ciertos l\u00edmites de volumen, por lo que siempre debe tener una idea general de si caben sus pertenencias. Afortunadamente, nuestra calculadora completa puede dar cuenta de la mayor\u00eda de sus art\u00edculos.<\/span><\/div>\n<\/div>\n<\/div>\n<\/div>\n","protected":false},"excerpt":{"rendered":"<p>Gu\u00eda de mudanzas Entonces, \u00bfest\u00e1 a punto de mudarse, el cami\u00f3n estar\u00e1 aqu\u00ed en unos pocos d\u00edas y ni siquiera ha comenzado a prepararse para ello?\u00a0No se preocupe, \u00a1todos hemos estado all\u00ed!\u00a0Mudarse es aterrador, y siempre se siente como si, incluso con nosotros ocup\u00e1ndonos del transporte, todav\u00eda se requiere que piense en mil millones de [&hellip;]<\/p>\n","protected":false},"author":13,"featured_media":0,"parent":0,"menu_order":0,"comment_status":"closed","ping_status":"closed","template":"","meta":[],"yst_prominent_words":[14984,9326,7097,3948,6124,9325,9318,6975,6977,14983,9319,8536,9322,14982,6976,6974,9324,9323,6986],"_links":{"self":[{"href":"https:\/\/europeanmoving.co.uk\/es\/wp-json\/wp\/v2\/pages\/19701"}],"collection":[{"href":"https:\/\/europeanmoving.co.uk\/es\/wp-json\/wp\/v2\/pages"}],"about":[{"href":"https:\/\/europeanmoving.co.uk\/es\/wp-json\/wp\/v2\/types\/page"}],"author":[{"embeddable":true,"href":"https:\/\/europeanmoving.co.uk\/es\/wp-json\/wp\/v2\/users\/13"}],"replies":[{"embeddable":true,"href":"https:\/\/europeanmoving.co.uk\/es\/wp-json\/wp\/v2\/comments?post=19701"}],"version-history":[{"count":2,"href":"https:\/\/europeanmoving.co.uk\/es\/wp-json\/wp\/v2\/pages\/19701\/revisions"}],"predecessor-version":[{"id":22223,"href":"https:\/\/europeanmoving.co.uk\/es\/wp-json\/wp\/v2\/pages\/19701\/revisions\/22223"}],"wp:attachment":[{"href":"https:\/\/europeanmoving.co.uk\/es\/wp-json\/wp\/v2\/media?parent=19701"}],"wp:term":[{"taxonomy":"yst_prominent_words","embeddable":true,"href":"https:\/\/europeanmoving.co.uk\/es\/wp-json\/wp\/v2\/yst_prominent_words?post=19701"}],"curies":[{"name":"wp","href":"https:\/\/api.w.org\/{rel}","templated":true}]}}