{"id":13847,"date":"2019-06-21T12:35:19","date_gmt":"2019-06-21T12:35:19","guid":{"rendered":"http:\/\/europeanmoving.co.uk\/?page_id=13847"},"modified":"2020-09-17T13:40:18","modified_gmt":"2020-09-17T13:40:18","slug":"prisgaranti","status":"publish","type":"page","link":"https:\/\/europeanmoving.co.uk\/en\/prisgaranti\/","title":{"rendered":"Prisgaranti"},"content":{"rendered":"<div class=\"col-sm-5\">\n<div class=\"col-sm-5\"><img src=\"https:\/\/europeanmoving.im\/wp-content\/uploads\/2018\/07\/European-Moving-Price-Match-1-300x113.jpg\" \/><\/div>\n<div class=\"col-sm-7\">\n<p><span>Vi har en prismatchgaranti p\u00e5 plats d\u00e4r vi kommer att matcha vilket pris som helst f\u00f6r ett annat f\u00f6retag, om vi kan slutf\u00f6ra din flytt p\u00e5 de datum och platser som kr\u00e4vs.\u00a0Har du en offert redan fr\u00e5n en annan leverant\u00f6r och vill se om vi kan matcha eller sl\u00e5 priset?\u00a0Om svaret \u00e4r ja, skicka oss en kopia av offerten eller ett sk\u00e4rmdump till f\u00f6ljande e-postadress:\u00a0\u00a0<\/span><strong><a href=\"mailto:PriceMatch@europeanmoving.eu\"><span>PriceMatch@europeanmoving.eu<\/span><\/a><\/strong><\/p>\n<\/div>\n<\/div>\n<div class=\"col-sm-7\"><\/div>\n","protected":false},"excerpt":{"rendered":"<p>Vi har en prismatchgaranti p\u00e5 plats d\u00e4r vi kommer att matcha vilket pris som helst f\u00f6r ett annat f\u00f6retag, om vi kan slutf\u00f6ra din flytt p\u00e5 de datum och platser som kr\u00e4vs.\u00a0Har du en offert redan fr\u00e5n en annan leverant\u00f6r och vill se om vi kan matcha eller sl\u00e5 priset?\u00a0Om svaret \u00e4r ja, skicka oss [&hellip;]<\/p>\n","protected":false},"author":13,"featured_media":0,"parent":0,"menu_order":0,"comment_status":"closed","ping_status":"closed","template":"","meta":[],"yst_prominent_words":[12147,3484,12422,12903,8275,12106,7378,12107,12216,12113,12652],"_links":{"self":[{"href":"https:\/\/europeanmoving.co.uk\/en\/wp-json\/wp\/v2\/pages\/13847"}],"collection":[{"href":"https:\/\/europeanmoving.co.uk\/en\/wp-json\/wp\/v2\/pages"}],"about":[{"href":"https:\/\/europeanmoving.co.uk\/en\/wp-json\/wp\/v2\/types\/page"}],"author":[{"embeddable":true,"href":"https:\/\/europeanmoving.co.uk\/en\/wp-json\/wp\/v2\/users\/13"}],"replies":[{"embeddable":true,"href":"https:\/\/europeanmoving.co.uk\/en\/wp-json\/wp\/v2\/comments?post=13847"}],"version-history":[{"count":3,"href":"https:\/\/europeanmoving.co.uk\/en\/wp-json\/wp\/v2\/pages\/13847\/revisions"}],"predecessor-version":[{"id":22231,"href":"https:\/\/europeanmoving.co.uk\/en\/wp-json\/wp\/v2\/pages\/13847\/revisions\/22231"}],"wp:attachment":[{"href":"https:\/\/europeanmoving.co.uk\/en\/wp-json\/wp\/v2\/media?parent=13847"}],"wp:term":[{"taxonomy":"yst_prominent_words","embeddable":true,"href":"https:\/\/europeanmoving.co.uk\/en\/wp-json\/wp\/v2\/yst_prominent_words?post=13847"}],"curies":[{"name":"wp","href":"https:\/\/api.w.org\/{rel}","templated":true}]}}