{"id":9122,"date":"2018-08-21T13:56:29","date_gmt":"2018-08-21T13:56:29","guid":{"rendered":"http:\/\/uk.eum.client.localsearchsyndicate.com\/?page_id=9122"},"modified":"2020-09-17T13:19:37","modified_gmt":"2020-09-17T13:19:37","slug":"datenschutzrichtlinien","status":"publish","type":"page","link":"https:\/\/europeanmoving.co.uk\/de\/datenschutzrichtlinien\/","title":{"rendered":"Datenschutzrichtlinien"},"content":{"rendered":"<h1><span>Datenschutz-Bestimmungen<\/span><\/h1>\n<p><strong><span>EuropeanMoving Holdings Ltd verpflichtet sich, die Privatsph\u00e4re aller Besucher von europeanmoving.eu zu<\/span><\/strong><br \/>\n<strong><span>sch\u00fctzen. Lesen Sie die folgenden Datenschutzbestimmungen, um zu verstehen, wie wir die Informationen, die Sie uns zur Verf\u00fcgung stellen, verwenden und sch\u00fctzen.<\/span><\/strong><br \/>\n<strong><span>Wenn Sie \u00fcber diese Website eine Anfrage stellen, stimmen Sie der Erfassung, Verwendung und \u00dcbertragung Ihrer Daten gem\u00e4\u00df den Bestimmungen dieser Richtlinie zu.<\/span><\/strong><\/p>\n<h2><span>Informationen, die wir von Ihnen sammeln<\/span><\/h2>\n<p><span>Wenn Sie uns \u00fcber www.europeanmoving.eu kontaktieren, werden Sie aufgefordert, bestimmte Informationen \u00fcber sich selbst anzugeben, einschlie\u00dflich Ihres Namens, Ihrer E-Mail-Adresse und Browsing-Informationen zu Ihrer Nutzung der European Moving-Website (z. B. Informationen zu Ihrem Browsertyp und den Seiten von Website, die Sie besuchen).\u00a0Wir k\u00f6nnen Informationen \u00fcber Sie auch aus E-Mails oder Briefen sammeln, die Sie an uns senden, oder aus Telefonanrufen mit Ihnen.<\/span><\/p>\n<h2><span>Kekse<\/span><\/h2>\n<p><span>Wenn Sie diese Website besuchen, verwenden wir m\u00f6glicherweise Cookies, um bestimmte Browserinformationen \u00fcber Ihre Nutzung der European Moving-Website zu sammeln.\u00a0Cookies sind kleine Datendateien, die von Ihrem Browser auf der Festplatte Ihres Computers gespeichert werden. Einzelheiten zu den von European Moving erfassten Browserinformationen sind oben beschrieben.\u00a0Wir verwenden auch JavaScript, um Ihre Erfahrungen mit der European Moving-Website zu beschleunigen.<\/span><br \/>\n<span>Sie k\u00f6nnen Ihre Browsereinstellungen \u00e4ndern, um Cookies oder JavaScript abzulehnen oder zu l\u00f6schen. Beachten Sie jedoch, dass dies in diesem Fall die Funktionalit\u00e4t der European Moving-Website beeintr\u00e4chtigen kann.\u00a0Da die Methode, mit der Sie Cookies oder JavaScript ablehnen oder l\u00f6schen k\u00f6nnen, von Browser zu Browser unterschiedlich ist, finden Sie weitere Informationen im Hilfemen\u00fc Ihres Browsers.<\/span><\/p>\n<h3><span>Verwendung Ihrer Daten<\/span><\/h3>\n<p><span>Ihre Informationen erm\u00f6glichen es uns, die von Ihnen angeforderten Informationen bereitzustellen.\u00a0Au\u00dferdem k\u00f6nnen wir Sie bei Bedarf bez\u00fcglich Ihrer Anfrage kontaktieren.\u00a0Wir werden die gesammelten Informationen auch verwenden und analysieren, damit wir unser Gesch\u00e4ft verwalten, unterst\u00fctzen, verbessern und weiterentwickeln k\u00f6nnen.<\/span><\/p>\n<h2><span>Offenlegung Ihrer Informationen<\/span><\/h2>\n<p><span>Die Informationen, die Sie uns zur Verf\u00fcgung stellen, werden in Gro\u00dfbritannien gespeichert und von unseren Mitarbeitern oder benannten Vertretern in Gro\u00dfbritannien abgerufen oder an diese weitergegeben.\u00a0Sofern dies nicht gesetzlich vorgeschrieben ist, werden wir ohne Ihre Zustimmung keine der Informationen, die Sie uns zur Verf\u00fcgung stellen, anderweitig weitergeben, verkaufen oder verbreiten.<\/span><\/p>\n<h2><span>Sicherheit und Vorratsdatenspeicherung<\/span><\/h2>\n<p><span>Wir setzen Sicherheitsma\u00dfnahmen ein, um Ihre Daten vor dem Zugriff unbefugter Personen und vor rechtswidriger Verarbeitung, versehentlichem Verlust, Zerst\u00f6rung und Besch\u00e4digung zu sch\u00fctzen.\u00a0Wir werden Ihre Daten f\u00fcr einen angemessenen Zeitraum oder solange das Gesetz dies zul\u00e4sst, aufbewahren, je nachdem, welcher Zeitraum k\u00fcrzer ist.<\/span><\/p>\n<h2><span>Zugriff und Aktualisierung<\/span><\/h2>\n<p><span>Sie haben das Recht, die \u00fcber Sie gespeicherten Informationen einzusehen, und Sie k\u00f6nnen uns bitten, alle erforderlichen \u00c4nderungen vorzunehmen, um sicherzustellen, dass diese korrekt und auf dem neuesten Stand sind.\u00a0Wenn Sie dies w\u00fcnschen, kontaktieren Sie uns bitte.\u00a0Wir sind gesetzlich berechtigt, eine Geb\u00fchr zur Deckung unserer Kosten zu erheben, um Ihnen Einzelheiten zu den Informationen zu liefern, die wir \u00fcber Sie haben.<\/span><\/p>\n<h2><span>\u00c4nderungen unserer Datenschutzerkl\u00e4rung<\/span><\/h2>\n<p><span>Alle \u00c4nderungen unserer Datenschutzrichtlinie in der Zukunft werden auf der Website und gegebenenfalls per E-Mail-Benachrichtigung ver\u00f6ffentlicht.<\/span><\/p>\n<h2><span>Kontakt<\/span><\/h2>\n<p><span>Alle Kommentare, Fragen und Anfragen im Zusammenhang mit unserer Verwendung Ihrer Daten sind willkommen und sollten an folgende Adresse gerichtet werden:<\/span><\/p>\n<p><span>Europ\u00e4ische\u00a0Umzugsparkfarm in der<\/span><br \/>\n<span>N\u00e4he, Folkestone, Kent<\/span><br \/>\n<span>CT19 5DU<\/span><br \/>\n<span>Telefon: +44 (0) 203 621 9930<\/span><\/p>\n<p><a href=\"https:\/\/europeanmoving.co.uk\/wp-content\/uploads\/2018\/07\/privacy-policy-Europeanmoving-2018.pdf\" target=\"_blank\" rel=\"noopener noreferrer\"><strong><span>Sehen Sie sich unsere Datenschutzbestimmungen an<\/span><\/strong><\/a><\/p>\n","protected":false},"excerpt":{"rendered":"<p>Datenschutz-Bestimmungen EuropeanMoving Holdings Ltd verpflichtet sich, die Privatsph\u00e4re aller Besucher von europeanmoving.eu zu sch\u00fctzen. Lesen Sie die folgenden Datenschutzbestimmungen, um zu verstehen, wie wir die Informationen, die Sie uns zur Verf\u00fcgung stellen, verwenden und sch\u00fctzen. Wenn Sie \u00fcber diese Website eine Anfrage stellen, stimmen Sie der Erfassung, Verwendung und \u00dcbertragung Ihrer Daten gem\u00e4\u00df den Bestimmungen [&hellip;]<\/p>\n","protected":false},"author":13,"featured_media":0,"parent":0,"menu_order":0,"comment_status":"closed","ping_status":"closed","template":"","meta":[],"yst_prominent_words":[5816,6860,6869,6865,6824,6874,6868,6866,6871,6867,6873],"_links":{"self":[{"href":"https:\/\/europeanmoving.co.uk\/de\/wp-json\/wp\/v2\/pages\/9122"}],"collection":[{"href":"https:\/\/europeanmoving.co.uk\/de\/wp-json\/wp\/v2\/pages"}],"about":[{"href":"https:\/\/europeanmoving.co.uk\/de\/wp-json\/wp\/v2\/types\/page"}],"author":[{"embeddable":true,"href":"https:\/\/europeanmoving.co.uk\/de\/wp-json\/wp\/v2\/users\/13"}],"replies":[{"embeddable":true,"href":"https:\/\/europeanmoving.co.uk\/de\/wp-json\/wp\/v2\/comments?post=9122"}],"version-history":[{"count":3,"href":"https:\/\/europeanmoving.co.uk\/de\/wp-json\/wp\/v2\/pages\/9122\/revisions"}],"predecessor-version":[{"id":22215,"href":"https:\/\/europeanmoving.co.uk\/de\/wp-json\/wp\/v2\/pages\/9122\/revisions\/22215"}],"wp:attachment":[{"href":"https:\/\/europeanmoving.co.uk\/de\/wp-json\/wp\/v2\/media?parent=9122"}],"wp:term":[{"taxonomy":"yst_prominent_words","embeddable":true,"href":"https:\/\/europeanmoving.co.uk\/de\/wp-json\/wp\/v2\/yst_prominent_words?post=9122"}],"curies":[{"name":"wp","href":"https:\/\/api.w.org\/{rel}","templated":true}]}}