{"id":9028,"date":"2018-07-06T15:16:29","date_gmt":"2018-07-06T15:16:29","guid":{"rendered":"http:\/\/de.eum.client.localsearchsyndicate.com\/international-removals\/"},"modified":"2020-09-16T10:37:14","modified_gmt":"2020-09-16T10:37:14","slug":"auslandsumzuege","status":"publish","type":"page","link":"https:\/\/europeanmoving.co.uk\/de\/auslandsumzuege\/","title":{"rendered":"Auslandsumz\u00fcge"},"content":{"rendered":"<h1 class=\"title-heading-left\"><strong><span>Europ\u00e4ische und internationale Umz\u00fcge<\/span><\/strong><\/h1>\n<p><img src=\"https:\/\/europeanmoving.info\/wp-content\/uploads\/2018\/07\/international-removals-european-moving.jpg\" \/><\/p>\n<p><span>Umzug nach Frankreich, Spanien, Belgien, Italien oder vielleicht etwas abenteuerlicher und weiter weg?\u00a0Budapest in Ungarn, Griechenland oder einem baltischen Staat?\u00a0Sie ben\u00f6tigen eine internationale Umzugsfirma, um sicherzustellen, dass Ihr Ausflug durch Europa effizient und reibungslos verl\u00e4uft.<\/span><br \/>\n<strong><span>Wenn Sie internationale Umz\u00fcge planen, laden wir Sie ein, unseren Umzugsf\u00fchrer zu lesen: Er hilft Ihnen bei der Planung und Vorbereitung Ihres Umzugs.<\/span><\/strong><br \/>\n<span>Wenn Sie im Voraus planen, haben Sie eine viel gr\u00f6\u00dfere Chance auf erfolgreiche und unfallfreie internationale Umz\u00fcge.\u00a0Wenn Sie beispielsweise das Volumen und das Gewicht Ihres Umzugs kennen, k\u00f6nnen Sie bestimmen, wie viele Umzugswagen Sie ben\u00f6tigen.\u00a0Ebenso die Menge an Verpackungsmaterial f\u00fcr die Reise mit potenziell hoher Kilometerleistung durch Europa;\u00a0Boxen, Plastikfolien usw. haben alle einen Platz.<\/span><br \/>\n<span>Ihre internationalen Umz\u00fcge beginnen bei Ihrem derzeitigen Zuhause.\u00a0Planen Sie Ihre Verpackung so, dass Artikel, die Sie in Ihrem neuen EU-Zuhause schnell ben\u00f6tigen, leicht zug\u00e4nglich sind.\u00a0Stellen Sie sicher, dass Ihre wertvollen Sachen gut verpackt sind.\u00a0Der Umzug nach Europa ist eine potenziell lange und herausfordernde Reise, die man nicht wirklich \u00fcberpacken und sch\u00fctzen kann.<\/span><br \/>\n<span>Obwohl allgemein bekannt ist, dass Freifahrten in ganz Europa normal sind, gibt es immer noch \u00dcberlegungen wie Mautgeb\u00fchren, weiche Grenzkontrollen von Ladungen sowie lokale Probleme wie Br\u00fccken und Tunnel, um m\u00f6glicherweise in gro\u00dfen europ\u00e4ischen Umzugswagen zu navigieren.\u00a0Lassen Sie uns all diese potenziellen Probleme f\u00fcr Sie l\u00f6sen.<\/span><\/p>\n<p><span>Die Kosten f\u00fcr internationale Umz\u00fcge sind m\u00f6glicherweise ein Problem f\u00fcr viele Menschen. Aus diesem Grund bieten wir zwei Services f\u00fcr Ihre internationalen Umz\u00fcge an.<\/span><\/p>\n<h2><strong><span>Internationale Umz\u00fcge: EasyMoves<\/span><\/strong><\/h2>\n<p><span>Zielgruppe sind vor allem diejenigen mit einer gr\u00f6\u00dferen Anzahl von Gegenst\u00e4nden, die in ganz Europa transportiert werden sollen, darunter bis zu 4 europ\u00e4ische Umzugswagen.\u00a05 Stunden Ladezeit &#8211; das ist ausreichend und Hilfe von unseren Fahrern und Mover-Assistenten beim Beladen der Transporter.<\/span><\/p>\n<h2><strong><span>Internationale Umz\u00fcge: Load &amp; Go<\/span><\/strong><\/h2>\n<p><span>Geeignet f\u00fcr Personen mit kleinem Budget, um maximale Betr\u00e4ge zu m\u00f6glichst g\u00fcnstigen Preisen durch Europa zu transportieren.<\/span><\/p>\n","protected":false},"excerpt":{"rendered":"<p>Europ\u00e4ische und internationale Umz\u00fcge Umzug nach Frankreich, Spanien, Belgien, Italien oder vielleicht etwas abenteuerlicher und weiter weg?\u00a0Budapest in Ungarn, Griechenland oder einem baltischen Staat?\u00a0Sie ben\u00f6tigen eine internationale Umzugsfirma, um sicherzustellen, dass Ihr Ausflug durch Europa effizient und reibungslos verl\u00e4uft. Wenn Sie internationale Umz\u00fcge planen, laden wir Sie ein, unseren Umzugsf\u00fchrer zu lesen: Er hilft Ihnen [&hellip;]<\/p>\n","protected":false},"author":13,"featured_media":0,"parent":0,"menu_order":0,"comment_status":"closed","ping_status":"closed","template":"","meta":[],"yst_prominent_words":[],"_links":{"self":[{"href":"https:\/\/europeanmoving.co.uk\/de\/wp-json\/wp\/v2\/pages\/9028"}],"collection":[{"href":"https:\/\/europeanmoving.co.uk\/de\/wp-json\/wp\/v2\/pages"}],"about":[{"href":"https:\/\/europeanmoving.co.uk\/de\/wp-json\/wp\/v2\/types\/page"}],"author":[{"embeddable":true,"href":"https:\/\/europeanmoving.co.uk\/de\/wp-json\/wp\/v2\/users\/13"}],"replies":[{"embeddable":true,"href":"https:\/\/europeanmoving.co.uk\/de\/wp-json\/wp\/v2\/comments?post=9028"}],"version-history":[{"count":8,"href":"https:\/\/europeanmoving.co.uk\/de\/wp-json\/wp\/v2\/pages\/9028\/revisions"}],"predecessor-version":[{"id":21952,"href":"https:\/\/europeanmoving.co.uk\/de\/wp-json\/wp\/v2\/pages\/9028\/revisions\/21952"}],"wp:attachment":[{"href":"https:\/\/europeanmoving.co.uk\/de\/wp-json\/wp\/v2\/media?parent=9028"}],"wp:term":[{"taxonomy":"yst_prominent_words","embeddable":true,"href":"https:\/\/europeanmoving.co.uk\/de\/wp-json\/wp\/v2\/yst_prominent_words?post=9028"}],"curies":[{"name":"wp","href":"https:\/\/api.w.org\/{rel}","templated":true}]}}