{"id":8867,"date":"2018-08-13T11:47:34","date_gmt":"2018-08-13T11:47:34","guid":{"rendered":"https:\/\/europeanmoving.co.uk\/?page_id=8867"},"modified":"2020-09-16T11:29:10","modified_gmt":"2020-09-16T11:29:10","slug":"last-minute-umzuege-in-ganz-europa","status":"publish","type":"page","link":"https:\/\/europeanmoving.co.uk\/de\/last-minute-umzuege-in-ganz-europa\/","title":{"rendered":"Last-Minute-Umz\u00fcge in ganz Europa"},"content":{"rendered":"<h2 class=\"title-heading-left\"><strong><span>Dringende Entfernung in Europa: am selben Tag oder am n\u00e4chsten Tag?<\/span><\/strong><\/h2>\n<p><span>Ben\u00f6tigen Sie einen Last-Minute-Umzugsservice in Europa?\u00a0Unsere kurzfristigen europ\u00e4ischen Umz\u00fcge liefern die Antwort.\u00a0Sie decken den gesamten Kontinent ab und sind ideal f\u00fcr Situationen, in denen Sie entweder einen Service am selben Tag oder am n\u00e4chsten Tag ben\u00f6tigen.\u00a0Vielleicht hat Sie eine andere Umzugsfirma im Stich gelassen.\u00a0Vielleicht m\u00fcssen Sie kurzfristig gehen, oder Sie m\u00f6chten einfach lieber fr\u00fcher als sp\u00e4ter etwas bewegen.<\/span><\/p>\n<h2 class=\"title-heading-left\"><strong><span>Warum w\u00e4hlen Sie uns f\u00fcr Ihre Entfernung?<\/span><\/strong><\/h2>\n<p><span>Unabh\u00e4ngig von Ihrer Motivation ben\u00f6tigen Sie eine Entfernungsl\u00f6sung, auf die Sie sich verlassen k\u00f6nnen.\u00a0Wir buchen Ihren Umzug am n\u00e4chsten Tag innerhalb von vierundzwanzig Stunden und bringen Ihre Sachen dorthin, wo sie sein m\u00fcssen.\u00a0Wir machen das seit 2010 und haben Erfahrung im Vertrieb, die bis in die Jahre zuvor zur\u00fcckreicht.\u00a0W\u00e4hrend unserer Zeit haben wir ein Netzwerk vertrauensw\u00fcrdiger Partner aufgebaut und alles von Flugzeugen bis hin zu Kunstwerken geliefert.\u00a0Diese betr\u00e4chtliche Erfahrung erm\u00f6glicht es uns, selbst den schwierigsten internationalen Schritt kurzfristig zu bew\u00e4ltigen.<\/span><br \/>\n<span>Wenn Sie in einer gro\u00dfen europ\u00e4ischen Stadt sind, k\u00f6nnen unsere Fahrer innerhalb weniger Stunden bei Ihnen sein, um am selben Tag entfernt zu werden.\u00a0Unser Last-Minute-Umzugsservice ist jedoch auch in der entlegensten Ecke des Kontinents verf\u00fcgbar.<\/span><\/p>\n<h2 class=\"title-heading-left\"><strong><span>Last-Minute-Umz\u00fcge<\/span><\/strong><\/h2>\n<p><span>Egal, ob Sie ein Haus, ein B\u00fcro oder eine Kunstgalerie r\u00e4umen, unsere Fahrer k\u00f6nnen Ihre Gegenst\u00e4nde dorthin bringen, wo sie gebraucht werden.\u00a0Sie reisen \u00fcberall in Europa und sind immer in Bewegung.\u00a0Die Chancen stehen gut, dass Sie gerade ein paar Stunden von Ihnen entfernt sind und nur auf die Chance warten, Ihr Problem zu l\u00f6sen!<\/span><br \/>\n<span>Egal, ob Ihr Ziel Bordeaux, Sevilla oder Stockholm ist, wir k\u00f6nnen Ihnen bei der L\u00f6sung Ihres dringenden internationalen Umzugsproblems helfen.<\/span><br \/>\n<span>In einer idealen Welt w\u00fcrden wir alles Wochen im Voraus planen.\u00a0In der realen Welt ist jedoch manchmal eine dringendere L\u00f6sung erforderlich.\u00a0Wenn Sie eine europ\u00e4ische Umzugsl\u00f6sung am selben oder am n\u00e4chsten Tag ben\u00f6tigen, wenden Sie sich an unser B\u00fcro.\u00a0Unser Beraterteam ist freundlich, kompetent und hilft Ihnen gerne bei der Organisation eines Last-Minute-Umzugs in ganz Europa.<\/span><\/p>\n","protected":false},"excerpt":{"rendered":"<p>Dringende Entfernung in Europa: am selben Tag oder am n\u00e4chsten Tag? Ben\u00f6tigen Sie einen Last-Minute-Umzugsservice in Europa?\u00a0Unsere kurzfristigen europ\u00e4ischen Umz\u00fcge liefern die Antwort.\u00a0Sie decken den gesamten Kontinent ab und sind ideal f\u00fcr Situationen, in denen Sie entweder einen Service am selben Tag oder am n\u00e4chsten Tag ben\u00f6tigen.\u00a0Vielleicht hat Sie eine andere Umzugsfirma im Stich gelassen.\u00a0Vielleicht [&hellip;]<\/p>\n","protected":false},"author":13,"featured_media":0,"parent":0,"menu_order":0,"comment_status":"closed","ping_status":"closed","template":"","meta":[],"yst_prominent_words":[],"_links":{"self":[{"href":"https:\/\/europeanmoving.co.uk\/de\/wp-json\/wp\/v2\/pages\/8867"}],"collection":[{"href":"https:\/\/europeanmoving.co.uk\/de\/wp-json\/wp\/v2\/pages"}],"about":[{"href":"https:\/\/europeanmoving.co.uk\/de\/wp-json\/wp\/v2\/types\/page"}],"author":[{"embeddable":true,"href":"https:\/\/europeanmoving.co.uk\/de\/wp-json\/wp\/v2\/users\/13"}],"replies":[{"embeddable":true,"href":"https:\/\/europeanmoving.co.uk\/de\/wp-json\/wp\/v2\/comments?post=8867"}],"version-history":[{"count":3,"href":"https:\/\/europeanmoving.co.uk\/de\/wp-json\/wp\/v2\/pages\/8867\/revisions"}],"predecessor-version":[{"id":21962,"href":"https:\/\/europeanmoving.co.uk\/de\/wp-json\/wp\/v2\/pages\/8867\/revisions\/21962"}],"wp:attachment":[{"href":"https:\/\/europeanmoving.co.uk\/de\/wp-json\/wp\/v2\/media?parent=8867"}],"wp:term":[{"taxonomy":"yst_prominent_words","embeddable":true,"href":"https:\/\/europeanmoving.co.uk\/de\/wp-json\/wp\/v2\/yst_prominent_words?post=8867"}],"curies":[{"name":"wp","href":"https:\/\/api.w.org\/{rel}","templated":true}]}}