{"id":8526,"date":"2018-08-09T14:09:02","date_gmt":"2018-08-09T14:09:02","guid":{"rendered":"https:\/\/europeanmoving.co.uk\/?page_id=8526"},"modified":"2020-09-16T08:29:18","modified_gmt":"2020-09-16T08:29:18","slug":"kostenguenstige-man-and-van-umzuege-in-europa-und-weltweit","status":"publish","type":"page","link":"https:\/\/europeanmoving.co.uk\/de\/kostenguenstige-man-and-van-umzuege-in-europa-und-weltweit\/","title":{"rendered":"Kosteng\u00fcnstige Man and Van Umz\u00fcge &#8211; in Europa und weltweit"},"content":{"rendered":"<p><strong><span>G\u00fcnstiger Mann und Van f\u00fcr europ\u00e4ische Umz\u00fcge<\/span><\/strong><span>\u00a0&#8211; Wenn Sie die Kosten Ihrer internationalen Umz\u00fcge minimieren m\u00f6chten, kann European Moving Ihnen einen Mann und einen Van innerhalb Europas mit einem hervorragenden Preis-Leistungs-Verh\u00e4ltnis liefern.\u00a0Wir sind stolz darauf, die besten Preise f\u00fcr Mann und Van zu haben und gleichzeitig einen professionellen, kosteng\u00fcnstigen Service f\u00fcr Mann und Van ohne Kompromisse anzubieten.<\/span><br \/>\n<span>Es war noch nie einfacher, mit unserem neuen Online-Angebots- und Buchungssystem einen g\u00fcnstigen Mann und Van f\u00fcr europ\u00e4ische Umz\u00fcge zu finden.<\/span><\/p>\n<p><span>Sie k\u00f6nnen sicher sein, dass der Preis, den Sie sehen, der Preis ist, den Sie zahlen, einschlie\u00dflich aller damit verbundenen Kosten (F\u00e4hre, Maut) und Mehrwertsteuer.\u00a0F\u00fcllen Sie unser Online-Formular aus und erhalten Sie jetzt Ihr kostenloses Angebot.<\/span><br \/>\n<span>European Moving ist ein etabliertes, seri\u00f6ses Umzugsunternehmen.\u00a0Unsere europ\u00e4ischen Umzugsdienste werden in\u00a0<\/span><strong><span>Gro\u00dfbritannien, Frankreich, Deutschland, Irland, Nordirland, Spanien, den Kanarischen Inseln, den Balearen, Belgien, D\u00e4nemark, Estland, Luxemburg, den Niederlanden, Polen, \u00d6sterreich, Bulgarien, Kroatien, der Tschechischen Republik, Finnland, USA, angeboten. Griechenland, Ungarn, Italien, Lettland, Litauen, Malta, Zypern, Portugal, Rum\u00e4nien, Slowakei, Slowenien, Schweden, Vereinigtes K\u00f6nigreich, Schweiz, Norwegen.<\/span><\/strong><br \/>\n<span>Unsere engagierten Umzugsmanager sind umfassend geschult, professionell und h\u00f6flich. Rufen Sie uns an und besprechen Sie Ihre kosteng\u00fcnstigen Umzugsanforderungen.<\/span><\/p>\n","protected":false},"excerpt":{"rendered":"<p>G\u00fcnstiger Mann und Van f\u00fcr europ\u00e4ische Umz\u00fcge\u00a0&#8211; Wenn Sie die Kosten Ihrer internationalen Umz\u00fcge minimieren m\u00f6chten, kann European Moving Ihnen einen Mann und einen Van innerhalb Europas mit einem hervorragenden Preis-Leistungs-Verh\u00e4ltnis liefern.\u00a0Wir sind stolz darauf, die besten Preise f\u00fcr Mann und Van zu haben und gleichzeitig einen professionellen, kosteng\u00fcnstigen Service f\u00fcr Mann und Van ohne [&hellip;]<\/p>\n","protected":false},"author":13,"featured_media":0,"parent":0,"menu_order":0,"comment_status":"closed","ping_status":"closed","template":"","meta":[],"yst_prominent_words":[133,15876,15873,5807,15877],"_links":{"self":[{"href":"https:\/\/europeanmoving.co.uk\/de\/wp-json\/wp\/v2\/pages\/8526"}],"collection":[{"href":"https:\/\/europeanmoving.co.uk\/de\/wp-json\/wp\/v2\/pages"}],"about":[{"href":"https:\/\/europeanmoving.co.uk\/de\/wp-json\/wp\/v2\/types\/page"}],"author":[{"embeddable":true,"href":"https:\/\/europeanmoving.co.uk\/de\/wp-json\/wp\/v2\/users\/13"}],"replies":[{"embeddable":true,"href":"https:\/\/europeanmoving.co.uk\/de\/wp-json\/wp\/v2\/comments?post=8526"}],"version-history":[{"count":3,"href":"https:\/\/europeanmoving.co.uk\/de\/wp-json\/wp\/v2\/pages\/8526\/revisions"}],"predecessor-version":[{"id":21911,"href":"https:\/\/europeanmoving.co.uk\/de\/wp-json\/wp\/v2\/pages\/8526\/revisions\/21911"}],"wp:attachment":[{"href":"https:\/\/europeanmoving.co.uk\/de\/wp-json\/wp\/v2\/media?parent=8526"}],"wp:term":[{"taxonomy":"yst_prominent_words","embeddable":true,"href":"https:\/\/europeanmoving.co.uk\/de\/wp-json\/wp\/v2\/yst_prominent_words?post=8526"}],"curies":[{"name":"wp","href":"https:\/\/api.w.org\/{rel}","templated":true}]}}