{"id":8518,"date":"2018-08-09T13:52:06","date_gmt":"2018-08-09T13:52:06","guid":{"rendered":"https:\/\/europeanmoving.co.uk\/?page_id=8518"},"modified":"2020-09-16T10:23:13","modified_gmt":"2020-09-16T10:23:13","slug":"internationale-und-innereuropaeische-bueroumzuege-2","status":"publish","type":"page","link":"https:\/\/europeanmoving.co.uk\/de\/internationale-und-innereuropaeische-bueroumzuege-2\/","title":{"rendered":"B\u00fcroumz\u00fcge"},"content":{"rendered":"<h1 class=\"title-heading-left\"><strong><span>Umzug von internationalen und europ\u00e4ischen B\u00fcros<\/span><\/strong><\/h1>\n<h2 class=\"title-heading-left\"><strong><span>B\u00fcroumz\u00fcge Europa &#8211; Spezialist f\u00fcr EU- und internationale Umzugsunternehmen<\/span><\/strong><\/h2>\n<p><img src=\"https:\/\/europeanmoving.info\/wp-content\/uploads\/2018\/07\/Office-Removals.jpeg\" \/><\/p>\n<p><span>B\u00fcroumz\u00fcge: Unternehmen ziehen mehr denn je in ganz Europa um und ben\u00f6tigen die Dienste eines spezialisierten EU-B\u00fcroumzugsspezialisten.<\/span><br \/>\n<b><span>Wenn Sie einen Umzug planen, lassen Sie sich von uns einladen, unseren Umzugsf\u00fchrer zu lesen: Er hilft Ihnen bei der Planung und Vorbereitung Ihres Umzugs.<\/span><\/b><br \/>\n<span>Auf dem Papier sind B\u00fcroumz\u00fcge in ganz Europa eine einfache Checklisten\u00fcbung.\u00a0Die Realit\u00e4t kann jedoch etwas anders sein.\u00a0Sie m\u00fcssen die Logistik der Leistungserbringung f\u00fcr beide B\u00fcros ber\u00fccksichtigen.\u00a0Wenn Sie \u00fcber einen EU-Umzug in der EU nachdenken, werden Sie an die B\u00fcrom\u00f6bel denken, die umgezogen werden m\u00fcssen.<\/span><br \/>\n<span>Nat\u00fcrlich m\u00fcssen Sie auch sicherstellen, dass das Unternehmen w\u00e4hrend dieser Zeit weiter handelt.\u00a0Aus diesem Grund werden B\u00fcroumz\u00fcge normalerweise in zwei Schritten durchgef\u00fchrt.\u00a0Eine Partei geht als Br\u00fcckenkopf mit der notwendigen Ausr\u00fcstung, um von den neuen R\u00e4umlichkeiten aus mit dem Handel zu beginnen.\u00a0Der Rest der Firma schlie\u00dft dann die alten B\u00fcros und macht sich auf den Weg.<\/span><br \/>\n<span>Die Schlie\u00dfung eines B\u00fcros und die Wiederer\u00f6ffnung eines neuen B\u00fcros in Europa erfordern eine sorgf\u00e4ltige Planung, um ein Minimum an St\u00f6rungen bei den Unternehmensdiensten zu vermeiden.<\/span><br \/>\n<span>Wie packen Sie Ihren europ\u00e4ischen B\u00fcroumzugswagen am besten ein?\u00a0Welche Artikel kommen zuerst in Ihr neues EU-B\u00fcro und welche k\u00f6nnen sp\u00e4ter sortiert werden?\u00a0Und ben\u00f6tigen Sie Hilfe bei den schwersten B\u00fcroartikeln wie Schreibtischen, Computern usw.?<\/span><br \/>\n<span>Bevor Sie Ihr europ\u00e4isches B\u00fcroumzugsunternehmen ausw\u00e4hlen, sollten Sie noch weitere Aspekte ber\u00fccksichtigen.\u00a0Sicherstellen, dass Ihre B\u00fcroausstattung auf dem m\u00f6glicherweise langen Weg durch Europa zu Ihrem neuen B\u00fcro sicher ist.\u00a0Ausfallzeiten f\u00fcr Ruhezeiten, m\u00f6gliche \u00dcbernachtungen usw.<\/span><\/p>\n<h2><strong><span>Umzug von B\u00fcrodienstleistungen<\/span><\/strong><\/h2>\n<p><span>European Moving bietet zwei Dienste an, die Sie bei Ihrem Umzug in ein EU-B\u00fcro unterst\u00fctzen.\u00a0Load and Go ist unser Service, bei dem Sie den \/ die Van \/ s selbst laden und wir das Antriebselement europaweit ausf\u00fchren.\u00a0Unser EasyMoves-B\u00fcroentfernungsservice hilft unseren Fahrern beim sicheren Laden Ihrer B\u00fcroger\u00e4te.<\/span><br \/>\n<span>Bei European Moving haben wir verschiedenen Unternehmen beim Umzug von B\u00fcros geholfen.\u00a0Von kleinen Start-ups, die aus ihren bestehenden B\u00fcror\u00e4umen herausgewachsen sind, bis zu etablierteren Unternehmen, die neue B\u00fcros er\u00f6ffnet haben.\u00a0Unabh\u00e4ngig von der Gr\u00f6\u00dfe des Unternehmens bieten wir bei European Moving stets einen schnellen und kosteng\u00fcnstigen Umzugsservice an.\u00a0Genau wie bei Haushaltsumz\u00fcgen bieten wir unseren Kunden zwei Arten von Umzugsservices an.<\/span><\/p>\n","protected":false},"excerpt":{"rendered":"<p>Umzug von internationalen und europ\u00e4ischen B\u00fcros B\u00fcroumz\u00fcge Europa &#8211; Spezialist f\u00fcr EU- und internationale Umzugsunternehmen B\u00fcroumz\u00fcge: Unternehmen ziehen mehr denn je in ganz Europa um und ben\u00f6tigen die Dienste eines spezialisierten EU-B\u00fcroumzugsspezialisten. Wenn Sie einen Umzug planen, lassen Sie sich von uns einladen, unseren Umzugsf\u00fchrer zu lesen: Er hilft Ihnen bei der Planung und Vorbereitung [&hellip;]<\/p>\n","protected":false},"author":13,"featured_media":0,"parent":0,"menu_order":0,"comment_status":"closed","ping_status":"closed","template":"","meta":[],"yst_prominent_words":[],"_links":{"self":[{"href":"https:\/\/europeanmoving.co.uk\/de\/wp-json\/wp\/v2\/pages\/8518"}],"collection":[{"href":"https:\/\/europeanmoving.co.uk\/de\/wp-json\/wp\/v2\/pages"}],"about":[{"href":"https:\/\/europeanmoving.co.uk\/de\/wp-json\/wp\/v2\/types\/page"}],"author":[{"embeddable":true,"href":"https:\/\/europeanmoving.co.uk\/de\/wp-json\/wp\/v2\/users\/13"}],"replies":[{"embeddable":true,"href":"https:\/\/europeanmoving.co.uk\/de\/wp-json\/wp\/v2\/comments?post=8518"}],"version-history":[{"count":9,"href":"https:\/\/europeanmoving.co.uk\/de\/wp-json\/wp\/v2\/pages\/8518\/revisions"}],"predecessor-version":[{"id":21942,"href":"https:\/\/europeanmoving.co.uk\/de\/wp-json\/wp\/v2\/pages\/8518\/revisions\/21942"}],"wp:attachment":[{"href":"https:\/\/europeanmoving.co.uk\/de\/wp-json\/wp\/v2\/media?parent=8518"}],"wp:term":[{"taxonomy":"yst_prominent_words","embeddable":true,"href":"https:\/\/europeanmoving.co.uk\/de\/wp-json\/wp\/v2\/yst_prominent_words?post=8518"}],"curies":[{"name":"wp","href":"https:\/\/api.w.org\/{rel}","templated":true}]}}