{"id":8474,"date":"2018-08-09T12:46:38","date_gmt":"2018-08-09T12:46:38","guid":{"rendered":"https:\/\/europeanmoving.co.uk\/?page_id=8474"},"modified":"2020-09-16T10:12:05","modified_gmt":"2020-09-16T10:12:05","slug":"wohnungs-hausumzuege","status":"publish","type":"page","link":"https:\/\/europeanmoving.co.uk\/de\/wohnungs-hausumzuege\/","title":{"rendered":"Wohnungs- bzw. Hausumz\u00fcge"},"content":{"rendered":"<h1><strong><span>Haus- und Umz\u00fcge f\u00fcr den Umzug in Europa<\/span><\/strong><\/h1>\n<p><span>Hausumz\u00fcge in ganz Europa k\u00f6nnen eine entmutigende Erfahrung sein.\u00a0In Wahrheit ist die Logistik, alles zusammenzubringen, wenn ein Haus in eine neue Wohnung, Wohnung oder ein neues Haus in anderen Teilen Europas verlegt wird, nichts f\u00fcr schwache Nerven.\u00a0Dar\u00fcber hinaus k\u00f6nnen die Kosten f\u00fcr Hausumz\u00fcge in ganz Europa, gelinde gesagt, eine Herausforderung sein.<\/span><\/p>\n<p><img src=\"https:\/\/europeanmoving.info\/wp-content\/uploads\/2018\/07\/House-Removals.jpg\" \/><\/p>\n<p><strong><span>Wenn Sie einen Umzug planen, lassen Sie sich von uns einladen, unseren Umzugsf\u00fchrer zu lesen: Er hilft Ihnen bei der Planung und Vorbereitung Ihres Umzugs.\u00a0<\/span><\/strong><\/p>\n<p><span>Wir sind spezialisiert &#8211; wie unser Name schon sagt &#8211; auf europ\u00e4ische Umz\u00fcge.\u00a0Daher verf\u00fcgen wir \u00fcber umfangreiche Erfahrung darin, Ihre M\u00f6bel und andere wertvolle Gegenst\u00e4nde aus Ihrem Haus zu sammeln und an einen beliebigen Ort in Europa zu bringen.<\/span><br \/>\n<span>Planung und Vorbereitung sind wesentliche Elemente, wenn Sie \u00fcber einen Umzug in Europa nachdenken und bei der Auswahl eines seri\u00f6sen europ\u00e4ischen Umzugsunternehmens stets nach dessen Akkreditierung suchen.\u00a0In der Tat ist es unerl\u00e4sslich sicherzustellen, dass die Urlaubsdaten f\u00fcr Ihr altes Haus und die Zugangsdaten f\u00fcr Ihr neues Zuhause Ihren Anforderungen entsprechen.\u00a0Auf diese Weise kann die Umzugsfirma mit dem Wissen aufbrechen, dass sie sowohl auf Ihr altes als auch auf Ihr neues Zuhause zugreifen kann.\u00a0Ber\u00fccksichtigen Sie auch die m\u00f6gliche Ruhezeit, wenn die Reise von Ihrem alten Haus zu einem neuen europ\u00e4ischen Zuhause von Bedeutung ist.<\/span><br \/>\n<span>Wir sind europ\u00e4ische Umzugsspezialisten und bieten wettbewerbsf\u00e4hige Pakete f\u00fcr Ihren Hausumzug.\u00a0Unser Angebot ist ein Komplettpaket, in dem alle Grenz\u00fcberg\u00e4nge, mautpflichtigen Stra\u00dfen und Kraftstoffkosten enthalten sind.\u00a0Stellen Sie sicher, dass Sie diesen Punkt mit Unternehmen kl\u00e4ren, die Sie f\u00fcr Ihren europ\u00e4ischen Umzug zitiert haben.<\/span><\/p>\n<h2><strong><span>Wir decken europ\u00e4ische Hausumz\u00fcge in folgenden L\u00e4ndern der EU ab:<\/span><\/strong><\/h2>\n<ul class=\"list-with-tick\">\n<li><span>\u00d6sterreich und Belgien<\/span><\/li>\n<li><span>Litauen und Luxemburg<\/span><\/li>\n<li><span>Bulgarien und Kroatien<\/span><\/li>\n<li><span>Malta und die Niederlande<\/span><\/li>\n<li><span>Zypern und Tschechien<\/span><\/li>\n<li><span>Nordirland und Norwegen<\/span><\/li>\n<li><span>D\u00e4nemark und Estland<\/span><\/li>\n<li><span>Polen und Portugal<\/span><\/li>\n<li><span>Finnland und Frankreich<\/span><\/li>\n<li><span>Rum\u00e4nien und Spanien<\/span><\/li>\n<li><span>Deutschland und Griechenland<\/span><\/li>\n<li><span>Slowakei und Slowenien<\/span><\/li>\n<li><span>Ungarn und Irland<\/span><\/li>\n<li><span>Schweden, die Schweiz und das Vereinigte K\u00f6nigreich<\/span><\/li>\n<li><span>Italien und Lettland<\/span><\/li>\n<li><span>Die Kanarischen Inseln und die Balearen<\/span><\/li>\n<\/ul>\n<p><span>Internationaler Umzug kann eine sehr stressige Erfahrung sein.\u00a0In diesem Sinne k\u00f6nnen wir Ihnen helfen, indem wir unser gesamtes Leistungsspektrum anbieten, von Verpackungsberatung und Lieferterminen bis hin zu Zeitsch\u00e4tzungen f\u00fcr Ihre transeurop\u00e4ischen Hausumz\u00fcge sowie allen lokalen Kenntnissen, die wir auf dem Weg gesammelt haben.<\/span><\/p>\n","protected":false},"excerpt":{"rendered":"<p>Haus- und Umz\u00fcge f\u00fcr den Umzug in Europa Hausumz\u00fcge in ganz Europa k\u00f6nnen eine entmutigende Erfahrung sein.\u00a0In Wahrheit ist die Logistik, alles zusammenzubringen, wenn ein Haus in eine neue Wohnung, Wohnung oder ein neues Haus in anderen Teilen Europas verlegt wird, nichts f\u00fcr schwache Nerven.\u00a0Dar\u00fcber hinaus k\u00f6nnen die Kosten f\u00fcr Hausumz\u00fcge in ganz Europa, gelinde [&hellip;]<\/p>\n","protected":false},"author":13,"featured_media":0,"parent":0,"menu_order":0,"comment_status":"closed","ping_status":"closed","template":"","meta":[],"yst_prominent_words":[3273,3120,3101,3613,3605,3610,3604,7500,3612,3602,8912,3611,3606,3099,3100,3091,3103,3614,3615,3603],"_links":{"self":[{"href":"https:\/\/europeanmoving.co.uk\/de\/wp-json\/wp\/v2\/pages\/8474"}],"collection":[{"href":"https:\/\/europeanmoving.co.uk\/de\/wp-json\/wp\/v2\/pages"}],"about":[{"href":"https:\/\/europeanmoving.co.uk\/de\/wp-json\/wp\/v2\/types\/page"}],"author":[{"embeddable":true,"href":"https:\/\/europeanmoving.co.uk\/de\/wp-json\/wp\/v2\/users\/13"}],"replies":[{"embeddable":true,"href":"https:\/\/europeanmoving.co.uk\/de\/wp-json\/wp\/v2\/comments?post=8474"}],"version-history":[{"count":7,"href":"https:\/\/europeanmoving.co.uk\/de\/wp-json\/wp\/v2\/pages\/8474\/revisions"}],"predecessor-version":[{"id":21934,"href":"https:\/\/europeanmoving.co.uk\/de\/wp-json\/wp\/v2\/pages\/8474\/revisions\/21934"}],"wp:attachment":[{"href":"https:\/\/europeanmoving.co.uk\/de\/wp-json\/wp\/v2\/media?parent=8474"}],"wp:term":[{"taxonomy":"yst_prominent_words","embeddable":true,"href":"https:\/\/europeanmoving.co.uk\/de\/wp-json\/wp\/v2\/yst_prominent_words?post=8474"}],"curies":[{"name":"wp","href":"https:\/\/api.w.org\/{rel}","templated":true}]}}