{"id":8471,"date":"2018-08-09T10:57:17","date_gmt":"2018-08-09T10:57:17","guid":{"rendered":"https:\/\/europeanmoving.co.uk\/?page_id=8471"},"modified":"2020-11-06T08:09:27","modified_gmt":"2020-11-06T08:09:27","slug":"europaeische-und-internationale-ladenlieferungen-in-europa","status":"publish","type":"page","link":"https:\/\/europeanmoving.co.uk\/de\/europaeische-und-internationale-ladenlieferungen-in-europa\/","title":{"rendered":"Ladenlieferungen nach Europa"},"content":{"rendered":"<h1 class=\"title-heading-left\"><strong><span>Ladenlieferung nach Europa<\/span><\/strong><\/h1>\n<p><img src=\"https:\/\/europeanmoving.im\/wp-content\/uploads\/2018\/07\/store-to-home.jpg\" \/><\/p>\n<p><strong><span>Europ\u00e4ische und internationale Filiallieferung nach Europa &#8211; European Moving<\/span><\/strong><span>\u00a0bietet Ihnen einen wettbewerbsf\u00e4higen Vorschlag, gekaufte Artikel aus dem Lager des Einzelh\u00e4ndlers an Ihre Haust\u00fcr zu bringen, oder diese Artikel k\u00f6nnen an uns geliefert werden, wenn der Hersteller nicht an Ihren europ\u00e4ischen Bestimmungsort und an unsere europ\u00e4ischen und internationalen liefert Das Team von Store Delivery to Europe kann die Weiterleitung professionell organisieren und dabei die Versandkosten eines gro\u00dfen Einzelh\u00e4ndlers in \u00dcbersee vermeiden.<\/span><br \/>\n<span>Unabh\u00e4ngig davon, ob Sie ein Sofa von DFS oder eine ganze Ladung Haushaltsgegenst\u00e4nde von TK Maxx gekauft haben und diese keine Option f\u00fcr die europ\u00e4ische Lieferung mit unserer Option f\u00fcr die Lieferung nach Europa und im internationalen Gesch\u00e4ft nach Europa haben, kann einer unserer vertrauensw\u00fcrdigen Fahrer direkt abholen aus dem Lager des Einzelh\u00e4ndlers und ohne viel Aufhebens an Ihre Haust\u00fcr liefern. Andernfalls k\u00f6nnen wir die Lieferung in unserem Depot in Gro\u00dfbritannien annehmen und den Artikel sicher aufbewahren, bis Sie an dem von Ihnen gew\u00e4hlten europ\u00e4ischen Bestimmungsort zur Auslieferung bereit sind.<\/span><\/p>\n<p><strong><span>Die europ\u00e4ischen und internationalen Filialen von European Moving werden nach\u00a0<\/span><\/strong><strong><span>Gro\u00dfbritannien, Frankreich, Deutschland, Irland, Nordirland, Spanien, den Kariesinseln und den Balearen, Belgien, D\u00e4nemark, Estland, Luxemburg, den Niederlanden, Polen, \u00d6sterreich, Bulgarien<\/span><\/strong><span>\u00a0geliefert.<strong>\u00a0Kroatien, Tschechische Republik, Finnland, Griechenland, Hunger, Italien, Lettland, Litauen, Malta, Zypern, Portugal, Rum\u00e4nien, Slowakei, Slowenien, Schweden, Vereinigtes K\u00f6nigreich, Schweiz, Norwegen und die gesamte Europ\u00e4ische Union.\u00a0<\/strong>\u00a0Bitte kontaktieren Sie uns, um herauszufinden, wie wir Ihnen helfen k\u00f6nnen, oder f\u00fcllen Sie das Kontaktformular aus. Wir werden uns bem\u00fchen, Ihnen den bestm\u00f6glichen Vorschlag f\u00fcr Ihren einzigartigen Umzug zu unterbreiten.<\/span><\/p>\n","protected":false},"excerpt":{"rendered":"<p>Ladenlieferung nach Europa Europ\u00e4ische und internationale Filiallieferung nach Europa &#8211; European Moving\u00a0bietet Ihnen einen wettbewerbsf\u00e4higen Vorschlag, gekaufte Artikel aus dem Lager des Einzelh\u00e4ndlers an Ihre Haust\u00fcr zu bringen, oder diese Artikel k\u00f6nnen an uns geliefert werden, wenn der Hersteller nicht an Ihren europ\u00e4ischen Bestimmungsort und an unsere europ\u00e4ischen und internationalen liefert Das Team von Store [&hellip;]<\/p>\n","protected":false},"author":13,"featured_media":0,"parent":0,"menu_order":0,"comment_status":"closed","ping_status":"closed","template":"","meta":[],"yst_prominent_words":[6493,133,5810,10439,5805],"_links":{"self":[{"href":"https:\/\/europeanmoving.co.uk\/de\/wp-json\/wp\/v2\/pages\/8471"}],"collection":[{"href":"https:\/\/europeanmoving.co.uk\/de\/wp-json\/wp\/v2\/pages"}],"about":[{"href":"https:\/\/europeanmoving.co.uk\/de\/wp-json\/wp\/v2\/types\/page"}],"author":[{"embeddable":true,"href":"https:\/\/europeanmoving.co.uk\/de\/wp-json\/wp\/v2\/users\/13"}],"replies":[{"embeddable":true,"href":"https:\/\/europeanmoving.co.uk\/de\/wp-json\/wp\/v2\/comments?post=8471"}],"version-history":[{"count":8,"href":"https:\/\/europeanmoving.co.uk\/de\/wp-json\/wp\/v2\/pages\/8471\/revisions"}],"predecessor-version":[{"id":22063,"href":"https:\/\/europeanmoving.co.uk\/de\/wp-json\/wp\/v2\/pages\/8471\/revisions\/22063"}],"wp:attachment":[{"href":"https:\/\/europeanmoving.co.uk\/de\/wp-json\/wp\/v2\/media?parent=8471"}],"wp:term":[{"taxonomy":"yst_prominent_words","embeddable":true,"href":"https:\/\/europeanmoving.co.uk\/de\/wp-json\/wp\/v2\/yst_prominent_words?post=8471"}],"curies":[{"name":"wp","href":"https:\/\/api.w.org\/{rel}","templated":true}]}}