{"id":8468,"date":"2018-08-09T10:53:01","date_gmt":"2018-08-09T10:53:01","guid":{"rendered":"https:\/\/europeanmoving.co.uk\/?page_id=8468"},"modified":"2020-09-17T09:24:13","modified_gmt":"2020-09-17T09:24:13","slug":"kurierdienste-innerhalb-europas-und-weltweit","status":"publish","type":"page","link":"https:\/\/europeanmoving.co.uk\/de\/kurierdienste-innerhalb-europas-und-weltweit\/","title":{"rendered":"Kurierdienste \u2013 innerhalb Europas und weltweit"},"content":{"rendered":"<h1 class=\"title-heading-left\"><strong><span>Europ\u00e4ischer und internationaler Kurierdienst<\/span><\/strong><\/h1>\n<p><strong><span>Der internationale Kurierdienst bietet eine schnelle und effiziente Zustellung Ihrer Waren und Pakete in ganz Europa.<\/span><\/strong><\/p>\n<p><span>Unser erfahrenes Team internationaler Kuriere arbeitet t\u00e4glich unerm\u00fcdlich in der gesamten EU.\u00a0Wir stellen sicher, dass wir die Fristen unserer Kunden jedes Mal effizient und p\u00fcnktlich einhalten.\u00a0Die Auswahl eines europ\u00e4ischen Kurierdienstes birgt das Potenzial f\u00fcr Entt\u00e4uschungen.<\/span><br \/>\n<span>Betrachten Sie die Logistik des Versands von Paketen und Produkten in die EU, wobei h\u00e4ufig viele Grenzen \u00fcberschritten werden, die Planungsalptr\u00e4ume aufdecken k\u00f6nnen.\u00a0Wenn Ihre Lieferung gesch\u00e4ftskritisch ist, m\u00fcssen Sie einen bew\u00e4hrten und zuverl\u00e4ssigen europ\u00e4ischen Kurier ausw\u00e4hlen, der \u00fcber die Erfahrung verf\u00fcgt, enge Zeitpl\u00e4ne vorzubereiten und zu liefern.<\/span><br \/>\n<span>Wir haben bedeutende Erfahrung in der Lieferung von Waren in der gesamten EU.\u00a0Von kleinen Paketen bis hin zu gr\u00f6\u00dferen unangenehmen Ladungen war unser internationaler Kurierdienst schon einmal dort.\u00a0Sie wissen zweifellos, wie sie die Lieferung zu einem kosteng\u00fcnstigen Preis effizient sicherstellen k\u00f6nnen.<\/span><br \/>\n<span>Wir sind Teil des internationalen Kuriernetzwerks in Gro\u00dfbritannien und der EU und nutzen nur die Dienste professioneller, zuverl\u00e4ssiger Lieferanten.\u00a0In der Tat sind unsere Fahrer intelligent, pr\u00e4sentabel und bieten erstklassigen Service.\u00a0Wenn Sie beispielsweise von Gro\u00dfbritannien aus starten, planen wir F\u00e4hr- oder Tunnel\u00fcberfahrten und maximieren die Effizienzm\u00f6glichkeiten, um Ihre Kosten niedrig zu halten.<\/span><\/p>\n<p><strong><span>Kontaktiere uns!<\/span><\/strong><\/p>\n<p><span>Unser europ\u00e4ischer Kurierdienst deckt alle Bereiche der EU ab.\u00a0Edinburgh nach Turin mag entmutigend aussehen, aber es ist ein wesentlicher Bestandteil unserer Arbeitswoche.\u00a0Das Angebot von Kurierdiensten nach Frankreich, Deutschland, Spanien, Italien, Ungarn, \u00d6sterreich, Portugal, Griechenland und allen EU-Mitgliedstaaten ist es unsere Priorit\u00e4t, Ihre Lieferung p\u00fcnktlich an ihren Bestimmungsort zu bringen.<\/span><br \/>\n<span>Unabh\u00e4ngig von der Gr\u00f6\u00dfe oder Form Ihrer EU-Kurierzustellung k\u00f6nnen Sie sich entspannen und wissen, dass wir dies h\u00f6chstwahrscheinlich schon einmal getan haben.\u00a0Gro\u00dfe und kleine Paketzustellung in die EU, einschlie\u00dflich Kartons, Flat-Pack-Artikeln, ung\u00fcnstigen Gr\u00f6\u00dfen und Formen, einschlie\u00dflich einiger kleinerer M\u00f6belst\u00fccke, Computer, Akten und Papiere. Ihre Zustellung erfolgt wie bei uns.<\/span><br \/>\n<span>F\u00fcr den ultimativen europ\u00e4ischen und internationalen Kurierdienst m\u00fcssen Sie nicht weiter suchen.\u00a0F\u00fcllen Sie auf jeden Fall unser Anfrageformular aus oder rufen Sie uns an.\u00a0Wir werden uns umgehend mit dem bestm\u00f6glichen Preis f\u00fcr Ihren EU-Paketzustelldienst bei Ihnen melden.<\/span><\/p>\n","protected":false},"excerpt":{"rendered":"<p>Europ\u00e4ischer und internationaler Kurierdienst Der internationale Kurierdienst bietet eine schnelle und effiziente Zustellung Ihrer Waren und Pakete in ganz Europa. Unser erfahrenes Team internationaler Kuriere arbeitet t\u00e4glich unerm\u00fcdlich in der gesamten EU.\u00a0Wir stellen sicher, dass wir die Fristen unserer Kunden jedes Mal effizient und p\u00fcnktlich einhalten.\u00a0Die Auswahl eines europ\u00e4ischen Kurierdienstes birgt das Potenzial f\u00fcr Entt\u00e4uschungen. [&hellip;]<\/p>\n","protected":false},"author":13,"featured_media":0,"parent":0,"menu_order":0,"comment_status":"closed","ping_status":"closed","template":"","meta":[],"yst_prominent_words":[9458,5911,6005,6885,6008,5851,5802,96,6884,6019,14995,10436,6101,5844,9494,6759,5852,5910,6020],"_links":{"self":[{"href":"https:\/\/europeanmoving.co.uk\/de\/wp-json\/wp\/v2\/pages\/8468"}],"collection":[{"href":"https:\/\/europeanmoving.co.uk\/de\/wp-json\/wp\/v2\/pages"}],"about":[{"href":"https:\/\/europeanmoving.co.uk\/de\/wp-json\/wp\/v2\/types\/page"}],"author":[{"embeddable":true,"href":"https:\/\/europeanmoving.co.uk\/de\/wp-json\/wp\/v2\/users\/13"}],"replies":[{"embeddable":true,"href":"https:\/\/europeanmoving.co.uk\/de\/wp-json\/wp\/v2\/comments?post=8468"}],"version-history":[{"count":3,"href":"https:\/\/europeanmoving.co.uk\/de\/wp-json\/wp\/v2\/pages\/8468\/revisions"}],"predecessor-version":[{"id":22057,"href":"https:\/\/europeanmoving.co.uk\/de\/wp-json\/wp\/v2\/pages\/8468\/revisions\/22057"}],"wp:attachment":[{"href":"https:\/\/europeanmoving.co.uk\/de\/wp-json\/wp\/v2\/media?parent=8468"}],"wp:term":[{"taxonomy":"yst_prominent_words","embeddable":true,"href":"https:\/\/europeanmoving.co.uk\/de\/wp-json\/wp\/v2\/yst_prominent_words?post=8468"}],"curies":[{"name":"wp","href":"https:\/\/api.w.org\/{rel}","templated":true}]}}