{"id":8464,"date":"2018-08-09T10:46:18","date_gmt":"2018-08-09T10:46:18","guid":{"rendered":"https:\/\/europeanmoving.co.uk\/?page_id=8464"},"modified":"2020-09-17T09:44:22","modified_gmt":"2020-09-17T09:44:22","slug":"lieferung-und-transport-von-europaeischen-badezimmerausruestungen","status":"publish","type":"page","link":"https:\/\/europeanmoving.co.uk\/de\/lieferung-und-transport-von-europaeischen-badezimmerausruestungen\/","title":{"rendered":"Lieferung und Transport von europ\u00e4ischen Badezimmerausr\u00fcstungen"},"content":{"rendered":"<h1 class=\"title-heading-left\"><strong><span>Europ\u00e4ische Badezimmer Lieferung und Transport<\/span><\/strong><\/h1>\n<p><span>Die Lieferung und der Transport von Badezimmern in Europa sind eine der h\u00e4ufigsten Arten von Waren, die regelm\u00e4\u00dfig in der EU transportiert werden.\u00a0Die Kosten h\u00e4ngen von der Art des Materials, dem Gewicht und der Entfernung zum Ziel ab.\u00a0Europ\u00e4ische Transporter- und Personendienste werden in der gesamten EU angeboten.\u00a0Badmaterialien erfordern einen sicheren und effizienten Transport, egal ob f\u00fcr eine Kurzreise oder eine Fernreise.\u00a0Wir haben gro\u00dfe Erfahrung mit dem Umzug von Badezimmern und Badm\u00f6beln in der gesamten EU, von und nach Gro\u00dfbritannien nach und von Europa.<\/span><\/p>\n<p><span>Wir freuen uns \u00fcber Anfragen von Badherstellern, die die Dienste eines europ\u00e4ischen Badkuriers ben\u00f6tigen, der f\u00fcr die Bef\u00f6rderung dieser oft zerbrechlichen und gro\u00dfen Lasten zust\u00e4ndig ist.\u00a0Wenn Sie Ihre Badm\u00f6bel in ein europ\u00e4isches Lager oder direkt zu Einzelh\u00e4ndlern in der EU oder Gro\u00dfbritannien transportieren m\u00fcssen, verf\u00fcgen wir \u00fcber die Erfahrung und das Wissen, um eine sichere und p\u00fcnktliche Lieferung \u00fcberall in der EU zu gew\u00e4hrleisten.\u00a0Einige Beispiele, aber nicht beschr\u00e4nkt auf, wo wir abholen, sind unten:<\/span><\/p>\n<ul class=\"list-with-tick col4\">\n<li><span>B n Q.<\/span><\/li>\n<li><span>Heimatbasis<\/span><\/li>\n<li><span>Hasen<\/span><\/li>\n<li><span>Wickes<\/span><\/li>\n<\/ul>\n<p><span>Eine Spezialit\u00e4t sind auch Privatpersonen, die Badm\u00f6bel ben\u00f6tigen, die von, nach oder innerhalb der EU transportiert werden.\u00a0Wir haben B\u00e4der, Waschbecken, Toiletten und Duscheinheiten in ganz Europa verlegt, darunter in Deutschland, Spanien, Finnland, D\u00e4nemark, Holland, England, Italien, Frankreich, \u00d6sterreich, den Kanarischen Inseln, Griechenland und den griechischen Inseln sowie in den \u00fcbrigen EU-L\u00e4ndern.<\/span><br \/>\n<span>Kleine oder gro\u00dfe Ladungen von Badm\u00f6belherstellern, die ihre Waren in und aus Europa transportieren m\u00fcssen, sind willkommen.\u00a0Wir verstehen die Logistik des Transports von Badezimmern in ganz Europa, die nicht nur den tats\u00e4chlichen Transport, sondern auch das Verpacken dieser empfindlichen Gegenst\u00e4nde, das Be- und Entladen mit gro\u00dfer Sorgfalt umfasst, um sicherzustellen, dass die Badm\u00f6bel w\u00e4hrend des Transports nicht besch\u00e4digt oder zerkratzt werden.<\/span><\/p>\n<p><strong><span>In Kontakt kommen!<\/span><\/strong><\/p>\n<p><span>Internet-H\u00e4ndler, die einen zuverl\u00e4ssigen und kosteng\u00fcnstigen europ\u00e4ischen Badkurier suchen, m\u00fcssen nicht weiter suchen.\u00a0Wir k\u00f6nnen wettbewerbsf\u00e4hige Badezimmerlieferpreise anbieten.\u00a0Wir haben auch ein ausgereiftes und sicheres Lagernetz in der gesamten EU.\u00a0Es bietet eine kosteng\u00fcnstige Aufbewahrung von Badm\u00f6beln nach Bedarf.\u00a0Oft werden Badm\u00f6bel verkauft, aber nicht sofort ben\u00f6tigt.\u00a0Es kann kosteng\u00fcnstig sein, die B\u00e4der, Waschbecken, Duschen und anderen Badezimmerm\u00f6bel von der Fabrik oder dem Einzelhandelsbereich in europ\u00e4ische Badezimmerlager zu bringen, die zur Kommissionierung, Verladung und Lieferung direkt an Einzelh\u00e4ndler oder Kunden in ganz Europa und Gro\u00dfbritannien bereit sind.<\/span><\/p>\n<p><strong><span>Wenden Sie sich an European Moving, um einen kosteng\u00fcnstigen Kurierdienst f\u00fcr Badezimmer in ganz Europa und der EU zu erhalten.<\/span><\/strong><\/p>\n","protected":false},"excerpt":{"rendered":"<p>Europ\u00e4ische Badezimmer Lieferung und Transport Die Lieferung und der Transport von Badezimmern in Europa sind eine der h\u00e4ufigsten Arten von Waren, die regelm\u00e4\u00dfig in der EU transportiert werden.\u00a0Die Kosten h\u00e4ngen von der Art des Materials, dem Gewicht und der Entfernung zum Ziel ab.\u00a0Europ\u00e4ische Transporter- und Personendienste werden in der gesamten EU angeboten.\u00a0Badmaterialien erfordern einen sicheren [&hellip;]<\/p>\n","protected":false},"author":13,"featured_media":0,"parent":0,"menu_order":0,"comment_status":"closed","ping_status":"closed","template":"","meta":[],"yst_prominent_words":[6005,15001,6885,6008,5870,15002,6884,6010,5811,6009,6505,5820],"_links":{"self":[{"href":"https:\/\/europeanmoving.co.uk\/de\/wp-json\/wp\/v2\/pages\/8464"}],"collection":[{"href":"https:\/\/europeanmoving.co.uk\/de\/wp-json\/wp\/v2\/pages"}],"about":[{"href":"https:\/\/europeanmoving.co.uk\/de\/wp-json\/wp\/v2\/types\/page"}],"author":[{"embeddable":true,"href":"https:\/\/europeanmoving.co.uk\/de\/wp-json\/wp\/v2\/users\/13"}],"replies":[{"embeddable":true,"href":"https:\/\/europeanmoving.co.uk\/de\/wp-json\/wp\/v2\/comments?post=8464"}],"version-history":[{"count":3,"href":"https:\/\/europeanmoving.co.uk\/de\/wp-json\/wp\/v2\/pages\/8464\/revisions"}],"predecessor-version":[{"id":22072,"href":"https:\/\/europeanmoving.co.uk\/de\/wp-json\/wp\/v2\/pages\/8464\/revisions\/22072"}],"wp:attachment":[{"href":"https:\/\/europeanmoving.co.uk\/de\/wp-json\/wp\/v2\/media?parent=8464"}],"wp:term":[{"taxonomy":"yst_prominent_words","embeddable":true,"href":"https:\/\/europeanmoving.co.uk\/de\/wp-json\/wp\/v2\/yst_prominent_words?post=8464"}],"curies":[{"name":"wp","href":"https:\/\/api.w.org\/{rel}","templated":true}]}}