{"id":8454,"date":"2018-08-09T10:33:58","date_gmt":"2018-08-09T10:33:58","guid":{"rendered":"https:\/\/europeanmoving.co.uk\/?page_id=8454"},"modified":"2020-09-17T09:13:34","modified_gmt":"2020-09-17T09:13:34","slug":"europaeische-versanddienstspezialisten","status":"publish","type":"page","link":"https:\/\/europeanmoving.co.uk\/de\/europaeische-versanddienstspezialisten\/","title":{"rendered":"Europ\u00e4ischer Versand"},"content":{"rendered":"<h1 class=\"title-heading-left\"><strong><span>Europ\u00e4ischer und internationaler Seeverkehr<\/span><\/strong><\/h1>\n<p><strong><span>Unser engagiertes internationales Seeverkehrsteam<\/span><\/strong><\/p>\n<p><span>Bei European Moving haben wir ein eigenes europ\u00e4isches und internationales Seeverkehrsteam, das auf dem Schwarzen Meer &#8211; Port Varna basiert.\u00a0Unsere bedeutende Erfahrung im europ\u00e4ischen Seeverkehr f\u00fcr Voll- oder Teilcontainer erstreckt sich auf folgende Bereiche:<\/span><\/p>\n<ul class=\"list-with-tick fullCol\">\n<li><span>Die griechischen Inseln: Kreta, Eub\u00f6a, Lesbos, Rhodos, Ch\u00edos, Kefalonia, Korfu, Lemnos, Samos, Naxos, Zakynthos, Thassos, Andros, Lefkada, Karpathos, Kos, Kythira, Icaria, Skyros, Paros, Tinos, Samothrake, Milos, Kea, Amorgos, Kalymnos, Ios, Kythnos, Astypalaia, Ithaca und alle anderen auf Anfrage und je nach Verf\u00fcgbarkeit.<\/span><\/li>\n<li><span>Die Balkanl\u00e4nder: Albanien, Bulgarien, Bosnien und Herzegowina, Kosovo, Mazedonien, Serbien, Kroatien und Montenegro.<\/span><\/li>\n<li><span>Forma Sowjetstaaten: Armenien, Aserbaidschan, Georgien, Wei\u00dfrussland, Moldawien und die Ukraine.<\/span><\/li>\n<li><span>Die Kanarischen Inseln: El Hierro, Fuerteventura, Gran Canaria, La Gomera, Lanzarote, Chinijo-Archipel, La Palma, Teneriffa.<\/span><\/li>\n<li><span>T\u00fcrkei und Inseln<\/span><\/li>\n<li><span>Hauptinseln von Maderia<\/span><\/li>\n<li><span>Hauptinseln der Azuren<\/span><\/li>\n<\/ul>\n<p><img src=\"https:\/\/europeanmoving.im\/wp-content\/uploads\/2018\/07\/Marine.jpeg\" \/><\/p>\n<h2><strong><span>In Kontakt kommen<\/span><\/strong><\/h2>\n<p><span>Das Durchqueren der europ\u00e4ischen Meere kann ein logistischer Albtraum sein, stellt jedoch h\u00e4ufig auch eine kosteng\u00fcnstige Alternative zu europaweiten Landreisen dar.\u00a0Wir passen unsere internationalen Seetransporte mit Liebe zum Detail und sorgf\u00e4ltiger Organisation an einzelne Kunden an.\u00a0Unsere Mitarbeiter sind auf internationalen Versand, Export und Umzug spezialisiert.\u00a0Egal, ob Sie einen Umzug oder eine Teilladung haben, wir k\u00f6nnen einen Service anbieten, der Ihren Anforderungen entspricht.\u00a0Der Seetransport mit Voll- und Teilladung durch Europa ist das einzige, was unser Spezialistenteam in Varna tut.\u00a0Folglich k\u00f6nnen Sie sicher sein, dass unsere Erfahrung Ihren Anforderungen zugute kommt.\u00a0Es gibt nicht viel, was wir in diesem Sektor nicht getan haben, und wir k\u00f6nnen alle Fragen beantworten, die Sie zum europ\u00e4ischen Seeverkehr haben und wie wir helfen k\u00f6nnen.\u00a0Was auch immer Sie in ganz Europa bewegen und wohin Sie auch ziehen,\u00a0Sie brauchen Ruhe.\u00a0Wenn Sie einen Versand ben\u00f6tigen, ist dies noch schwieriger und Sie ben\u00f6tigen einen Spezialisten, der Sie unterst\u00fctzt.\u00a0Wir helfen Unternehmen in ganz Europa jeden Tag.\u00a0Wenn Sie ein Angebot f\u00fcr einen der Orte w\u00fcnschen, wenden Sie sich bitte \u00fcber das Kontaktformular an unser europ\u00e4isches Seeverkehrsteam.<\/span><\/p>\n","protected":false},"excerpt":{"rendered":"<p>Europ\u00e4ischer und internationaler Seeverkehr Unser engagiertes internationales Seeverkehrsteam Bei European Moving haben wir ein eigenes europ\u00e4isches und internationales Seeverkehrsteam, das auf dem Schwarzen Meer &#8211; Port Varna basiert.\u00a0Unsere bedeutende Erfahrung im europ\u00e4ischen Seeverkehr f\u00fcr Voll- oder Teilcontainer erstreckt sich auf folgende Bereiche: Die griechischen Inseln: Kreta, Eub\u00f6a, Lesbos, Rhodos, Ch\u00edos, Kefalonia, Korfu, Lemnos, Samos, Naxos, [&hellip;]<\/p>\n","protected":false},"author":13,"featured_media":0,"parent":0,"menu_order":0,"comment_status":"closed","ping_status":"closed","template":"","meta":[],"yst_prominent_words":[6373,6225,5911,5851,6758,5870,6278,6763,6765,6264,6513,6777,5942,5910,6770,6764],"_links":{"self":[{"href":"https:\/\/europeanmoving.co.uk\/de\/wp-json\/wp\/v2\/pages\/8454"}],"collection":[{"href":"https:\/\/europeanmoving.co.uk\/de\/wp-json\/wp\/v2\/pages"}],"about":[{"href":"https:\/\/europeanmoving.co.uk\/de\/wp-json\/wp\/v2\/types\/page"}],"author":[{"embeddable":true,"href":"https:\/\/europeanmoving.co.uk\/de\/wp-json\/wp\/v2\/users\/13"}],"replies":[{"embeddable":true,"href":"https:\/\/europeanmoving.co.uk\/de\/wp-json\/wp\/v2\/comments?post=8454"}],"version-history":[{"count":10,"href":"https:\/\/europeanmoving.co.uk\/de\/wp-json\/wp\/v2\/pages\/8454\/revisions"}],"predecessor-version":[{"id":22049,"href":"https:\/\/europeanmoving.co.uk\/de\/wp-json\/wp\/v2\/pages\/8454\/revisions\/22049"}],"wp:attachment":[{"href":"https:\/\/europeanmoving.co.uk\/de\/wp-json\/wp\/v2\/media?parent=8454"}],"wp:term":[{"taxonomy":"yst_prominent_words","embeddable":true,"href":"https:\/\/europeanmoving.co.uk\/de\/wp-json\/wp\/v2\/yst_prominent_words?post=8454"}],"curies":[{"name":"wp","href":"https:\/\/api.w.org\/{rel}","templated":true}]}}