{"id":8450,"date":"2018-08-09T10:19:13","date_gmt":"2018-08-09T10:19:13","guid":{"rendered":"https:\/\/europeanmoving.co.uk\/?page_id=8450"},"modified":"2020-09-17T10:17:40","modified_gmt":"2020-09-17T10:17:40","slug":"van-and-man-umzuege-innerhalb-europas-und-weltweit","status":"publish","type":"page","link":"https:\/\/europeanmoving.co.uk\/de\/van-and-man-umzuege-innerhalb-europas-und-weltweit\/","title":{"rendered":"Europ\u00e4ische und britische Express Lieferwagen und LKWs"},"content":{"rendered":"<h2><strong><span>Europ\u00e4ische und britische Express-Lieferwagen und LKWs<\/span><\/strong><\/h2>\n<p><span>Wenn Sie in Europa ans\u00e4ssig sind und einen europ\u00e4ischen und britischen Express-Transporter- und LKW-Service suchen, sind Sie hier genau richtig.\u00a0Solche Dienstleistungen sind unsere Spezialit\u00e4t.\u00a0Nachdem wir solide Partnerschaften mit Speditionen auf dem gesamten Kontinent aufgebaut haben, k\u00f6nnen wir innerhalb von zwei Stunden von den meisten europ\u00e4ischen St\u00e4dten aus laden.\u00a0Kein Wunder, dass sich so viele auf uns verlassen, um ihre internationalen Umz\u00fcge abzuschlie\u00dfen.<\/span><br \/>\n<span>In der Welt der Fernschifffahrt ist Zeit alles.\u00a0Eine einzelne versp\u00e4tete oder vers\u00e4umte Lieferung kann Auswirkungen haben, die sich \u00fcber Monate hinweg bemerkbar machen.\u00a0Unser Express-Lieferservice sch\u00fctzt diese M\u00f6glichkeit auf zwei wichtige Arten.<\/span><br \/>\n<span>Erstens bieten wir einen speziellen Service, der nur f\u00fcr Sie und Ihre Waren reserviert ist.\u00a0Auf diese Weise k\u00f6nnen wir Zick-Zack-Bewegungen auf dem Weg zu unserem Ziel vermeiden.\u00a0Stattdessen f\u00e4hrt Ihr Fahrer so direkt wie m\u00f6glich fort.<\/span><br \/>\n<span>Zweitens profitieren unsere Fahrer von der europ\u00e4ischen Satellitennavigation und k\u00f6nnen die schnellste Route nehmen, um Verkehrsprobleme auf dem Weg zu vermeiden.\u00a0Auf diese Weise k\u00f6nnen wir Sie auch \u00fcber den Fortschritt Ihres Fahrzeugs w\u00e4hrend der gesamten Fahrt auf dem Laufenden halten.<\/span><\/p>\n<h2><strong><span>Express Vans und Trucks<\/span><\/strong><\/h2>\n<p><span>Unsere Express-Transporter und LKWs sind meistens vorhangseitig.\u00a0Wenn Sie jedoch eine hochwertige Ladung haben, die transportiert werden muss, k\u00f6nnen wir ein Kastenfahrzeug mit einer Ladebordwand ausstatten.\u00a0Egal, ob es sich um einen Computerbestand eines ganzen B\u00fcros oder um ein einzelnes wertvolles \u00d6lgem\u00e4lde handelt.\u00a0Wir haben die Ressourcen, um es \u00fcberall in Europa zu versenden.<\/span><br \/>\n<span>Wir f\u00fchren seit 2010 europ\u00e4ische Umz\u00fcge durch und haben seitdem einen betr\u00e4chtlichen Erfahrungspool aufgebaut.\u00a0Einfach ausgedr\u00fcckt, wir haben nahezu jedes Problem auf europ\u00e4ischen Stra\u00dfen gesehen und angegangen, und wir k\u00f6nnen uns darauf verlassen, dass wir Ihre Waren so geradlinig wie m\u00f6glich dorthin bringen, wo sie sein m\u00fcssen.<\/span><br \/>\n<span>Wenn Sie unseren Service f\u00fcr Express-Transporter und LKWs in Europa und Gro\u00dfbritannien nutzen m\u00f6chten, setzen Sie sich mit uns in Verbindung.\u00a0Wenn Sie Ihre Artikel \u00fcberall auf dem Kontinent mitnehmen m\u00fcssen, besprechen wir Ihre Anforderungen und arrangieren eine Expresslieferung, um die Arbeit direkt zu erledigen.<\/span><\/p>\n","protected":false},"excerpt":{"rendered":"<p>Europ\u00e4ische und britische Express-Lieferwagen und LKWs Wenn Sie in Europa ans\u00e4ssig sind und einen europ\u00e4ischen und britischen Express-Transporter- und LKW-Service suchen, sind Sie hier genau richtig.\u00a0Solche Dienstleistungen sind unsere Spezialit\u00e4t.\u00a0Nachdem wir solide Partnerschaften mit Speditionen auf dem gesamten Kontinent aufgebaut haben, k\u00f6nnen wir innerhalb von zwei Stunden von den meisten europ\u00e4ischen St\u00e4dten aus laden.\u00a0Kein Wunder, [&hellip;]<\/p>\n","protected":false},"author":13,"featured_media":0,"parent":0,"menu_order":0,"comment_status":"closed","ping_status":"closed","template":"","meta":[],"yst_prominent_words":[6775,5844,5942],"_links":{"self":[{"href":"https:\/\/europeanmoving.co.uk\/de\/wp-json\/wp\/v2\/pages\/8450"}],"collection":[{"href":"https:\/\/europeanmoving.co.uk\/de\/wp-json\/wp\/v2\/pages"}],"about":[{"href":"https:\/\/europeanmoving.co.uk\/de\/wp-json\/wp\/v2\/types\/page"}],"author":[{"embeddable":true,"href":"https:\/\/europeanmoving.co.uk\/de\/wp-json\/wp\/v2\/users\/13"}],"replies":[{"embeddable":true,"href":"https:\/\/europeanmoving.co.uk\/de\/wp-json\/wp\/v2\/comments?post=8450"}],"version-history":[{"count":2,"href":"https:\/\/europeanmoving.co.uk\/de\/wp-json\/wp\/v2\/pages\/8450\/revisions"}],"predecessor-version":[{"id":22100,"href":"https:\/\/europeanmoving.co.uk\/de\/wp-json\/wp\/v2\/pages\/8450\/revisions\/22100"}],"wp:attachment":[{"href":"https:\/\/europeanmoving.co.uk\/de\/wp-json\/wp\/v2\/media?parent=8450"}],"wp:term":[{"taxonomy":"yst_prominent_words","embeddable":true,"href":"https:\/\/europeanmoving.co.uk\/de\/wp-json\/wp\/v2\/yst_prominent_words?post=8450"}],"curies":[{"name":"wp","href":"https:\/\/api.w.org\/{rel}","templated":true}]}}