{"id":8444,"date":"2018-08-09T10:14:06","date_gmt":"2018-08-09T10:14:06","guid":{"rendered":"https:\/\/europeanmoving.co.uk\/?page_id=8444"},"modified":"2020-09-17T10:09:30","modified_gmt":"2020-09-17T10:09:30","slug":"europaeisches-paletten-und-sammelgutnetzwerk","status":"publish","type":"page","link":"https:\/\/europeanmoving.co.uk\/de\/europaeisches-paletten-und-sammelgutnetzwerk\/","title":{"rendered":"Europ\u00e4isches Paletten- und Sammelgutnetzwerk"},"content":{"rendered":"<h1 class=\"title-heading-left\"><strong><span>Europ\u00e4isches Netzwerk f\u00fcr Paletten und Sammelgut<\/span><\/strong><\/h1>\n<p><span>Der Versand stellt f\u00fcr Millionen europ\u00e4ischer Unternehmen einen erheblichen Aufwand dar.\u00a0Mit Hilfe unseres europ\u00e4ischen Paletten- und Gruppennetzwerks bieten wir eine Reihe von Dienstleistungen an, um diese Kosten zu decken.<\/span><\/p>\n<p><img src=\"https:\/\/europeanmoving.im\/wp-content\/uploads\/2018\/07\/pallets-transport.jpg\" \/><\/p>\n<p><span>Groupage ist ein solcher Dienst.\u00a0Durch das Verpacken kleinerer Ladungen in einer einzigen Sendung k\u00f6nnen wir internationale Umz\u00fcge anbieten, die wirtschaftlicher und umweltfreundlicher sind.\u00a0Sammelgut ist eine sinnvolle Option f\u00fcr kleinere Sendungen, die einen ganzen LKW nicht f\u00fcr sich rechtfertigen k\u00f6nnen.\u00a0Dadurch k\u00f6nnen gr\u00f6\u00dfere Ladungen in kleinere aufgeteilt werden, ohne dass zus\u00e4tzliche LKWs das Depot verlassen m\u00fcssen.<\/span><br \/>\n<span>Eine effektive Gruppierung erfordert eine ausgefeilte Koordination, wie sie nur mit Erfahrung verbunden ist.\u00a0Wir haben unsere Methoden im Laufe von acht Jahren verfeinert und Waren in ganz Europa transportiert.\u00a0Mit einem europ\u00e4ischen Paletten- und Gruppennetzwerk vertrauensw\u00fcrdiger Partner k\u00f6nnen wir alles pr\u00e4zise orchestrieren.\u00a0Sendungen werden durch reibungslose Hubs zu ihren Zielen gef\u00fchrt.<\/span><\/p>\n<h2><strong><span>Die Revolution der Lagerung<\/span><\/strong><\/h2>\n<p><span>Stapelbare Paletten sind seit der Entwicklung des Gabelstaplers Mitte des 20. Jahrhunderts in ihrer jetzigen Form bei uns.\u00a0Sie finden zunehmend Verwendung im Verbrauchersektor sowie in ihrer traditionellen Business-to-Business-Innovation.<\/span><br \/>\n<span>Die Palette hat die Lagerung und Lagerung revolutioniert, sodass auch die schwersten Gegenst\u00e4nde vertikal angehoben werden k\u00f6nnen.\u00a0Mit Hilfe eines speziellen Gabelstaplers oder eines Heckhebers, der am Heck eines Lastwagens montiert ist.\u00a0Egal, ob Sie eine oder f\u00fcnfhundert Paletten versenden m\u00f6chten, wir k\u00f6nnen sie \u00fcberall in Europa hinbringen, wo Sie sie ben\u00f6tigen.<\/span><br \/>\n<span>Wenn Sie etwas besonders Wertvolles oder Zerbrechliches versenden, k\u00f6nnen wir einen direkten Service anbieten, der die Handhabung minimiert und vor m\u00f6glichen versehentlichen Sch\u00e4den sch\u00fctzt.\u00a0Egal wie einfach oder komplex Ihre Versandanforderungen sind, wir haben einen Service, der diese erf\u00fcllen kann.\u00a0Dar\u00fcber hinaus helfen und beraten unsere erfahrenen Mitarbeiter gerne, um das beste Ergebnis zu erzielen.\u00a0Nehmen Sie Kontakt mit unserem B\u00fcro auf und sehen Sie, was unser europ\u00e4ischer Umzugsservice f\u00fcr Sie tun kann.<\/span><\/p>\n","protected":false},"excerpt":{"rendered":"<p>Europ\u00e4isches Netzwerk f\u00fcr Paletten und Sammelgut Der Versand stellt f\u00fcr Millionen europ\u00e4ischer Unternehmen einen erheblichen Aufwand dar.\u00a0Mit Hilfe unseres europ\u00e4ischen Paletten- und Gruppennetzwerks bieten wir eine Reihe von Dienstleistungen an, um diese Kosten zu decken. Groupage ist ein solcher Dienst.\u00a0Durch das Verpacken kleinerer Ladungen in einer einzigen Sendung k\u00f6nnen wir internationale Umz\u00fcge anbieten, die wirtschaftlicher [&hellip;]<\/p>\n","protected":false},"author":13,"featured_media":0,"parent":0,"menu_order":0,"comment_status":"closed","ping_status":"closed","template":"","meta":[],"yst_prominent_words":[6225,5911,5851,6263,6758,6879,6877,5906,5935,6264,6775,6219,5847,6882,6878,5807,5910,5820,6020],"_links":{"self":[{"href":"https:\/\/europeanmoving.co.uk\/de\/wp-json\/wp\/v2\/pages\/8444"}],"collection":[{"href":"https:\/\/europeanmoving.co.uk\/de\/wp-json\/wp\/v2\/pages"}],"about":[{"href":"https:\/\/europeanmoving.co.uk\/de\/wp-json\/wp\/v2\/types\/page"}],"author":[{"embeddable":true,"href":"https:\/\/europeanmoving.co.uk\/de\/wp-json\/wp\/v2\/users\/13"}],"replies":[{"embeddable":true,"href":"https:\/\/europeanmoving.co.uk\/de\/wp-json\/wp\/v2\/comments?post=8444"}],"version-history":[{"count":7,"href":"https:\/\/europeanmoving.co.uk\/de\/wp-json\/wp\/v2\/pages\/8444\/revisions"}],"predecessor-version":[{"id":22093,"href":"https:\/\/europeanmoving.co.uk\/de\/wp-json\/wp\/v2\/pages\/8444\/revisions\/22093"}],"wp:attachment":[{"href":"https:\/\/europeanmoving.co.uk\/de\/wp-json\/wp\/v2\/media?parent=8444"}],"wp:term":[{"taxonomy":"yst_prominent_words","embeddable":true,"href":"https:\/\/europeanmoving.co.uk\/de\/wp-json\/wp\/v2\/yst_prominent_words?post=8444"}],"curies":[{"name":"wp","href":"https:\/\/api.w.org\/{rel}","templated":true}]}}