{"id":8442,"date":"2018-08-09T10:11:58","date_gmt":"2018-08-09T10:11:58","guid":{"rendered":"https:\/\/europeanmoving.co.uk\/?page_id=8442"},"modified":"2020-09-17T10:27:48","modified_gmt":"2020-09-17T10:27:48","slug":"logistische-dienste","status":"publish","type":"page","link":"https:\/\/europeanmoving.co.uk\/de\/logistische-dienste\/","title":{"rendered":"Logistische Dienste &#8211; in Europa und weltweit"},"content":{"rendered":"<h2><strong><span>Europ\u00e4ische und internationale Logistik- und Transportdienstleistungen<\/span><\/strong><\/h2>\n<p><span>Wir verstehen, dass Ihre oberste Priorit\u00e4t darin besteht, Ihre Waren p\u00fcnktlich und vollst\u00e4ndig zu Ihren Kunden zu bringen.\u00a0Wir bieten ein umfassendes Spektrum an Transportlogistikl\u00f6sungen, um Ihnen die Flexibilit\u00e4t zu gew\u00e4hrleisten, unterschiedlich gro\u00dfe Ladungsgr\u00f6\u00dfen zu versenden, ohne einen neuen Anbieter finden zu m\u00fcssen.\u00a0Unsere Transportlogistikdienstleistungen umfassen Vertragsverteilung, Ad-hoc-Transport, Sammelgut, Heckliftlieferungen, Doppeldeckanh\u00e4nger, R\u00fcckw\u00e4rtslogistik, vorhangseitige Fahrzeuge, Lieferung am n\u00e4chsten Tag, zeitgesteuerte Lieferungen, Lieferungen am Morgen oder nachmittags.\u00a0Sie k\u00f6nnen sicher sein, dass wir Ihre Artikel unabh\u00e4ngig von ihrer Gr\u00f6\u00dfe liefern k\u00f6nnen.\u00a0Wir laden Sie ein, uns um Rat bei der Auswahl der richtigen L\u00f6sung zu bitten.\u00a0Unser Transportteam, das \u00fcber mehr als 12 Jahre Erfahrung verf\u00fcgt, hilft Ihnen gerne weiter.\u00a0Unsere Partnergruppe ist national in Gro\u00dfbritannien t\u00e4tig und liefert sowohl Voll- als auch Teilladungen und konsolidierte Lasten.<\/span><\/p>\n","protected":false},"excerpt":{"rendered":"<p>Europ\u00e4ische und internationale Logistik- und Transportdienstleistungen Wir verstehen, dass Ihre oberste Priorit\u00e4t darin besteht, Ihre Waren p\u00fcnktlich und vollst\u00e4ndig zu Ihren Kunden zu bringen.\u00a0Wir bieten ein umfassendes Spektrum an Transportlogistikl\u00f6sungen, um Ihnen die Flexibilit\u00e4t zu gew\u00e4hrleisten, unterschiedlich gro\u00dfe Ladungsgr\u00f6\u00dfen zu versenden, ohne einen neuen Anbieter finden zu m\u00fcssen.\u00a0Unsere Transportlogistikdienstleistungen umfassen Vertragsverteilung, Ad-hoc-Transport, Sammelgut, Heckliftlieferungen, Doppeldeckanh\u00e4nger, [&hellip;]<\/p>\n","protected":false},"author":13,"featured_media":0,"parent":0,"menu_order":0,"comment_status":"closed","ping_status":"closed","template":"","meta":[],"yst_prominent_words":[6407,6484,5911,6224,6498,5908,6264,5844,6410,5807,6777,5910,6020],"_links":{"self":[{"href":"https:\/\/europeanmoving.co.uk\/de\/wp-json\/wp\/v2\/pages\/8442"}],"collection":[{"href":"https:\/\/europeanmoving.co.uk\/de\/wp-json\/wp\/v2\/pages"}],"about":[{"href":"https:\/\/europeanmoving.co.uk\/de\/wp-json\/wp\/v2\/types\/page"}],"author":[{"embeddable":true,"href":"https:\/\/europeanmoving.co.uk\/de\/wp-json\/wp\/v2\/users\/13"}],"replies":[{"embeddable":true,"href":"https:\/\/europeanmoving.co.uk\/de\/wp-json\/wp\/v2\/comments?post=8442"}],"version-history":[{"count":2,"href":"https:\/\/europeanmoving.co.uk\/de\/wp-json\/wp\/v2\/pages\/8442\/revisions"}],"predecessor-version":[{"id":22107,"href":"https:\/\/europeanmoving.co.uk\/de\/wp-json\/wp\/v2\/pages\/8442\/revisions\/22107"}],"wp:attachment":[{"href":"https:\/\/europeanmoving.co.uk\/de\/wp-json\/wp\/v2\/media?parent=8442"}],"wp:term":[{"taxonomy":"yst_prominent_words","embeddable":true,"href":"https:\/\/europeanmoving.co.uk\/de\/wp-json\/wp\/v2\/yst_prominent_words?post=8442"}],"curies":[{"name":"wp","href":"https:\/\/api.w.org\/{rel}","templated":true}]}}