{"id":8378,"date":"2018-08-09T08:33:06","date_gmt":"2018-08-09T08:33:06","guid":{"rendered":"https:\/\/europeanmoving.co.uk\/?page_id=8378"},"modified":"2020-09-16T17:45:00","modified_gmt":"2020-09-16T17:45:00","slug":"transport-von-autos-in-europa","status":"publish","type":"page","link":"https:\/\/europeanmoving.co.uk\/de\/transport-von-autos-in-europa\/","title":{"rendered":"Transport von Autos in Europa"},"content":{"rendered":"<h1 class=\"title-heading-left\"><strong><span>Europ\u00e4ischer Autoteileverkehr<\/span><\/strong><\/h1>\n<p><span>Der europ\u00e4ische Transport von Autoteilen stellt einen wachsenden Markt dar, da sich die Nachfrage nach gebrauchten Teilen von Ihrem \u00f6rtlichen Schrottplatz auf einen europaweiten Markt verlagert hat.<\/span><\/p>\n<h2><strong><span>Europ\u00e4ischer Autoteileverkehr: Wozu?<\/span><\/strong><\/h2>\n<p><span>Unsere Abh\u00e4ngigkeit von Kraftfahrzeugen &#8211; Autos, Fahrr\u00e4der, Lastwagen usw. &#8211; hat in den letzten 40 Jahren erheblich zugenommen.\u00a0Ihre Wartung ist jedoch auch spezialisierter und teurer.\u00a0Gl\u00fccklicherweise und nicht zuletzt dank bestimmter Online-Auktionsseiten war das Angebot an Teilen noch nie so umfangreich.\u00a0Das einzige Problem, das gel\u00f6st werden muss, ist das des Transports.<\/span><\/p>\n<p><span>Nat\u00fcrlich haben die meisten neuen Autoteileh\u00e4ndler und die gr\u00f6\u00dften Gebrauchtwarenh\u00e4ndler einen eigenen Kurierdienst.\u00a0Dies ist jedoch bei kleineren Anbietern und Privatpersonen kaum der Fall, die nach dem Kauf eines neuen Legierungssatzes ihre alten online verkaufen.<\/span><br \/>\n<span>Und hier setzt unser europ\u00e4ischer Transportservice f\u00fcr Autoteile an. Wir transportieren alle ben\u00f6tigten Teile zu Ihrem Standort.\u00a0Es wird sicher sein und zu einem Preis, den Sie m\u00f6gen werden.\u00a0Aber es gibt noch mehr!<\/span><\/p>\n<p><span>Sie k\u00f6nnten verkaufen statt kaufen.\u00a0Anstatt Ihren Markt auf Ihre Stadt zu beschr\u00e4nken, k\u00f6nnten Sie von der EU-Verordnung profitieren, in der es hei\u00dft:<\/span><br \/>\n<span>\u201eDie Waren, die in der Europ\u00e4ischen Union (EU) hergestellt oder mit Zollabgaben in ein EU-Land eingef\u00fchrt wurden, sind &#8218; im freien Verkehr \u201cinnerhalb der EU.\u00a0F\u00fcr den Erwerb (Import oder Kauf) von Waren, die sich im freien Verkehr befinden, wird keine Zollgeb\u00fchr erhoben. \u201c<\/span><br \/>\n<span>Mit anderen Worten, Sie k\u00f6nnen EU-weit verkaufen, wir k\u00fcmmern uns um Ihren internationalen Transport und Sie m\u00fcssen weder Steuern noch Abgaben zahlen.<\/span><\/p>\n<h2><strong><span>Europ\u00e4ischer Autoteileverkehr: Wie funktioniert das?<\/span><\/strong><\/h2>\n<p><span>Schnell und einfach.<\/span><br \/>\n<span>F\u00fcllen Sie einfach das Online-Formular aus oder rufen Sie uns an.\u00a0Unser engagiertes Team von Transportkoordinatoren nimmt Ihre Daten entgegen und unterbreitet Ihnen ein kostenloses Angebot f\u00fcr Ihre Anforderungen.\u00a0Unsere Fahrer sind jeden Tag in ganz Europa unterwegs.\u00a0Das bedeutet, dass wir Ihren Motor oder Ihr Getriebe aus Gro\u00dfbritannien abholen und zu Ihnen nach Spanien oder von Deutschland nach Griechenland bringen k\u00f6nnen.<\/span><br \/>\n<span>Die Welt entwickelt sich extrem schnell und es ist entscheidend f\u00fcr uns, Schritt zu halten.\u00a0Z\u00f6gern Sie nicht, uns zu kontaktieren, wir sind hier, um Ihnen zu helfen!<\/span><\/p>\n","protected":false},"excerpt":{"rendered":"<p>Europ\u00e4ischer Autoteileverkehr Der europ\u00e4ische Transport von Autoteilen stellt einen wachsenden Markt dar, da sich die Nachfrage nach gebrauchten Teilen von Ihrem \u00f6rtlichen Schrottplatz auf einen europaweiten Markt verlagert hat. Europ\u00e4ischer Autoteileverkehr: Wozu? Unsere Abh\u00e4ngigkeit von Kraftfahrzeugen &#8211; Autos, Fahrr\u00e4der, Lastwagen usw. &#8211; hat in den letzten 40 Jahren erheblich zugenommen.\u00a0Ihre Wartung ist jedoch auch spezialisierter [&hellip;]<\/p>\n","protected":false},"author":13,"featured_media":0,"parent":0,"menu_order":0,"comment_status":"closed","ping_status":"closed","template":"","meta":[],"yst_prominent_words":[6225,5911,5851,5906,5908,5935,6482,5847,5844,5852,6839,6020],"_links":{"self":[{"href":"https:\/\/europeanmoving.co.uk\/de\/wp-json\/wp\/v2\/pages\/8378"}],"collection":[{"href":"https:\/\/europeanmoving.co.uk\/de\/wp-json\/wp\/v2\/pages"}],"about":[{"href":"https:\/\/europeanmoving.co.uk\/de\/wp-json\/wp\/v2\/types\/page"}],"author":[{"embeddable":true,"href":"https:\/\/europeanmoving.co.uk\/de\/wp-json\/wp\/v2\/users\/13"}],"replies":[{"embeddable":true,"href":"https:\/\/europeanmoving.co.uk\/de\/wp-json\/wp\/v2\/comments?post=8378"}],"version-history":[{"count":3,"href":"https:\/\/europeanmoving.co.uk\/de\/wp-json\/wp\/v2\/pages\/8378\/revisions"}],"predecessor-version":[{"id":22029,"href":"https:\/\/europeanmoving.co.uk\/de\/wp-json\/wp\/v2\/pages\/8378\/revisions\/22029"}],"wp:attachment":[{"href":"https:\/\/europeanmoving.co.uk\/de\/wp-json\/wp\/v2\/media?parent=8378"}],"wp:term":[{"taxonomy":"yst_prominent_words","embeddable":true,"href":"https:\/\/europeanmoving.co.uk\/de\/wp-json\/wp\/v2\/yst_prominent_words?post=8378"}],"curies":[{"name":"wp","href":"https:\/\/api.w.org\/{rel}","templated":true}]}}