{"id":8363,"date":"2018-08-08T14:54:44","date_gmt":"2018-08-08T14:54:44","guid":{"rendered":"https:\/\/europeanmoving.co.uk\/?page_id=8363"},"modified":"2020-09-16T11:39:41","modified_gmt":"2020-09-16T11:39:41","slug":"baumaterialien-transport-und-logistik","status":"publish","type":"page","link":"https:\/\/europeanmoving.co.uk\/de\/baumaterialien-transport-und-logistik\/","title":{"rendered":"Baumaterialien  \u2013 Transport und Logistik"},"content":{"rendered":"<h2><strong><span>Baustofftransport in der EU<\/span><\/strong><\/h2>\n<p><span>Ein massiv wachsender Sektor sowohl innerhalb als auch au\u00dferhalb Gro\u00dfbritanniens nach Europa ist der Baustofftransport.\u00a0Der Grund f\u00fcr dieses Wachstum ist die Zahl der Menschen, die nach Europa ziehen und umziehen und ihre Bauprojekte durchf\u00fchren.\u00a0Diese Bauprojekte erfordern meist die spezialisierten Dienste eines europ\u00e4ischen Baustofftransportunternehmens.<\/span><br \/>\n<span>Wir haben gro\u00dfe Erfahrung im Transport von Baustoffen in ganz Europa.\u00a0Es gibt nicht viel, was wir f\u00fcr Kunden nicht bewegt haben, einschlie\u00dflich Ziegel und Isolierung f\u00fcr Neubauten und Immobilienrenovierungen in Europa.\u00a0Weitere Umz\u00fcge umfassen Betonplatten, Stahl- und Dachmaterialien, Trockenbau- und Holzprodukte.\u00a0Wir haben auch Gipskartonplatten nach Europa transportiert, Fu\u00dfb\u00f6den, Geb\u00e4uderahmen, Stahl und vieles mehr.<\/span><br \/>\n<span>Die Art der Baumaterialien, die Sie in die EU transportieren m\u00f6chten, ist ein entscheidendes Element bei der Bestimmung des Preises.\u00a0Es ist wichtig, das richtige und kosteng\u00fcnstigste Fahrzeug auszuw\u00e4hlen, mit dem Ihre Baumaterialien an Ihr Ziel gelangen.\u00a0Sind Ihre Baumaterialien beispielsweise wasserdicht oder ben\u00f6tigen sie Schutz beim Transport in die EU?\u00a0K\u00f6nnen sie auf einem offenen Anh\u00e4ngertransporter flach verpackt werden?\u00a0Oder handelt es sich um ungew\u00f6hnliche oder umst\u00e4ndliche Baumaterialien wie einige Dachprodukte?<\/span><\/p>\n<h1 class=\"title-heading-left\"><strong><span>Baustofftransport und Logistik<\/span><\/strong><\/h1>\n<p><span>Das Gewicht Ihrer f\u00fcr die EU bestimmten Baumaterialien spielt nat\u00fcrlich auch eine wichtige Rolle.\u00a0Ziegel, Bleiblitze und Gipskartonplatten summieren sich zu erheblichen Gewichten.<\/span><br \/>\n<span>Viele Menschen ben\u00f6tigen einen Baustofftransport nach Europa, weil die in Gro\u00dfbritannien erh\u00e4ltlichen Produkte spezialisiert sind oder weil sie einfach viel billiger sind, selbst wenn die Transportkosten ber\u00fccksichtigt werden.\u00a0Gr\u00f6\u00dfere Bauprojekte oder Geb\u00e4udesanierungen in der EU k\u00f6nnen teuer sein, und es ist oft kosteng\u00fcnstig, Baumaterialien in die EU zu transportieren, anstatt sie dort zu kaufen.<\/span><br \/>\n<span>F\u00e4hre oder Tunnel?\u00a0Mautstra\u00dfen oder Langlauf?\u00a0Wie lange dauert es, bis die Baumaterialien nach Europa transportiert sind?\u00a0Gibt es eine Frist f\u00fcr ihre Ankunft oder eine gewisse Flexibilit\u00e4t?\u00a0Sind die Baumaterialien w\u00e4hrend des Transports versichert?\u00a0Deckt die Versicherung sie einmal am Bestimmungsort ab?\u00a0Ist die Site leicht zug\u00e4nglich und auch leicht zu entladen?\u00a0Ben\u00f6tigen Sie Aufz\u00fcge zum Entladen Ihrer Baumaterialien oder k\u00f6nnen die Fahrer der europ\u00e4ischen Umzugsfirma dies f\u00fcr Sie erledigen?\u00a0Nur einige der Fragen, die bei der Auswahl eines Baumaterialentfernungs- und -transportunternehmens ber\u00fccksichtigt werden m\u00fcssen, das f\u00fcr Sie nach Europa reisen soll.<\/span><\/p>\n","protected":false},"excerpt":{"rendered":"<p>Baustofftransport in der EU Ein massiv wachsender Sektor sowohl innerhalb als auch au\u00dferhalb Gro\u00dfbritanniens nach Europa ist der Baustofftransport.\u00a0Der Grund f\u00fcr dieses Wachstum ist die Zahl der Menschen, die nach Europa ziehen und umziehen und ihre Bauprojekte durchf\u00fchren.\u00a0Diese Bauprojekte erfordern meist die spezialisierten Dienste eines europ\u00e4ischen Baustofftransportunternehmens. Wir haben gro\u00dfe Erfahrung im Transport von Baustoffen [&hellip;]<\/p>\n","protected":false},"author":13,"featured_media":0,"parent":0,"menu_order":0,"comment_status":"closed","ping_status":"closed","template":"","meta":[],"yst_prominent_words":[5812,5802,5816,5815,5817,5810,5808,5814,5805,5804,5818,5809,5801,5819,5811,5807,5806,5813,5803,5820],"_links":{"self":[{"href":"https:\/\/europeanmoving.co.uk\/de\/wp-json\/wp\/v2\/pages\/8363"}],"collection":[{"href":"https:\/\/europeanmoving.co.uk\/de\/wp-json\/wp\/v2\/pages"}],"about":[{"href":"https:\/\/europeanmoving.co.uk\/de\/wp-json\/wp\/v2\/types\/page"}],"author":[{"embeddable":true,"href":"https:\/\/europeanmoving.co.uk\/de\/wp-json\/wp\/v2\/users\/13"}],"replies":[{"embeddable":true,"href":"https:\/\/europeanmoving.co.uk\/de\/wp-json\/wp\/v2\/comments?post=8363"}],"version-history":[{"count":2,"href":"https:\/\/europeanmoving.co.uk\/de\/wp-json\/wp\/v2\/pages\/8363\/revisions"}],"predecessor-version":[{"id":21969,"href":"https:\/\/europeanmoving.co.uk\/de\/wp-json\/wp\/v2\/pages\/8363\/revisions\/21969"}],"wp:attachment":[{"href":"https:\/\/europeanmoving.co.uk\/de\/wp-json\/wp\/v2\/media?parent=8363"}],"wp:term":[{"taxonomy":"yst_prominent_words","embeddable":true,"href":"https:\/\/europeanmoving.co.uk\/de\/wp-json\/wp\/v2\/yst_prominent_words?post=8363"}],"curies":[{"name":"wp","href":"https:\/\/api.w.org\/{rel}","templated":true}]}}