{"id":8358,"date":"2018-08-08T14:08:00","date_gmt":"2018-08-08T14:08:00","guid":{"rendered":"https:\/\/europeanmoving.co.uk\/?page_id=8358"},"modified":"2020-09-16T11:52:25","modified_gmt":"2020-09-16T11:52:25","slug":"transport-von-fimproduktionen-in-europa-und-weltweit","status":"publish","type":"page","link":"https:\/\/europeanmoving.co.uk\/de\/transport-von-fimproduktionen-in-europa-und-weltweit\/","title":{"rendered":"Transport von Filmproduktionen &#8211; in Europa und weltweit"},"content":{"rendered":"<p><strong><span>Der Transportmanager eines europ\u00e4ischen Filmsets zu sein, ist eine schwere Aufgabe.\u00a0<\/span><\/strong><span>Egal, ob Sie einen Hollywood-Blockbuster oder einen 15-Sekunden-Werbespot machen, Sie m\u00fcssen all diese Schauspieler, Kameram\u00e4nner, Regisseure und Visagisten zur gleichen Zeit an den gleichen Ort bringen.\u00a0Und dann gibt es alle Ger\u00e4te, Unterk\u00fcnfte und Catering zu ber\u00fccksichtigen.\u00a0Verz\u00f6gerte Lieferungen verursachen folglich Stress und kosten Geld &#8211; und sind daher der Fluch des Berufslebens eines jeden Filmemachers.\u00a0W\u00e4re es nicht besser, wenn ein zuverl\u00e4ssiges europ\u00e4isches Logistikunternehmen zur Verf\u00fcgung st\u00fcnde?<\/span><br \/>\n<span>Hier kommen wir ins Spiel. Wir sind seit 2010 im europ\u00e4ischen Umzugsspiel und haben bereits Jahre zuvor Erfahrung mit Logistik und Transport.\u00a0Zusammen mit vielen anderen Arten von Umz\u00fcgen bieten wir einen europ\u00e4ischen Filmproduktionstransport an &#8211; einschlie\u00dflich internationaler Umz\u00fcge.\u00a0Wir helfen Ihnen dabei, Ihr gesamtes Personal und Material dorthin zu bringen, wo es ben\u00f6tigt wird, und bieten eine sichere Lagerhaltung, die selbst die gr\u00f6\u00dften und empfindlichsten Requisiten sch\u00fctzt.\u00a0Unser Partnernetzwerk erm\u00f6glicht es uns, professionelle Transporte \u00fcber Land, Meer oder Luft zu chartern, w\u00e4hrend unser mehrsprachiges Team in Ihrem Namen alle Zollh\u00fcrden aushandelt.<\/span><br \/>\n<span>Wenn Sie mitten in einer europ\u00e4ischen Stadt filmen, ist das kein Problem: Wir haben Depots in unmittelbarer N\u00e4he.\u00a0Aber was ist, wenn Sie alle zusammenpacken und eine Mittelmeerinsel oder eine skandinavische Skih\u00fctte fotografieren m\u00fcssen?\u00a0Unsere Fahrer k\u00f6nnen Sie \u00fcberall hin mitnehmen.\u00a0Sie sind jeweils mit einer Satellitennavigation ausgestattet, die sie \u00fcber Verkehrsprobleme informiert und eine Route um sie herum bereitstellt.\u00a0Auf diese Weise k\u00f6nnen Sie \u00fcber Verz\u00f6gerungen auf dem Laufenden gehalten werden und erhalten aktuelle Informationen zu jeder Sendung.\u00a0Mit Hilfe unseres europ\u00e4ischen Transports f\u00fcr die Filmproduktion muss es kein Problem sein, irgendwohin in Europa zu ziehen.<\/span><\/p>\n<h2><strong><span>Standorte, die wir von und nach transportieren<\/span><\/strong><\/h2>\n<p><span>Wenn Sie eine europ\u00e4ische Logistikl\u00f6sung f\u00fcr Ihren Film ben\u00f6tigen, arbeiten Sie mit uns zusammen.\u00a0Unser B\u00fcro ist mit freundlichen, sachkundigen Mitarbeitern besetzt, die Ihre Fragen gerne beantworten.\u00a0Unser Transportdienst f\u00fcr die europ\u00e4ische und internationale Filmproduktion steht der EU, Gro\u00dfbritannien und einigen weiteren L\u00e4ndern zur Verf\u00fcgung.<\/span><\/p>\n<h2><strong><span>Insbesondere versenden wir an folgende Orte:<\/span><\/strong><\/h2>\n<ul class=\"list-with-tick\">\n<li><span>\u00d6sterreich und Belgien<\/span><\/li>\n<li><span>Litauen und Luxemburg<\/span><\/li>\n<li><span>Bulgarien und Kroatien<\/span><\/li>\n<li><span>Malta und die Niederlande<\/span><\/li>\n<li><span>Zypern und Tschechien<\/span><\/li>\n<li><span>Nordirland und Norwegen<\/span><\/li>\n<li><span>D\u00e4nemark und Estland<\/span><\/li>\n<li><span>Polen und Portugal<\/span><\/li>\n<li><span>Finnland und Frankreich<\/span><\/li>\n<li><span>Rum\u00e4nien und Spanien<\/span><\/li>\n<li><span>Deutschland und Griechenland<\/span><\/li>\n<li><span>Slowakei und Slowenien<\/span><\/li>\n<li><span>Ungarn und Irland<\/span><\/li>\n<li><span>Schweden, die Schweiz und das Vereinigte K\u00f6nigreich<\/span><\/li>\n<li><span>Italien und Lettland<\/span><\/li>\n<li><span>Die Kanarischen Inseln und die Balearen<\/span><\/li>\n<\/ul>\n","protected":false},"excerpt":{"rendered":"<p>Der Transportmanager eines europ\u00e4ischen Filmsets zu sein, ist eine schwere Aufgabe.\u00a0Egal, ob Sie einen Hollywood-Blockbuster oder einen 15-Sekunden-Werbespot machen, Sie m\u00fcssen all diese Schauspieler, Kameram\u00e4nner, Regisseure und Visagisten zur gleichen Zeit an den gleichen Ort bringen.\u00a0Und dann gibt es alle Ger\u00e4te, Unterk\u00fcnfte und Catering zu ber\u00fccksichtigen.\u00a0Verz\u00f6gerte Lieferungen verursachen folglich Stress und kosten Geld &#8211; und [&hellip;]<\/p>\n","protected":false},"author":13,"featured_media":0,"parent":0,"menu_order":0,"comment_status":"closed","ping_status":"closed","template":"","meta":[],"yst_prominent_words":[5911,5851,6263,6235,6757,5810,5935,6756,6197,6219,5844,6776,6476,6759,5938,5942,5910,6020],"_links":{"self":[{"href":"https:\/\/europeanmoving.co.uk\/de\/wp-json\/wp\/v2\/pages\/8358"}],"collection":[{"href":"https:\/\/europeanmoving.co.uk\/de\/wp-json\/wp\/v2\/pages"}],"about":[{"href":"https:\/\/europeanmoving.co.uk\/de\/wp-json\/wp\/v2\/types\/page"}],"author":[{"embeddable":true,"href":"https:\/\/europeanmoving.co.uk\/de\/wp-json\/wp\/v2\/users\/13"}],"replies":[{"embeddable":true,"href":"https:\/\/europeanmoving.co.uk\/de\/wp-json\/wp\/v2\/comments?post=8358"}],"version-history":[{"count":4,"href":"https:\/\/europeanmoving.co.uk\/de\/wp-json\/wp\/v2\/pages\/8358\/revisions"}],"predecessor-version":[{"id":21979,"href":"https:\/\/europeanmoving.co.uk\/de\/wp-json\/wp\/v2\/pages\/8358\/revisions\/21979"}],"wp:attachment":[{"href":"https:\/\/europeanmoving.co.uk\/de\/wp-json\/wp\/v2\/media?parent=8358"}],"wp:term":[{"taxonomy":"yst_prominent_words","embeddable":true,"href":"https:\/\/europeanmoving.co.uk\/de\/wp-json\/wp\/v2\/yst_prominent_words?post=8358"}],"curies":[{"name":"wp","href":"https:\/\/api.w.org\/{rel}","templated":true}]}}