{"id":8355,"date":"2018-08-08T14:01:11","date_gmt":"2018-08-08T14:01:11","guid":{"rendered":"https:\/\/europeanmoving.co.uk\/?page_id=8355"},"modified":"2020-09-16T17:57:18","modified_gmt":"2020-09-16T17:57:18","slug":"europaeische-und-internationale-wohltaetigkeitstransporte","status":"publish","type":"page","link":"https:\/\/europeanmoving.co.uk\/de\/europaeische-und-internationale-wohltaetigkeitstransporte\/","title":{"rendered":"Europ\u00e4ische und internationale Wohlt\u00e4tigkeitstransporte"},"content":{"rendered":"<p><strong><span>Europ\u00e4ischer und internationaler Wohlt\u00e4tigkeitstransport<\/span><\/strong><span>\u00a0mit europ\u00e4ischen Umzugswagen- und Personendiensten wird in Gro\u00dfbritannien, Frankreich, Deutschland, Irland, Nordirland, Spanien, Kariesinseln und den Balearen, Belgien, D\u00e4nemark, Estland, Luxemburg, den Niederlanden, Polen, \u00d6sterreich, Bulgarien, Kroatien, Tschechische Republik, Finnland, Griechenland, Hunger, Italien, Lettland, Litauen, Malta, Zypern, Portugal, Rum\u00e4nien, Slowakei, Slowenien, Schweden, Vereinigtes K\u00f6nigreich, Schweiz, Norwegen und die gesamte Europ\u00e4ische Union.<\/span><\/p>\n","protected":false},"excerpt":{"rendered":"<p>Europ\u00e4ischer und internationaler Wohlt\u00e4tigkeitstransport\u00a0mit europ\u00e4ischen Umzugswagen- und Personendiensten wird in Gro\u00dfbritannien, Frankreich, Deutschland, Irland, Nordirland, Spanien, Kariesinseln und den Balearen, Belgien, D\u00e4nemark, Estland, Luxemburg, den Niederlanden, Polen, \u00d6sterreich, Bulgarien, Kroatien, Tschechische Republik, Finnland, Griechenland, Hunger, Italien, Lettland, Litauen, Malta, Zypern, Portugal, Rum\u00e4nien, Slowakei, Slowenien, Schweden, Vereinigtes K\u00f6nigreich, Schweiz, Norwegen und die gesamte Europ\u00e4ische Union.<\/p>\n","protected":false},"author":13,"featured_media":0,"parent":0,"menu_order":0,"comment_status":"closed","ping_status":"closed","template":"","meta":[],"yst_prominent_words":[5909,5807],"_links":{"self":[{"href":"https:\/\/europeanmoving.co.uk\/de\/wp-json\/wp\/v2\/pages\/8355"}],"collection":[{"href":"https:\/\/europeanmoving.co.uk\/de\/wp-json\/wp\/v2\/pages"}],"about":[{"href":"https:\/\/europeanmoving.co.uk\/de\/wp-json\/wp\/v2\/types\/page"}],"author":[{"embeddable":true,"href":"https:\/\/europeanmoving.co.uk\/de\/wp-json\/wp\/v2\/users\/13"}],"replies":[{"embeddable":true,"href":"https:\/\/europeanmoving.co.uk\/de\/wp-json\/wp\/v2\/comments?post=8355"}],"version-history":[{"count":4,"href":"https:\/\/europeanmoving.co.uk\/de\/wp-json\/wp\/v2\/pages\/8355\/revisions"}],"predecessor-version":[{"id":22038,"href":"https:\/\/europeanmoving.co.uk\/de\/wp-json\/wp\/v2\/pages\/8355\/revisions\/22038"}],"wp:attachment":[{"href":"https:\/\/europeanmoving.co.uk\/de\/wp-json\/wp\/v2\/media?parent=8355"}],"wp:term":[{"taxonomy":"yst_prominent_words","embeddable":true,"href":"https:\/\/europeanmoving.co.uk\/de\/wp-json\/wp\/v2\/yst_prominent_words?post=8355"}],"curies":[{"name":"wp","href":"https:\/\/api.w.org\/{rel}","templated":true}]}}