{"id":8352,"date":"2018-08-08T13:59:06","date_gmt":"2018-08-08T13:59:06","guid":{"rendered":"https:\/\/europeanmoving.co.uk\/?page_id=8352"},"modified":"2020-09-16T12:32:58","modified_gmt":"2020-09-16T12:32:58","slug":"transport-von-ausstellungen-in-europa-und-weltweit","status":"publish","type":"page","link":"https:\/\/europeanmoving.co.uk\/de\/transport-von-ausstellungen-in-europa-und-weltweit\/","title":{"rendered":"Transport von Ausstellungen \u2013 in Europa und weltweit"},"content":{"rendered":"<p><span>Einen Stand zu einer Ausstellung in Europa nehmen?\u00a0Oder sind Sie f\u00fcr die Organisation der gesamten Sache verantwortlich?\u00a0Wir geben dir Deckung.\u00a0Dank unserer langj\u00e4hrigen Erfahrung mit europ\u00e4ischen Verkehrsnetzen k\u00f6nnen wir Ihre Fracht direkt an das Kongresszentrum weiterleiten.\u00a0Wir werden jede Sendung orchestrieren, egal ob \u00fcber Land, Meer oder Luft.\u00a0Mit Depots auf dem gesamten Kontinent k\u00f6nnen wir selbst die komplexesten Ausstellungen stressfrei gestalten.\u00a0Dar\u00fcber hinaus verf\u00fcgen wir \u00fcber sichere Lagereinrichtungen.\u00a0Wir verstehen, dass die Organisation eines europ\u00e4ischen Ausstellungstransports oder eines anderen Transports keine einfache Aufgabe ist.\u00a0Lassen Sie unser Expertenteam die Last eines manchmal herausfordernden Transports entlasten!<\/span><br \/>\n<span>Unser Service ist auf die Anforderungen unserer Kunden zugeschnitten.\u00a0Wir beauftragen Sie mit einem speziellen Versandspezialisten, der f\u00fcr die Verwaltung Ihrer Fracht zust\u00e4ndig ist.\u00a0Wenn Sie mit uns zusammenarbeiten, haben Sie Zugang zu einigen der besten Frachtunternehmen der Branche.<\/span><br \/>\n<span>W\u00e4hrend unserer acht Jahre im Versandspiel haben wir ein umfassendes Wissen \u00fcber Ausstellungslogistik aufgebaut.\u00a0Infolgedessen k\u00f6nnen wir m\u00f6gliche Probleme bei der Einrichtung Ihres Standes antizipieren und vermeiden.\u00a0Dar\u00fcber hinaus k\u00f6nnen wir dank unseres Netzwerks erfahrener Kontakte auch die am weitesten entfernten Gebiete des Kontinents erreichen.\u00a0Mit anderen Worten, \u00fcberall in Europa, wo Sie sich niederlassen, k\u00f6nnen wir Ihnen helfen, alles dahin zu bringen, wo es sein muss.<\/span><br \/>\n<span>Eine europ\u00e4ische Messe kann Ihr Gesch\u00e4ft machen oder brechen.\u00a0Wenn alles richtig l\u00e4uft, k\u00f6nnen Sie f\u00fcr Aufsehen sorgen und sich einem breiten Publikum aussetzen.\u00a0Lassen Sie sich diese Gelegenheit nicht von einem schlechten Logistikmanagement rauben!\u00a0Kontaktieren Sie noch heute unser freundliches und kompetentes B\u00fcropersonal.\u00a0Sie stellen eine Frachtl\u00f6sung zusammen, die den Transportanforderungen Ihrer europ\u00e4ischen und internationalen Ausstellung entspricht.\u00a0So k\u00f6nnen Sie sich ganz auf den Betrieb Ihres Standes konzentrieren.<\/span><\/p>\n<h2><strong><span>Standorte, die wir von und nach transportieren<\/span><\/strong><\/h2>\n<p><strong><span>Wir liefern in nahezu alle L\u00e4nder Europas &#8211; einschlie\u00dflich Nicht-EU-Staaten und abgelegener Inseln.\u00a0Insbesondere behandeln wir:<\/span><\/strong><\/p>\n<ul class=\"list-with-tick\">\n<li><span>\u00d6sterreich und Belgien<\/span><\/li>\n<li><span>Litauen und Luxemburg<\/span><\/li>\n<li><span>Bulgarien und Kroatien<\/span><\/li>\n<li><span>Malta und die Niederlande<\/span><\/li>\n<li><span>Zypern und Tschechien<\/span><\/li>\n<li><span>Nordirland und Norwegen<\/span><\/li>\n<li><span>D\u00e4nemark und Estland<\/span><\/li>\n<li><span>Polen und Portugal<\/span><\/li>\n<li><span>Finnland und Frankreich<\/span><\/li>\n<li><span>Rum\u00e4nien und Spanien<\/span><\/li>\n<li><span>Deutschland und Griechenland<\/span><\/li>\n<li><span>Slowakei und Slowenien<\/span><\/li>\n<li><span>Ungarn und Irland<\/span><\/li>\n<li><span>Schweden, die Schweiz und das Vereinigte K\u00f6nigreich<\/span><\/li>\n<li><span>Italien und Lettland<\/span><\/li>\n<li><span>Die Kanarischen Inseln und die Balearen<\/span><\/li>\n<\/ul>\n","protected":false},"excerpt":{"rendered":"<p>Einen Stand zu einer Ausstellung in Europa nehmen?\u00a0Oder sind Sie f\u00fcr die Organisation der gesamten Sache verantwortlich?\u00a0Wir geben dir Deckung.\u00a0Dank unserer langj\u00e4hrigen Erfahrung mit europ\u00e4ischen Verkehrsnetzen k\u00f6nnen wir Ihre Fracht direkt an das Kongresszentrum weiterleiten.\u00a0Wir werden jede Sendung orchestrieren, egal ob \u00fcber Land, Meer oder Luft.\u00a0Mit Depots auf dem gesamten Kontinent k\u00f6nnen wir selbst die [&hellip;]<\/p>\n","protected":false},"author":13,"featured_media":0,"parent":0,"menu_order":0,"comment_status":"closed","ping_status":"closed","template":"","meta":[],"yst_prominent_words":[5911,6757,5906,5810,6264,6197,6775,9518,6219,5847,6385,8592,5987,6776,6020],"_links":{"self":[{"href":"https:\/\/europeanmoving.co.uk\/de\/wp-json\/wp\/v2\/pages\/8352"}],"collection":[{"href":"https:\/\/europeanmoving.co.uk\/de\/wp-json\/wp\/v2\/pages"}],"about":[{"href":"https:\/\/europeanmoving.co.uk\/de\/wp-json\/wp\/v2\/types\/page"}],"author":[{"embeddable":true,"href":"https:\/\/europeanmoving.co.uk\/de\/wp-json\/wp\/v2\/users\/13"}],"replies":[{"embeddable":true,"href":"https:\/\/europeanmoving.co.uk\/de\/wp-json\/wp\/v2\/comments?post=8352"}],"version-history":[{"count":4,"href":"https:\/\/europeanmoving.co.uk\/de\/wp-json\/wp\/v2\/pages\/8352\/revisions"}],"predecessor-version":[{"id":22003,"href":"https:\/\/europeanmoving.co.uk\/de\/wp-json\/wp\/v2\/pages\/8352\/revisions\/22003"}],"wp:attachment":[{"href":"https:\/\/europeanmoving.co.uk\/de\/wp-json\/wp\/v2\/media?parent=8352"}],"wp:term":[{"taxonomy":"yst_prominent_words","embeddable":true,"href":"https:\/\/europeanmoving.co.uk\/de\/wp-json\/wp\/v2\/yst_prominent_words?post=8352"}],"curies":[{"name":"wp","href":"https:\/\/api.w.org\/{rel}","templated":true}]}}