{"id":8349,"date":"2018-08-08T13:52:18","date_gmt":"2018-08-08T13:52:18","guid":{"rendered":"https:\/\/europeanmoving.co.uk\/?page_id=8349"},"modified":"2020-09-16T13:05:39","modified_gmt":"2020-09-16T13:05:39","slug":"europaeische-und-internationale-transporte-per-schiff","status":"publish","type":"page","link":"https:\/\/europeanmoving.co.uk\/de\/europaeische-und-internationale-transporte-per-schiff\/","title":{"rendered":"Europ\u00e4ische und Internationale Transporte per Schiff"},"content":{"rendered":"<h1 class=\"title-heading-left\"><strong><span>Europ\u00e4ischer Transport von Schiffsteilen<\/span><\/strong><\/h1>\n<p><span>Der europ\u00e4ische Transport von Schiffsteilen entwickelt sich sehr schnell, da die Nachfrage nach gebrauchten Teilen stark gestiegen ist.<\/span><\/p>\n<p><strong><span>Europ\u00e4ischer Transport von Schiffsteilen: Wozu?<\/span><\/strong><br \/>\n<span>Heutzutage besch\u00e4ftigen wir uns mehr denn je mit Wasseraktivit\u00e4ten &#8211; von kleinen Booten zum Angeln als Hobby bis zum Jetski als Teil eines Sommergesch\u00e4fts.\u00a0Folglich erfordert die Aufrechterhaltung jedes Hobbys oder Gesch\u00e4fts die Auswahl geeigneter Materialien, vorzugsweise zu einem angemessenen Preis.<\/span><br \/>\n<span>Gl\u00fccklicherweise bietet der Markt den Kunden ein reichhaltiges Warenspektrum, das ihren Anforderungen entspricht.\u00a0Manchmal geht es jedoch nicht darum, das richtige Teil zu finden, sondern darum, es von einem Ort zum anderen zu transportieren.<\/span><br \/>\n<span>W\u00e4hrend einige der namhaften Namen der Branche ihre eigenen Transportdienste anbieten, gilt dies nicht immer f\u00fcr kleinere Unternehmen oder Privatpersonen.\u00a0Die beste Option ist es, ein zuverl\u00e4ssiges Transportunternehmen mit Erfahrung auf diesem Gebiet zu finden.\u00a0Es ist eine einfachere Aufgabe als es scheint.<\/span><br \/>\n<span>Hier kann unser europ\u00e4ischer Transportdienst f\u00fcr Schiffsteile helfen.\u00a0Egal, ob es sich um einen Au\u00dfenbordmotor oder eine Angelausr\u00fcstung handelt, wir transportieren alle ben\u00f6tigten Teile zu Ihrem Standort.\u00a0Es wird sicher und preisfreundlich sein.\u00a0Und das ist noch nicht alles!<\/span><br \/>\n<span>Sie k\u00f6nnten derjenige sein, der Schiffsteile verkauft und erw\u00e4gt, das Gesch\u00e4ft auf M\u00e4rkte in ganz Europa auszudehnen.\u00a0In diesem Fall k\u00fcmmern wir uns unter den gleichen guten Bedingungen um den internationalen Transport.<\/span><\/p>\n<p><strong><span>Europ\u00e4ischer Transport von Schiffsteilen: Wie funktioniert es?<\/span><\/strong><br \/>\n<span>Es ist ein reibungsloser Verkauf.<\/span><br \/>\n<span>F\u00fcllen Sie einfach das Online-Formular aus oder rufen Sie uns an.\u00a0Unser engagiertes Team von Transportkoordinatoren nimmt Ihre Daten entgegen und unterbreitet Ihnen ein kostenloses Angebot f\u00fcr Ihre Anforderungen.\u00a0Unsere Fahrer sind jeden Tag in ganz Europa unterwegs.\u00a0Das bedeutet, dass wir Ihren Motor oder Ihr Fangger\u00e4t aus Gro\u00dfbritannien abholen und zu Ihnen nach Spanien oder von Deutschland nach Griechenland bringen k\u00f6nnen.<\/span><\/p>\n<p><span>Wenn das Meer Ihre Leidenschaft ist, sind wir hier, um Ihnen bei der Verfolgung zu helfen.<\/span><\/p>\n","protected":false},"excerpt":{"rendered":"<p>Europ\u00e4ischer Transport von Schiffsteilen Der europ\u00e4ische Transport von Schiffsteilen entwickelt sich sehr schnell, da die Nachfrage nach gebrauchten Teilen stark gestiegen ist. Europ\u00e4ischer Transport von Schiffsteilen: Wozu? Heutzutage besch\u00e4ftigen wir uns mehr denn je mit Wasseraktivit\u00e4ten &#8211; von kleinen Booten zum Angeln als Hobby bis zum Jetski als Teil eines Sommergesch\u00e4fts.\u00a0Folglich erfordert die Aufrechterhaltung jedes [&hellip;]<\/p>\n","protected":false},"author":13,"featured_media":0,"parent":0,"menu_order":0,"comment_status":"closed","ping_status":"closed","template":"","meta":[],"yst_prominent_words":[6225,5911,6235,5815,5870,5935,5847,240,5809,5807,5852,5910,6020],"_links":{"self":[{"href":"https:\/\/europeanmoving.co.uk\/de\/wp-json\/wp\/v2\/pages\/8349"}],"collection":[{"href":"https:\/\/europeanmoving.co.uk\/de\/wp-json\/wp\/v2\/pages"}],"about":[{"href":"https:\/\/europeanmoving.co.uk\/de\/wp-json\/wp\/v2\/types\/page"}],"author":[{"embeddable":true,"href":"https:\/\/europeanmoving.co.uk\/de\/wp-json\/wp\/v2\/users\/13"}],"replies":[{"embeddable":true,"href":"https:\/\/europeanmoving.co.uk\/de\/wp-json\/wp\/v2\/comments?post=8349"}],"version-history":[{"count":2,"href":"https:\/\/europeanmoving.co.uk\/de\/wp-json\/wp\/v2\/pages\/8349\/revisions"}],"predecessor-version":[{"id":22014,"href":"https:\/\/europeanmoving.co.uk\/de\/wp-json\/wp\/v2\/pages\/8349\/revisions\/22014"}],"wp:attachment":[{"href":"https:\/\/europeanmoving.co.uk\/de\/wp-json\/wp\/v2\/media?parent=8349"}],"wp:term":[{"taxonomy":"yst_prominent_words","embeddable":true,"href":"https:\/\/europeanmoving.co.uk\/de\/wp-json\/wp\/v2\/yst_prominent_words?post=8349"}],"curies":[{"name":"wp","href":"https:\/\/api.w.org\/{rel}","templated":true}]}}