{"id":8346,"date":"2018-08-08T13:43:03","date_gmt":"2018-08-08T13:43:03","guid":{"rendered":"https:\/\/europeanmoving.co.uk\/?page_id=8346"},"modified":"2020-09-16T17:38:30","modified_gmt":"2020-09-16T17:38:30","slug":"logistik-und-transport-von-internationalen-events","status":"publish","type":"page","link":"https:\/\/europeanmoving.co.uk\/de\/logistik-und-transport-von-internationalen-events\/","title":{"rendered":"Logistik und Transport von internationalen Events"},"content":{"rendered":"<p><strong>Internationale Veranstaltungen Logistik &amp; Transport\u00a0<\/strong><\/p>\n<p><span lang=\"en\">Dieser Service ist auf den europ\u00e4ischen und internationalen Veranstaltungstransport mit Niederlassungen in ganz Europa spezialisiert.\u00a0Wir sind seit mehr als 20 Jahren sowohl als Stakeholder als auch in der Live-Event-Branche im Gesch\u00e4ft pr\u00e4sent.\u00a0Wir bieten kosteng\u00fcnstige Logistikdienstleistungen in:<\/span><\/p>\n<ul class=\"list-with-tick col3\">\n<li>Musik und Unterhaltung<\/li>\n<li>Feste und Nachtclubs<\/li>\n<li>Firmenveranstaltungen<\/li>\n<li>Theatershows<\/li>\n<li>Feste und Messen<\/li>\n<li>Werbetouren<\/li>\n<li>Popup-Ereignisse<\/li>\n<li>Konferenzen<\/li>\n<li>Preisverleihungen<\/li>\n<li>Partys und Feiern<\/li>\n<\/ul>\n<p class=\"tw-data-text tw-ta tw-text-small\"><span lang=\"en\">Unabh\u00e4ngig von Ihren Anforderungen geben Ihnen unsere erfahrenen Mitarbeiter Sicherheit.\u00a0Unsere Dienstleistungen werden in ganz Frankreich, Gro\u00dfbritannien, Deutschland, Irland, Nordirland und Spanien angeboten.\u00a0Weitere Ziele sind die Kariesinseln und die Balearen, Belgien, D\u00e4nemark, Estland, Luxemburg, die Niederlande, Polen, \u00d6sterreich, Bulgarien und Kroatien.\u00a0Eine vollst\u00e4ndige Liste der Standorte finden Sie auf unserer Moving Guide-Seite.<\/span><span lang=\"en\">Unsere Kunden geh\u00f6ren zu den bekanntesten in der Welt der Wirtschaft, Unterhaltung und Musik und verf\u00fcgen \u00fcber Erfahrung in der Produktion und Verwaltung von Konzerten und Shows.\u00a0Wir verstehen die Komplexit\u00e4t der Organisation und Verwaltung aller Veranstaltungen in diesem Bereich.\u00a0Unsere Philosophie ist es, die besten L\u00f6sungen anzubieten und sicherzustellen, dass Ihre Veranstaltung ein Erfolg wird.\u00a0Wir wissen, dass Live-Events zeitkritische Lieferungen und Abholungen erfordern, und wir sind stolz darauf, zuverl\u00e4ssig zu sein und sicher zu arbeiten.\u00a0Unser Ruf f\u00fcr Spitzenleistungen ist der Schl\u00fcssel zu unserem Erfolg.<\/span><\/p>\n<p id=\"tw-target-text\" class=\"tw-data-text tw-ta tw-text-small\"><span lang=\"en\">Dank unseres etablierten europ\u00e4ischen Logistiknetzwerks k\u00f6nnen wir einen umfassenden End-to-End-Service f\u00fcr einen reibungslosen Ablauf Ihrer Veranstaltung bieten.\u00a0Wir k\u00f6nnen auch Flugzeugcharter arrangieren und bei Bedarf Container f\u00fcr Seefracht bereitstellen.\u00a0F\u00fcr weitere Informationen zu unseren Transportveranstaltungen f\u00fcllen Sie bitte unser Kontaktformular aus oder rufen Sie uns an.<\/span><\/p>\n","protected":false},"excerpt":{"rendered":"<p>Internationale Veranstaltungen Logistik &amp; Transport\u00a0 Dieser Service ist auf den europ\u00e4ischen und internationalen Veranstaltungstransport mit Niederlassungen in ganz Europa spezialisiert.\u00a0Wir sind seit mehr als 20 Jahren sowohl als Stakeholder als auch in der Live-Event-Branche im Gesch\u00e4ft pr\u00e4sent.\u00a0Wir bieten kosteng\u00fcnstige Logistikdienstleistungen in: Musik und Unterhaltung Feste und Nachtclubs Firmenveranstaltungen Theatershows Feste und Messen Werbetouren Popup-Ereignisse Konferenzen [&hellip;]<\/p>\n","protected":false},"author":13,"featured_media":0,"parent":0,"menu_order":0,"comment_status":"closed","ping_status":"closed","template":"","meta":[],"yst_prominent_words":[6407,6228,6373,5909,5911,5851,6757,5906,14571,5935,5844,6233,6777,5910,6020],"_links":{"self":[{"href":"https:\/\/europeanmoving.co.uk\/de\/wp-json\/wp\/v2\/pages\/8346"}],"collection":[{"href":"https:\/\/europeanmoving.co.uk\/de\/wp-json\/wp\/v2\/pages"}],"about":[{"href":"https:\/\/europeanmoving.co.uk\/de\/wp-json\/wp\/v2\/types\/page"}],"author":[{"embeddable":true,"href":"https:\/\/europeanmoving.co.uk\/de\/wp-json\/wp\/v2\/users\/13"}],"replies":[{"embeddable":true,"href":"https:\/\/europeanmoving.co.uk\/de\/wp-json\/wp\/v2\/comments?post=8346"}],"version-history":[{"count":5,"href":"https:\/\/europeanmoving.co.uk\/de\/wp-json\/wp\/v2\/pages\/8346\/revisions"}],"predecessor-version":[{"id":22024,"href":"https:\/\/europeanmoving.co.uk\/de\/wp-json\/wp\/v2\/pages\/8346\/revisions\/22024"}],"wp:attachment":[{"href":"https:\/\/europeanmoving.co.uk\/de\/wp-json\/wp\/v2\/media?parent=8346"}],"wp:term":[{"taxonomy":"yst_prominent_words","embeddable":true,"href":"https:\/\/europeanmoving.co.uk\/de\/wp-json\/wp\/v2\/yst_prominent_words?post=8346"}],"curies":[{"name":"wp","href":"https:\/\/api.w.org\/{rel}","templated":true}]}}