{"id":8340,"date":"2018-08-08T12:53:36","date_gmt":"2018-08-08T12:53:36","guid":{"rendered":"https:\/\/europeanmoving.co.uk\/?page_id=8340"},"modified":"2020-09-18T12:19:57","modified_gmt":"2020-09-18T12:19:57","slug":"unsere-dienstleistungen-buchen","status":"publish","type":"page","link":"https:\/\/europeanmoving.co.uk\/de\/unsere-dienstleistungen-buchen\/","title":{"rendered":"Unsere Dienstleistungen buchen"},"content":{"rendered":"<div class=\"banner-wrapper\">\n<ul class=\"main-slider\">\n<li>\n<div class=\"container\">\n<div class=\"banner-main first-banner\">\n<div class=\"row d-flex justify-content-between align-items-center w-100\">\n<div class=\"col-md-6\">\n<div class=\"banner-commen-left\"><img class=\"img-fluid\" src=\"https:\/\/europeanmoving.co.uk\/wp-content\/themes\/EuropeanMoving\/img\/first-slide-img-1.png\" \/><\/div>\n<\/div>\n<div class=\"col-md-6\">\n<div class=\"banner-commen-right\">\n<p class=\"pblc\">Complete our simple online enquiry form<\/p>\n<\/div>\n<\/div>\n<\/div>\n<\/div>\n<\/div>\n<\/li>\n<li>\n<div class=\"container\">\n<div class=\"banner-main second-banner\">\n<div class=\"row d-flex justify-content-between align-items-center w-100\">\n<div class=\"col-md-6\">\n<div class=\"banner-commen-left\"><img class=\"img-fluid\" src=\"https:\/\/europeanmoving.co.uk\/wp-content\/themes\/EuropeanMoving\/img\/second-slide-img-1.png\" \/><\/div>\n<\/div>\n<div class=\"col-md-6\">\n<div class=\"banner-commen-right\"><img class=\"img-fluid\" src=\"https:\/\/europeanmoving.co.uk\/wp-content\/themes\/EuropeanMoving\/img\/second-slide-img-2.png\" \/><\/div>\n<\/div>\n<\/div>\n<\/div>\n<\/div>\n<\/li>\n<li>\n<div class=\"container\">\n<div class=\"banner-main second-banner\">\n<div class=\"row d-flex justify-content-between align-items-center w-100\">\n<div class=\"col-md-6\">\n<div class=\"banner-commen-left\"><img class=\"img-fluid\" src=\"https:\/\/europeanmoving.co.uk\/wp-content\/themes\/EuropeanMoving\/img\/third-slide-img-1.png\" \/><\/div>\n<\/div>\n<div class=\"col-md-6\">\n<div class=\"banner-commen-right\"><img class=\"img-fluid\" src=\"https:\/\/europeanmoving.co.uk\/wp-content\/themes\/EuropeanMoving\/img\/third-slide-img-2.png\" \/><\/div>\n<\/div>\n<\/div>\n<\/div>\n<\/div>\n<\/li>\n<li>\n<div class=\"container\">\n<div class=\"banner-main fourth-banner\">\n<div class=\"row d-flex justify-content-between align-items-center w-100\">\n<div class=\"col-md-6\">\n<div class=\"banner-commen-left\"><center><\/p>\n<p class=\"pblc\">If you are happy,<br \/>\napprove the quote<\/p>\n<p>&nbsp;<\/p>\n<p><\/center><\/div>\n<\/div>\n<div class=\"col-md-6\">\n<div class=\"banner-commen-right\"><img class=\"img-fluid\" src=\"https:\/\/europeanmoving.co.uk\/wp-content\/themes\/EuropeanMoving\/img\/fourth-slide-img-2.png\" \/><\/div>\n<\/div>\n<\/div>\n<\/div>\n<\/div>\n<\/li>\n<li>\n<div class=\"container\">\n<div class=\"banner-main fifth-banner\">\n<div class=\"row d-flex justify-content-between align-items-center w-100\">\n<div class=\"col-md-4\">\n<div class=\"banner-commen-left\"><img class=\"img-fluid\" src=\"https:\/\/europeanmoving.co.uk\/wp-content\/themes\/EuropeanMoving\/img\/five-slide-img-1.png\" \/><\/div>\n<\/div>\n<div class=\"col-md-8\">\n<div class=\"banner-commen-right\"><img class=\"img-fluid\" src=\"https:\/\/europeanmoving.co.uk\/wp-content\/themes\/EuropeanMoving\/img\/five-slide-img-2.png\" \/><\/div>\n<\/div>\n<\/div>\n<\/div>\n<\/div>\n<\/li>\n<li>\n<div class=\"container\">\n<div class=\"banner-main sixth-banner\">\n<div class=\"row d-flex justify-content-between align-items-center w-100\">\n<div class=\"col-md-7\">\n<div class=\"banner-commen-left\"><img class=\"img-fluid\" src=\"https:\/\/europeanmoving.co.uk\/wp-content\/themes\/EuropeanMoving\/img\/six-slide-img-1.png\" \/><\/div>\n<\/div>\n<div class=\"col-md-5\">\n<div class=\"banner-commen-right\"><img class=\"img-fluid\" src=\"https:\/\/europeanmoving.co.uk\/wp-content\/themes\/EuropeanMoving\/img\/six-slide-img-2.png\" \/><\/div>\n<\/div>\n<\/div>\n<\/div>\n<\/div>\n<\/li>\n<li>\n<div class=\"container\">\n<div class=\"banner-main seven-banner\">\n<div class=\"row d-flex justify-content-between align-items-center w-100\">\n<div class=\"col-md-5\">\n<div class=\"banner-commen-left\"><img class=\"img-fluid\" src=\"https:\/\/europeanmoving.co.uk\/wp-content\/themes\/EuropeanMoving\/img\/seven-slide-img-1.png\" \/><\/div>\n<\/div>\n<div class=\"col-md-7\">\n<div class=\"banner-commen-right\"><img class=\"img-fluid\" src=\"https:\/\/europeanmoving.co.uk\/wp-content\/themes\/EuropeanMoving\/img\/seven-slide-img-2.png\" \/><\/div>\n<\/div>\n<\/div>\n<\/div>\n<\/div>\n<\/li>\n<li>\n<div class=\"container\">\n<div class=\"banner-main eight-banner\">\n<div class=\"row d-flex justify-content-between align-items-center w-100\">\n<div class=\"col-md-12\">\n<div class=\"banner-commen-left\"><img class=\"img-fluid\" src=\"https:\/\/europeanmoving.co.uk\/wp-content\/themes\/EuropeanMoving\/img\/eight-slide-img-1.png\" \/><\/div>\n<\/div>\n<\/div>\n<\/div>\n<\/div>\n<\/li>\n<li>\n<div class=\"container\">\n<div class=\"banner-main nine-banner\">\n<div class=\"row d-flex justify-content-between align-items-center w-100\">\n<div class=\"col-md-12\">\n<div class=\"banner-commen-left\"><img class=\"img-fluid\" src=\"https:\/\/europeanmoving.co.uk\/wp-content\/themes\/EuropeanMoving\/img\/nine-slide-img-1.png\" \/><\/div>\n<\/div>\n<\/div>\n<\/div>\n<\/div>\n<\/li>\n<li>\n<div class=\"container\">\n<div class=\"banner-main nine-banner\">\n<div class=\"row d-flex justify-content-between align-items-center w-100\">\n<div class=\"col-md-12\">\n<div class=\"banner-commen-left\"><img class=\"img-fluid\" src=\"https:\/\/europeanmoving.co.uk\/wp-content\/themes\/EuropeanMoving\/img\/ten-slide-img-11.png\" \/><\/div>\n<\/div>\n<\/div>\n<\/div>\n<\/div>\n<\/li>\n<\/ul>\n<\/div>\n<p style=\"text-align: justify;\"><strong><span>Die Nutzung der European Moving-Plattform ist einfach.\u00a0Unsere erfahrenen Umzugskoordinatoren werden sich bem\u00fchen, Ihnen innerhalb von 24 Stunden einen Kostenvoranschlag zu senden.\u00a0Wenn Sie noch nicht wissen, wie viel Sie bewegen m\u00fcssen, machen Sie sich keine Sorgen, dies kann jederzeit ge\u00e4ndert werden.\u00a0Folgen Sie unserem einfachen 10-Stufen-Prozess von der Abholung bis zur Lieferung!<\/span><\/strong><\/p>\n<div class=\"row\">\n<div class=\"col-sm-6\">\n<div class=\"zig\"><img src=\"https:\/\/europeanmoving.im\/wp-content\/uploads\/2018\/07\/FrameVisuals-WhiteBG_Frame1.jpg\" \/><\/div>\n<p>&nbsp;<\/p>\n<\/div>\n<div class=\"col-sm-6\">\n<div class=\"zag\">\n<p><strong><span class=\"num\"><span>1.<\/span><\/span><span>F\u00fcllen Sie einfach das oben stehende Schnellangebot aus.\u00a0Wenn Sie lieber direkt mit jemandem sprechen m\u00f6chten, k\u00f6nnen Sie uns entweder unter +44 (0) 203 966 2905 anrufen oder unseren Online-Chat-Service am Ende der Seite nutzen.<\/span><\/strong><\/p>\n<p>&nbsp;<\/p>\n<\/div>\n<p>&nbsp;<\/p>\n<\/div>\n<div class=\"col-sm-6\">\n<div class=\"zag\">\n<p><strong><span class=\"num\"><span>2.<\/span><\/span><span>W\u00e4hlen Sie den gew\u00fcnschten Service, EasyMoves oder Load &amp; Go.\u00a0Details zu beiden finden Sie auf unserer Registerkarte &#8222;Services&#8220; oben auf der Seite.\u00a0Wenn Sie Fragen haben, k\u00f6nnen Sie auch unsere FAQs lesen.<\/span><\/strong><\/p>\n<p>&nbsp;<\/p>\n<\/div>\n<p>&nbsp;<\/p>\n<\/div>\n<div class=\"col-sm-6\">\n<div class=\"zig\"><img src=\"https:\/\/europeanmoving.im\/wp-content\/uploads\/2018\/07\/FrameVisuals-WhiteBG_Frame2.jpg\" \/><\/div>\n<p>&nbsp;<\/p>\n<\/div>\n<div class=\"col-sm-6\">\n<div class=\"zig\"><img src=\"https:\/\/europeanmoving.im\/wp-content\/uploads\/2018\/12\/slide-3.jpg\" \/><\/div>\n<p>&nbsp;<\/p>\n<\/div>\n<div class=\"col-sm-6\">\n<div class=\"zag\">\n<p><strong><span class=\"num\"><span>3.<\/span><\/span><span>Sie k\u00f6nnen Ihren Umzug detaillierter besprechen, indem Sie einen unserer freundlichen Kontaktdienste entweder telefonisch, im Live-Chat oder per E-Mail nutzen.\u00a0Unser Team beantwortet gerne Ihre Fragen.<\/span><\/strong><\/p>\n<p>&nbsp;<\/p>\n<\/div>\n<p>&nbsp;<\/p>\n<\/div>\n<div class=\"col-sm-6\">\n<div class=\"zag\">\n<p><strong><span class=\"num\"><span>4.<\/span><\/span><span>Sobald Sie fortfahren m\u00f6chten, k\u00f6nnen Sie das Angebot selbst genehmigen, indem Sie einfach auf die Schaltfl\u00e4che &#8222;Genehmigen&#8220; klicken.\u00a0Sie k\u00f6nnen auch Ihren Umzugskoordinator bitten, dies f\u00fcr Sie zu tun.<\/span><\/strong><\/p>\n<p>&nbsp;<\/p>\n<\/div>\n<p>&nbsp;<\/p>\n<\/div>\n<div class=\"col-sm-6\">\n<div class=\"zig\"><img src=\"https:\/\/europeanmoving.im\/wp-content\/uploads\/2018\/07\/FrameVisuals-WhiteBG_Frame3.jpg\" \/><\/div>\n<p>&nbsp;<\/p>\n<\/div>\n<div class=\"col-sm-6\">\n<div class=\"zig\"><img src=\"https:\/\/europeanmoving.im\/wp-content\/uploads\/2018\/07\/FrameVisuals-WhiteBG_Frame4.jpg\" \/><\/div>\n<p>&nbsp;<\/p>\n<\/div>\n<div class=\"col-sm-6\">\n<div class=\"zag\">\n<p><strong><span class=\"num\"><span>5.<\/span><\/span><span>Sie k\u00f6nnen Ihre Einzahlung von \u00a3 50 \/ \u20ac 50 telefonisch mit einer Kredit- \/ Debitkarte oder per PayPal bezahlen, je nachdem, was f\u00fcr Sie am bequemsten ist.\u00a0Vergessen Sie nicht, wenn Sie Ihre Meinung \u00e4ndern, wird Ihre Anzahlung vollst\u00e4ndig zur\u00fcckerstattet.<\/span><\/strong><\/p>\n<p>&nbsp;<\/p>\n<\/div>\n<p>&nbsp;<\/p>\n<\/div>\n<div class=\"col-sm-6\">\n<div class=\"zag\">\n<p><strong><span class=\"num\"><span>6.<\/span><\/span><span>Senden Sie uns 3-5 Tage vor der Abholung eine Kopie Ihres Inventars. Ihr Umzugskoordinator \u00fcberpr\u00fcft dies, um unerwartete \u00dcberraschungen am Tag zu vermeiden.\u00a0Wir freuen uns, dass Sie bis zur letzten Minute packen, aber eine fast vollst\u00e4ndige Bestandsaufnahme ist in Ordnung.\u00a0Sie m\u00fcssen au\u00dferdem 2 gedruckte Exemplare f\u00fcr den Abholtag vorbereiten. Diese m\u00fcssen endg\u00fcltig und genau sein.<\/span><\/strong><\/p>\n<p>&nbsp;<\/p>\n<\/div>\n<p>&nbsp;<\/p>\n<\/div>\n<div class=\"col-sm-6\">\n<div class=\"zig\"><img src=\"https:\/\/europeanmoving.im\/wp-content\/uploads\/2018\/12\/slide-6.jpg\" \/><\/div>\n<p>&nbsp;<\/p>\n<\/div>\n<div class=\"col-sm-6\">\n<div class=\"zig\"><img src=\"https:\/\/europeanmoving.im\/wp-content\/uploads\/2018\/07\/UM-FramesWhiteBGFR_Frame6.jpg\" \/><\/div>\n<p>&nbsp;<\/p>\n<\/div>\n<div class=\"col-sm-6\">\n<div class=\"zag\">\n<p><strong><span class=\"num\"><span>7.<\/span><\/span><span>Sobald Sie Ihre Daten best\u00e4tigt und Ihre Zusammenfassung des Servicevertrags unterschrieben haben, wird einer unserer zugelassenen Fahrer Ihrer Buchung zugewiesen.<\/span><\/strong><\/p>\n<p>&nbsp;<\/p>\n<\/div>\n<p>&nbsp;<\/p>\n<\/div>\n<div class=\"col-sm-6\">\n<div class=\"zag\">\n<p><strong><span class=\"num\"><span>8.<\/span><\/span><span>Ihre Restzahlung ist 14 Tage vor Abholung f\u00e4llig und muss per \u00dcberweisung bezahlt werden.\u00a0Alle diese Details finden Sie auf Ihrer Rechnung. Sie erhalten auch eine Erinnerung, falls Ihnen dies in den Sinn kommt.<\/span><\/strong><\/p>\n<p>&nbsp;<\/p>\n<\/div>\n<p>&nbsp;<\/p>\n<\/div>\n<div class=\"col-sm-6\">\n<div class=\"zig\"><img src=\"https:\/\/europeanmoving.im\/wp-content\/uploads\/2018\/12\/slide-8-1.jpg\" \/><\/div>\n<p>&nbsp;<\/p>\n<\/div>\n<div class=\"col-sm-6\">\n<div class=\"zig\"><img src=\"https:\/\/europeanmoving.im\/wp-content\/uploads\/2018\/07\/FrameVisuals-WhiteBG_Frame9.jpg\" \/><\/div>\n<p>&nbsp;<\/p>\n<\/div>\n<div class=\"col-sm-6\">\n<div class=\"zag\">\n<p><strong><span class=\"num\"><span>9.<\/span><\/span><span>Wenn Ihr Fahrer ankommt, stellen Sie sicher, dass Sie zwei gedruckte Exemplare Ihres Inventars zur Hand haben &#8211; eines f\u00fcr sich selbst und eines f\u00fcr den Fahrer.\u00a0Alle Waren sollten auf und neben dem \/ den Van \/ s \u00fcberpr\u00fcft und das Inventar von Ihnen und dem Fahrer unterschrieben werden.\u00a0Bei Teilladungen m\u00fcssen Sie au\u00dferdem sicherstellen, dass jede Schachtel oder jeder Artikel beschriftet ist und Ihrem Inventar entspricht.<\/span><\/strong><\/p>\n<p>&nbsp;<\/p>\n<\/div>\n<p>&nbsp;<\/p>\n<\/div>\n<div class=\"col-sm-6\">\n<div class=\"zag\">\n<p><strong><span class=\"num\"><span>10.<\/span><\/span><span>Sobald wir eine Benachrichtigung von Ihnen oder dem Fahrer erhalten haben, dass alle Ihre Waren geliefert wurden, senden wir Ihnen einen Link, um unseren Fahrer und unseren Kundenservice zu bewerten.\u00a0Wir bieten eine R\u00fcckerstattung von \u00a3 50 \/ \u20ac 50 f\u00fcr alle verbleibenden fairen Bewertungen!<\/span><\/strong><\/p>\n<p>&nbsp;<\/p>\n<\/div>\n<p>&nbsp;<\/p>\n<\/div>\n<div class=\"col-sm-6\">\n<div class=\"zig\"><img src=\"https:\/\/europeanmoving.im\/wp-content\/uploads\/2018\/07\/FrameVisuals-WhiteBG_Frame10.jpg\" \/><\/div>\n<\/div>\n<\/div>\n","protected":false},"excerpt":{"rendered":"<p>Complete our simple online enquiry form If you are happy, approve the quote &nbsp; Die Nutzung der European Moving-Plattform ist einfach.\u00a0Unsere erfahrenen Umzugskoordinatoren werden sich bem\u00fchen, Ihnen innerhalb von 24 Stunden einen Kostenvoranschlag zu senden.\u00a0Wenn Sie noch nicht wissen, wie viel Sie bewegen m\u00fcssen, machen Sie sich keine Sorgen, dies kann jederzeit ge\u00e4ndert werden.\u00a0Folgen Sie [&hellip;]<\/p>\n","protected":false},"author":13,"featured_media":0,"parent":0,"menu_order":0,"comment_status":"closed","ping_status":"closed","template":"","meta":[],"yst_prominent_words":[10437,6197,6488,6824,5807,5942],"_links":{"self":[{"href":"https:\/\/europeanmoving.co.uk\/de\/wp-json\/wp\/v2\/pages\/8340"}],"collection":[{"href":"https:\/\/europeanmoving.co.uk\/de\/wp-json\/wp\/v2\/pages"}],"about":[{"href":"https:\/\/europeanmoving.co.uk\/de\/wp-json\/wp\/v2\/types\/page"}],"author":[{"embeddable":true,"href":"https:\/\/europeanmoving.co.uk\/de\/wp-json\/wp\/v2\/users\/13"}],"replies":[{"embeddable":true,"href":"https:\/\/europeanmoving.co.uk\/de\/wp-json\/wp\/v2\/comments?post=8340"}],"version-history":[{"count":12,"href":"https:\/\/europeanmoving.co.uk\/de\/wp-json\/wp\/v2\/pages\/8340\/revisions"}],"predecessor-version":[{"id":22360,"href":"https:\/\/europeanmoving.co.uk\/de\/wp-json\/wp\/v2\/pages\/8340\/revisions\/22360"}],"wp:attachment":[{"href":"https:\/\/europeanmoving.co.uk\/de\/wp-json\/wp\/v2\/media?parent=8340"}],"wp:term":[{"taxonomy":"yst_prominent_words","embeddable":true,"href":"https:\/\/europeanmoving.co.uk\/de\/wp-json\/wp\/v2\/yst_prominent_words?post=8340"}],"curies":[{"name":"wp","href":"https:\/\/api.w.org\/{rel}","templated":true}]}}