{"id":8336,"date":"2018-08-08T11:39:09","date_gmt":"2018-08-08T11:39:09","guid":{"rendered":"https:\/\/europeanmoving.co.uk\/?page_id=8336"},"modified":"2020-11-03T14:26:38","modified_gmt":"2020-11-03T14:26:38","slug":"easymoves-2","status":"publish","type":"page","link":"https:\/\/europeanmoving.co.uk\/de\/easymoves-2\/","title":{"rendered":"Einfache Bewegungen"},"content":{"rendered":"<h1><strong><span>Einfache Bewegungen<\/span><\/strong><\/h1>\n<p><b><span>Das Wichtigste bei EasyMoves ist, dass jeder unserer Transporter nur einen Fahrer hat<\/span><\/b><\/p>\n<p><span>EasyMoves ist unser beliebtester Umzugsservice f\u00fcr Kunden, die ein zus\u00e4tzliches Paar H\u00e4nde ben\u00f6tigen.\u00a0Unser zugelassener Fahrer unterst\u00fctzt Sie beim Be- und Entladen von und in das Erdgeschoss Ihres Grundst\u00fccks in einen beliebigen Raum Ihrer Wahl.\u00a0Wenn Sie Hilfe von und zu den oberen Etagen ben\u00f6tigen, sprechen Sie bitte mit Ihrem Umzugskoordinator, der dies f\u00fcr Sie arrangieren kann. Es fallen zus\u00e4tzliche Geb\u00fchren an.\u00a0Die Kosten f\u00fcr diesen Service richten sich nach der Etage und der Verf\u00fcgbarkeit eines Aufzugs.<\/span><\/p>\n<p><img src=\"https:\/\/europeanmoving.im\/wp-content\/uploads\/2018\/08\/easymoves.png\" \/><\/p>\n<h2><strong><span>EasyMoves: Laden \/ Entladen<\/span><\/strong><\/h2>\n<p><span>Unser Fahrer hilft Ihnen bei der Abholung Ihrer Waren aus dem Erdgeschoss Ihrer Immobilie bei der Abholung in das Erdgeschoss Ihrer Immobilie bei der Lieferung in einen Raum Ihrer Wahl.<\/span><\/p>\n<p><span>Bitte haben Sie Verst\u00e4ndnis daf\u00fcr, dass\u00a0<\/span><b><span>wir nur einen Fahrer pro Van liefern<\/span><\/b><span>\u00a0, um die Kosten so gering wie m\u00f6glich zu halten\u00a0.\u00a0Sie m\u00fcssen daher an beiden Enden Ihres Umzugs eine angemessene Belegschaft aus Freunden und \/ oder Familienmitgliedern bereitstellen.\u00a0Die Anzahl der erforderlichen Personen h\u00e4ngt von der Art, dem Volumen und dem Gewicht Ihrer Artikel ab.\u00a0Boxen k\u00f6nnen problemlos von einer Person gehandhabt werden, wenn Sie das Gewicht unter 20 kg halten.\u00a0Ein Sofa ben\u00f6tigt mindestens zwei Personen und ein gro\u00dfer Kleiderschrank insgesamt vier zus\u00e4tzliche Personen.\u00a0Im Allgemeinen halten wir f\u00fcr einen vollen Van mindestens eine Person f\u00fcr mindestens mindestens zwei oder drei Personen f\u00fcr ideal, um dem Fahrer zu helfen.\u00a0Denken Sie daran, dass Sie Ihre Haushaltsgegenst\u00e4nde besser kennen als wir.<\/span><\/p>\n<p><span>Bei kleineren Teilladungen von 10 bis 20 Kartons kann der Fahrer das gesamte Be- und Entladen h\u00e4ufig gegen eine zus\u00e4tzliche Geb\u00fchr alleine durchf\u00fchren. Weitere Informationen erhalten Sie von Ihrem Umzugskoordinator.\u00a0Bitte beachten Sie auch, dass dies nur m\u00f6glich ist, wenn jeder Artikel oder jede Box von einer Person getragen werden kann.<\/span><\/p>\n<p><strong><span>EasyMoves: Lade- \/ Entladezeiten<\/span><\/strong><\/p>\n<h3><b><span>Dedicated Van Service &#8211; Volllast<\/span><\/b><\/h3>\n<p><span>Ladezeiten &#8211; 5 Stunden<\/span><br \/>\n<span>Entladezeiten &#8211; 3 Stunden<\/span><\/p>\n<h3><b><span>Teillastdienst<\/span><\/b><\/h3>\n<p><span><strong>Ladezeiten<\/strong>\u00a0&#8211; 2-3 Stunden<\/span><br \/>\n<span>Entladezeiten &#8211; 1-2 Stunden<\/span><br \/>\n<strong><span>EasyMoves: Abhol- und Liefertermine<\/span><\/strong><\/p>\n<h3><b><span>Dedicated Van Service &#8211; Volllast<\/span><\/b><\/h3>\n<p><span>Wenn Sie einen speziellen Van \u00fcber unseren EasyMoves-Service gebucht haben, k\u00f6nnen Sie Montag bis Samstag einen Abholtag Ihrer Wahl ausw\u00e4hlen. Die Lieferung erfolgt direkt. Die Transitzeit der Reise h\u00e4ngt von der Entfernung ab.\u00a0Wenn Ihr Liefertag wichtiger ist, sprechen Sie mit Ihrem Umzugskoordinator, der Sie \u00fcber den bestm\u00f6glichen Abholtag beraten kann.<\/span><br \/>\n<span>Sie k\u00f6nnen das gew\u00e4hlte Datum f\u00fcr Ihre Abholung bis zu 3 Tage vorher \u00e4ndern, ohne dass Geb\u00fchren anfallen.\u00a0Sollten Sie es jedoch weniger als 3 Tage vor der Abholung \u00e4ndern m\u00fcssen, fallen m\u00f6glicherweise zus\u00e4tzliche Geb\u00fchren an.<\/span><br \/>\n<span>Sie haben die alleinige Nutzung des Lieferwagens und teilen den Raum nicht mit Waren anderer Kunden.\u00a0Sie k\u00f6nnen den Platz- und Gewichtszuschlag von 20 m3 oder 1 Tonne (Volltransporter) nach Belieben verwenden.<\/span><b><span>Bitte denken Sie daran, dass der Van eine maximale Kapazit\u00e4t von 20 m3 oder 1 Tonne aufnehmen kann, je nachdem, was zuerst erreicht wird.<\/span><\/b><br \/>\n<span>Sie k\u00f6nnen zwischen einem Zeitfenster am Morgen oder am Nachmittag w\u00e4hlen. Die Vormittage sind zwischen 8 und 12 Uhr und die Nachmittage zwischen 12 und 16 Uhr (UK-Zeit).\u00a0Aufgrund der Art des Gesch\u00e4fts kann es manchmal zu Verz\u00f6gerungen kommen, daher geben wir keine bestimmten Zeiten f\u00fcr die Abholung oder Lieferung an.\u00a0Alle Zeiten, die Ihnen gegeben werden, werden in gutem Glauben getan.<\/span><br \/>\n<span>Bitte ber\u00fccksichtigen Sie m\u00f6gliche Verz\u00f6gerungen, da einige Probleme nicht vermieden werden k\u00f6nnen, z. B. Verkehrs- oder mechanische Probleme.\u00a0<\/span><b><span>Versp\u00e4tete Abholungen oder Lieferungen werden nicht kompensiert.<\/span><\/b><\/p>\n<h3><b><span>Teilladeservice<\/span><\/b><\/h3>\n<p><span>F\u00fcr die Abholung ben\u00f6tigen wir ein Fenster von 3 Arbeitstagen.\u00a0Wir erwarten nat\u00fcrlich nicht, dass Sie w\u00e4hrend dieser Zeit bleiben, und werden uns bem\u00fchen, Sie mindestens 24 Stunden im Voraus zu benachrichtigen.\u00a0Wenn wir jedoch an diesem Tag Platz in einem unserer Lieferwagen in Ihrer N\u00e4he haben, k\u00f6nnen wir Sie anrufen, um Ihnen diese Option ebenfalls anzubieten.<\/span><br \/>\n<span>Wir verlangen auch, dass jemand zwischen 8 und 18 Uhr (UK-Zeit) verf\u00fcgbar ist.\u00a0Bitte beachten Sie, dass es aufgrund der mehrfachen Abholungen und Lieferungen manchmal zu Verz\u00f6gerungen kommen kann.\u00a0Wenn der Fahrer stark versp\u00e4tet ist, k\u00f6nnen wir Ihre Abholung auf den n\u00e4chsten Morgen verschieben.<\/span><br \/>\n<b><span>Versp\u00e4tete Abholungen oder Lieferungen werden nicht kompensiert.<\/span><\/b><br \/>\n<span>Die Lieferung f\u00fcr Teilladungen erfolgt je nach Route in der Regel zwischen 1 Tag und 14 Tagen.\u00a0Jemand muss verf\u00fcgbar sein, um die Lieferung zum fr\u00fchestm\u00f6glichen Zeitpunkt entgegenzunehmen.\u00a0Wir werden uns immer bem\u00fchen, Ihre Waren direkt zu versenden.\u00a0Wir k\u00f6nnen sie jedoch zur Gruppierung mit anderen Lasten, die in die gleiche Richtung gehen, in unser Lager bringen.\u00a0Ihr Umzugskoordinator wird Sie dar\u00fcber informieren, wenn Sie Ihr Abholdatum best\u00e4tigen.<\/span><br \/>\n<span>Wenn Sie jedoch nicht \u00fcber die f\u00fcr Ihre Abhol- und Liefertermine erforderliche Flexibilit\u00e4t verf\u00fcgen, sollten Sie einen dedizierten Van (Vollladung) in Betracht ziehen.\u00a0Es wird wahrscheinlich immer noch billiger als die meisten unserer Konkurrenten.<\/span><\/p>\n<p><strong><span>EasyMoves: Inventar<\/span><\/strong><\/p>\n<p><span>Wir bitten Sie, Ihrem Umzugskoordinator 3-5 Tage vor der Abholung eine Kopie Ihres Inventars zur Verf\u00fcgung zu stellen.\u00a0Dadurch k\u00f6nnen sie die kubische Kapazit\u00e4t ermitteln und best\u00e4tigen.<\/span><\/p>\n<p><b><span>Bitte denken Sie daran, dass wir das Gewicht nicht absch\u00e4tzen k\u00f6nnen.<\/span><\/b><\/p>\n<p><span>Sie m\u00fcssen au\u00dferdem zwei Kopien des Inventars in Papierform drucken, die f\u00fcr den Tag der Abholung bereit sind.\u00a0Sie oder Ihr Vertreter m\u00fcssen Ihre Waren auf und neben dem Van zusammen mit dem Fahrer anhand dieses Inventars \u00fcberpr\u00fcfen.\u00a0Eine Kopie ist f\u00fcr Sie und eine Kopie f\u00fcr den Fahrer.\u00a0Beide sollten jedes Inventar bei Abholung und Lieferung unterschreiben.<\/span><\/p>\n<p><b><span>Bitte beachten Sie: Wenn Sie Ihre Waren ohne Inventar versenden m\u00f6chten, erfolgt dies auf eigenes Risiko.<\/span><\/b><\/p>\n<p><b><span>Der Zoll kann auch nach einer Liste fragen, wenn er den Van an einer Grenze anh\u00e4lt.<\/span><\/b><\/p>\n<p><b><span>Weitere hilfreiche Tipps finden\u00a0Sie in unserem\u00a0<\/span><a href=\"https:\/\/europeanmoving.im\/movers-guide\/\" target=\"_blank\" rel=\"noopener noreferrer\"><span>Mover-Handbuch<\/span><\/a><span>\u00a0.\u00a0<\/span><\/b><strong><span>EasyMoves: Volumen und Gewicht laden<\/span><\/strong><\/p>\n<p><span>Wir verwenden haupts\u00e4chlich 3,5-Tonnen-Luton-Transporter.\u00a0Sie haben die Standardkapazit\u00e4t f\u00fcr diesen Fahrzeugtyp im Transportgesch\u00e4ft.\u00a0Die gr\u00f6\u00dfte \u00dcberlegung beim Transport Ihrer Waren muss das Gewicht sein.\u00a0Unsere Transporter k\u00f6nnen mit einer Nutzlast von 1000 kg ein Volumen zwischen 20 m3 und 24 m3 transportieren.\u00a0Einige L\u00e4nder wie die Schweiz, Norwegen und \u00d6sterreich reduzieren die Rechtsf\u00e4higkeit auf 800 kg.\u00a0Die Gewichtsgrenze bleibt gleich, unabh\u00e4ngig davon, ob der Van 20 m3 oder 24 m3 gro\u00df ist.<\/span><\/p>\n<p><b><span>Ihre Buchung basiert immer entweder auf dem Hubraum oder dem Gewicht &#8211; je nachdem, was zuerst erreicht wird.<\/span><\/b><\/p>\n<p><span>Wenn Sie viele Kartons mit einem Gewicht von jeweils 20 kg haben, k\u00f6nnen Sie m\u00f6glicherweise nur 50 Kartons auf den Van setzen, bevor Sie die Gewichtsgrenze erreichen.\u00a0Dies bedeutet, dass Ihr Van zwar nur halb voll ist, aber die volle Gewichtskapazit\u00e4t hat.\u00a0Mehr\u00a0kann es\u00a0<\/span><u><b><span>legal<\/span><\/b><\/u><span>\u00a0nicht\u00a0dauern.<\/span><\/p>\n<p><b><span>Bitte beachten Sie<\/span><\/b><span>\u00a0: Die meisten unserer Transporter\u00a0<\/span><b><span>haben keine Ladebordwand.\u00a0<\/span><\/b><span>Wir k\u00f6nnen Ihnen jedoch m\u00f6glicherweise eine gegen eine zus\u00e4tzliche Geb\u00fchr und je nach Verf\u00fcgbarkeit zur Verf\u00fcgung stellen.\u00a0Beachten Sie jedoch, dass die Hydraulik das maximale Gewicht um weitere 250 kg reduziert (dies hat keinen Einfluss auf das Volumen).<\/span><\/p>\n<p><strong><span>EasyMoves: Verpackung<\/span><\/strong><\/p>\n<p><span>Alle Waren m\u00fcssen vor der Abholung ausreichend verpackt und gesch\u00fctzt sein.\u00a0Die Transporter tragen keine beweglichen Decken und \/ oder Ladeger\u00e4te.<\/span><\/p>\n<p><span>Bitte beachten Sie unseren\u00a0<\/span><a href=\"https:\/\/europeanmoving.im\/en\/movers-guide-table\/\" target=\"_blank\" rel=\"noopener noreferrer\"><b><span>Movers Guide<\/span><\/b><\/a><span>\u00a0und insbesondere unsere\u00a0<\/span><a href=\"https:\/\/europeanmoving.im\/en\/movers-guide-table\/general-info-for-moving-to-a-new-country\/\" target=\"_blank\" rel=\"noopener noreferrer\"><b><span>Verpackungstipps<\/span><\/b><\/a><span>\u00a0.<\/span><\/p>\n<p><b><span>Vergessen Sie nicht, unsere\u00a0<a href=\"https:\/\/europeanmoving.im\/en\/removals-insurance-and-compensation\/\" target=\"_blank\" rel=\"noopener noreferrer\">Versicherungsseite<\/a>\u00a0zu lesen<\/span><\/b><\/p>\n<p><b><span>Wenn Sie gen\u00fcgend Freunde, Familienmitglieder oder Nachbarn haben, die Ihnen sowohl beim Laden als auch beim Entladen helfen, sollten Sie\u00a0<\/span><a href=\"https:\/\/europeanmoving.im\/en\/international-load-and-go-transport-only-service\/\" target=\"_blank\" rel=\"noopener noreferrer\"><span>unseren Load &amp; Go-Service<\/span><\/a><span>\u00a0in Betracht ziehen,\u00a0da dieser sogar noch g\u00fcnstiger ist<\/span><\/b><\/p>\n","protected":false},"excerpt":{"rendered":"<p>Einfache Bewegungen Das Wichtigste bei EasyMoves ist, dass jeder unserer Transporter nur einen Fahrer hat EasyMoves ist unser beliebtester Umzugsservice f\u00fcr Kunden, die ein zus\u00e4tzliches Paar H\u00e4nde ben\u00f6tigen.\u00a0Unser zugelassener Fahrer unterst\u00fctzt Sie beim Be- und Entladen von und in das Erdgeschoss Ihres Grundst\u00fccks in einen beliebigen Raum Ihrer Wahl.\u00a0Wenn Sie Hilfe von und zu den [&hellip;]<\/p>\n","protected":false},"author":13,"featured_media":0,"parent":0,"menu_order":0,"comment_status":"closed","ping_status":"closed","template":"","meta":[],"yst_prominent_words":[13582,13576,13573,5851,5807,13581,13575,9432,5942],"_links":{"self":[{"href":"https:\/\/europeanmoving.co.uk\/de\/wp-json\/wp\/v2\/pages\/8336"}],"collection":[{"href":"https:\/\/europeanmoving.co.uk\/de\/wp-json\/wp\/v2\/pages"}],"about":[{"href":"https:\/\/europeanmoving.co.uk\/de\/wp-json\/wp\/v2\/types\/page"}],"author":[{"embeddable":true,"href":"https:\/\/europeanmoving.co.uk\/de\/wp-json\/wp\/v2\/users\/13"}],"replies":[{"embeddable":true,"href":"https:\/\/europeanmoving.co.uk\/de\/wp-json\/wp\/v2\/comments?post=8336"}],"version-history":[{"count":10,"href":"https:\/\/europeanmoving.co.uk\/de\/wp-json\/wp\/v2\/pages\/8336\/revisions"}],"predecessor-version":[{"id":21917,"href":"https:\/\/europeanmoving.co.uk\/de\/wp-json\/wp\/v2\/pages\/8336\/revisions\/21917"}],"wp:attachment":[{"href":"https:\/\/europeanmoving.co.uk\/de\/wp-json\/wp\/v2\/media?parent=8336"}],"wp:term":[{"taxonomy":"yst_prominent_words","embeddable":true,"href":"https:\/\/europeanmoving.co.uk\/de\/wp-json\/wp\/v2\/yst_prominent_words?post=8336"}],"curies":[{"name":"wp","href":"https:\/\/api.w.org\/{rel}","templated":true}]}}