{"id":8318,"date":"2018-08-19T15:24:53","date_gmt":"2018-08-19T15:24:53","guid":{"rendered":"https:\/\/europeanmoving.co.uk\/?page_id=8318"},"modified":"2020-09-16T09:58:50","modified_gmt":"2020-09-16T09:58:50","slug":"load-and-go-unser-kostenguenstiger-umzugstransport","status":"publish","type":"page","link":"https:\/\/europeanmoving.co.uk\/de\/load-and-go-unser-kostenguenstiger-umzugstransport\/","title":{"rendered":"Load and Go, unser kosteng\u00fcnstiger Umzugstransport"},"content":{"rendered":"<h1><strong><span>Load &amp; Go, unser kosteng\u00fcnstiger Transportservice<\/span><\/strong><\/h1>\n<p><b><span>Das Wichtigste bei Load &amp; Go ist, dass jeder unserer Transporter nur einen Fahrer hat<\/span><\/b><\/p>\n<p><span>Unser Load &amp; Go-Service richtet sich an Kunden, die das Laden und Entladen gerne selbst durchf\u00fchren. Dies ist eine hervorragende M\u00f6glichkeit, Geld zu sparen, wenn Sie alles, was Sie haben, zum Van bringen k\u00f6nnen oder wenn Sie viele Freunde haben und Familie f\u00fcr gr\u00f6\u00dfere Hausumz\u00fcge zu helfen.\u00a0Unser zugelassener Fahrer hilft Ihnen beim Stapeln und Umschnallen der Ware am Van.\u00a0Es sei daran erinnert, dass es sowohl in der Verantwortung des Kunden als auch des Fahrers liegt, die Ladung zu stapeln und zu sichern.<\/span><\/p>\n<p><img src=\"https:\/\/europeanmoving.info\/wp-content\/uploads\/2018\/08\/loadngo.png\" \/><\/p>\n<h2><strong><span>Laden &amp; Los: Laden \/ Entladen<\/span><\/strong><\/h2>\n<p><span>Unser Fahrer hilft Ihnen beim Stapeln und Sichern der Ladung nur auf der R\u00fcckseite des Lieferwagens<\/span><\/p>\n<p><span>Bitte haben Sie Verst\u00e4ndnis daf\u00fcr, dass\u00a0<\/span><b><span>wir nur einen Fahrer pro Van liefern<\/span><\/b><span>\u00a0, um die Kosten so gering wie m\u00f6glich zu halten\u00a0.\u00a0Sie m\u00fcssen daher an beiden Enden Ihres Umzugs eine angemessene Belegschaft aus Freunden und \/ oder Familienmitgliedern bereitstellen.\u00a0Die Anzahl der erforderlichen Personen h\u00e4ngt von der Art, dem Volumen und dem Gewicht Ihrer Artikel ab.\u00a0Boxen k\u00f6nnen problemlos von einer Person gehandhabt werden, wenn Sie das Gewicht unter 20 kg halten.\u00a0Ein Sofa ben\u00f6tigt mindestens zwei Personen und ein gro\u00dfer Kleiderschrank insgesamt vier zus\u00e4tzliche Personen.\u00a0Im Allgemeinen halten wir f\u00fcr einen vollen Van mindestens zwei Personen f\u00fcr erforderlich, drei oder vier sind ideal.\u00a0Denken Sie daran, dass Sie Ihre Haushaltsgegenst\u00e4nde besser kennen als wir.<\/span><\/p>\n<p><span>Bei kleineren Teilladungen von 10 bis 20 Kartons kann 1 Person das gesamte Be- und Entladen alleine durchf\u00fchren.\u00a0Bitte denken Sie daran, dass der Fahrer bei der Buchung unseres Load &amp; Go-Service nur beim Stapeln und Sichern der Waren auf der R\u00fcckseite des Lieferwagens behilflich ist<\/span><\/p>\n<h2><strong><span>Laden &amp; Los: Lade- \/ Entladezeiten<\/span><\/strong><\/h2>\n<h3><b><span>Dedicated Van Service &#8211; Volllast<\/span><\/b><\/h3>\n<p><span>Ladezeiten &#8211; 5 Stunden<\/span><br \/>\n<span>Entladezeiten &#8211; 3 Stunden<\/span><\/p>\n<h3><b><span>Teillastdienst<\/span><\/b><\/h3>\n<p><span>Ladezeiten &#8211; 2-3 Stunden<\/span><br \/>\n<span>Entladezeiten &#8211; 1-2 Stunden\u00a0<\/span><strong><span>Load &amp; Go: Abhol- und Liefertermine<\/span><\/strong><\/p>\n<h3><b><span>Dedicated Van Service &#8211; Volllast<\/span><\/b><\/h3>\n<p><span>Wenn Sie einen speziellen Van f\u00fcr unseren Load &amp; Go-Service gebucht haben, k\u00f6nnen Sie Montag bis Samstag einen Abholtag Ihrer Wahl ausw\u00e4hlen. Die Lieferung erfolgt direkt. Die Transitzeit der Reise h\u00e4ngt von der Entfernung ab.\u00a0Wenn Ihr Liefertag wichtiger ist, sprechen Sie mit Ihrem Umzugskoordinator, der Sie \u00fcber den bestm\u00f6glichen Abholtag beraten kann.<\/span><br \/>\n<span>Sie k\u00f6nnen das gew\u00e4hlte Datum f\u00fcr Ihre Abholung bis zu 3 Tage vorher \u00e4ndern, ohne dass Geb\u00fchren anfallen.\u00a0Sollten Sie es jedoch weniger als 3 Tage vor der Abholung \u00e4ndern m\u00fcssen, fallen m\u00f6glicherweise zus\u00e4tzliche Geb\u00fchren an.<\/span><br \/>\n<span>Sie haben die alleinige Nutzung des Lieferwagens und teilen den Raum nicht mit Waren anderer Kunden.\u00a0Sie k\u00f6nnen den Platz- und Gewichtszuschlag von 20 m3 oder 1 Tonne (Volltransporter) nach Belieben verwenden.<\/span><b><span>Bitte denken Sie daran, dass der Van eine maximale Kapazit\u00e4t von 20 m3 oder 1 Tonne aufnehmen kann, je nachdem, was zuerst erreicht wird.<\/span><\/b><\/p>\n<p><b><span>F\u00fcr Norwegen, die Schweiz und \u00d6sterreich ist das Gewicht bei voller Ladung auf 800 kg begrenzt<\/span><\/b><\/p>\n<p><span>Sie k\u00f6nnen zwischen einem Zeitfenster am Morgen oder am Nachmittag w\u00e4hlen. Die Vormittage sind zwischen 8 und 12 Uhr und die Nachmittage zwischen 12 und 16 Uhr (UK-Zeit).\u00a0Aufgrund der Art des Gesch\u00e4fts kann es manchmal zu Verz\u00f6gerungen kommen, daher geben wir keine bestimmten Zeiten f\u00fcr die Abholung oder Lieferung an.\u00a0Alle Zeiten, die Ihnen gegeben werden, werden in gutem Glauben getan.<\/span><br \/>\n<span>Bitte ber\u00fccksichtigen Sie m\u00f6gliche Verz\u00f6gerungen, da einige Probleme nicht vermieden werden k\u00f6nnen, z. B. Verkehrs- oder mechanische Probleme.\u00a0<\/span><b><span>Versp\u00e4tete Abholungen oder Lieferungen werden nicht kompensiert.<\/span><\/b><\/p>\n<h3><b><span>Teilladeservice<\/span><\/b><\/h3>\n<p><span>F\u00fcr die Abholung ben\u00f6tigen wir ein Fenster von 3 Arbeitstagen.\u00a0Wir erwarten nicht, dass Sie w\u00e4hrend dieser Zeit bleiben, und bem\u00fchen uns, Ihnen mindestens 24 Stunden im Voraus Bescheid zu geben. Wenn wir jedoch an diesem Tag Platz in einem unserer Transporter in Ihrer N\u00e4he haben, k\u00f6nnen wir Sie anrufen Sie diese Option auch.<\/span><br \/>\n<span>Wir verlangen, dass jemand zwischen 8 und 18 Uhr (UK-Zeit) verf\u00fcgbar ist. Bitte beachten Sie auch, dass es aufgrund der mehrfachen Abholungen und Lieferungen manchmal zu Verz\u00f6gerungen kommen kann.\u00a0Wenn der Fahrer stark versp\u00e4tet ist, k\u00f6nnen wir Ihre Abholung auf den n\u00e4chsten Morgen verschieben.<\/span><br \/>\n<b><span>Versp\u00e4tete Abholungen oder Lieferungen werden nicht kompensiert.<\/span><\/b><br \/>\n<span>Die Lieferung f\u00fcr Teilladungen erfolgt je nach Route in der Regel zwischen 1 Tag und 14 Tagen.\u00a0Jemand muss verf\u00fcgbar sein, um die Lieferung zum fr\u00fchestm\u00f6glichen Zeitpunkt entgegenzunehmen.\u00a0W\u00e4hrend wir uns stets bem\u00fchen, Ihre Waren direkt zu versenden, k\u00f6nnen wir sie zur Gruppierung mit anderen Ladungen in die gleiche Richtung zu unserem Lager bringen. Ihr Umzugskoordinator wird Sie dar\u00fcber informieren, wenn Sie Ihr Abholdatum best\u00e4tigen.<\/span><br \/>\n<span>Wenn Sie jedoch nicht \u00fcber die f\u00fcr Ihre Abhol- und Liefertermine erforderliche Flexibilit\u00e4t verf\u00fcgen, sollten Sie einen dedizierten Van (Vollladung) in Betracht ziehen.\u00a0Es wird wahrscheinlich immer noch billiger als die meisten unserer Konkurrenten.\u00a0<\/span><strong><span>Laden &amp; Los: Inventar<\/span><\/strong><\/p>\n<p><span>Wir bitten Sie, Ihrem Umzugskoordinator 3-5 Tage vor der Abholung eine Kopie Ihres Inventars zur Verf\u00fcgung zu stellen, damit dieser die Kubikkapazit\u00e4t ermitteln und best\u00e4tigen kann.<\/span><\/p>\n<p><b><span>Bitte denken Sie daran, dass wir das Gewicht nicht absch\u00e4tzen k\u00f6nnen.<\/span><\/b><\/p>\n<p><span>Sie m\u00fcssen au\u00dferdem zwei Kopien des Inventars in Papierform drucken, die f\u00fcr den Tag der Abholung bereit sind.\u00a0Sie oder Ihr Vertreter m\u00fcssen Ihre Waren auf und neben dem Van zusammen mit dem Fahrer anhand dieses Inventars \u00fcberpr\u00fcfen.\u00a0Eine Kopie ist f\u00fcr Sie aufzubewahren und eine Kopie f\u00fcr den Fahrer. Beide sollten jedes Inventar bei Abholung und Lieferung unterschreiben.<\/span><\/p>\n<p><b><span>Bitte beachten Sie: Wenn Sie Ihre Waren ohne Inventar versenden m\u00f6chten, erfolgt dies auf eigenes Risiko.<\/span><\/b><\/p>\n<p><b><span>Der Zoll kann auch nach einer Liste fragen, wenn er den Van an einer Grenze anh\u00e4lt.<\/span><\/b><\/p>\n<p><b><span>Weitere hilfreiche Tipps finden\u00a0Sie in unserem\u00a0<\/span><a href=\"https:\/\/europeanmoving.co.uk\/movers-guide\/\" target=\"_blank\" rel=\"noopener noreferrer\"><span>Mover-Handbuch<\/span><\/a><span>\u00a0.\u00a0<\/span><\/b><strong><span>Load &amp; Go: Laden Sie Volumen und Gewicht<\/span><\/strong><\/p>\n<p><span>Unsere 3,5-Tonnen-Luton-Transporter haben das gleiche Gewicht wie die meisten anderen Fahrzeuge dieses Typs im Transportgesch\u00e4ft.\u00a0Die gr\u00f6\u00dfte \u00dcberlegung beim Transport Ihrer Waren muss das Gewicht sein.\u00a0Unsere Luton-Transporter k\u00f6nnen ein Volumen zwischen 20 m3 und 24 m3 mit einer Nutzlast von 1000 kg transportieren (800 kg in einigen L\u00e4ndern wie der Schweiz, Norwegen und \u00d6sterreich).\u00a0Die Gewichtsgrenze bleibt gleich, unabh\u00e4ngig davon, ob der Van 20 m3 oder 24 m3 gro\u00df ist.<\/span><\/p>\n<p><b><span>Ihre Buchung basiert immer entweder auf dem Hubraum oder dem Gewicht &#8211; je nachdem, was zuerst erreicht wird.<\/span><\/b><\/p>\n<p><span>Es ist zu bedenken, dass Sie, wenn Sie viele Kisten mit einem Gewicht von jeweils 20 kg haben, nur 50 Kisten auf den Van bekommen k\u00f6nnen, bevor die Gewichtsgrenze erreicht ist.\u00a0Dies bedeutet, dass Ihr Van zwar nur halb voll ist, aber die volle Gewichtskapazit\u00e4t hat.\u00a0Mehr\u00a0kann es\u00a0<\/span><u><b><span>legal<\/span><\/b><\/u><span>\u00a0nicht\u00a0dauern.<\/span><\/p>\n<p><b><span>Bitte beachten Sie<\/span><\/b><span>\u00a0: Obwohl die meisten unserer Transporter\u00a0<\/span><b><span>keine Ladebordwand haben<\/span><\/b><span>\u00a0, k\u00f6nnen wir Ihnen m\u00f6glicherweise eine gegen eine zus\u00e4tzliche Geb\u00fchr und je nach Verf\u00fcgbarkeit zur Verf\u00fcgung stellen.\u00a0Beachten Sie jedoch, dass die Hydraulik das maximale Gewicht um weitere 250 kg reduziert (dies hat keinen Einfluss auf das Volumen).<\/span><\/p>\n<p><strong><span>Load &amp; Go: Verpackung<\/span><\/strong><\/p>\n<p><span>Alle Waren m\u00fcssen vor der Abholung ausreichend verpackt und gesch\u00fctzt sein.\u00a0Die Transporter tragen keine beweglichen Decken und \/ oder Ladeger\u00e4te.<\/span><\/p>\n<p><span>Bitte beachten Sie unseren\u00a0<\/span><a href=\"https:\/\/europeanmoving.co.uk\/en\/movers-guide-table\/\" target=\"_blank\" rel=\"noopener noreferrer\"><b><span>Movers Guide<\/span><\/b><\/a><span>\u00a0und insbesondere unsere\u00a0<\/span><a href=\"https:\/\/europeanmoving.co.uk\/en\/movers-guide-table\/general-info-for-moving-to-a-new-country\/\" target=\"_blank\" rel=\"noopener noreferrer\"><b><span>Verpackungstipps<\/span><\/b><\/a><span>\u00a0.<\/span><\/p>\n<p><b><span>Vergessen Sie nicht, unsere\u00a0<a href=\"https:\/\/europeanmoving.co.uk\/en\/removals-insurance-and-compensation\/\" target=\"_blank\" rel=\"noopener noreferrer\">Versicherungsseite<\/a>\u00a0zu lesen<\/span><\/b><\/p>\n","protected":false},"excerpt":{"rendered":"<p>Load &amp; Go, unser kosteng\u00fcnstiger Transportservice Das Wichtigste bei Load &amp; Go ist, dass jeder unserer Transporter nur einen Fahrer hat Unser Load &amp; Go-Service richtet sich an Kunden, die das Laden und Entladen gerne selbst durchf\u00fchren. Dies ist eine hervorragende M\u00f6glichkeit, Geld zu sparen, wenn Sie alles, was Sie haben, zum Van bringen k\u00f6nnen [&hellip;]<\/p>\n","protected":false},"author":13,"featured_media":0,"parent":0,"menu_order":0,"comment_status":"closed","ping_status":"closed","template":"","meta":[],"yst_prominent_words":[5485,1964,1982,1972,556,5497,1974,2040,203,1953,1978,1968,1970,3052,1980,1960,1955,5491,1976,1986],"_links":{"self":[{"href":"https:\/\/europeanmoving.co.uk\/de\/wp-json\/wp\/v2\/pages\/8318"}],"collection":[{"href":"https:\/\/europeanmoving.co.uk\/de\/wp-json\/wp\/v2\/pages"}],"about":[{"href":"https:\/\/europeanmoving.co.uk\/de\/wp-json\/wp\/v2\/types\/page"}],"author":[{"embeddable":true,"href":"https:\/\/europeanmoving.co.uk\/de\/wp-json\/wp\/v2\/users\/13"}],"replies":[{"embeddable":true,"href":"https:\/\/europeanmoving.co.uk\/de\/wp-json\/wp\/v2\/comments?post=8318"}],"version-history":[{"count":4,"href":"https:\/\/europeanmoving.co.uk\/de\/wp-json\/wp\/v2\/pages\/8318\/revisions"}],"predecessor-version":[{"id":21928,"href":"https:\/\/europeanmoving.co.uk\/de\/wp-json\/wp\/v2\/pages\/8318\/revisions\/21928"}],"wp:attachment":[{"href":"https:\/\/europeanmoving.co.uk\/de\/wp-json\/wp\/v2\/media?parent=8318"}],"wp:term":[{"taxonomy":"yst_prominent_words","embeddable":true,"href":"https:\/\/europeanmoving.co.uk\/de\/wp-json\/wp\/v2\/yst_prominent_words?post=8318"}],"curies":[{"name":"wp","href":"https:\/\/api.w.org\/{rel}","templated":true}]}}