{"id":8147,"date":"2018-08-03T12:49:35","date_gmt":"2018-08-03T12:49:35","guid":{"rendered":"http:\/\/europeanmoving.co.uk\/?page_id=8147"},"modified":"2020-09-17T10:58:44","modified_gmt":"2020-09-17T10:58:44","slug":"tipps-zum-umzugstransporter","status":"publish","type":"page","link":"https:\/\/europeanmoving.co.uk\/de\/tipps-zum-umzugstransporter\/","title":{"rendered":"Tipps zum Umzugstransporter"},"content":{"rendered":"<h1 class=\"title-heading-left\"><strong><span>Fahrzeugbezogene Tipps<\/span><\/strong><\/h1>\n<p><span>Wir haben einige Artikel zu den Transportern zusammengestellt.\u00a0Diese fahrzeugbezogenen Tipps helfen Ihnen dabei, das Volumen Ihres Umzugs abzusch\u00e4tzen und sicherzustellen, dass der Van an beiden Enden der Reise auf Ihr Grundst\u00fcck zugreifen kann.<\/span><\/p>\n<p><img src=\"https:\/\/europeanmoving.im\/wp-content\/uploads\/2018\/07\/vehicle-tips.jpg\" \/><\/p>\n<h2><strong><span>Fahrzeugtipps: Unsere Transporter<\/span><\/strong><\/h2>\n<p><span>Wir haben jeden Tag Transporter in jedem europ\u00e4ischen Land.\u00a0Bei den meisten handelt es sich um 3,5-Tonnen-Luton-Transporter mit folgenden Au\u00dfenabmessungen:<\/span><\/p>\n<ul class=\"list-with-tick col4\">\n<li><span>L\u00e4nge = 7,5 Meter<\/span><\/li>\n<li><span>Breite = 2,2 Meter<\/span><\/li>\n<li><span>H\u00f6he = 3,3 Meter<\/span><\/li>\n<\/ul>\n<p><strong><span>Wenden Sie sich vor der Abholung und Lieferung immer an Ihren Umzugskoordinator, um dies zu kl\u00e4ren.<\/span><\/strong><br \/>\n<span>Ein Luton Transit ist eines der Arbeitspferde der Umzugsindustrie.\u00a0Es ist aus vielen Gr\u00fcnden ein sehr beliebter Umzugswagen.\u00a0Dieser Fahrzeugtyp ist wendig und nicht zu gro\u00df.\u00a0Es wird auf Ihrer Fahrt geparkt, wenn Sie eine haben.\u00a0Bei gr\u00f6\u00dferen Mengen sind zwei Transporter zusammen im Allgemeinen schneller und billiger als ein einzelner, gr\u00f6\u00dferer Transporter wie 7,5 Tonnen.<\/span><br \/>\n<span>Ein Luton-Van fasst 20 Kubikmeter und kann bis zu 1.000 kg tragen.\u00a0In einigen L\u00e4ndern k\u00f6nnen dieselben Transporter legal nicht mehr als 800 kg transportieren.\u00a0Die maximale Lautst\u00e4rke bleibt jedoch unver\u00e4ndert.\u00a0Ein Van dieser Gr\u00f6\u00dfe kann normalerweise einen kleinen bis mittelgro\u00dfen Umzug bew\u00e4ltigen.\u00a0Wenn Sie kein strenger Hamsterer sind, k\u00f6nnen Sie wahrscheinlich Ihre Sachen von allem bis zu einem Haus mit zwei Schlafzimmern in einen solchen Umzugswagen einbauen.<\/span><\/p>\n<h2><strong><span>Fahrzeugbezogene Tipps: Das kritische Thema Gewicht<\/span><\/strong><\/h2>\n<p>&nbsp;<\/p>\n<p><strong><span>Das Gewicht abzusch\u00e4tzen ist schwierig.\u00a0Diese Gewichtsbeschr\u00e4nkung ist der Grund, warum wir Ihnen empfohlen haben, jeden Artikel zu gewichten, w\u00e4hrend Sie in unserem Packraum Raum f\u00fcr Raum verpackt haben.\u00a0<\/span><\/strong><span>Der Fahrer kann manchmal raten, wenn der Van \u00fcberladen ist, obwohl dies selbst f\u00fcr die erfahrensten Fahrer schwierig sein kann!\u00a0Unter bestimmten Umst\u00e4nden und nur f\u00fcr volle Ladung k\u00f6nnen wir arrangieren, dass der Van zu einer Wiegebr\u00fccke in Ihrer N\u00e4he geschickt wird, sofern eine verf\u00fcgbar ist.\u00a0Dies kann abh\u00e4ngig von den Kosten und dem Standort dieses Dienstes zus\u00e4tzliche Kosten verursachen.<\/span><br \/>\n<span>Zur Verdeutlichung ist der Kunde f\u00fcr die Sch\u00e4tzung des Gewichts seiner Entfernung verantwortlich.\u00a0Wenn die Polizei den Van wegen \u00dcbergewicht anh\u00e4lt, muss der Kunde die Geldstrafe bezahlen.\u00a0Wenn wir ein anderes Fahrzeug schicken m\u00fcssen, um das \u00dcbergewicht abzubauen, sind die Kosten hierf\u00fcr ebenfalls vom Kunden zu tragen.<\/span><br \/>\n<span>Sollten wir Sie zu diesem Zeitpunkt nicht erreichen k\u00f6nnen, kann European Moving diese Kosten \u00fcbernehmen, um die Transporter in Bewegung zu halten.\u00a0In diesem Fall muss der Kunde alle zus\u00e4tzlichen Kosten zur\u00fcckzahlen, bevor er mit dem Entladen beginnt.<\/span><br \/>\n<span>Die Geb\u00fchr f\u00fcr einen zus\u00e4tzlichen Van h\u00e4ngt vom Standort des angehaltenen Fahrzeugs und dem n\u00e4chstgelegenen verf\u00fcgbaren Van ab.\u00a0Bitte denken Sie daran, dass die Kosten hierf\u00fcr zus\u00e4tzlich zur Geldstrafe anfallen.<\/span><br \/>\n<strong><span>Sie m\u00fcssten den Gesamtbetrag der Geldstrafe zuz\u00fcglich der Geb\u00fchr bezahlen, um einen Van zum ersten Fahrzeug und von dort zu Ihrem Ziel zu bringen.<\/span><\/strong><\/p>\n<h2><strong><span>Fahrzeugbezogene Tipps: Sch\u00e4tzen Sie das Volumen Ihrer Bewegung<\/span><\/strong><\/h2>\n<p><span>Die Nutzlast muss angemessen gesch\u00e4tzt werden.\u00a0Wir haben\u00a0<\/span><strong><span>diesen Online-Rechner<\/span><\/strong><span>\u00a0f\u00fcr Sie zusammengestellt.\u00a0Alles, was Sie tun m\u00fcssen, ist, die mittlere Spalte (Menge) mit der Menge jedes Artikels Raum f\u00fcr Raum auszuf\u00fcllen.<\/span><br \/>\n<span>Wir arbeiten lieber in Kubikmetern als in Kubikfu\u00df, haben uns aber gerne unterhalten, wenn Sie m\u00f6chten.\u00a0Hier ist ein Online-Konverter zum Umrechnen von Kubikfu\u00df in Kubikmeter.<\/span><br \/>\n<span>Wenn Sie Hilfe bei der Sch\u00e4tzung der Gr\u00f6\u00dfe Ihrer Ladung ben\u00f6tigen, wenden Sie sich bitte an Ihren Vertriebsmitarbeiter.\u00a0Sie k\u00f6nnen jederzeit eine Kopie Ihres Inventars an einen unserer Ladeplaner weiterleiten.\u00a0Wir werden es auf der Grundlage von Branchendurchschnitten erarbeiten.\u00a0Wir sind hier, um Ihnen zu helfen und Ihren Umzug so reibungslos wie m\u00f6glich zu gestalten.<\/span><\/p>\n<h2><strong><span>Fahrzeugbezogene Tipps: Zugang zu Ihrer Immobilie<\/span><\/strong><\/h2>\n<p><span>Es ist wichtig, dass wir so viel wie m\u00f6glich \u00fcber die Zugangsdaten der Abhol- und Lieferorte wissen, um Ihnen ein genaues Angebot zu unterbreiten.\u00a0Wenn wir ein unzureichendes oder nicht deklariertes Zugangsproblem feststellen &#8211; beispielsweise wenn Sie sich im 3. Stock eines Geb\u00e4udes befinden und keinen Aufzug haben und uns dies nicht mitgeteilt haben &#8211; m\u00fcssen wir Ihnen die zus\u00e4tzlichen Arbeiten in Rechnung stellen.<\/span><br \/>\n<span>Stellen Sie au\u00dferdem sicher, dass Sie die Zugriffsanforderungen und -beschr\u00e4nkungen sowohl beim Be- als auch beim Entladen \u00fcberpr\u00fcft haben.\u00a0Wenn beispielsweise T\u00fcren oder Fenster entfernt werden m\u00fcssen, m\u00fcssen Sie sie entfernen, bevor wir an Ihrem Ziel ankommen.<\/span><br \/>\n<span>Sie m\u00fcssen sicherstellen, dass Ihr gebuchtes Fahrzeug sowohl an der Abhol- als auch an der Lieferadresse gut zug\u00e4nglich ist.\u00a0Falls erforderlich, sollten Sie vor dem Abhol- oder Liefertag auch Parkausweise beantragen.<\/span><br \/>\n<span>Bitte stellen Sie sicher, dass der Abstand zwischen Parkplatz und Grundst\u00fcck (an beiden Enden) minimal ist.\u00a0Sollte es 30 Meter oder mehr \u00fcberschreiten, informieren Sie bitte Ihren Bewegungskoordinator so bald wie m\u00f6glich.\u00a0Wir berechnen Ihnen m\u00f6glicherweise einen Aufpreis, wenn die Entfernung zu gro\u00df ist oder Sie uns nicht benachrichtigt haben.<\/span><br \/>\n<span>Wenn f\u00fcr das Anhalten des Fahrzeugs nicht gen\u00fcgend Parkpl\u00e4tze vorhanden sind und dies zu einer Parkgeb\u00fchr f\u00fchrt, ist der Kunde f\u00fcr die vollst\u00e4ndige Zahlung verantwortlich, bevor der Fahrer das Grundst\u00fcck verl\u00e4sst.<\/span><br \/>\n<span>Informieren Sie Ihre Nachbarn im Voraus, damit sie auf St\u00f6rungen an Ihrem Abhol- oder Liefertag vorbereitet sind.\u00a0Es ist nicht nur h\u00f6flich, sondern sie k\u00f6nnen sogar eine helfende Hand oder eine Tasse Tee anbieten!<\/span><br \/>\n<span>Stellen Sie sicher, dass Sie \u00fcber die erforderlichen Arbeitskr\u00e4fte verf\u00fcgen, um alle Ihre Artikel auf unser Fahrzeug zu laden und an Ihrem Zielort zu entladen.\u00a0Wenn Sie unseren TRANSPORT ONLY-Service gebucht haben, ist dieses Element von entscheidender Bedeutung, da der Fahrer nur vom Van aus hilft.<\/span><\/p>\n<h2><strong><span>Fahrzeugbezogene Tipps: Beladen des Lieferwagens<\/span><\/strong><\/h2>\n<p><strong><span>Stellen Sie sich die Last wie ein Puzzle vor und nutzen Sie jeden Platz so gut Sie k\u00f6nnen.<\/span><\/strong><br \/>\n<span>Stellen Sie gr\u00f6\u00dfere Teile wie Schr\u00e4nke und Sofas an die vordere Innenwand des Lieferwagens hinter der Kabine.\u00a0Befestigen Sie sie ordnungsgem\u00e4\u00df mit Seilen oder Gurten.\u00a0Unsere Fahrzeuge werden standardm\u00e4\u00dfig mit Gurten geliefert, aber es ist immer gut, ein Seil zur Hand zu haben, um ungew\u00f6hnlich schwere Gegenst\u00e4nde zus\u00e4tzlich zu st\u00fctzen.\u00a0Denken Sie daran, dass unsere Transporter keine Decken haben.<\/span><br \/>\n<span>Legen Sie gro\u00dfe, robuste Gegenst\u00e4nde auf die untere Schicht und die zerbrechlicheren Gegenst\u00e4nde auf die obere.\u00a0Verwenden Sie kleinere Gegenst\u00e4nde wie Teppiche und Kissen, um L\u00f6cher zu verschlie\u00dfen und L\u00fccken zu f\u00fcllen.\u00a0Decken und Laken sind n\u00fctzlich, da sie zus\u00e4tzlichen Schutz bieten.\u00a0Lange, zerbrechliche Gegenst\u00e4nde wie Spiegel oder Gem\u00e4lde passen gut zwischen Matratzen.\u00a0Stellen Sie schlie\u00dflich sicher, dass alles ordnungsgem\u00e4\u00df gesichert ist.<\/span><\/p>\n","protected":false},"excerpt":{"rendered":"<p>Fahrzeugbezogene Tipps Wir haben einige Artikel zu den Transportern zusammengestellt.\u00a0Diese fahrzeugbezogenen Tipps helfen Ihnen dabei, das Volumen Ihres Umzugs abzusch\u00e4tzen und sicherzustellen, dass der Van an beiden Enden der Reise auf Ihr Grundst\u00fcck zugreifen kann. Fahrzeugtipps: Unsere Transporter Wir haben jeden Tag Transporter in jedem europ\u00e4ischen Land.\u00a0Bei den meisten handelt es sich um 3,5-Tonnen-Luton-Transporter mit [&hellip;]<\/p>\n","protected":false},"author":13,"featured_media":0,"parent":0,"menu_order":0,"comment_status":"closed","ping_status":"closed","template":"","meta":[],"yst_prominent_words":[5911,5851,5935,6813,5988,9492,5807,15003,5942,6020],"_links":{"self":[{"href":"https:\/\/europeanmoving.co.uk\/de\/wp-json\/wp\/v2\/pages\/8147"}],"collection":[{"href":"https:\/\/europeanmoving.co.uk\/de\/wp-json\/wp\/v2\/pages"}],"about":[{"href":"https:\/\/europeanmoving.co.uk\/de\/wp-json\/wp\/v2\/types\/page"}],"author":[{"embeddable":true,"href":"https:\/\/europeanmoving.co.uk\/de\/wp-json\/wp\/v2\/users\/13"}],"replies":[{"embeddable":true,"href":"https:\/\/europeanmoving.co.uk\/de\/wp-json\/wp\/v2\/comments?post=8147"}],"version-history":[{"count":11,"href":"https:\/\/europeanmoving.co.uk\/de\/wp-json\/wp\/v2\/pages\/8147\/revisions"}],"predecessor-version":[{"id":22132,"href":"https:\/\/europeanmoving.co.uk\/de\/wp-json\/wp\/v2\/pages\/8147\/revisions\/22132"}],"wp:attachment":[{"href":"https:\/\/europeanmoving.co.uk\/de\/wp-json\/wp\/v2\/media?parent=8147"}],"wp:term":[{"taxonomy":"yst_prominent_words","embeddable":true,"href":"https:\/\/europeanmoving.co.uk\/de\/wp-json\/wp\/v2\/yst_prominent_words?post=8147"}],"curies":[{"name":"wp","href":"https:\/\/api.w.org\/{rel}","templated":true}]}}