{"id":22340,"date":"2020-09-18T09:28:50","date_gmt":"2020-09-18T09:28:50","guid":{"rendered":"http:\/\/europeanmoving.im\/?page_id=22340"},"modified":"2020-09-18T09:33:08","modified_gmt":"2020-09-18T09:33:08","slug":"versicherung-2","status":"publish","type":"page","link":"https:\/\/europeanmoving.co.uk\/de\/versicherung-2\/","title":{"rendered":"Versicherung"},"content":{"rendered":"<p>Wenn Sie Ihre Waren mit einem Umzugs- oder Transportunternehmen bewegen, m\u00fcssen Sie in der Regel drei Versicherungsoptionen in Bezug auf die Transit-, Versand- oder Umzugsversicherung ber\u00fccksichtigen.<\/p>\n<ul class=\"list-with-tick col3 bignum\">\n<li><span class=\"num\">1.<\/span>Eigener Versicherungsschutz f\u00fcr Ihre eigene Hausratversicherung &#8211;\u00a0<strong>Eigent\u00fcmer oder professionell verpackt<\/strong><\/li>\n<li><span class=\"num\">2.<\/span>Die Umzugsfirma Versicherung oder Haftpflichtversicherung &#8211;\u00a0\u00a0<strong>Eigent\u00fcmer gepackt<\/strong><\/li>\n<li><span class=\"num\">3.<\/span>Die Umzugsfirma Versicherung oder Haftpflichtversicherung &#8211;\u00a0\u00a0<strong>Professionell verpackt<\/strong><\/li>\n<\/ul>\n<p>Die meisten Umzugsunternehmen bieten zus\u00e4tzlichen Versicherungsschutz ab etwa 3% des Gesamtwerts der versendeten Waren, und Sie m\u00fcssen f\u00fcr jeden einzelnen Artikel oder jede einzelne Schachtel eine detaillierte Bestandsaufnahme durchf\u00fchren.<br \/>\nBei European Moving bieten wir keinen solchen zus\u00e4tzlichen Versicherungsschutz an, da diese Versicherungspolicen im Allgemeinen nicht viel abdecken und viel ausschlie\u00dfen. Wenn Sie also einen Anspruch geltend machen m\u00fcssen, sind Sie wahrscheinlich NICHT f\u00fcr das versichert, was Sie sich vorgestellt haben .<br \/>\nWir halten es nicht f\u00fcr ethisch oder fair, unseren Kunden diese unfair formulierten und in vielen F\u00e4llen unfair gestapelten Versicherungspolicen der Versicherungsgesellschaft anzubieten.<br \/>\nDiese Policen werden in vielen F\u00e4llen weit hinter den Erwartungen unserer Kunden hinsichtlich des Versicherungsschutzes zur\u00fcckbleiben.<br \/>\nWir decken jedoch die absoluten Worst-Case-Szenarien ab. Ihre Waren werden bei uns f\u00fcr 40 GBP pro Artikel oder Karton (gem\u00e4\u00df den Allgemeinen Gesch\u00e4ftsbedingungen von BAR, Abschnitt 8.1 und 8.2) bis zu einem Wert von 10.000 GBP im Falle von entsch\u00e4digt Feuer, Diebstahl, Fahrzeugunfall oder Schiffskatastrophe.<br \/>\nWir bieten au\u00dferdem eine Verg\u00fctungsrichtlinie in H\u00f6he von \u00a3 40 pro fehlendem Artikel oder Karton an.<br \/>\nAus Gr\u00fcnden der Klarheit sind Ihre Waren bei European Moving nicht gegen Bruch, geringf\u00fcgige Transportsch\u00e4den oder sonstige fehlende Gegenst\u00e4nde versichert, unabh\u00e4ngig davon, ob sie von Ihnen selbst oder von uns verpackt wurden.<br \/>\nEuropean Moving empfiehlt immer, einen zus\u00e4tzlichen Versicherungsschutz abzuschlie\u00dfen, wenn ein vollst\u00e4ndiger Versicherungsschutz erforderlich ist. Die Option liegt jedoch ganz bei Ihnen.<br \/>\nWir empfehlen, dass alle Waren vor der Abholung verpackt und gesch\u00fctzt werden, unabh\u00e4ngig von Ihren Versicherungsvereinbarungen.<br \/>\nWenn Ihre Waren ausreichend verpackt und gesch\u00fctzt sind, sollten sie einer normalen Handhabung und einem normalen Transport standhalten k\u00f6nnen.<br \/>\nWir empfehlen Ihnen, zun\u00e4chst den Versicherungsschutz f\u00fcr Haushaltsinhalte zu \u00fcberpr\u00fcfen, da Sie m\u00f6glicherweise bereits eine Umzugsversicherung in Ihre Police integriert haben oder einen zus\u00e4tzlichen Versicherungsschutz f\u00fcr eine kleine Pr\u00e4mie hinzuf\u00fcgen k\u00f6nnen.<br \/>\nWenn Sie noch zus\u00e4tzliche Deckung ben\u00f6tigen, stehen online viele Unternehmen zur Verf\u00fcgung, die Ihnen ein Angebot f\u00fcr die Seefrachtversicherung und \/ oder Umz\u00fcge unterbreiten k\u00f6nnen.<br \/>\nVersicherungen wie\u00a0<a href=\"https:\/\/www.freightcover.com\/\" target=\"_blank\" rel=\"noopener noreferrer\"><strong>https:\/\/www.freightcover.com<\/strong><\/a>\u00a0oder\u00a0<a href=\"https:\/\/www.insure-your-move.com\/\" target=\"_blank\" rel=\"noopener noreferrer\"><strong>https:\/\/www.insure-your-move.com<\/strong><\/a>\u00a0.<br \/>\nSie k\u00f6nnen auch eine Google-Suche nach &#8222;Marine Cargo Insurance&#8220; oder &#8222;Removals Insurance&#8220; durchf\u00fchren. Es gibt viele Unternehmen, die Ihnen genau die Art von Deckung bieten k\u00f6nnen, die Sie ben\u00f6tigen, und in den meisten F\u00e4llen ist die Deckung weitaus besser als die Bulk-versicherter Versicherungsschutz, der Ihnen von einer Umzugsfirma zu 3% angeboten wird, um ehrlich zu sein, ist in vielen F\u00e4llen das Papier, auf dem er geschrieben ist, nicht wert.<\/p>\n<p><strong>Bitte f\u00fchren Sie European Moving nicht als professionelle Packer auf, es sei denn, wir haben dies nach vorheriger Absprache und schriftlich mit Ihnen vereinbart, dass dieser Service erbracht wird, da dies Ihre Versicherungspolice ung\u00fcltig machen kann.<\/strong><\/p>\n<h2><strong>Versicherungsanspr\u00fcche geltend machen<\/strong><\/h2>\n<p>Die Realit\u00e4t beim Transport pers\u00f6nlicher Gegenst\u00e4nde durch Umzugs-, Transport- und Versandunternehmen \u00fcber gro\u00dfe Entfernungen besteht darin, dass immer das Risiko besteht, dass w\u00e4hrend des Transports etwas kaputt geht.<br \/>\nIn den meisten F\u00e4llen handelt es sich normalerweise um einen vernachl\u00e4ssigbaren Verlust, in einigen F\u00e4llen kann es jedoch erforderlich sein, einen Versicherungsanspruch oder einen Anspruch gegen unsere eigenen 40 GBP pro Box oder Artikelentsch\u00e4digungssystem geltend zu machen.<br \/>\nAufgrund der vielen 1000 Sendungen, die wir jedes Jahr versenden, und der gro\u00dfen Anzahl von L\u00e4ndern und Sprachen, die Ihren Anspruch betreffen, wird Ihr Anspruch, falls Sie einen haben, von professionellen internationalen Schadensregulierern Crawford &amp; Company Adjusters (UK) Limited bearbeitet<br \/>\nUm einen Anspruch bei unseren Schadensregulierern geltend zu machen, fordern Sie bitte ein Antragsformular bei uns an.\u00a0Wenn Sie Anspr\u00fcche gegen Ihre eigene Versicherung geltend machen, stellen Sie sicher, dass Sie den Wortlaut Ihrer Versicherungspolice \u00fcberpr\u00fcft haben, um festzustellen, ob Sie den Versicherungsschutz haben, den Sie beantragen m\u00f6chten.<br \/>\nBitte beachten Sie, dass Ihre Waren bei European Moving nicht gegen Bruch oder Transportsch\u00e4den versichert sind. Wir k\u00f6nnen Sie jedoch bei einigen Aspekten Ihres Anspruchs bei Ihrer eigenen Versicherungsgesellschaft unterst\u00fctzen.<br \/>\nWenn Sie Informationen oder Dokumente ben\u00f6tigen, um einen Anspruch gegen Ihre eigene Versicherungsgesellschaft geltend zu machen, kontaktieren Sie uns bitte unter der folgenden E-Mail-\u00a0<strong>Adresse Claims@europeanmoving.eu\u00a0.<\/strong><br \/>\nBitte stellen Sie sicher, dass Sie so viele Details wie m\u00f6glich angeben, einschlie\u00dflich des vollst\u00e4ndigen Namens des Antragstellers, der Versicherungsnummer und der Kontaktstelle f\u00fcr jegliche Korrespondenz. Stellen Sie sicher, dass Sie so viele Informationen wie m\u00f6glich angeben.<br \/>\nNachfolgend finden Sie eine Liste einiger Dinge, die Sie m\u00f6glicherweise ben\u00f6tigen, um Ihren Anspruch geltend zu machen:<\/p>\n<ul class=\"list-with-tick fullcol\">\n<li>Versicherungsnummer<\/li>\n<li>Name des Versicherten<\/li>\n<li>Eine Kopie der unterschriebenen Abhol- und Lieferscheine oder CMRs<\/li>\n<li>Eine Kopie eines signierten Inventars mit Unterschriften des Abhol- und Zustellfahrers<\/li>\n<li>Eine Sch\u00e4tzung eines professionellen Unternehmens zu den Kosten f\u00fcr die Reparatur oder den Ersatz der Verluste<\/li>\n<li>Fotografische Nachweise der Verpackung vor und nach dem Vorfall<\/li>\n<li>Fotografische Nachweise der Sch\u00e4den, Kauf- und \/ oder Eigentumsnachweise<\/li>\n<\/ul>\n<p>Wenn Sie das Antragsformular an Crawford zur\u00fccksenden, stellen Sie bitte sicher, dass Sie m\u00f6glichst viele Informationen zur Hand haben. Wenn Sie eine Versicherung abgeschlossen haben, ben\u00f6tigen diese den Namen, die Telefonnummer, die Antragsnummer und die E-Mail-Adresse der Person bei Ihrer Versicherungsgesellschaft, die mit Ihnen zu tun hat Anspruch.<\/p>\n<p>Ausf\u00fchrliche Informationen zu Crawford finden Sie unten:<br \/>\n<strong>Crawford &amp; Company Adjusters (UK) Limited<\/strong><br \/>\nEingetragene Nummer: 2908444<br \/>\nEingetragener Sitz: 70 Mark Lane, London EC3R 7NQ<\/p>\n","protected":false},"excerpt":{"rendered":"<p>Wenn Sie Ihre Waren mit einem Umzugs- oder Transportunternehmen bewegen, m\u00fcssen Sie in der Regel drei Versicherungsoptionen in Bezug auf die Transit-, Versand- oder Umzugsversicherung ber\u00fccksichtigen. 1.Eigener Versicherungsschutz f\u00fcr Ihre eigene Hausratversicherung &#8211;\u00a0Eigent\u00fcmer oder professionell verpackt 2.Die Umzugsfirma Versicherung oder Haftpflichtversicherung &#8211;\u00a0\u00a0Eigent\u00fcmer gepackt 3.Die Umzugsfirma Versicherung oder Haftpflichtversicherung &#8211;\u00a0\u00a0Professionell verpackt Die meisten Umzugsunternehmen bieten zus\u00e4tzlichen [&hellip;]<\/p>\n","protected":false},"author":13,"featured_media":0,"parent":0,"menu_order":0,"comment_status":"closed","ping_status":"closed","template":"","meta":[],"yst_prominent_words":[14097,9500,9493,9492,9491,5942],"_links":{"self":[{"href":"https:\/\/europeanmoving.co.uk\/de\/wp-json\/wp\/v2\/pages\/22340"}],"collection":[{"href":"https:\/\/europeanmoving.co.uk\/de\/wp-json\/wp\/v2\/pages"}],"about":[{"href":"https:\/\/europeanmoving.co.uk\/de\/wp-json\/wp\/v2\/types\/page"}],"author":[{"embeddable":true,"href":"https:\/\/europeanmoving.co.uk\/de\/wp-json\/wp\/v2\/users\/13"}],"replies":[{"embeddable":true,"href":"https:\/\/europeanmoving.co.uk\/de\/wp-json\/wp\/v2\/comments?post=22340"}],"version-history":[{"count":2,"href":"https:\/\/europeanmoving.co.uk\/de\/wp-json\/wp\/v2\/pages\/22340\/revisions"}],"predecessor-version":[{"id":22348,"href":"https:\/\/europeanmoving.co.uk\/de\/wp-json\/wp\/v2\/pages\/22340\/revisions\/22348"}],"wp:attachment":[{"href":"https:\/\/europeanmoving.co.uk\/de\/wp-json\/wp\/v2\/media?parent=22340"}],"wp:term":[{"taxonomy":"yst_prominent_words","embeddable":true,"href":"https:\/\/europeanmoving.co.uk\/de\/wp-json\/wp\/v2\/yst_prominent_words?post=22340"}],"curies":[{"name":"wp","href":"https:\/\/api.w.org\/{rel}","templated":true}]}}