{"id":22297,"date":"2020-09-18T08:41:39","date_gmt":"2020-09-18T08:41:39","guid":{"rendered":"http:\/\/europeanmoving.im\/?page_id=22297"},"modified":"2020-09-18T08:41:39","modified_gmt":"2020-09-18T08:41:39","slug":"europaeischer-luftfahrtteiletransport","status":"publish","type":"page","link":"https:\/\/europeanmoving.co.uk\/de\/europaeischer-luftfahrtteiletransport\/","title":{"rendered":"Europ\u00e4ischer Luftfahrtteiletransport"},"content":{"rendered":"<p><span>In den letzten Jahrzehnten ist die Luftfahrt zu einem der wesentlichen Elemente des modernen Fortschritts geworden.\u00a0Damit ergibt sich auch die Notwendigkeit eines effizienten Transports.<\/span><\/p>\n<p><strong><span>Europ\u00e4ischer Luftfahrtteiletransport: Wozu?<\/span><\/strong><br \/>\n<span>Flugzeuge haben ein breites Einsatzspektrum &#8211; Menschen und G\u00fcter bewegen, Landwirtschaft, nationale Sicherheit usw., was bedeutet, dass das Teilespektrum ebenso breit ist.\u00a0Und je leichter, desto besser.<\/span><\/p>\n<p><span>Gl\u00fccklicherweise kann der Markt die Anforderungen der Kunden in Bezug auf ultraleichte Luftfahrtteile gut erf\u00fcllen.<\/span><\/p>\n<p><span>W\u00e4hrend Kurierdienste Teil vieler gro\u00dfer Fertigungsunternehmen sind, ist dies bei kleineren oder Privatpersonen nicht immer der Fall.\u00a0Ein zuverl\u00e4ssiger Transportdienst, vorzugsweise mit Erfahrung auf dem Gebiet, wird sich in solchen Zeiten als g\u00fcnstig erweisen.<\/span><\/p>\n<p><span>Hier kommt unser europ\u00e4ischer Transportdienst f\u00fcr Luftfahrtteile ins Spiel. Wir transportieren die von Ihnen ben\u00f6tigten ultraleichten Luftfahrtteile sicher und zu einem Preis, der Ihren Erwartungen entspricht.\u00a0Und das ist noch nicht alles!<\/span><br \/>\n<span>Wenn Sie Luftfahrtteile f\u00fcr Privatflugzeuge vertreiben und Ihr Gesch\u00e4ft \u00fcber den lokalen Markt hinaus ausbauen m\u00f6chten, k\u00f6nnen wir Sie unterst\u00fctzen, indem wir uns um den internationalen Transport k\u00fcmmern.<\/span><\/p>\n<p><strong><span>Europ\u00e4ischer Transport von Luftfahrtteilen: Wie funktioniert das?<\/span><\/strong><br \/>\n<span>Schnell und leicht wie ein Vogel.<\/span><br \/>\n<span>F\u00fcllen Sie einfach das Online-Formular aus oder rufen Sie uns an.\u00a0Unser engagiertes Team von Transportkoordinatoren nimmt Ihre Daten entgegen und unterbreitet Ihnen ein kostenloses Angebot f\u00fcr Ihre Anforderungen.\u00a0Unsere Fahrer sind jeden Tag in ganz Europa unterwegs.\u00a0Das bedeutet, dass wir Ihre Luftfahrtteile aus Gro\u00dfbritannien abholen und zu Ihnen nach Spanien oder von Deutschland nach Griechenland bringen k\u00f6nnen.<\/span><\/p>\n<p><span>Fliegen war einer der gr\u00f6\u00dften Tr\u00e4ume der Menschheit, der durch die wunderbare Erfindung der Luftfahrt erreicht wurde.\u00a0Jetzt, als Teil des Alltags, ist es von gr\u00f6\u00dfter Bedeutung, die Entwicklung und Verbesserung dieses Traums fortzusetzen.<\/span><\/p>\n","protected":false},"excerpt":{"rendered":"<p>In den letzten Jahrzehnten ist die Luftfahrt zu einem der wesentlichen Elemente des modernen Fortschritts geworden.\u00a0Damit ergibt sich auch die Notwendigkeit eines effizienten Transports. Europ\u00e4ischer Luftfahrtteiletransport: Wozu? Flugzeuge haben ein breites Einsatzspektrum &#8211; Menschen und G\u00fcter bewegen, Landwirtschaft, nationale Sicherheit usw., was bedeutet, dass das Teilespektrum ebenso breit ist.\u00a0Und je leichter, desto besser. Gl\u00fccklicherweise kann [&hellip;]<\/p>\n","protected":false},"author":13,"featured_media":0,"parent":0,"menu_order":0,"comment_status":"closed","ping_status":"closed","template":"","meta":[],"yst_prominent_words":[6225,5909,5851,6224,6483,5906,6498,5908,5935,5847,5844,5852,5910,6020,6022],"_links":{"self":[{"href":"https:\/\/europeanmoving.co.uk\/de\/wp-json\/wp\/v2\/pages\/22297"}],"collection":[{"href":"https:\/\/europeanmoving.co.uk\/de\/wp-json\/wp\/v2\/pages"}],"about":[{"href":"https:\/\/europeanmoving.co.uk\/de\/wp-json\/wp\/v2\/types\/page"}],"author":[{"embeddable":true,"href":"https:\/\/europeanmoving.co.uk\/de\/wp-json\/wp\/v2\/users\/13"}],"replies":[{"embeddable":true,"href":"https:\/\/europeanmoving.co.uk\/de\/wp-json\/wp\/v2\/comments?post=22297"}],"version-history":[{"count":1,"href":"https:\/\/europeanmoving.co.uk\/de\/wp-json\/wp\/v2\/pages\/22297\/revisions"}],"predecessor-version":[{"id":22304,"href":"https:\/\/europeanmoving.co.uk\/de\/wp-json\/wp\/v2\/pages\/22297\/revisions\/22304"}],"wp:attachment":[{"href":"https:\/\/europeanmoving.co.uk\/de\/wp-json\/wp\/v2\/media?parent=22297"}],"wp:term":[{"taxonomy":"yst_prominent_words","embeddable":true,"href":"https:\/\/europeanmoving.co.uk\/de\/wp-json\/wp\/v2\/yst_prominent_words?post=22297"}],"curies":[{"name":"wp","href":"https:\/\/api.w.org\/{rel}","templated":true}]}}