{"id":22113,"date":"2020-09-17T10:41:07","date_gmt":"2020-09-17T10:41:07","guid":{"rendered":"http:\/\/europeanmoving.im\/?page_id=22113"},"modified":"2020-09-17T10:41:07","modified_gmt":"2020-09-17T10:41:07","slug":"allgemeine-tipps-zum-verpacken","status":"publish","type":"page","link":"https:\/\/europeanmoving.co.uk\/de\/movers-guide-table\/allgemeine-tipps-zum-verpacken\/","title":{"rendered":"Allgemeine Tipps zum Verpacken"},"content":{"rendered":"<h1 class=\"title-heading-left\"><strong><span>Allgemeine Verpackungstipps<\/span><\/strong><\/h1>\n<p><img src=\"https:\/\/europeanmoving.im\/wp-content\/uploads\/2020\/01\/PackingV2.png\" \/><\/p>\n<p><span>Jeder kann packen, wie es in erster Linie der gesunde Menschenverstand erfordert.\u00a0Das Verpacken f\u00fcr den internationalen Transport erfordert jedoch ein zus\u00e4tzliches Schutzniveau.\u00a0Auf dieser Seite finden Sie einige Packtipps, von denen wir hoffen, dass sie n\u00fctzlich sind.<\/span><\/p>\n<h2><strong><span>Verpackungstipps: Beschriften Ihrer Artikel<\/span><\/strong><\/h2>\n<p><span><a href=\"https:\/\/europeanmoving.info\/basic-international-removal-service\/\" target=\"_blank\" rel=\"noopener noreferrer\">Unabh\u00e4ngig davon<\/a>\u00a0,\u00a0ob Sie den Umzug selbst durchf\u00fchren oder European Moving bitten, sich um Ihren Transport zu k\u00fcmmern (siehe die von uns angebotenen Dienste,\u00a0\u00a0<\/span><a href=\"https:\/\/europeanmoving.co.uk\/international-load-and-go-transport-only-service\/\" target=\"_blank\" rel=\"noopener noreferrer\"><span>Load &amp; Go<\/span><\/a><span>\u00a0\u00a0und\u00a0\u00a0<\/span><a href=\"https:\/\/europeanmoving.info\/basic-international-removal-service\/\" target=\"_blank\" rel=\"noopener noreferrer\"><span>Easymoves<\/span><\/a><span>\u00a0),\u00a0<a href=\"https:\/\/europeanmoving.info\/basic-international-removal-service\/\" target=\"_blank\" rel=\"noopener noreferrer\">empfiehlt<\/a>\u00a0es sich, jedes Feld mit einer Nummer, Ihrem Namen und einer Liste des Inhalts zu kennzeichnen .\u00a0Farbcodierung der Etiketten je nach Raum mit farbigem Papier oder farbigem Klebeband.<\/span><br \/>\n<span>Unabh\u00e4ngig von der Firma, die Sie verwenden, m\u00fcssen Sie eine Bestandsaufnahme durchf\u00fchren.\u00a0Sie sollten eine machen, auch wenn Sie sich selbst bewegen.\u00a0Auf diese Weise haben Sie ein Papier mit dem Inhalt dieser Schachteln bei sich, wenn ein Etikett zerrissen oder nass ist.<\/span><br \/>\n<span>Es mag nach viel Arbeit f\u00fcr wenig Gewinn klingen: es ist nicht.\u00a0Es ist an Ihrem Zielort von unsch\u00e4tzbarem Wert und erspart Ihnen das \u00d6ffnen aller Kartons, wenn Sie nach einem bestimmten Artikel suchen.<\/span><br \/>\n<span>NB\u00a0<\/span><b><span>Wenn Sie Ihre Waren als Teilladung buchen<\/span><\/b><span>\u00a0, teilen Sie wahrscheinlich den Platz auf dem Van mit den Sendungen anderer Personen.\u00a0Daher ist es wichtig, dass Sie Ihre Waren eindeutig mit Ihrem vollst\u00e4ndigen Namen (dies muss auch der Name auf der Buchung sein) und Ihrer Zieladresse kennzeichnen.\u00a0Sie k\u00f6nnen sie in dem Format Ihrer Wahl ausf\u00fchren, aber was auch immer Sie entscheiden, Sie m\u00fcssen Ihre Waren kennzeichnen, und wir empfehlen die Verwendung des folgenden Formats:<\/span><\/p>\n<ul class=\"list-with-tick col4\">\n<li><span>Kasten 1 von 20<\/span><\/li>\n<li><span>Kundenname<\/span><\/li>\n<li><span>Nummer und Stra\u00dfenname<\/span><\/li>\n<li><span>Stadt<\/span><\/li>\n<li><span>Bezirk<\/span><\/li>\n<li><span>Land<\/span><\/li>\n<li><span>Telefonnummer<\/span><\/li>\n<\/ul>\n<h3><strong><span>Verpackungstipps: Inventarliste<\/span><\/strong><\/h3>\n<p><span>Unabh\u00e4ngig von der Firma, die Sie verwenden, m\u00fcssen Sie eine Bestandsaufnahme durchf\u00fchren.\u00a0Sie sollten eine machen, auch wenn Sie sich selbst bewegen.\u00a0Auf diese Weise haben Sie ein Papier mit dem Inhalt dieser Schachteln bei sich, wenn ein Etikett zerrissen oder nass ist.<\/span><br \/>\n<span>Es mag nach viel Arbeit f\u00fcr wenig Gewinn klingen: es ist nicht.\u00a0Es ist an Ihrem Zielort von unsch\u00e4tzbarem Wert und erspart Ihnen das \u00d6ffnen aller Kartons, wenn Sie nach einem bestimmten Artikel suchen.<\/span><br \/>\n<span>Wir bitten Sie, Ihrem Umzugskoordinator 3 bis 5 Tage vor Ihrem Abholtag eine Inventarliste mit Artikeln zur Verf\u00fcgung zu stellen. Auf diese Weise k\u00f6nnen wir die Gr\u00f6\u00dfe Ihrer Ladung beurteilen und hoffentlich unerwartete Probleme am Tag vermeiden.\u00a0Bitte denken Sie daran, dass wir das Gewicht Ihrer Waren nicht messen k\u00f6nnen, da Kisten und M\u00f6bel so stark variieren.<\/span><br \/>\n<span>Wir bitten Sie au\u00dferdem, zwei Kopien Ihres Inventars f\u00fcr den Abholtag auszudrucken, eine f\u00fcr sich selbst und eine f\u00fcr den Fahrer.<\/span><br \/>\n<span>\u00dcberpr\u00fcfen Sie alle Waren auf dem Van an der Ladestelle und stellen Sie sicher, dass Sie (der Kunde) und der Fahrer beide Kopien unterschreiben.\u00a0Dies best\u00e4tigt, dass alles aufgelistet wurde, was geladen wurde.<\/span><br \/>\n<span>Bitte stellen Sie sicher, dass Sie alle Waren am Entladeort vom Van abchecken und dass Sie (der Kunde) und der Fahrer beide Kopien erneut unterschreiben.<\/span><br \/>\n<strong><span>Unterschreiben Sie keine Lieferdokumente, wenn Unstimmigkeiten bestehen.\u00a0Sobald die CMR unterzeichnet wurde, k\u00f6nnen wir keinen Anspruch mehr bearbeiten.<\/span><\/strong><\/p>\n<h2><strong><span>Packtipps: Klaviere<\/span><\/strong><\/h2>\n<p><span>Wir sind keine spezialisierten Pianisten.\u00a0Wenn Sie ein teures Klavier zum Bewegen haben, empfehlen wir dringend, eine spezialisierte Klavierumzugsfirma zu beauftragen.<\/span><\/p>\n<p><span>Wir haben erfolgreich Klaviere bewegt und sind dazu bereit.\u00a0Beachten Sie jedoch Folgendes:<\/span><\/p>\n<ul>\n<li><span>Wir \u00fcbernehmen keine Verantwortung f\u00fcr Sch\u00e4den.<\/span><\/li>\n<li><span>Der Kunde m\u00fcsste die volle Verantwortung f\u00fcr das Be- und Entladen \u00fcbernehmen, einschlie\u00dflich aller Wagen, Rampen usw.<\/span><\/li>\n<li><span>Unsere Transporter sind nicht mit Ladebordw\u00e4nden ausgestattet.\u00a0Sie m\u00fcssen \u00fcberlegen, wie Sie es auf den etwa 1,5 m hohen LKW bringen.<\/span><\/li>\n<li><span>Unsere Transporter tragen standardm\u00e4\u00dfig keine beweglichen Decken.\u00a0Sie m\u00fcssen einige Ihrer eigenen vor der Abholung kaufen.\u00a0Diese bleiben nach der Lieferung bei Ihnen.<\/span><\/li>\n<li><span>In den meisten F\u00e4llen k\u00f6nnen wir nicht auf dem Klavier stapeln.\u00a0Daher ist jeder Raum dar\u00fcber oder darunter ein Totraum.\u00a0Sie m\u00fcssten jedoch f\u00fcr den nicht genutzten Bereich bezahlen.<\/span><\/li>\n<li><span>Unsere Transporter werden nur mit einem Fahrer geliefert. Stellen Sie daher sicher, dass Sie \u00fcber ausreichend Personal verf\u00fcgen.\u00a0Bitte ber\u00fccksichtigen Sie das Gewicht des Klaviers.<\/span><\/li>\n<\/ul>\n<h2><strong><span>Verpackungstipps: M\u00f6bel<\/span><\/strong><\/h2>\n<p><span>Bitte stellen Sie sicher, dass Sie alle Schubladen und F\u00e4cher leeren.\u00a0Entfernen Sie Schubladen und T\u00fcren und verpacken Sie sie separat, wenn der Gegenstand dadurch zu schwer wird.\u00a0Ihre M\u00f6belst\u00fccke sind geringf\u00fcgigen Vibrationen sowie strukturellen Einschr\u00e4nkungen durch die Bewegungen des Lieferwagens ausgesetzt.\u00a0Dies kann dazu f\u00fchren, dass einige der Schrauben au\u00dfer den M\u00f6beln vibrieren und Ihre Waren besch\u00e4digen.\u00a0Um dies zu vermeiden, empfehlen wir Ihnen, alle Flachm\u00f6bel zu zerlegen und in Pappe zu verpacken.\u00a0Stellen Sie sicher, dass Sie die Ecken f\u00fcr einen sicheren Transport angemessen sch\u00fctzen.\u00a0Weder unsere Versicherer noch wir \u00fcbernehmen eine Haftung f\u00fcr montierte Flatpack-M\u00f6bel, die w\u00e4hrend des Transports besch\u00e4digt wurden.<\/span><\/p>\n<h2><strong><span>Verpackungstipps: Stoff- und Lederm\u00f6bel<\/span><\/strong><\/h2>\n<p><iframe loading=\"lazy\" src=\"https:\/\/www.youtube.com\/embed\/QbT04NwjDWk\" width=\"560\" height=\"315\" frameborder=\"0\" allowfullscreen=\"allowfullscreen\" data-origwidth=\"560\" data-origheight=\"315\"><\/iframe><\/p>\n<p><span>Gegenst\u00e4nde wie Sofas und St\u00fchle scheuern und markieren leicht, wenn Sie sie nicht ausreichend sch\u00fctzen.\u00a0Unsere Fahrer werden Ihre Immobilie mit gr\u00f6\u00dfter Sorgfalt und R\u00fccksichtnahme behandeln.\u00a0Sie m\u00f6chten jedoch, dass Ihre cremefarbene dreiteilige Suite in makellosem Zustand ankommt.\u00a0European Moving empfiehlt dringend, die M\u00f6bel in bewegliche Decken oder zumindest Luftpolsterfolie und Hochleistungs-Plastikfolie zu wickeln.\u00a0Verst\u00e4rken Sie alle Ecken mit Karton oder Kunststoffgeh\u00e4use.<\/span><br \/>\n<span>Bitte stellen Sie sicher, dass Sie alle Kissen entfernen und zu Ihrer Zufriedenheit sch\u00fctzen.\u00a0Kissen sind gro\u00dfartig, um den verbleibenden Platz auf B\u00fccherboxen oder anderen sperrigen Gegenst\u00e4nden auszuf\u00fcllen.<\/span><br \/>\n<span>Wir haben dieses n\u00fctzliche YouTube-Video zum Verpacken von Stoff- und Lederm\u00f6beln gefunden:<\/span><\/p>\n<h2><strong><span>Verpackungstipps: Auswahl Ihrer Verpackungsmaterialien<\/span><\/strong><\/h2>\n<p><span>Um Ihre Verpackung gut zu machen, m\u00fcssen Sie mit den richtigen Materialien beginnen!\u00a0Es ist zu beachten, dass wir KEINE Entfernungsdecken zur Verf\u00fcgung stellen.\u00a0Alle unsere Transporter werden mit Gurten geliefert, um gr\u00f6\u00dfere Gegenst\u00e4nde im Fahrzeug zu sichern.<\/span><\/p>\n<p><strong><span>Aufbewahrungsboxen aus Kunststoff<\/span><\/strong><br \/>\n<span>Bitte verwenden Sie keine Aufbewahrungsboxen aus Kunststoff zum Entfernen!\u00a0Diese Kartons werden zur Aufbewahrung verwendet, da sie normalerweise transparent sind und sich leicht stapeln lassen, aber \u00fcberhaupt nicht f\u00fcr den Transport geeignet sind.\u00a0Selbst bei der Lagerung stellen wir fest, dass sie nicht mehr als zwei hoch gestapelt werden k\u00f6nnen, ohne die Unversehrtheit der Deckel zu gef\u00e4hrden, die immer sehr spr\u00f6de sind und sehr leicht rei\u00dfen.<\/span><br \/>\n<span>Au\u00dferdem sind die Kunststoffw\u00e4nde und der Sockel fast immer zu d\u00fcnn und auch sehr spr\u00f6de.\u00a0Dies macht die W\u00e4nde anf\u00e4llig f\u00fcr Risse und, was noch wichtiger ist, l\u00e4sst nicht genug \u201eNachgeben\u201c zu, was f\u00fcr den Schutz der Waren im Inneren w\u00e4hrend des Transports wesentlich ist.\u00a0Es ist auch sehr schwierig, die Kanten richtig abzukleben, damit sie nicht luftdicht gemacht werden k\u00f6nnen, was ein weiteres Problem darstellt.\u00a0Da die Kisten nicht ausreichend \u201enachgeben\u201c und nicht luftdicht gemacht werden k\u00f6nnen, wird jede kleine Vibration auf der Reise direkt auf die zerbrechlichen Gegenst\u00e4nde im Inneren \u00fcbertragen.<\/span><br \/>\n<b><span>Kurz gesagt, verwenden Sie bitte keine Aufbewahrungsboxen aus Kunststoff f\u00fcr eine Fahrt von 20 km, geschweige denn f\u00fcr eine Fahrt von \u00fcber 2000 km.<\/span><\/b><\/p>\n<p><strong><span>Kartons<\/span><\/strong><br \/>\n<span>Es macht keinen Sinn, viel Zeit in das sorgf\u00e4ltige Verpacken Ihrer Kartons zu investieren, wenn Sie Kartons ausgew\u00e4hlt haben, die zu d\u00fcnn sind oder aus spr\u00f6dem Kunststoff bestehen und nicht f\u00fcr den Transport geeignet sind.\u00a0Eine gute Quelle f\u00fcr kostenlose Kartons ist Ihr \u00f6rtlicher Supermarkt (oder Ihre Apotheke).\u00a0Manchmal m\u00fcssen Sie zu einer bestimmten Tageszeit gehen, da einige Lebensmittelgesch\u00e4fte nur einmal pro Woche Sendungen erhalten.<\/span><br \/>\n<span>Sammeln Sie sowohl gro\u00dfe als auch kleine Kisten. Wenn Sie jemanden kennen, der k\u00fcrzlich umgezogen ist, fragen Sie ihn, ob er Ihnen ein oder zwei Kisten geben kann.\u00a0Es ist in Ordnung, gebrauchte Kartons zu verwenden, solange diese in gutem Zustand sind, nicht gequetscht, in irgendeiner Weise zerknittert oder durch Feuchtigkeit usw. besch\u00e4digt wurden. Sie sollten vollst\u00e4ndig verschlie\u00dfbar und nicht offen sein.\u00a0Es ist am besten, gr\u00f6\u00dfere Kisten nicht zu verwenden, die zu schwer oder umst\u00e4ndlich sind, um sie zu tragen.<\/span><br \/>\n<span>Bei Bedarf k\u00f6nnen auch Kartons mit einer bestimmten Gr\u00f6\u00dfe f\u00fcr bestimmte Artikel bestellt werden (z. B. Fahrr\u00e4der, Angelruten), obwohl die meisten Leute mit normalen Kartons auskommen, um die hohen Kosten f\u00fcr die Bestellung von Einzelst\u00fccken zu vermeiden.<\/span><\/p>\n<p><strong><span>Packband<\/span><\/strong><br \/>\n<span>Einfach in jedem Baumarkt oder station\u00e4ren Gesch\u00e4ft zu erwerben, daher vertrauen wir darauf, dass Sie keine Probleme haben, diese Verbrauchsmaterialien zu finden.\u00a0Das Klebeband ist nat\u00fcrlich entscheidend f\u00fcr das Aufkleben und Verschlie\u00dfen der Kartons und das Sichern der Schutzverpackungsmaterialien auf Ihren M\u00f6beln.\u00a0Es gibt verschiedene Typen &#8211; obwohl wir den teureren Typ verwenden, weil er einfacher zu verwenden ist (er neigt dazu, nicht so oft in einem Winkel zu brechen und abzurei\u00dfen), ist es in Ordnung, billigeres Klebeband zu verwenden, wenn Sie dies bevorzugen Klebeband kann sehr teuer sein, wenn es in kleinen Mengen gekauft wird.<\/span><\/p>\n<p><strong><span>Packpapier<\/span><\/strong><br \/>\n<span>Packpapier ist wichtig, um zerbrechliche Gegenst\u00e4nde zu verpacken, bevor Sie es in die Kartons legen.\u00a0Die am h\u00e4ufigsten verwendete Sorte wird manchmal als Metzgerpapier oder &#8222;News Off Cut&#8220; -Papier bezeichnet.\u00a0Bitte beachten Sie, dass es nicht dasselbe ist wie Zeitung: Verwenden Sie keine Zeitung, um zerbrechliche Gegenst\u00e4nde zu verpacken.\u00a0Die Tinte l\u00e4uft \u00fcber alles und das Papier selbst ist nicht so flexibel wie Metzgerpapier oder Seidenpapier.\u00a0Es kann nicht so leicht zerkleinert und geformt werden und macht keine so gute Arbeit.<\/span><br \/>\n<span>Seidenpapier ist auch sehr n\u00fctzlich &#8211; es ist d\u00fcnner als abgeschnittene Nachrichten und in zwei Arten erh\u00e4ltlich &#8211; traditionell und \u201es\u00e4urefrei\u201c.\u00a0Letzteres ist n\u00fctzlich zum Einwickeln von Besteck und zum Verpacken von \u00d6lgem\u00e4lden.\u00a0Jede dieser drei Papiersorten ist geeignet &#8211; Sie ben\u00f6tigen nicht unbedingt alle drei Papiersorten.\u00a0Benutze einfach keine Zeitung!<\/span><\/p>\n<p><strong><span>Luftpolsterfolie und Schaumstoff<\/span><\/strong><br \/>\n<span>Sie k\u00f6nnen auch Luftpolsterfolie oder Schaumstoff zum Verpacken zerbrechlicher Gegenst\u00e4nde verwenden, diese sind jedoch nicht unbedingt erforderlich.\u00a0Professionelle Entferner verwenden in den meisten F\u00e4llen Seidenpapier als Pr\u00e4ferenz.\u00a0Gelegentlich k\u00f6nnen Sie Hohlraumf\u00fcllmaterialien verwenden, aber diese Materialien sind nicht unbedingt erforderlich, wenn Sie selbst verpacken.<\/span><\/p>\n<p><strong><span>Kleiderschr\u00e4nke<\/span><\/strong><br \/>\n<span>Kleiderschr\u00e4nke sind unglaublich n\u00fctzlich, da Sie nicht alle Ihre Kleidungsst\u00fccke in Kisten falten und am anderen Ende erneut b\u00fcgeln m\u00fcssen.\u00a0Stattdessen h\u00e4ngen sie den ganzen Weg sicher an einem Kleiderb\u00fcgel.\u00a0Schutzverpackungsmaterialien sind f\u00fcr eine ordnungsgem\u00e4\u00dfe Exportverpackung unerl\u00e4sslich.\u00a0Das Goldstandardprodukt ist \u201eBubble Blanket\u201c, der Oberbegriff f\u00fcr Jiffys Furniguard- und Furnisoft-Produktreihe.\u00a0Wir finden diese Produkte ausgezeichnet.\u00a0Sie sind in kleinen Einzelh\u00e4ndlern oder Lagerzentren nicht so leicht zu finden.<\/span><br \/>\n<span>Wenn Sie kein Furnisoft-Produkt haben, k\u00f6nnen Sie Luftpolsterfolie verwenden.\u00a0Wir empfehlen, mindestens 2 Schichten plus eine Schicht Kunststoff au\u00dfen zu verwenden, um der Verpackung mehr Festigkeit zu verleihen.\u00a0Luftpolsterfolie allein ist normalerweise zu d\u00fcnn, um selbst einen angemessenen Schutz zu bieten, es sei denn, sie wird mehrmals umwickelt.<\/span><br \/>\n<span>Andere \u201enice to have\u201c -Materialien sind Eckenschutz und Wellpappe.\u00a0Bitte beachten Sie erneut, dass das Einwickeln von Decken allein f\u00fcr Fernentfernungen in \u00dcbersee nicht ausreicht.\u00a0Decken sind ein n\u00fctzliches Werkzeug, um bereits verpackten M\u00f6beln zus\u00e4tzlichen Schutz zu bieten.<\/span><\/p>\n<h2><strong><span>Verpackungstipps: Zerbrechliche Gegenst\u00e4nde<\/span><\/strong><\/h2>\n<p><span>Viele unserer Kunden stellen uns Fragen zu den am besten geeigneten Methoden zum Verpacken von Porzellan, Glaswaren und zerbrechlichen Ornamenten.\u00a0Bei Seidenpapier ben\u00f6tigen Sie m\u00f6glicherweise ein oder zwei zus\u00e4tzliche Schichten, nur weil es d\u00fcnner ist.\u00a0Wenn Sie Besteck oder Gegenst\u00e4nde mit Versilberung verpacken, verwenden Sie bitte s\u00e4urefreies Seidenpapier.\u00a0Bei besonders zerbrechlichen Gegenst\u00e4nden ist es in Ordnung, zus\u00e4tzliche Luftpolsterfolie oder Schaum zu verwenden, jedoch nicht auf Kosten des Seidenpapiers, insbesondere des zerknitterten \u201eSprunges\u201c um und zwischen den Gegenst\u00e4nden, der die Schachtel f\u00fcllt und verhindert, dass sich alles bewegt.<\/span><\/p>\n<h2><strong><span>Verpackungstipps: Au\u00dfenm\u00f6bel &amp; Satellitensch\u00fcssel<\/span><\/strong><\/h2>\n<p><span>Bitte stellen Sie sicher, dass alle Au\u00dfenm\u00f6bel vom Grundst\u00fcck getrennt, zerlegt und f\u00fcr den Transport bereit verpackt sind, bevor unsere Fahrzeuge bei Ihnen ankommen.\u00a0Denken Sie daran, dass die Verpackung auch die anderen Gegenst\u00e4nde im Van sch\u00fctzt.<\/span><\/p>\n<h2><strong><span>Verpackungstipps: Gas- und Elektroger\u00e4te<\/span><\/strong><\/h2>\n<p><span>Lassen Sie sie gegebenenfalls von qualifizierten Servicemitarbeitern entfernen.\u00a0M\u00f6glicherweise m\u00fcssen Sie \u00d6fen oder Heizungen abklemmen, K\u00fchlschrankmotoren oder Waschmaschinentrommeln festschrauben, elektrische Armaturen (Wandheizungen, elektrische Uhren usw.) abbauen, die an das Stromnetz angeschlossen sind, oder die TV-Antenne vom Dach herunterholen.<\/span><\/p>\n<h2><strong><span>Verpackungstipps: Ausstattung<\/span><\/strong><\/h2>\n<p><span>Technisch gesehen sind sie als an Wand, Decke oder Boden befestigte Gegenst\u00e4nde definiert, aber einige Dinge wie Fernsehantennen, W\u00e4schetrockner und Nachtlagerheizungen fallen m\u00f6glicherweise nicht in diese Kategorie.\u00a0Es ist am besten, all diese zweifelhaften Punkte zum Gegenstand einer formellen Vereinbarung zwischen European Moving und Ihnen zu machen.\u00a0Es lohnt sich auch, Artikel wie Einbauk\u00fcchen in die Vereinbarung aufzunehmen.<\/span><\/p>\n<h2><strong><span>Verpackungstipps: Teppiche und Dekorationen<\/span><\/strong><\/h2>\n<p><span>Wenn Sie Teppichb\u00f6den verlegen, die B\u00f6den im neuen Haus streichen oder versiegeln, geschieht dies am besten vor dem Umzug.\u00a0Wenn Sie Teppiche, Vorh\u00e4nge, Stuhlbez\u00fcge usw. haben, ist es eine gute Idee, diese im Voraus reinigen und \/ oder \u00e4ndern zu lassen.<\/span><\/p>\n<h2><strong><span>Packtipps: Schl\u00fcssel<\/span><\/strong><\/h2>\n<p><span>Anw\u00e4lte raten Kunden normalerweise, Schl\u00fcssel erst bei oder nach der Abrechnung zu \u00fcbergeben.\u00a0Dies kann zwar unpraktisch sein, verhindert jedoch m\u00f6gliche Bedenken.\u00a0Ihr Anwalt oder der Immobilienmakler kann Ihnen normalerweise dabei helfen, die Schl\u00fcssel\u00fcbergabe zu einem Zeitpunkt und an einem Ort zu gew\u00e4hrleisten, der Ihrem Zeitplan entspricht.\u00a0Bitte wenden Sie sich so schnell wie m\u00f6glich an European Moving, wenn es zu Verz\u00f6gerungen mit dem Ziel kommt, da dies Auswirkungen auf Ihren Umzug hat.<\/span><\/p>\n<h2><strong><span>Packtipps: Pers\u00f6nliche Reisearrangements<\/span><\/strong><\/h2>\n<p><span>Ben\u00f6tigen Sie eine Hotelunterkunft, unterwegs oder f\u00fcr ein paar Tage am anderen Ende?\u00a0Buchen Sie fr\u00fchzeitig.<\/span><br \/>\n<b><span>Bitte planen Sie Ihre Abreise nicht sofort nach dem Laden, insbesondere wenn Sie mit dem Zug fahren oder fliegen<\/span><\/b><span>\u00a0.\u00a0Es kommt zu Verz\u00f6gerungen, sei es Verkehr, unzureichende Belegschaft, \u00fcberm\u00e4\u00dfiges Gewicht &#8230; Wir k\u00f6nnen nicht f\u00fcr die Folgen von Verz\u00f6gerungen beim Be- oder Entladen verantwortlich gemacht werden.<\/span><\/p>\n<p><b><span>Haben Sie n\u00fctzliche Tipps zum Packen?\u00a0<\/span><a href=\"mailto:hello@europeanmoving.eu\"><span>Schreiben Sie<\/span><\/a><span>\u00a0uns eine E-Mail an\u00a0\u00a0<a href=\"mailto:hello@europeanmoving.eu\">hello@europeanmoving.eu<\/a>\u00a0.\u00a0Wir werden die besten auf unserer Seite mit den Packtipps hinzuf\u00fcgen.<\/span><\/b><\/p>\n","protected":false},"excerpt":{"rendered":"<p>Allgemeine Verpackungstipps Jeder kann packen, wie es in erster Linie der gesunde Menschenverstand erfordert.\u00a0Das Verpacken f\u00fcr den internationalen Transport erfordert jedoch ein zus\u00e4tzliches Schutzniveau.\u00a0Auf dieser Seite finden Sie einige Packtipps, von denen wir hoffen, dass sie n\u00fctzlich sind. Verpackungstipps: Beschriften Ihrer Artikel Unabh\u00e4ngig davon\u00a0,\u00a0ob Sie den Umzug selbst durchf\u00fchren oder European Moving bitten, sich um [&hellip;]<\/p>\n","protected":false},"author":13,"featured_media":0,"parent":19699,"menu_order":0,"comment_status":"closed","ping_status":"closed","template":"","meta":[],"yst_prominent_words":[9502,5815,9500,9495,9493,9496,9492,9491,5807,5942,6020],"_links":{"self":[{"href":"https:\/\/europeanmoving.co.uk\/de\/wp-json\/wp\/v2\/pages\/22113"}],"collection":[{"href":"https:\/\/europeanmoving.co.uk\/de\/wp-json\/wp\/v2\/pages"}],"about":[{"href":"https:\/\/europeanmoving.co.uk\/de\/wp-json\/wp\/v2\/types\/page"}],"author":[{"embeddable":true,"href":"https:\/\/europeanmoving.co.uk\/de\/wp-json\/wp\/v2\/users\/13"}],"replies":[{"embeddable":true,"href":"https:\/\/europeanmoving.co.uk\/de\/wp-json\/wp\/v2\/comments?post=22113"}],"version-history":[{"count":1,"href":"https:\/\/europeanmoving.co.uk\/de\/wp-json\/wp\/v2\/pages\/22113\/revisions"}],"predecessor-version":[{"id":22119,"href":"https:\/\/europeanmoving.co.uk\/de\/wp-json\/wp\/v2\/pages\/22113\/revisions\/22119"}],"up":[{"embeddable":true,"href":"https:\/\/europeanmoving.co.uk\/de\/wp-json\/wp\/v2\/pages\/19699"}],"wp:attachment":[{"href":"https:\/\/europeanmoving.co.uk\/de\/wp-json\/wp\/v2\/media?parent=22113"}],"wp:term":[{"taxonomy":"yst_prominent_words","embeddable":true,"href":"https:\/\/europeanmoving.co.uk\/de\/wp-json\/wp\/v2\/yst_prominent_words?post=22113"}],"curies":[{"name":"wp","href":"https:\/\/api.w.org\/{rel}","templated":true}]}}