{"id":19699,"date":"2018-07-27T12:54:20","date_gmt":"2018-07-27T12:54:20","guid":{"rendered":"https:\/\/europeanmoving.info\/movers-guide-table\/"},"modified":"2020-09-17T13:31:10","modified_gmt":"2020-09-17T13:31:10","slug":"movers-guide-table","status":"publish","type":"page","link":"https:\/\/europeanmoving.co.uk\/de\/movers-guide-table\/","title":{"rendered":"Movers Guide"},"content":{"rendered":"<h1><span>Movers Guide<\/span><\/h1>\n<p><span>Sie sind also kurz vor dem Umzug, der LKW wird in wenigen Tagen hier sein und Sie haben noch nicht einmal begonnen, sich darauf vorzubereiten?\u00a0Keine Sorge, wir waren alle da!\u00a0Der Umzug ist erschreckend und es f\u00fchlt sich immer so an, als m\u00fcssten Sie, selbst wenn wir uns um den Transport k\u00fcmmern, immer noch \u00fcber eine Milliarde Dinge gleichzeitig nachdenken, ohne klaren Anfang, Mitte und Ende.\u00a0Wir k\u00f6nnen Ihnen zwar beim Packen und bei anderen Vorbereitungen nicht physisch helfen, aber wir k\u00f6nnen Sie unterst\u00fctzen und Sie im Geiste anfeuern und Ihnen dabei auch ein paar Tipps, Tricks und \u201eLife Hacks\u201c geben!<\/span><\/p>\n<p><span>Um unseren Movers Guide am effektivsten nutzen zu k\u00f6nnen, lesen Sie bitte die entsprechenden Artikel in der angegebenen Reihenfolge sorgf\u00e4ltig durch, w\u00e4hrend Sie die Inventarliste zur Hand haben und bei Bedarf den kubischen Taschenrechner verwenden.<\/span><\/p>\n<div class=\"guide-table\">\n<div class=\"container\">\n<div class=\"row\">\n<div class=\"col-sm-4\"><a href=\"https:\/\/europeanmoving.co.uk\/en\/movers-guide-table\/general-info-for-moving-to-a-new-country\/\"><strong><i class=\"fa fa-check-circle\" aria-hidden=\"true\"><\/i><span>Allgemeine Tipps zum Verpacken<\/span><\/strong><\/a><br \/>\n<span>Der erste und vielleicht wichtigste Artikel zum Lesen.\u00a0Sie lernen wichtige Dinge \u00fcber das Verpacken, wie z. B. die ordnungsgem\u00e4\u00dfe Kennzeichnung, den \u00dcberblick \u00fcber Ihre Artikel, das Verpacken zerbrechlicher Artikel oder Teppiche usw.<\/span><\/div>\n<div class=\"col-sm-4\"><a href=\"https:\/\/europeanmoving.co.uk\/en\/prepare-your-items-for-removal\/\"><strong><i class=\"fa fa-check-circle\" aria-hidden=\"true\"><\/i><span>Raum f\u00fcr Raum<\/span><\/strong><\/a><br \/>\n<span>packen Sie w\u00fcrden Ihr Schlafzimmer nicht so packen wie Ihre Garage oder Ihr Badezimmer, oder?\u00a0Da es keinen universellen Verpackungsleitfaden gibt, haben wir einen f\u00fcr jeden Raum in Ihrem Zuhause erstellt!<\/span><\/div>\n<div class=\"col-sm-4\"><a href=\"https:\/\/europeanmoving.co.uk\/en\/movers-guide\/weight-reduction-and-van-info\/\"><strong><i class=\"fa fa-check-circle\" aria-hidden=\"true\"><\/i><span>Tipps zum Fahrzeug<\/span><\/strong><\/a><br \/>\n<span>Alles, was mit unseren Transportern zu tun hat, wie Gr\u00f6\u00dfe, Volumen und Gewichtsbeschr\u00e4nkung, sowie verschiedene Ladetipps, um sicherzustellen, dass w\u00e4hrend der langen Fahrt zu Ihrem Ziel nichts verloren geht.<\/span><\/div>\n<div class=\"col-sm-4\"><a href=\"https:\/\/europeanmoving.co.uk\/en\/lifting-properly-without-injuries\/\"><strong><i class=\"fa fa-check-circle\" aria-hidden=\"true\"><\/i><span>Tipps zum manuellen Heben<\/span><\/strong><\/a><br \/>\n<span>Wenn Sie jemals einen Muskel gezogen haben, nachdem Sie etwas Schweres angehoben haben, wissen Sie, dass das Heben und Tragen von Gegenst\u00e4nden nicht nur das Aufheben bedeutet.\u00a0Es ist eine exakte Wissenschaft, und wir werden Sie promovieren!<\/span><\/div>\n<div class=\"col-sm-4\"><a href=\"https:\/\/europeanmoving.co.uk\/en\/keep-track-of-items-and-inventory\/\"><strong><i class=\"fa fa-check-circle\" aria-hidden=\"true\"><\/i><span>Inventarlistenformular<\/span><\/strong><\/a><br \/>\n<span>Ein wichtiges Werkzeug, um sicherzustellen, dass Sie alles gepackt haben, was Sie ben\u00f6tigen, und dass alle Artikel, die Sie verpackt haben, ihren Bestimmungsort erreicht haben.\u00a0Sie sollten dies zur Hand haben, sobald Sie mit dem Packen beginnen.<\/span><\/div>\n<div class=\"col-sm-4\"><a href=\"https:\/\/europeanmoving.co.uk\/en\/calculate-volume-and-weight-cubic-calculator\/\"><strong><i class=\"fa fa-check-circle\" aria-hidden=\"true\"><\/i><span>Kubikrechner<\/span><\/strong><\/a><br \/>\n<span>Unsere Transporter haben bestimmte Volumenbeschr\u00e4nkungen, weshalb Sie immer eine allgemeine Vorstellung davon haben sollten, ob Ihre Besitzt\u00fcmer passen. Gl\u00fccklicherweise kann unser gr\u00fcndlicher Taschenrechner die meisten Ihrer Artikel ber\u00fccksichtigen!<\/span><\/div>\n<\/div>\n<\/div>\n<\/div>\n","protected":false},"excerpt":{"rendered":"<p>Movers Guide Sie sind also kurz vor dem Umzug, der LKW wird in wenigen Tagen hier sein und Sie haben noch nicht einmal begonnen, sich darauf vorzubereiten?\u00a0Keine Sorge, wir waren alle da!\u00a0Der Umzug ist erschreckend und es f\u00fchlt sich immer so an, als m\u00fcssten Sie, selbst wenn wir uns um den Transport k\u00fcmmern, immer noch [&hellip;]<\/p>\n","protected":false},"author":13,"featured_media":0,"parent":0,"menu_order":0,"comment_status":"closed","ping_status":"closed","template":"","meta":[],"yst_prominent_words":[5915,5911,5851,5560,5913,6806,6410,5910,6764],"_links":{"self":[{"href":"https:\/\/europeanmoving.co.uk\/de\/wp-json\/wp\/v2\/pages\/19699"}],"collection":[{"href":"https:\/\/europeanmoving.co.uk\/de\/wp-json\/wp\/v2\/pages"}],"about":[{"href":"https:\/\/europeanmoving.co.uk\/de\/wp-json\/wp\/v2\/types\/page"}],"author":[{"embeddable":true,"href":"https:\/\/europeanmoving.co.uk\/de\/wp-json\/wp\/v2\/users\/13"}],"replies":[{"embeddable":true,"href":"https:\/\/europeanmoving.co.uk\/de\/wp-json\/wp\/v2\/comments?post=19699"}],"version-history":[{"count":2,"href":"https:\/\/europeanmoving.co.uk\/de\/wp-json\/wp\/v2\/pages\/19699\/revisions"}],"predecessor-version":[{"id":22221,"href":"https:\/\/europeanmoving.co.uk\/de\/wp-json\/wp\/v2\/pages\/19699\/revisions\/22221"}],"wp:attachment":[{"href":"https:\/\/europeanmoving.co.uk\/de\/wp-json\/wp\/v2\/media?parent=19699"}],"wp:term":[{"taxonomy":"yst_prominent_words","embeddable":true,"href":"https:\/\/europeanmoving.co.uk\/de\/wp-json\/wp\/v2\/yst_prominent_words?post=19699"}],"curies":[{"name":"wp","href":"https:\/\/api.w.org\/{rel}","templated":true}]}}