{"id":16503,"date":"2019-10-16T11:59:18","date_gmt":"2019-10-16T11:59:18","guid":{"rendered":"http:\/\/europeanmoving.co.uk\/pricing-details\/"},"modified":"2020-09-18T09:17:58","modified_gmt":"2020-09-18T09:17:58","slug":"pricing-details","status":"publish","type":"page","link":"https:\/\/europeanmoving.co.uk\/de\/pricing-details\/","title":{"rendered":"Pricing details"},"content":{"rendered":"<p>&nbsp;<\/p>\n<h1 data-fontsize=\"30\" data-lineheight=\"42\"><span>Wichtig: Der angegebene Preis basiert entweder auf dem Hubraum oder dem Gewicht (je nachdem, welcher Wert gr\u00f6\u00dfer ist).<\/span><\/h1>\n<p><strong><span>Zum Beispiel:<\/span><\/strong><span>\u00a0Ihre Waren haben m\u00f6glicherweise nur einen Hubraum von 10 m\u00b3, wiegen jedoch 1000 kg. In diesem Fall ist dies eine volle Gewichtsbelastung.\u00a0Bitte beachten Sie Folgendes &#8211;\u00a0<\/span><\/p>\n<p><strong><span>Volllast<\/span><\/strong><span>\u00a0= 20m\u00b3 oder 1000kgs (je nachdem ,\u00a0welche gr\u00f6\u00dfer ist)<\/span><\/p>\n<p><strong><span>Teilladungen<\/span><\/strong><span>\u00a0= Jede Einheit wird von 1m\u00b3 oder 50kg aus (je nachdem ,\u00a0welche h\u00f6her ist)<\/span><\/p>\n<h1 data-fontsize=\"30\" data-lineheight=\"42\"><u><strong><span>Zus\u00e4tzliche Arbeitskr\u00e4fte f\u00fcr\u00a0<\/span><\/strong><\/u><u><strong><span>Gro\u00dfbritannien<\/span><\/strong><\/u><\/h1>\n<p><strong><span>1 Helfer = \u00a3 200 + MwSt<\/span><\/strong><\/p>\n<p><strong><span>2 Helfer = \u00a3 350 + MwSt<\/span><\/strong><\/p>\n<p><strong><span>3 Helfer = \u00a3 500 + MwSt<\/span><\/strong><\/p>\n<p>&nbsp;<\/p>\n<h1 data-fontsize=\"30\" data-lineheight=\"42\"><u><strong><span>Zus\u00e4tzliche Arbeitskr\u00e4fte f\u00fcr alle anderen europ\u00e4ischen L\u00e4nder (\u00a0<\/span><\/strong><\/u><u><strong><span>nicht\u00a0<\/span><span>Gro\u00dfbritannien\u00a0<\/span><\/strong><\/u><u><strong><span>)<\/span><\/strong><\/u><\/h1>\n<p><strong><span>1 Helfer = 250 \u20ac + MwSt<\/span><\/strong><\/p>\n<p><strong><span>2 Helfer = 450 \u20ac + MwSt<\/span><\/strong><\/p>\n<p><strong><span>3 Helfer = 600 \u20ac + MwSt<\/span><\/strong><\/p>\n<p>&nbsp;<\/p>\n<p><span>In den meisten St\u00e4dten und gr\u00f6\u00dferen K\u00fcstenst\u00e4dten verf\u00fcgbar. Bitte wenden Sie sich an Ihren Umzugskoordinator, um weitere Informationen unter +44 203 9662905 zu erhalten, oder senden Sie eine E-Mail an\u00a0<\/span><a href=\"mailto:europeanmoving@europeanmoving.org\"><span>europeanmoving@europeanmoving.org<\/span><\/a><\/p>\n<p>&nbsp;<\/p>\n<h1 data-fontsize=\"30\" data-lineheight=\"42\"><span style=\"font-size: x-large;\"><strong><u><span>Verpackungsdienste.<\/span><\/u><\/strong><\/span><\/h1>\n<p><strong><span>1 Van = \u20ac 1375 \/ \u00a3 1235 + MwSt<\/span><\/strong><\/p>\n<p><strong><span>2 Lieferwagen = \u20ac 2695 \/ \u00a3 2420 + MwSt<\/span><\/strong><\/p>\n<p><strong><span>3 Transporter = \u20ac 3850 \/ \u00a3 3450 + MwSt<\/span><\/strong><\/p>\n<p>&nbsp;<\/p>\n<p><em><strong><span>Beinhaltet Unterst\u00fctzung beim Laden der Transporter<\/span><\/strong><\/em><\/p>\n<p><span>Dieser Service umfasst alle Verpackungsmaterialien am Tag der Abholung. Weitere Informationen erhalten Sie von Ihrem Umzugskoordinator unter +44 203 9662905 oder per E-Mail an\u00a0<\/span><a href=\"mailto:europeanmoving@europeanmoving.org\"><span>europeanmoving@europeanmoving.org<\/span><\/a><\/p>\n<p>&nbsp;<\/p>\n<h1 data-fontsize=\"30\" data-lineheight=\"42\"><span style=\"font-size: x-large;\"><strong><u><span>Auspacken bei Lieferung<\/span><\/u><\/strong><\/span><\/h1>\n<p><strong><span>1 Van = \u20ac 1100 \/ \u00a3 995 + MwSt<\/span><\/strong><\/p>\n<p><strong><span>2 Transporter = \u20ac 2200 \/ \u00a3 1950 + MwSt<\/span><\/strong><\/p>\n<p><strong><span>3 Transporter = \u20ac 3300 \/ \u00a3 2950 + MwSt<\/span><\/strong><\/p>\n<p>&nbsp;<\/p>\n<p>&nbsp;<\/p>\n<p><em><strong><span>Beinhaltet Unterst\u00fctzung beim Entladen der Transporter<\/span><\/strong><\/em><\/p>\n<p><span>Bitte sprechen Sie mit Ihrem Umzugskoordinator f\u00fcr weitere Informationen unter +44 203 9662905 oder senden Sie eine E-Mail an\u00a0<\/span><a href=\"mailto:europeanmoving@europeanmoving.org\"><span>europeanmoving@europeanmoving.org<\/span><\/a><\/p>\n<p><strong><span>Nur in Gro\u00dfbritannien und Irland erh\u00e4ltlich, andere L\u00e4nder auf Anfrage<\/span><\/strong><\/p>\n<p>&nbsp;<\/p>\n<h1 data-fontsize=\"30\" data-lineheight=\"42\"><span style=\"font-size: x-large;\"><strong><a href=\"https:\/\/europeanmoving.co.uk\/international-load-and-go-transport-only-service\/?utm_source=emailNiftyQuote&amp;utm_medium=loadNgo&amp;utm_campaign=a&amp;utm_term=b&amp;utm_content=c\"><u><span>Load N Go &#8211; Abholung und Lieferung am Stra\u00dfenrand<\/span><\/u><\/a><\/strong><\/span><\/h1>\n<p>&nbsp;<\/p>\n<p><span>Dies ist unsere kosteng\u00fcnstigste L\u00f6sung und richtet sich an Kunden mit kleineren Teilladungen, die in der Lage sind, ihr gesamtes Hab und Gut zum und vom Van zu transportieren, oder an Kunden, die sowohl beim Abholen als auch beim Liefern viel Hilfe beim Be- und Entladen haben.\u00a0<\/span><strong><span>Der Fahrer hilft nur beim Ein- und Aussteigen.<\/span><\/strong><\/p>\n<h1 data-fontsize=\"30\" data-lineheight=\"42\"><a href=\"https:\/\/europeanmoving.co.uk\/international-removal-service-easy-moves\/?utm_source=emailNiftyQuote&amp;utm_medium=easyMoves&amp;utm_campaign=a&amp;utm_term=b&amp;utm_content=c\"><span style=\"font-size: x-large;\"><strong><u><span>EasyMoves &#8211; Hilfe vom Fahrer &#8211; nur im Erdgeschoss<\/span><\/u><\/strong><\/span><\/a><\/h1>\n<p>&nbsp;<\/p>\n<p><span>Unsere beliebteste kosteng\u00fcnstige L\u00f6sung richtet sich an Kunden mit gr\u00f6\u00dferen Artikeln oder Umz\u00fcgen.\u00a0Jeder unserer Luton-Transporter verf\u00fcgt \u00fcber einen Fahrer, der Sie beim Be- und Entladen von Raum zu Raum unterst\u00fctzt &#8211; nur im Erdgeschoss.\u00a0Es wird empfohlen, dass der Kunde f\u00fcr jeden von uns bereitgestellten Luton-Van und -Fahrer mindestens eine f\u00e4hige Person zur Verf\u00fcgung stellt.\u00a0Zum Beispiel: 1 Van = 1 zus\u00e4tzlicher Helfer oder 2 Vans = 2 zus\u00e4tzliche Helfer<\/span><\/p>\n<p>&nbsp;<\/p>\n<h1 data-fontsize=\"30\" data-lineheight=\"42\"><a href=\"https:\/\/europeanmoving.co.uk\/?utm_source=emailNiftyQuote&amp;utm_medium=loadingUnloadingTimes&amp;utm_campaign=a&amp;utm_term=b&amp;utm_content=c\"><span style=\"font-size: x-large;\"><strong><u><span>Lade- und Entladezeiten<\/span><\/u><\/strong><\/span><\/a><\/h1>\n<p>&nbsp;<\/p>\n<ul>\n<li><span>Volllast (1 Van oder mehr) = 5 Stunden Laden und 3 Stunden Entladen<\/span><\/li>\n<li><span>Teilladungen (weniger als 16 m\u00b3) = 3 Stunden Laden und 3 Stunden Entladen<\/span><\/li>\n<\/ul>\n<h1 data-fontsize=\"30\" data-lineheight=\"42\"><a href=\"https:\/\/europeanmoving.co.uk\/?utm_source=emailNiftyQuote&amp;utm_medium=collectionDayTimes&amp;utm_campaign=a&amp;utm_term=b&amp;utm_content=c\"><span style=\"font-size: x-large;\"><strong><u><span>Sammlungstag und -zeiten<\/span><\/u><\/strong><\/span><\/a><\/h1>\n<p>&nbsp;<\/p>\n<p><u><strong><span>Teilladungen<\/span><\/strong>\u00a0\u00a0<\/u><\/p>\n<p>&nbsp;<\/p>\n<p><strong><span>Sammlung<\/span><\/strong><span>\u00a0&#8211; Flexible Sammlung 3-14 aufeinanderfolgenden Arbeitstag Fenster, je nach gew\u00e4hlten Service.<\/span><\/p>\n<p><strong><span>Lieferung\u00a0<\/span><\/strong><span>\u00a0\u00a0 &#8211; Je nach gew\u00e4hltem Service k\u00f6nnen Sie zwischen 1 Tag und 2 Wochen kein bestimmtes Datum zwischen diesem Zeitraum ausw\u00e4hlen.<\/span><\/p>\n<p><span>Wir verlangen, dass jemand zwischen 8 und 18 Uhr f\u00fcr die Abholung und Lieferung verf\u00fcgbar ist.\u00a0<\/span><\/p>\n<p>&nbsp;<\/p>\n<p><strong><span>Bitte beachten Sie<\/span><\/strong><span>\u00a0: Wenn Sie eine rd.\u00a0Wenn dies nach Treu und Glauben geschehen ist, ist es wichtig, dass jemand den ganzen Tag zur Verf\u00fcgung steht, da es manchmal zu Verz\u00f6gerungen aufgrund mehrerer Abhol- und Bringdienste kommen kann.<\/span><\/p>\n<p>&nbsp;<\/p>\n<p><u><strong><span>Volle Ladung<\/span><\/strong>\u00a0<\/u><\/p>\n<p>&nbsp;<\/p>\n<p><span>Abholtag Ihrer Wahl Montag bis Samstag und direkte Lieferung (je nach Entfernung)<\/span><\/p>\n<p><span>Wir bieten Ihnen die Wahl zwischen einem Zeitfenster am Morgen oder am Nachmittag, um Verkehrsprobleme oder Verz\u00f6gerungen zu ber\u00fccksichtigen. Diese sind wie folgt:\u00a0<\/span><\/p>\n<p><strong><span>Morgen<\/span><\/strong><span>\u00a0&#8211; 8 &#8211; 12 Uhr<\/span><\/p>\n<p><strong><span>Nachmittag<\/span><\/strong><span>\u00a0&#8211; 12 &#8211; 16 Uhr<\/span><\/p>\n<p><strong><span>Bitte beachten Sie:<\/span><\/strong><span>\u00a0Ihre Waren werden ab Abholung direkt an den Lieferort gesendet. Daher muss jemand verf\u00fcgbar sein, der die Lieferung Ihrer Waren bei Ankunft entgegennimmt.\u00a0<\/span><\/p>\n<p><span>Wenn Sie zus\u00e4tzliche Zeit ben\u00f6tigen, um zu Ihrem Ziel zu gelangen, k\u00f6nnen wir die folgenden Alternativen anbieten. Beachten Sie jedoch, dass der\u00a0<\/span><strong><span>g\u00fcnstigste<\/span><\/strong><span>\u00a0Weg, Ihre Waren zu versenden, der direkte ist.<\/span><\/p>\n<p>&nbsp;<\/p>\n<p><strong><span>1.<\/span><\/strong><span>\u00a0Wir k\u00f6nnen Ihre Waren\u00a0<\/span><strong><span>maximal<\/span><\/strong><span>\u00a02 Tage\u00a0im Van aufbewahren.\u00a0Die Kosten\u00a0betragen\u00a0<\/span><strong><span>mindestens<\/span><\/strong><span>\u00a0200 \u20ac oder 180 \u00a3 pro Tag.\u00a0Bitte sprechen Sie mit einem unserer Umzugskoordinatoren, um weitere Informationen zu erhalten.<\/span><\/p>\n<p>&nbsp;<\/p>\n<p><strong><span>2.<\/span><\/strong><span>\u00a0Wenn Ihre Sendung eines unserer Depots in Folkestone, Gro\u00dfbritannien oder Luxemburg passiert, k\u00f6nnen wir veranlassen, dass Ihre Waren eingelagert werden. Bitte beachten Sie die folgenden Kosten f\u00fcr diesen Service:<\/span><br \/>\n<span>F\u00fcr Abholungen und Lieferungen von und zur Insel Venedig beinhaltet der Preis nur bis zum n\u00e4chstgelegenen Punkt, auf den der Van zugreifen kann.\u00a0Bitte beachten Sie, dass dies normalerweise der Hauptparkplatz auf der Insel ist. Daher m\u00fcssen Sie (als Kunde) bei Bedarf den lokalen Teil Ihrer Abholung oder Lieferung per Boot arrangieren.\u00a0Dies gilt f\u00fcr alle Inseln, auf denen der Stra\u00dfenverkehr eingeschr\u00e4nkt ist.<\/span><\/p>\n<p><strong><em><span>Bitte beachten Sie: Im August k\u00f6nnen wir nicht garantieren, dass Teilladungen innerhalb der angegebenen Zeit geliefert werden und m\u00f6glicherweise l\u00e4nger dauern.<\/span><\/em><\/strong><\/p>\n<p><em><span>Alle Zeiten und Zeiten werden nach Treu und Glauben vergeben. Aufgrund der Art des Gesch\u00e4fts und der langen Strecken, die die Fahrer zur\u00fccklegen, kann es jedoch manchmal zu Verz\u00f6gerungen kommen.\u00a0Wir werden immer nach einer alternativen L\u00f6sung suchen, wenn m\u00f6glich. Zur Verdeutlichung bieten wir jedoch keine Entsch\u00e4digung f\u00fcr versp\u00e4tete Abholungen oder Lieferungen an<\/span><\/em><\/p>\n<h1 data-fontsize=\"30\" data-lineheight=\"42\"><a href=\"https:\/\/europeanmoving.co.uk\/international-storage-solutions-for-goods\/?utm_source=emailNiftyQuote&amp;utm_medium=storage&amp;utm_campaign=a&amp;utm_term=b&amp;utm_content=c\"><span style=\"font-size: x-large;\"><strong><u><span>Lagerung &#8211; Alle Preise\u00a0<\/span><span>verstehen sich<\/span><span>\u00a0inklusive\u00a0Mehrwertsteuer<\/span><\/u><\/strong><\/span><\/a><\/h1>\n<p><span>F\u00fcr Speicherpreise klicken Sie bitte hier:\u00a0\u00a0<\/span><strong><a href=\"https:\/\/europeanmoving.co.uk\/international-storage-solutions-for-goods\/\"><span>https:\/\/europeanmoving.co.uk\/international-storage-solutions-for-goods\/<\/span><\/a><\/strong><\/p>\n<h1 title=\"Zum Bearbeiten anklicken\" data-fontsize=\"30\" data-lineheight=\"42\"><\/h1>\n<h1 data-fontsize=\"30\" data-lineheight=\"42\"><a href=\"https:\/\/europeanmoving.co.uk\/?utm_source=emailNiftyQuote&amp;utm_medium=packingProtectingYourGoods&amp;utm_campaign=a&amp;utm_term=b&amp;utm_content=c\"><span style=\"font-size: x-large;\"><strong><u><span>Verpackung und Schutz Ihrer Waren<\/span><\/u><\/strong><\/span><\/a><\/h1>\n<p data-pd-redactor=\"\"><span>Bitte lesen Sie unseren Umzugsf\u00fchrer, damit Sie sicherstellen k\u00f6nnen, dass Ihre Artikel ordnungsgem\u00e4\u00df verpackt sind:<\/span><\/p>\n<p data-pd-redactor=\"\"><span>http:\/\/europeanmoving.co.uk\/transportation-and-movers-guide<\/span><\/p>\n<p data-pd-redactor=\"\">\n<p data-pd-redactor=\"\"><span>Unsere Transporter werden\u00a0<\/span><strong><span>NICHT<\/span><\/strong><span>\u00a0mit Decken oder Ladeger\u00e4ten geliefert. Diese m\u00fcssen bei Bedarf vom Kunden bereitgestellt werden<\/span><\/p>\n<p data-pd-redactor=\"\">\n<p data-pd-redactor=\"\"><span>Unsere Transporter werden\u00a0\u00a0standardm\u00e4\u00dfig\u00a0<\/span><strong><span>NICHT<\/span><\/strong><span>\u00a0mit Ladebordw\u00e4nden geliefert (Sie m\u00fcssen dies bei der Buchung anfordern und dies unterliegt der Verf\u00fcgbarkeit).<\/span><\/p>\n<p data-pd-redactor=\"\">\n<p data-pd-redactor=\"\">\n<h1 data-fontsize=\"30\" data-lineheight=\"42\"><a href=\"https:\/\/europeanmoving.co.uk\/international-movers-and-removers-insurance\/?utm_source=emailNiftyQuote&amp;utm_medium=insurance&amp;utm_campaign=a&amp;utm_term=b&amp;utm_content=c\"><span style=\"font-size: x-large;\"><strong><u><span>Versicherung<\/span><\/u><\/strong><\/span><\/a><\/h1>\n<p data-pd-redactor=\"\"><span>Unser Angebot schlie\u00dft den Versicherungsschutz aus. Anstatt jedoch zu versuchen, Ihnen unn\u00f6tige Versicherungen zu verkaufen, wie es die meisten unserer Wettbewerber f\u00fcr weitere 3% tun, stellen wir fest, dass Ihre Versicherung eine ganze Liste von Einschr\u00e4nkungen aufweist. Wir bieten eine Entsch\u00e4digung von \u00a3 40 pro Artikel oder Box f\u00fcr bis zu bis \u00a3 10.000 pro Sendung.\u00a0Dies gilt nur f\u00fcr den Fall eines Totalverlusts oder eines fehlenden Artikels nach Nachweis eines unterschriebenen Inventars.\u00a0M\u00f6glicherweise haben Sie auch bereits eine Versicherung im Rahmen Ihrer Haushaltsrichtlinie abgeschlossen oder k\u00f6nnen Ihrer Haushaltsrichtlinie eine Umzugsversicherung f\u00fcr etwa 30 GBP hinzuf\u00fcgen. Wenn nicht, gibt es im Internet viele Drittanbieter, die zu wesentlich g\u00fcnstigeren Preisen als helfen k\u00f6nnen als die 3%, die von den meisten Umzugsunternehmen h\u00e4ufig angegeben werden.\u00a0Bitte beachten Sie unsere\u00a0<\/span><strong><a href=\"https:\/\/europeanmoving.co.uk\/international-movers-and-removers-insurance\/?utm_source=emailNiftyQuote&amp;utm_medium=insurance&amp;utm_campaign=a&amp;utm_term=b&amp;utm_content=c\"><span>VERSICHERUNGSSEITE<\/span><\/a>\u00a0<\/strong><span>Auf unserer Website finden Sie ausf\u00fchrliche Informationen. Dort finden Sie auch einige Vorschl\u00e4ge, wenn Sie eine vollst\u00e4ndige Deckung w\u00fcnschen.\u00a0<\/span><\/p>\n<p data-pd-redactor=\"\"><strong><span>Bei uns oder unseren Versicherern besteht keine Deckung f\u00fcr allgemeine Br\u00fcche oder Transportsch\u00e4den. Stellen Sie daher sicher, dass Ihre Sachen gut gesch\u00fctzt sind und dass Ihre Haushaltsversicherung Sie in solchen Angelegenheiten abdeckt. Die meisten haben bereits eine Deckung, aber bitte \u00fcberpr\u00fcfen Sie das Kleingedruckte.<\/span><\/strong><\/p>\n<p data-pd-redactor=\"\">\n<h1 data-fontsize=\"30\" data-lineheight=\"42\"><a href=\"https:\/\/europeanmoving.co.uk\/?utm_source=emailNiftyQuote&amp;utm_medium=inventory3-5DaysBeforeCollection&amp;utm_campaign=a&amp;utm_term=b&amp;utm_content=c\"><span style=\"font-size: x-large;\"><strong><u><span>Inventar 3-5 Tage vor Abholung<\/span><\/u><\/strong><\/span><\/a><\/h1>\n<p><span>Sie m\u00fcssen uns mindestens 3 bis 5 Werktage vor Ihrem Umzug ein endg\u00fcltiges Inventar zusenden.\u00a0Bitte drucken Sie auch zwei Papierkopien aus, eine f\u00fcr sich selbst und eine f\u00fcr den Fahrer.\u00a0Alle Waren m\u00fcssen bei Abholung und Lieferung ein- und ausgecheckt werden. Sie und der Fahrer m\u00fcssen beide Kopien unterschreiben.\u00a0<\/span><\/p>\n<h1 data-fontsize=\"30\" data-lineheight=\"42\"><a href=\"https:\/\/europeanmoving.co.uk\/?utm_source=emailNiftyQuote&amp;utm_medium=excessiveWeight&amp;utm_campaign=a&amp;utm_term=b&amp;utm_content=c\"><span style=\"font-size: x-large;\"><strong><u><span>\u00dcbergewicht<\/span><\/u><\/strong><\/span><\/a><\/h1>\n<p data-pd-redactor=\"\">\n<p><em><strong><span>Jeder Van kann maximal 1000 kg tragen (Volllast)<\/span><\/strong><\/em><\/p>\n<p><em><strong><span>oder 50 kg pro m3 (Teillast)<\/span><\/strong><\/em><br \/>\n<strong><span>Wenn Ihre Ladung bei der Abholung \u00fcbergewichtig wird, werden Ihnen folgende Geb\u00fchren berechnet:<\/span><\/strong><\/p>\n<p>&nbsp;<\/p>\n<p><u><strong><span>TEILLASTEN\u00a0<\/span><\/strong><\/u><strong>\u00a0\u00a0<\/strong><\/p>\n<p><strong><span>Jede Einheit besteht aus 1 m oder 50 kg (je nachdem, was zuerst erreicht wird)<\/span><\/strong><\/p>\n<p><strong><span>F\u00fcr jede weitere Einheit wird eine anteilige Geb\u00fchr berechnet, die auf Ihrer urspr\u00fcnglichen Buchung basiert<\/span><\/strong><\/p>\n<p>&nbsp;<\/p>\n<p><u><strong><span>VOLLLASTEN<\/span><\/strong><\/u><strong><span>\u00a0\u00a0(20 m3 oder 1000 kg, je nachdem, welcher Wert der gr\u00f6\u00dfte ist)<\/span><\/strong><\/p>\n<p>&nbsp;<\/p>\n<p><strong><span>Wenn Ihre Waren 20 m3 oder 1000 kg \u00fcberschreiten, haben Sie die M\u00f6glichkeit, entweder eine zus\u00e4tzliche Teilladung f\u00fcr ein anderes Mal oder einen oder mehrere zus\u00e4tzliche Lieferwagen zu buchen, abh\u00e4ngig vom Rest der verbleibenden Waren.\u00a0Wir k\u00f6nnen in der Regel zus\u00e4tzliche Transporter entweder am selben oder am n\u00e4chsten Tag arrangieren.<\/span><\/strong><\/p>\n<p>&nbsp;<\/p>\n<p data-pd-redactor=\"\"><strong data-redactor-tag=\"strong\"><span>\u00dcbergewicht aufgrund von \u00dcberladung der Transporter liegt in der Verantwortung des Kunden. Alle Bu\u00dfgelder von Polizei, VOSA oder anderen ausl\u00e4ndischen Beh\u00f6rden m\u00fcssen vom Kunden bezahlt werden, bevor die Fahrzeuge zum Entladeziel geschickt werden.\u00a0Es fallen auch Geb\u00fchren f\u00fcr die R\u00fcckgewinnung \u00fcberladener Waren an.<\/span><\/strong><\/p>\n<p data-pd-redactor=\"\">\n<h1 data-fontsize=\"30\" data-lineheight=\"42\"><a href=\"https:\/\/europeanmoving.co.uk\/?utm_source=emailNiftyQuote&amp;utm_medium=ferryTollCrossingCharges&amp;utm_campaign=a&amp;utm_term=b&amp;utm_content=c\"><span style=\"font-size: x-large;\"><strong><u><span>F\u00e4hr- und Mautgeb\u00fchren<\/span><\/u><\/strong><\/span><\/a><\/h1>\n<p><span>Alle Mautgeb\u00fchren und F\u00e4hr\u00fcberfahrten auf dem Festland sind im Angebot enthalten.\u00a0Einige der abgelegeneren oder dunkeleren Inseln oder Ziele\u00a0\u00a0<\/span><strong><span>sind jedoch nicht enthalten<\/span><\/strong><span>\u00a0(einschlie\u00dflich einiger der griechischen Inseln).\u00a0Wenn Sie sich nicht sicher sind, sprechen Sie bitte mit einem unserer erfahrenen Umzugskoordinatoren.<\/span><\/p>\n<p><em><span>** In einigen F\u00e4llen kann Ihre Ware bei kleineren Sendungen, in der Regel unter 5 m\u00b3, auf einem Palettenservice versandt werden **<\/span><\/em><\/p>\n<p><em><span>** In seltenen F\u00e4llen, wenn Ihre Waren zu einigen der kleineren europ\u00e4ischen Inseln transportiert werden, k\u00f6nnen Ihre Waren per Versandcontainer versandt werden. Alle zus\u00e4tzlichen Kosten f\u00fcr diesen Service werden von European Moving \u00fcbernommen. **<\/span><\/em><\/p>\n<p>&nbsp;<\/p>\n<p>&nbsp;<\/p>\n<h1 data-fontsize=\"30\" data-lineheight=\"42\"><a href=\"https:\/\/europeanmoving.co.uk\/?utm_source=emailNiftyQuote&amp;utm_medium=customsClearance&amp;utm_campaign=a&amp;utm_term=b&amp;utm_content=c\"><span style=\"font-size: x-large;\"><strong><u><span>Zollfreigabe<\/span><\/u><\/strong><\/span><\/a><\/h1>\n<p><span>Unsere Angebote enthalten Zollabfertigungsgeb\u00fchren.\u00a0Wir werden dies in Ihrem Namen sowohl f\u00fcr die Schweiz als auch f\u00fcr Norwegen arrangieren, es sei denn, Sie m\u00f6chten die Zollabfertigung lieber selbst (bei einer Zollbeh\u00f6rde) arrangieren.\u00a0Dieser Service beinhaltet keine Steuern oder Abgaben, die m\u00f6glicherweise bezahlt werden m\u00fcssen.\u00a0Bitte wenden Sie sich an Ihren Umzugskoordinator, wenn Sie diesen Service nicht ben\u00f6tigen.<\/span><\/p>\n<p><strong><span>** F\u00fcr alle anderen L\u00e4nder mit Auswirkungen auf den Zoll (einschlie\u00dflich der T\u00fcrkei, der Kanarischen Inseln und Gr\u00f6nlands) ist der Kunde daf\u00fcr verantwortlich, die Vorkehrungen vor der Abholung zu treffen.\u00a0Ohne die richtigen Unterlagen k\u00f6nnen wir Ihre Waren nicht abholen **<\/span><\/strong><\/p>\n<p>&nbsp;<\/p>\n<p><strong><span>FAQs &#8211; Bitte lesen Sie unsere FAQs<\/span><\/strong><span>\u00a0auf unserer Website: http:\/\/europeanmoving.co.uk\/moving-faqs-for-international-removals<\/span><\/p>\n<p><span>Haben Sie bereits ein Angebot eines anderen Anbieters und m\u00f6chten sehen, ob wir den Preis erreichen oder \u00fcbertreffen k\u00f6nnen?<\/span><\/p>\n<p><span>Wir bieten eine Preisgarantie, bei der wir unser Bestes geben, um den von einem anderen Unternehmen angebotenen Preis zu gleichen Preisen zu erreichen.\u00a0Bitte senden Sie uns eine Kopie des Angebots oder einen Screenshot \/ Grab des Angebots an die folgende E-Mail-Adresse:\u00a0<\/span><strong><a href=\"mailto:PriceMatch@europeanmoving.co.uk\"><span>PriceMatch@europeanmoving.co.uk<\/span><\/a><\/strong><\/p>\n<h1 data-fontsize=\"30\" data-lineheight=\"42\"><a href=\"https:\/\/europeanmoving.co.uk\/live-chat\/?utm_source=emailNiftyQuote&amp;utm_medium=liveChat&amp;utm_campaign=a&amp;utm_term=b&amp;utm_content=c\"><span style=\"font-size: x-large;\"><strong><u><span>Fragen<\/span><\/u><\/strong><\/span><\/a><\/h1>\n<p><span>Wenn Sie irgendwelche Fragen haben, z\u00f6gern Sie bitte nicht,\u00a0<\/span><strong><a href=\"mailto:europeanmoving@europeanmoving.org?subject=European%20Moving%20-%20Quote%20Question\"><span>uns<\/span><\/a><\/strong><span>\u00a0zu\u00a0<strong><a href=\"mailto:europeanmoving@europeanmoving.org?subject=European%20Moving%20-%20Quote%20Question\">kontaktieren<\/a><\/strong><strong>\u00a0.\u00a0<\/strong>Sie k\u00f6nnen uns gerne eine E-Mail senden oder uns in unserem\u00a0<\/span><strong><a href=\"https:\/\/europeanmoving.co.uk\/live-chat\/?utm_source=emailNiftyQuote&amp;utm_medium=liveChat&amp;utm_campaign=a&amp;utm_term=b&amp;utm_content=c\"><span>Live-Chat<\/span><\/a><\/strong><span>\u00a0auf unserer\u00a0<\/span><strong><a href=\"http:\/\/europeanmoving.co.uk\/?utm_source=emailNiftyQuote&amp;utm_medium=website&amp;utm_campaign=a&amp;utm_term=b&amp;utm_content=c\"><span>Website<\/span><\/a><\/strong><span>\u00a0\u00a0oder auf\u00a0<\/span><strong><a href=\"https:\/\/api.whatsapp.com\/send?phone=447747713598&amp;text=I%27d%20like%20to%20request%20a%20free%20no%20obligation%20quote\"><span>WhatsApp unter +44 7747 713 598 kontaktieren.<\/span><\/a>\u00a0<\/strong><span>\u00a0Wir rufen Sie gerne zur\u00fcck.<\/span><\/p>\n<p>&nbsp;<\/p>\n<p><em><span>Diese Website und alle damit verbundenen Domainnamen und deren Inhalte sind Eigentum von European Moving Holdings Limited, Dubai und werden von European Moving Limited, Malta, betrieben.\u00a0Wenn Sie lokale Unternehmensinformationen und Umsatzsteuer-Identifikationsnummern f\u00fcr unsere in Frankreich, Gro\u00dfbritannien und Irland ans\u00e4ssigen Unternehmen ben\u00f6tigen, beziehen Sie sich bitte auf Ihre Verkaufsrechnung.\u00a0Alle auf dieser Website, der zugeh\u00f6rigen IT-Infrastruktur oder \u00fcber das Telefon get\u00e4tigten Transaktionen werden f\u00fcr Mehrwertsteuerzwecke als digitale Transaktionen eingestuft.<\/span><\/em><\/p>\n<p><em><span>Diese Website und alle damit verbundenen Domainnamen und deren Inhalte sind Eigentum von European Moving Holdings Limited, Dubai und werden von European Moving Limited, Malta, betrieben.\u00a0Wenn Sie lokale Unternehmensinformationen und Umsatzsteuer-Identifikationsnummern f\u00fcr unsere in Frankreich, Gro\u00dfbritannien und Irland ans\u00e4ssigen Unternehmen ben\u00f6tigen, beziehen Sie sich bitte auf Ihre Verkaufsrechnung.\u00a0Alle auf dieser Website, der zugeh\u00f6rigen IT-Infrastruktur oder \u00fcber das Telefon get\u00e4tigten Transaktionen werden f\u00fcr Mehrwertsteuerzwecke als digitale Transaktionen eingestuft.<\/span><\/em><\/p>\n","protected":false},"excerpt":{"rendered":"<p>&nbsp; Wichtig: Der angegebene Preis basiert entweder auf dem Hubraum oder dem Gewicht (je nachdem, welcher Wert gr\u00f6\u00dfer ist). Zum Beispiel:\u00a0Ihre Waren haben m\u00f6glicherweise nur einen Hubraum von 10 m\u00b3, wiegen jedoch 1000 kg. In diesem Fall ist dies eine volle Gewichtsbelastung.\u00a0Bitte beachten Sie Folgendes &#8211;\u00a0 Volllast\u00a0= 20m\u00b3 oder 1000kgs (je nachdem ,\u00a0welche gr\u00f6\u00dfer ist) [&hellip;]<\/p>\n","protected":false},"author":13,"featured_media":0,"parent":0,"menu_order":0,"comment_status":"closed","ping_status":"closed","template":"","meta":[],"yst_prominent_words":[13576,13573,5911,5847,5844,5807,6856,5942],"_links":{"self":[{"href":"https:\/\/europeanmoving.co.uk\/de\/wp-json\/wp\/v2\/pages\/16503"}],"collection":[{"href":"https:\/\/europeanmoving.co.uk\/de\/wp-json\/wp\/v2\/pages"}],"about":[{"href":"https:\/\/europeanmoving.co.uk\/de\/wp-json\/wp\/v2\/types\/page"}],"author":[{"embeddable":true,"href":"https:\/\/europeanmoving.co.uk\/de\/wp-json\/wp\/v2\/users\/13"}],"replies":[{"embeddable":true,"href":"https:\/\/europeanmoving.co.uk\/de\/wp-json\/wp\/v2\/comments?post=16503"}],"version-history":[{"count":7,"href":"https:\/\/europeanmoving.co.uk\/de\/wp-json\/wp\/v2\/pages\/16503\/revisions"}],"predecessor-version":[{"id":22335,"href":"https:\/\/europeanmoving.co.uk\/de\/wp-json\/wp\/v2\/pages\/16503\/revisions\/22335"}],"wp:attachment":[{"href":"https:\/\/europeanmoving.co.uk\/de\/wp-json\/wp\/v2\/media?parent=16503"}],"wp:term":[{"taxonomy":"yst_prominent_words","embeddable":true,"href":"https:\/\/europeanmoving.co.uk\/de\/wp-json\/wp\/v2\/yst_prominent_words?post=16503"}],"curies":[{"name":"wp","href":"https:\/\/api.w.org\/{rel}","templated":true}]}}